{"id":134090,"date":"2020-06-12T10:53:31","date_gmt":"2020-06-12T08:53:31","guid":{"rendered":"https:\/\/www.visitliptov.sk\/nordic-walking-na-liptove\/"},"modified":"2023-02-27T15:33:13","modified_gmt":"2023-02-27T14:33:13","slug":"nordic-walking-in-liptov","status":"publish","type":"page","link":"https:\/\/plannervisit.krasno.dev\/en\/nordic-walking-in-liptov\/","title":{"rendered":"Nordic walking in Liptov"},"content":{"rendered":"\n<div class=\"wp-block-cover alignfull is-light mt-0 opacity-1\" style=\"min-height:600px;aspect-ratio:unset;\"><span aria-hidden=\"true\" class=\"wp-block-cover__background has-background-dim-30 has-background-dim\"><\/span><img loading=\"lazy\" decoding=\"async\" width=\"2560\" height=\"776\" class=\"wp-block-cover__image-background wp-image-172643\" alt=\"\" src=\"https:\/\/plannervisit.krasno.dev\/wp-content\/uploads\/2017\/05\/nizke-tatry_157801928-scaled.jpg\" style=\"object-position:60% 54%\" data-object-fit=\"cover\" data-object-position=\"60% 54%\" srcset=\"https:\/\/plannervisit.krasno.dev\/wp-content\/uploads\/2017\/05\/nizke-tatry_157801928-scaled.jpg 2560w, https:\/\/plannervisit.krasno.dev\/wp-content\/uploads\/2017\/05\/nizke-tatry_157801928-1200x364.jpg 1200w, https:\/\/plannervisit.krasno.dev\/wp-content\/uploads\/2017\/05\/nizke-tatry_157801928-2000x607.jpg 2000w, https:\/\/plannervisit.krasno.dev\/wp-content\/uploads\/2017\/05\/nizke-tatry_157801928-600x182.jpg 600w, https:\/\/plannervisit.krasno.dev\/wp-content\/uploads\/2017\/05\/nizke-tatry_157801928-1536x466.jpg 1536w, https:\/\/plannervisit.krasno.dev\/wp-content\/uploads\/2017\/05\/nizke-tatry_157801928-2048x621.jpg 2048w\" sizes=\"(max-width: 2560px) 100vw, 2560px\" \/><div class=\"wp-block-cover__inner-container is-layout-flow wp-block-cover-is-layout-flow\">\n<p class=\"has-text-align-center has-white-color has-text-color has-large-font-size\"><strong>Nordic walking<\/strong><\/p>\n<\/div><\/div>\n\n\n\n<div class=\"wp-block-columns has-2-columns is-layout-flex wp-container-core-columns-is-layout-1 wp-block-columns-is-layout-flex\">\n<div class=\"wp-block-column is-layout-flow wp-block-column-is-layout-flow\">\n<p><span><\/span><strong>Nordic walking<\/strong>, also called as north walking, is a&nbsp;new kind of sport that was born in Finland as a&nbsp;summer training method for cross-country skiers. Is has evolved into other sports such as Nordic Blading, Nordic Snowshoeing, Nordic Cruising, Nordic Running, Nordic Winter Walking and others.<\/p>\n\n\n\n<p><span>Nordic walking uses <\/span><strong>special poles<\/strong> similar to ski poles. Poles are equipped with metal spikes or attachable rubber extensions depending on terrain. Practising Nordic walking involved 600 muscles in our body whereas the upper body takes up 30% of the work and so it relieves our legs.&nbsp;<\/p>\n\n\n\n<p>Nordic walking is suitable for everyone, it is simple, inexpensive and keep our body shaped.<\/p>\n<\/div>\n\n\n\n<div class=\"wp-block-column is-layout-flow wp-block-column-is-layout-flow\">\n<figure class=\"wp-block-image size-full\"><img loading=\"lazy\" decoding=\"async\" width=\"2218\" height=\"1078\" src=\"https:\/\/plannervisit.krasno.dev\/wp-content\/uploads\/2021\/01\/nordic-walking.jpg\" alt=\"\" class=\"wp-image-133891\" srcset=\"https:\/\/plannervisit.krasno.dev\/wp-content\/uploads\/2021\/01\/nordic-walking.jpg 2218w, https:\/\/plannervisit.krasno.dev\/wp-content\/uploads\/2021\/01\/nordic-walking-600x292.jpg 600w, https:\/\/plannervisit.krasno.dev\/wp-content\/uploads\/2021\/01\/nordic-walking-1536x747.jpg 1536w, https:\/\/plannervisit.krasno.dev\/wp-content\/uploads\/2021\/01\/nordic-walking-2048x995.jpg 2048w\" sizes=\"(max-width: 2218px) 100vw, 2218px\" \/><\/figure>\n<\/div>\n<\/div>\n\n\n\n<h2 class=\"wp-block-heading\">Favorite Nordic walking routes in Liptov<\/h2>\n\n\n\t<div class=\"carousel-items owl-carousel js-carousel-content carousel-style-default\"><div class=\"carousel-item carousel-item-article\"\n     id=\"carousel_112464\">\n    <a href=\"https:\/\/plannervisit.krasno.dev\/en\/route\/the-pavcina-lehota-nature-trail\/\"\n\t\tstyle=\"background-image:url(https:\/\/plannervisit.krasno.dev\/wp-content\/uploads\/2019\/04\/large_14183745_10210488746194108_4259626280373609218_n-600x444.jpg)\"    >\n\t\t        <span class=\"favorite-btn  js_favorite-inline-ajax\"\r\n              data-id=\"112464\"\r\n\t\t>&hearts;<\/span>\r\n\t\n\t\t\n\n        <span class=\"item-title\">Nature Trail in Pav\u010dina Lehota<\/span>\n\n\t\t<span class=\"item-location aaa\">Jasn\u00e1<\/span>    <\/a>\n<\/div>\n<div class=\"carousel-item carousel-item-article\"\n     id=\"carousel_112453\">\n    <a href=\"https:\/\/plannervisit.krasno.dev\/en\/route\/nature-trail-route-to-the-demanovska-ice-cave\/\"\n\t\tstyle=\"background-image:url(https:\/\/plannervisit.krasno.dev\/wp-content\/uploads\/2019\/07\/Demanovska-ladova-jaskyna-600x403.jpg)\"    >\n\t\t        <span class=\"favorite-btn  js_favorite-inline-ajax\"\r\n              data-id=\"112453\"\r\n\t\t>&hearts;<\/span>\r\n\t\n\t\t\n\n        <span class=\"item-title\">Nature Trail The \u201cDem\u00e4novsk\u00e1 Ice Cave\u201d<\/span>\n\n\t\t<span class=\"item-location aaa\">Jasn\u00e1<\/span>    <\/a>\n<\/div>\n<div class=\"carousel-item carousel-item-article\"\n     id=\"carousel_112460\">\n    <a href=\"https:\/\/plannervisit.krasno.dev\/en\/route\/natur-trail-zlatnica-zlata-bocka-cesta-golde-boca-route\/\"\n\t\tstyle=\"background-image:url(https:\/\/plannervisit.krasno.dev\/wp-content\/uploads\/2021\/12\/nizna-boca-600x180.jpg)\"    >\n\t\t        <span class=\"favorite-btn  js_favorite-inline-ajax\"\r\n              data-id=\"112460\"\r\n\t\t>&hearts;<\/span>\r\n\t\n\t\t\n\n        <span class=\"item-title\">Nature Trail &#8211; Golden Boca Route<\/span>\n\n\t\t<span class=\"item-location aaa\">Other locations<\/span>    <\/a>\n<\/div>\n<div class=\"carousel-item carousel-item-article\"\n     id=\"carousel_112480\">\n    <a href=\"https:\/\/plannervisit.krasno.dev\/en\/route\/the-hrebenom-velkej-fatry-nature-trail-along-the-ridge-of-velka-fatra\/\"\n\t\tstyle=\"background-image:url(https:\/\/plannervisit.krasno.dev\/wp-content\/uploads\/2019\/07\/20160618_085347-600x338.jpg)\"    >\n\t\t        <span class=\"favorite-btn  js_favorite-inline-ajax\"\r\n              data-id=\"112480\"\r\n\t\t>&hearts;<\/span>\r\n\t\n\t\t\n\n        <span class=\"item-title\">The \u201cHrebe\u0148om Ve\u013ekej Fatry\u201d Nature Trail (Along the ridge of Ve\u013ek\u00e1 Fatra)<\/span>\n\n\t\t<span class=\"item-location aaa\">Other locations<\/span>    <\/a>\n<\/div>\n<div class=\"carousel-item carousel-item-article\"\n     id=\"carousel_220501\">\n    <a href=\"https:\/\/plannervisit.krasno.dev\/en\/route\/the-circuit-smrecany-village-poruba-and-back\/\"\n\t\tstyle=\"background-image:url(https:\/\/plannervisit.krasno.dev\/wp-content\/uploads\/2020\/06\/Smre\u010dany-alej-600x292.jpg)\"    >\n\t\t        <span class=\"favorite-btn  js_favorite-inline-ajax\"\r\n              data-id=\"220501\"\r\n\t\t>&hearts;<\/span>\r\n\t\n\t\t\n\n        <span class=\"item-title\">The circuit Smre\u010dany village \u2013 Vetern\u00e1 Poruba village and back<\/span>\n\n\t\t<span class=\"item-location aaa\">Other locations<\/span>    <\/a>\n<\/div>\n<div class=\"carousel-item carousel-item-article\"\n     id=\"carousel_220512\">\n    <a href=\"https:\/\/plannervisit.krasno.dev\/en\/route\/a-walker-step-to-the-wild-boar-pen-area\/\"\n\t\tstyle=\"background-image:url(https:\/\/plannervisit.krasno.dev\/wp-content\/uploads\/2020\/07\/divia\u010dia-zvernica-4-450x600.jpg)\"    >\n\t\t        <span class=\"favorite-btn  js_favorite-inline-ajax\"\r\n              data-id=\"220512\"\r\n\t\t>&hearts;<\/span>\r\n\t\n\t\t\n\n        <span class=\"item-title\">A Walker step to the wild boar pen area<\/span>\n\n\t\t<span class=\"item-location aaa\">Other locations<\/span>    <\/a>\n<\/div>\n<div class=\"carousel-item carousel-item-article\"\n     id=\"carousel_168040\">\n    <a href=\"https:\/\/plannervisit.krasno.dev\/en\/route\/educational-trail-golden-trail-of-magurka\/\"\n\t\tstyle=\"background-image:url(https:\/\/plannervisit.krasno.dev\/wp-content\/uploads\/2021\/09\/Magurka-1-600x449.jpg)\"    >\n\t\t        <span class=\"favorite-btn  js_favorite-inline-ajax\"\r\n              data-id=\"168040\"\r\n\t\t>&hearts;<\/span>\r\n\t\n\t\t\n\n        <span class=\"item-title\">Educational trail: Golden Trail of Magurka<\/span>\n\n\t\t<span class=\"item-location aaa\">Other locations<\/span>    <\/a>\n<\/div>\n<\/div>\t\n\n\n\n<h2 class=\"wp-block-heading\"><strong><strong>Nordic Walking course<\/strong>&nbsp;&nbsp;<\/strong><\/h2>\n\n\n\n<div class=\"wp-block-columns has-2-columns is-layout-flex wp-container-core-columns-is-layout-2 wp-block-columns-is-layout-flex\">\n<div class=\"wp-block-column is-layout-flow wp-block-column-is-layout-flow\">\n<p>Would you like to take the class of Nordic Walking with an experienced guide? If so do not hesitate to contact Zuzana who explain to you the basic of Nordic Walking.<\/p>\n\n\n\n<p>The course takes 120 minutes, place and time depends. Poles rental is included.<\/p>\n\n\n\n<h4 class=\"wp-block-heading\"><strong>Teambuilding <\/strong><\/h4>\n\n\n\n<p> Tours and ideas:<\/p>\n\n\n\n<ul class=\"wp-block-list\"><li>Surrounding of Mn\u00edch&nbsp;Hotel<\/li><li>Surrounding Chal\u00fapkovo &#8211; Liptovsk\u00e1 \u0160tiavnica<\/li><li>\u017diarska cottage<\/li><li>From Mar\u00edna Liptov throught Tvaro\u017en\u00e1 to dam wall Lip. Mara and to Havr\u00e1nok&nbsp;<\/li><li>from Partiz\u00e1nska Lup\u010da to L. Slia\u010de&nbsp;<\/li><li>from Permon to Tich\u00e1 valley<\/li><li>K\u00f4prova valley<\/li><li>Lipt. Trnovec and Trnoveck\u00e9 H\u00e1je&nbsp;<\/li><\/ul>\n<\/div>\n\n\n\n<div class=\"wp-block-column is-layout-flow wp-block-column-is-layout-flow\"><div id=\"people-block_e4f73525146228959f9018bc4c6d60d6\" class=\"peoples people-highlight \">\r\n\t\t\t\t<div class=\"item people\">\r\n\t\t\t\t\t\t\t\t\t<div class=\"label\">In\u0161truktorka nordic walking<\/div>\r\n\t\t\t\t\t\t\t\t\t\t\t\t<div class=\"image \">\r\n\t\t\t\t\t\t\t\t\t\t\t\t\t\t\t\t\t\t<img decoding=\"async\" src=\"https:\/\/plannervisit.krasno.dev\/wp-content\/themes\/ns\/img\/avatar_woman.svg\" alt=\"Zuzana Zadrabajov\u00e1\">\r\n\t\t\t\t\t\t\t\t\t\t\t\t\t\t\t<\/div>\r\n                    \t\t\t\t\t\t\t\t\t<div class=\"title has-medium-font-size\">Zuzana Zadrabajov\u00e1<\/div>\r\n\t\t\t\t\t\t\t\t\t\t\t\t<div class=\"custom_items\">\t\t\t\t\t\t\t<div class=\"custom_item\">\r\n\t\t\t\t\t\t\t\t<div class=\"icon icon-phone\"><\/div>\r\n\t\t\t\t\t\t\t\t<div class=\"value\">\r\n\t\t\t\t\t\t\t\t\t\t\t\t\t\t\t\t\t\t\t                                        \t\t\t\t\t\t\t\t\t\t<a href=\"tel:+421915297580\" target=\"\">+421 915 297 580<\/a>\r\n\t\t\t\t\t\t\t\t\t\t\t\t\t\t\t\t\t<\/div>\r\n\t\t\t\t\t\t\t<\/div>\r\n\t\t\t\t\t\t\t\t\t\t\t<div class=\"custom_item\">\r\n\t\t\t\t\t\t\t\t<div class=\"icon icon-email\"><\/div>\r\n\t\t\t\t\t\t\t\t<div class=\"value\">\r\n\t\t\t\t\t\t\t\t\t\t\t\t\t\t\t\t\t\t\t\t\t\t\t\t\t\t\t\t\t<a href=\"mailto:nwliptov@gmail.com\">n&#119;&#108;ip&#116;&#111;v&#64;g&#109;a&#105;&#108;.&#99;&#111;&#109;<\/a>\r\n\t\t\t\t\t\t\t\t\t\t\t\t\t\t\t\t\t<\/div>\r\n\t\t\t\t\t\t\t<\/div>\r\n\t\t\t\t<\/div>\t\t\t\t\t\t\t<\/div>\r\n\t\t\t<\/div>\r\n\n\n\n<div class=\"wp-block-button alignright\"><a class=\"wp-block-button__link\" href=\"\">web site<\/a><\/div>\n<\/div>\n<\/div>\n","protected":false},"excerpt":{"rendered":"<p>Nordic walking, also called as north walking, is a&nbsp;new kind of sport that was born in Finland as a&nbsp;summer training &#8230;<\/p>\n","protected":false},"author":15,"featured_media":220581,"parent":0,"menu_order":0,"comment_status":"closed","ping_status":"closed","template":"page_no-title.php","meta":{"_acf_changed":false,"inline_featured_image":false,"episode_type":"","audio_file":"","cover_image":"","cover_image_id":"","duration":"","filesize":"","date_recorded":"","explicit":"","block":"","filesize_raw":"","footnotes":""},"class_list":["post-134090","page","type-page","status-publish","has-post-thumbnail","hentry"],"acf":[],"_links":{"self":[{"href":"https:\/\/plannervisit.krasno.dev\/en\/wp-json\/wp\/v2\/pages\/134090"}],"collection":[{"href":"https:\/\/plannervisit.krasno.dev\/en\/wp-json\/wp\/v2\/pages"}],"about":[{"href":"https:\/\/plannervisit.krasno.dev\/en\/wp-json\/wp\/v2\/types\/page"}],"author":[{"embeddable":true,"href":"https:\/\/plannervisit.krasno.dev\/en\/wp-json\/wp\/v2\/users\/15"}],"replies":[{"embeddable":true,"href":"https:\/\/plannervisit.krasno.dev\/en\/wp-json\/wp\/v2\/comments?post=134090"}],"version-history":[{"count":0,"href":"https:\/\/plannervisit.krasno.dev\/en\/wp-json\/wp\/v2\/pages\/134090\/revisions"}],"wp:featuredmedia":[{"embeddable":true,"href":"https:\/\/plannervisit.krasno.dev\/en\/wp-json\/wp\/v2\/media\/220581"}],"wp:attachment":[{"href":"https:\/\/plannervisit.krasno.dev\/en\/wp-json\/wp\/v2\/media?parent=134090"}],"curies":[{"name":"wp","href":"https:\/\/api.w.org\/{rel}","templated":true}]}}