{"id":154065,"date":"2021-07-14T14:27:26","date_gmt":"2021-07-14T12:27:26","guid":{"rendered":"https:\/\/www.visitliptov.sk\/experiences\/cycling\/horska-cyklistika\/"},"modified":"2022-10-07T02:03:53","modified_gmt":"2022-10-07T00:03:53","slug":"mountain-biking","status":"publish","type":"page","link":"https:\/\/plannervisit.krasno.dev\/en\/experiences\/cycling\/mountain-biking\/","title":{"rendered":"Mountain biking in Liptov"},"content":{"rendered":"\n<div class=\"wp-block-cover alignfull mt-0 mb-0 opacity-1\" style=\"min-height:600px;aspect-ratio:unset;\"><video class=\"wp-block-cover__video-background\" autoplay muted loop playsinline src=\"https:\/\/plannervisit.krasno.dev\/wp-content\/uploads\/2021\/07\/horsky2.mp4\" style=\"object-position:55% 59%\"><\/video><div class=\"wp-block-cover__inner-container is-layout-flow wp-block-cover-is-layout-flow\">\n<p class=\"has-text-align-center mt-0\" style=\"font-size:38px\"><strong>Mountain biking<\/strong><\/p>\n<\/div><\/div>\n\n\n\n<div class=\"wp-block-senff-sticky-block\" data-topspace=\"72\" data-cfa=\"true\" data-minwidth=\"0\" data-maxwidth=\"99999\" data-pushup=\"\" data-zindex=\"1\"><!-- WP Menubar 5.9.4: start menu cyklomenu-en, template Basic_46, CSS  -->\n\r\n<div class=\"Basic_46-before\"><\/div>\r\n<div class=\"Basic_46 mobile-horizontal-scroll alignfull\">\r\n<div class=\"container\">\r\n<a  href=\"https:\/\/plannervisit.krasno.dev\/en\/experiences\/cycling\/mountain-biking\/\" >MOUNTAIN BIKING<\/a>\n<a  href=\"https:\/\/plannervisit.krasno.dev\/en\/experiences\/cycling\/ebike\/\" >E-BIKING<\/a>\n<a  href=\"https:\/\/plannervisit.krasno.dev\/en\/experiences\/cycling\/family-cycling\/\" >FAMILY CYCLING<\/a>\n<a  href=\"https:\/\/plannervisit.krasno.dev\/en\/experiences\/cycling\/road-cycling\/\" >ROAD CYCLING<\/a>\n<a  href=\"https:\/\/plannervisit.krasno.dev\/en\/experiences\/cycling\/bikeparks-and-singletrails\/\" >BIKEPARKS & TRAILS<\/a>\n<a  href=\"https:\/\/plannervisit.krasno.dev\/en\/experiences\/cycling\/#map\" >CYCLE MAP <\/a>\n<a  href=\"https:\/\/plannervisit.krasno.dev\/en\/experiences\/cycling\/#events\" >EVENTS  <\/a>\n<a  href=\"https:\/\/plannervisit.krasno.dev\/en\/holiday-planning\/practical-information\/?_services-cat=cyklocentrum-en\" >SERVICES<\/a>\n\r\n<\/div>\r\n<\/div>\r\n<div class=\"Basic_46-after\"><\/div>\r\n<!-- WP Menubar 5.9.4: end menu cyklomenu-en, template Basic_46, CSS  -->\n\n<\/div>\n\n\n\n<div style=\"height:40px\" aria-hidden=\"true\" class=\"wp-block-spacer\"><\/div>\n\n\n\r\n<div class=\"content-bread pl-0\">\r\n\t<div class=\"container pl-0\"><span><span><a href=\"https:\/\/plannervisit.krasno.dev\/en\/\">Home<\/a><\/span><\/span>\r\n\t<\/div>\r\n<\/div>\n\n\n\n<div class=\"wp-block-columns is-layout-flex wp-container-core-columns-is-layout-1 wp-block-columns-is-layout-flex\">\n<div class=\"wp-block-column is-vertically-aligned-center is-layout-flow wp-block-column-is-layout-flow\">\n<h2 class=\"wp-block-heading\">Great terrains for mountain biking<\/h2>\n\n\n\n<p>The Liptov basin is surrounded by beautiful mountains from all sides, which is the main reason why the Liptov cycling region is becoming more and more popular with mountain bike enthusiasts. Jagged terrains, slight but also brutal climbs, a variety of surfaces including gravel and asphalt &#8211; it seems Liptov was made for mountain biking.<\/p>\n<\/div>\n\n\n\n<div class=\"wp-block-column is-layout-flow wp-block-column-is-layout-flow\">\n<figure class=\"wp-block-embed aligncenter is-type-video is-provider-youtube wp-block-embed-youtube wp-embed-aspect-16-9 wp-has-aspect-ratio\"><div class=\"wp-block-embed__wrapper\">\n<iframe loading=\"lazy\" title=\"Horsk\u00e1 cyklistika na Liptove \ud83d\udeb5\ud83c\udffc\u200d\u2640\ufe0f\" width=\"500\" height=\"281\" src=\"https:\/\/www.youtube.com\/embed\/tt2BhNtZonU?feature=oembed\" frameborder=\"0\" allow=\"accelerometer; autoplay; clipboard-write; encrypted-media; gyroscope; picture-in-picture; web-share\" referrerpolicy=\"strict-origin-when-cross-origin\" allowfullscreen><\/iframe>\n<\/div><\/figure>\n<div class=\"cookieconsent-optout-marketing\">Please, to view the video,  <a href=\"javascript:Cookiebot.renew()\">accept marketing cookies.<\/a> <\/div><\/div>\n<\/div>\n\n\n\n<h3 class=\"wp-block-heading\">Choose your bike trail<\/h3>\n\n\n    <div class=\"ns-events\">\r\n        <div class=\"ns-events-filter-toggle\">\r\n            <span class=\"events-filter-title\">Search<\/span>\r\n            <div class=\"btn ns-events-filter-btn\">\r\n\t\t\t\tFilter            <\/div>\r\n        <\/div>\r\n        <div class=\"events-filter sidebar\">\r\n            <div class=\"close-btn\"><\/div>\r\n            <span class=\"events-filter-title\">Search<\/span>\r\n\r\n            <span class=\"events-filter-label\">Kategorie<\/span>\r\n\t        <div class=\"facetwp-facet facetwp-facet-cyklo_kategorie facetwp-type-checkboxes\" data-name=\"cyklo_kategorie\" data-type=\"checkboxes\"><\/div>\r\n\r\n            <span class=\"events-filter-label\">Locality<\/span>\r\n\t\t\t<div class=\"facetwp-facet facetwp-facet-locality facetwp-type-checkboxes\" data-name=\"locality\" data-type=\"checkboxes\"><\/div>\r\n            <span class=\"events-filter-label\">Difficulty<\/span>\r\n\t\t\t<div class=\"facetwp-facet facetwp-facet-tourism-difficulty facetwp-type-checkboxes\" data-name=\"tourism-difficulty\" data-type=\"checkboxes\"><\/div>\r\n            <span class=\"events-filter-label\">Route length<\/span>\r\n\t        <div class=\"facetwp-facet facetwp-facet-route_length facetwp-type-slider\" data-name=\"route_length\" data-type=\"slider\"><\/div>\r\n\t        \r\n            \r\n\r\n        <\/div>\r\n\r\n        <div class=\"blog-content\">\r\n\t\t\t<div class=\"facetwp-template\" data-name=\"cycling\">    <a class=\"list-item\" href=\"https:\/\/plannervisit.krasno.dev\/en\/route\/singletrail-haj-flow\/\">\r\n\t\t        <div class=\"thumb\"\r\n             style=\"background-image:url('https:\/\/plannervisit.krasno.dev\/wp-content\/uploads\/2024\/08\/turistika-leto-imidzova-foto-2-600x338.jpg')\">\r\n\t\t\t        <span class=\"favorite-btn  js_favorite-inline-ajax\"\r\n              data-id=\"583425\"\r\n\t\t>&hearts;<\/span>\r\n\t\t\t\t        <\/div>\r\n\r\n        <div class=\"item-meta\">\r\n            <div class=\"item-title\">\r\n\t\t\t\tSingletrail H\u00e1j flow            <\/div>\r\n\r\n            <div class=\"item-meta-data\">\r\n                <strong>\r\n\t\t\t\t\tArea:                <\/strong>\r\n\t\t\t\tMestsk\u00e1 (oblas\u0165)            <\/div>\r\n\r\n            <div class=\"item-meta-data\">\r\n                <strong>\r\n\t\t\t\t\tDifficulty                <\/strong>\r\n\t\t\t\t2 - easy            <\/div>\r\n\r\n            <div class=\"item-meta-data\">\r\n                <strong>\r\n\t\t\t\t\tType:                <\/strong>\r\n\t\t\t\tMTB, Downhill trail            <\/div>\r\n\r\n            <div class=\"item-meta-data\">\r\n                <strong>\r\n\t\t\t\t\tRoute length                <\/strong>\r\n\t\t\t\t0.8 km            <\/div>\r\n\r\n        <\/div>\r\n    <\/a>\r\n    <a class=\"list-item\" href=\"https:\/\/plannervisit.krasno.dev\/en\/route\/flooded-villages-of-liptovska-mara\/\">\r\n\t\t        <div class=\"thumb\"\r\n             style=\"background-image:url('https:\/\/plannervisit.krasno.dev\/wp-content\/uploads\/2022\/10\/Cykloregion-homepage-jesenM.Homola-600x338.jpg')\">\r\n\t\t\t        <span class=\"favorite-btn  js_favorite-inline-ajax\"\r\n              data-id=\"539283\"\r\n\t\t>&hearts;<\/span>\r\n\t\t\t\t        <\/div>\r\n\r\n        <div class=\"item-meta\">\r\n            <div class=\"item-title\">\r\n\t\t\t\tFlooded villages of Liptovska Mara            <\/div>\r\n\r\n            <div class=\"item-meta-data\">\r\n                <strong>\r\n\t\t\t\t\tArea:                <\/strong>\r\n\t\t\t\tLiptovsk\u00e1 Mara            <\/div>\r\n\r\n            <div class=\"item-meta-data\">\r\n                <strong>\r\n\t\t\t\t\tDifficulty                <\/strong>\r\n\t\t\t\t3 - medium difficulty            <\/div>\r\n\r\n            <div class=\"item-meta-data\">\r\n                <strong>\r\n\t\t\t\t\tType:                <\/strong>\r\n\t\t\t\tMTB            <\/div>\r\n\r\n            <div class=\"item-meta-data\">\r\n                <strong>\r\n\t\t\t\t\tRoute length                <\/strong>\r\n\t\t\t\t14.1 km            <\/div>\r\n\r\n        <\/div>\r\n    <\/a>\r\n    <a class=\"list-item\" href=\"https:\/\/plannervisit.krasno.dev\/en\/route\/giants-path-cutkovska-valley\/\">\r\n\t\t        <div class=\"thumb\"\r\n             style=\"background-image:url('https:\/\/plannervisit.krasno.dev\/wp-content\/uploads\/2021\/05\/obrovo-maj-2022-z-FB-8-600x450.jpg')\">\r\n\t\t\t        <span class=\"favorite-btn  js_favorite-inline-ajax\"\r\n              data-id=\"588563\"\r\n\t\t>&hearts;<\/span>\r\n\t\t\t\t        <\/div>\r\n\r\n        <div class=\"item-meta\">\r\n            <div class=\"item-title\">\r\n\t\t\t\tGiant\u2019s Path            <\/div>\r\n\r\n            <div class=\"item-meta-data\">\r\n                <strong>\r\n\t\t\t\t\tArea:                <\/strong>\r\n\t\t\t\tVe\u013ek\u00e1 Fatra            <\/div>\r\n\r\n            <div class=\"item-meta-data\">\r\n                <strong>\r\n\t\t\t\t\tDifficulty                <\/strong>\r\n\t\t\t\t1 - very easy            <\/div>\r\n\r\n            <div class=\"item-meta-data\">\r\n                <strong>\r\n\t\t\t\t\tType:                <\/strong>\r\n\t\t\t\tFor children, Walking trail, Road            <\/div>\r\n\r\n            <div class=\"item-meta-data\">\r\n                <strong>\r\n\t\t\t\t\tRoute length                <\/strong>\r\n\t\t\t\t8.5 km            <\/div>\r\n\r\n        <\/div>\r\n    <\/a>\r\n    <a class=\"list-item\" href=\"https:\/\/plannervisit.krasno.dev\/en\/route\/zdolanie-rackovej-doliny\/\">\r\n\t\t        <div class=\"thumb\"\r\n             style=\"background-image:url('https:\/\/plannervisit.krasno.dev\/wp-content\/uploads\/2021\/05\/drevuliaci-600x450.jpg')\">\r\n\t\t\t        <span class=\"favorite-btn  js_favorite-inline-ajax\"\r\n              data-id=\"144387\"\r\n\t\t>&hearts;<\/span>\r\n\t\t\t\t        <\/div>\r\n\r\n        <div class=\"item-meta\">\r\n            <div class=\"item-title\">\r\n\t\t\t\tDefeating of Rackova dolina            <\/div>\r\n\r\n            <div class=\"item-meta-data\">\r\n                <strong>\r\n\t\t\t\t\tArea:                <\/strong>\r\n\t\t\t\tZ\u00e1padn\u00e9 Tatry            <\/div>\r\n\r\n            <div class=\"item-meta-data\">\r\n                <strong>\r\n\t\t\t\t\tDifficulty                <\/strong>\r\n\t\t\t\t2 - easy            <\/div>\r\n\r\n            <div class=\"item-meta-data\">\r\n                <strong>\r\n\t\t\t\t\tType:                <\/strong>\r\n\t\t\t\tFor children, Track            <\/div>\r\n\r\n            <div class=\"item-meta-data\">\r\n                <strong>\r\n\t\t\t\t\tRoute length                <\/strong>\r\n\t\t\t\t8 km            <\/div>\r\n\r\n        <\/div>\r\n    <\/a>\r\n    <a class=\"list-item\" href=\"https:\/\/plannervisit.krasno.dev\/en\/route\/wandering-through-the-valley-to-the-cave\/\">\r\n\t\t        <div class=\"thumb\"\r\n             style=\"background-image:url('https:\/\/plannervisit.krasno.dev\/wp-content\/uploads\/2019\/03\/IMG_7544-3-e1492804312413-600x400.jpg')\">\r\n\t\t\t        <span class=\"favorite-btn  js_favorite-inline-ajax\"\r\n              data-id=\"144227\"\r\n\t\t>&hearts;<\/span>\r\n\t\t\t\t        <\/div>\r\n\r\n        <div class=\"item-meta\">\r\n            <div class=\"item-title\">\r\n\t\t\t\tWandering through the valley to the cave            <\/div>\r\n\r\n            <div class=\"item-meta-data\">\r\n                <strong>\r\n\t\t\t\t\tArea:                <\/strong>\r\n\t\t\t\tN\u00edzke Tatry            <\/div>\r\n\r\n            <div class=\"item-meta-data\">\r\n                <strong>\r\n\t\t\t\t\tDifficulty                <\/strong>\r\n\t\t\t\t1 - very easy            <\/div>\r\n\r\n            <div class=\"item-meta-data\">\r\n                <strong>\r\n\t\t\t\t\tType:                <\/strong>\r\n\t\t\t\tFor children, Road, Track            <\/div>\r\n\r\n            <div class=\"item-meta-data\">\r\n                <strong>\r\n\t\t\t\t\tRoute length                <\/strong>\r\n\t\t\t\t7 km            <\/div>\r\n\r\n        <\/div>\r\n    <\/a>\r\n    <a class=\"list-item\" href=\"https:\/\/plannervisit.krasno.dev\/en\/route\/cyklokorytnicka-2\/\">\r\n\t\t        <div class=\"thumb\"\r\n             style=\"background-image:url('https:\/\/plannervisit.krasno.dev\/wp-content\/uploads\/2021\/05\/IMG_2442-3-600x400.jpg')\">\r\n\t\t\t        <span class=\"favorite-btn  js_favorite-inline-ajax\"\r\n              data-id=\"144200\"\r\n\t\t>&hearts;<\/span>\r\n\t\t\t\t        <\/div>\r\n\r\n        <div class=\"item-meta\">\r\n            <div class=\"item-title\">\r\n\t\t\t\tTo roam with a wolf Branko            <\/div>\r\n\r\n            <div class=\"item-meta-data\">\r\n                <strong>\r\n\t\t\t\t\tArea:                <\/strong>\r\n\t\t\t\tDoln\u00fd Liptov            <\/div>\r\n\r\n            <div class=\"item-meta-data\">\r\n                <strong>\r\n\t\t\t\t\tDifficulty                <\/strong>\r\n\t\t\t\t2 - easy            <\/div>\r\n\r\n            <div class=\"item-meta-data\">\r\n                <strong>\r\n\t\t\t\t\tType:                <\/strong>\r\n\t\t\t\tFor children, Track            <\/div>\r\n\r\n            <div class=\"item-meta-data\">\r\n                <strong>\r\n\t\t\t\t\tRoute length                <\/strong>\r\n\t\t\t\t8 km            <\/div>\r\n\r\n        <\/div>\r\n    <\/a>\r\n    <a class=\"list-item\" href=\"https:\/\/plannervisit.krasno.dev\/en\/route\/fairy-tale-enduro-hrabovo\/\">\r\n\t\t        <div class=\"thumb\"\r\n             style=\"background-image:url('https:\/\/plannervisit.krasno.dev\/wp-content\/uploads\/2019\/08\/190815_Singletrail_18-1-600x400.jpg')\">\r\n\t\t\t        <span class=\"favorite-btn  js_favorite-inline-ajax\"\r\n              data-id=\"102849\"\r\n\t\t>&hearts;<\/span>\r\n\t\t\t\t        <\/div>\r\n\r\n        <div class=\"item-meta\">\r\n            <div class=\"item-title\">\r\n\t\t\t\tTrail Enduro            <\/div>\r\n\r\n            <div class=\"item-meta-data\">\r\n                <strong>\r\n\t\t\t\t\tArea:                <\/strong>\r\n\t\t\t\tVe\u013ek\u00e1 Fatra            <\/div>\r\n\r\n            <div class=\"item-meta-data\">\r\n                <strong>\r\n\t\t\t\t\tDifficulty                <\/strong>\r\n\t\t\t\t3 - medium difficulty            <\/div>\r\n\r\n            <div class=\"item-meta-data\">\r\n                <strong>\r\n\t\t\t\t\tType:                <\/strong>\r\n\t\t\t\tMTB, Track            <\/div>\r\n\r\n            <div class=\"item-meta-data\">\r\n                <strong>\r\n\t\t\t\t\tRoute length                <\/strong>\r\n\t\t\t\t11.5 km            <\/div>\r\n\r\n        <\/div>\r\n    <\/a>\r\n    <a class=\"list-item\" href=\"https:\/\/plannervisit.krasno.dev\/en\/route\/hybe-kralova-lehota\/\">\r\n\t\t        <div class=\"thumb\"\r\n             style=\"background-image:url('https:\/\/plannervisit.krasno.dev\/wp-content\/uploads\/2019\/08\/IMG_3324-3-600x400.jpg')\">\r\n\t\t\t        <span class=\"favorite-btn  js_favorite-inline-ajax\"\r\n              data-id=\"116705\"\r\n\t\t>&hearts;<\/span>\r\n\t\t\t\t        <\/div>\r\n\r\n        <div class=\"item-meta\">\r\n            <div class=\"item-title\">\r\n\t\t\t\tHybe to Kr\u00e1\u013eova Lehota            <\/div>\r\n\r\n            <div class=\"item-meta-data\">\r\n                <strong>\r\n\t\t\t\t\tArea:                <\/strong>\r\n\t\t\t\tN\u00edzke Tatry            <\/div>\r\n\r\n            <div class=\"item-meta-data\">\r\n                <strong>\r\n\t\t\t\t\tDifficulty                <\/strong>\r\n\t\t\t\t2 - easy            <\/div>\r\n\r\n            <div class=\"item-meta-data\">\r\n                <strong>\r\n\t\t\t\t\tType:                <\/strong>\r\n\t\t\t\t            <\/div>\r\n\r\n            <div class=\"item-meta-data\">\r\n                <strong>\r\n\t\t\t\t\tRoute length                <\/strong>\r\n\t\t\t\t7 km            <\/div>\r\n\r\n        <\/div>\r\n    <\/a>\r\n    <a class=\"list-item\" href=\"https:\/\/plannervisit.krasno.dev\/en\/route\/cyklokorytnicka\/\">\r\n\t\t        <div class=\"thumb\"\r\n             style=\"background-image:url('https:\/\/plannervisit.krasno.dev\/wp-content\/uploads\/2019\/08\/180609_S-detmi-na-kolesach_079-600x401.jpg')\">\r\n\t\t\t        <span class=\"favorite-btn  js_favorite-inline-ajax\"\r\n              data-id=\"540451\"\r\n\t\t>&hearts;<\/span>\r\n\t\t\t\t        <\/div>\r\n\r\n        <div class=\"item-meta\">\r\n            <div class=\"item-title\">\r\n\t\t\t\tCyklokorytni\u010dka            <\/div>\r\n\r\n            <div class=\"item-meta-data\">\r\n                <strong>\r\n\t\t\t\t\tArea:                <\/strong>\r\n\t\t\t\tDoln\u00fd Liptov            <\/div>\r\n\r\n            <div class=\"item-meta-data\">\r\n                <strong>\r\n\t\t\t\t\tDifficulty                <\/strong>\r\n\t\t\t\t1 - very easy            <\/div>\r\n\r\n            <div class=\"item-meta-data\">\r\n                <strong>\r\n\t\t\t\t\tType:                <\/strong>\r\n\t\t\t\tFor children, Educational path, Road, Track            <\/div>\r\n\r\n            <div class=\"item-meta-data\">\r\n                <strong>\r\n\t\t\t\t\tRoute length                <\/strong>\r\n\t\t\t\t53 km            <\/div>\r\n\r\n        <\/div>\r\n    <\/a>\r\n    <a class=\"list-item\" href=\"https:\/\/plannervisit.krasno.dev\/en\/route\/upper-reservoir-cierny-vah-from-vychodna\/\">\r\n\t\t        <div class=\"thumb\"\r\n             style=\"background-image:url('https:\/\/plannervisit.krasno.dev\/wp-content\/uploads\/2019\/03\/ciernyVah-600x400.jpg')\">\r\n\t\t\t        <span class=\"favorite-btn  js_favorite-inline-ajax\"\r\n              data-id=\"92060\"\r\n\t\t>&hearts;<\/span>\r\n\t\t\t\t        <\/div>\r\n\r\n        <div class=\"item-meta\">\r\n            <div class=\"item-title\">\r\n\t\t\t\tUpper reservoir \u010cierny V\u00e1h from V\u00fdchodn\u00e1            <\/div>\r\n\r\n            <div class=\"item-meta-data\">\r\n                <strong>\r\n\t\t\t\t\tArea:                <\/strong>\r\n\t\t\t\tN\u00edzke Tatry            <\/div>\r\n\r\n            <div class=\"item-meta-data\">\r\n                <strong>\r\n\t\t\t\t\tDifficulty                <\/strong>\r\n\t\t\t\t3 - medium difficulty            <\/div>\r\n\r\n            <div class=\"item-meta-data\">\r\n                <strong>\r\n\t\t\t\t\tType:                <\/strong>\r\n\t\t\t\tMTB            <\/div>\r\n\r\n            <div class=\"item-meta-data\">\r\n                <strong>\r\n\t\t\t\t\tRoute length                <\/strong>\r\n\t\t\t\t12.9 km            <\/div>\r\n\r\n        <\/div>\r\n    <\/a>\r\n    <a class=\"list-item\" href=\"https:\/\/plannervisit.krasno.dev\/en\/route\/trstene-chata-pod-naruzim\/\">\r\n\t\t        <div class=\"thumb\"\r\n             style=\"background-image:url('https:\/\/plannervisit.krasno.dev\/wp-content\/uploads\/2019\/05\/chata-pod-naruzim-600x338.jpg')\">\r\n\t\t\t        <span class=\"favorite-btn  js_favorite-inline-ajax\"\r\n              data-id=\"91923\"\r\n\t\t>&hearts;<\/span>\r\n\t\t\t\t        <\/div>\r\n\r\n        <div class=\"item-meta\">\r\n            <div class=\"item-title\">\r\n\t\t\t\tTrsten\u00e9 to Cottage: Chata pod N\u00e1ru\u017e\u00edm            <\/div>\r\n\r\n            <div class=\"item-meta-data\">\r\n                <strong>\r\n\t\t\t\t\tArea:                <\/strong>\r\n\t\t\t\tZ\u00e1padn\u00e9 Tatry            <\/div>\r\n\r\n            <div class=\"item-meta-data\">\r\n                <strong>\r\n\t\t\t\t\tDifficulty                <\/strong>\r\n\t\t\t\t4 - difficulty            <\/div>\r\n\r\n            <div class=\"item-meta-data\">\r\n                <strong>\r\n\t\t\t\t\tType:                <\/strong>\r\n\t\t\t\tMTB            <\/div>\r\n\r\n            <div class=\"item-meta-data\">\r\n                <strong>\r\n\t\t\t\t\tRoute length                <\/strong>\r\n\t\t\t\t11.8 km            <\/div>\r\n\r\n        <\/div>\r\n    <\/a>\r\n    <a class=\"list-item\" href=\"https:\/\/plannervisit.krasno.dev\/en\/route\/maluzina-maluzinsky-tajch-chorupne\/\">\r\n\t\t        <div class=\"thumb\"\r\n             style=\"background-image:url('https:\/\/plannervisit.krasno.dev\/wp-content\/uploads\/2019\/05\/Maluzina_tajch_jar-2023_J-16small_cizova-600x338.jpg')\">\r\n\t\t\t        <span class=\"favorite-btn  js_favorite-inline-ajax\"\r\n              data-id=\"91879\"\r\n\t\t>&hearts;<\/span>\r\n\t\t\t\t        <\/div>\r\n\r\n        <div class=\"item-meta\">\r\n            <div class=\"item-title\">\r\n\t\t\t\tMalu\u017eina to Chorupn\u00e9            <\/div>\r\n\r\n            <div class=\"item-meta-data\">\r\n                <strong>\r\n\t\t\t\t\tArea:                <\/strong>\r\n\t\t\t\tN\u00edzke Tatry            <\/div>\r\n\r\n            <div class=\"item-meta-data\">\r\n                <strong>\r\n\t\t\t\t\tDifficulty                <\/strong>\r\n\t\t\t\t3 - medium difficulty            <\/div>\r\n\r\n            <div class=\"item-meta-data\">\r\n                <strong>\r\n\t\t\t\t\tType:                <\/strong>\r\n\t\t\t\tMTB            <\/div>\r\n\r\n            <div class=\"item-meta-data\">\r\n                <strong>\r\n\t\t\t\t\tRoute length                <\/strong>\r\n\t\t\t\t17.8 km            <\/div>\r\n\r\n        <\/div>\r\n    <\/a>\r\n    <a class=\"list-item\" href=\"https:\/\/plannervisit.krasno.dev\/en\/route\/liptovsky-jan-janska-valley\/\">\r\n\t\t        <div class=\"thumb\"\r\n             style=\"background-image:url('https:\/\/plannervisit.krasno.dev\/wp-content\/uploads\/2019\/03\/svidovske-sedlo-600x400.jpg')\">\r\n\t\t\t        <span class=\"favorite-btn  js_favorite-inline-ajax\"\r\n              data-id=\"91841\"\r\n\t\t>&hearts;<\/span>\r\n\t\t\t\t        <\/div>\r\n\r\n        <div class=\"item-meta\">\r\n            <div class=\"item-title\">\r\n\t\t\t\tSvidovsk\u00e9 sedlo            <\/div>\r\n\r\n            <div class=\"item-meta-data\">\r\n                <strong>\r\n\t\t\t\t\tArea:                <\/strong>\r\n\t\t\t\tN\u00edzke Tatry            <\/div>\r\n\r\n            <div class=\"item-meta-data\">\r\n                <strong>\r\n\t\t\t\t\tDifficulty                <\/strong>\r\n\t\t\t\t3 - medium difficulty            <\/div>\r\n\r\n            <div class=\"item-meta-data\">\r\n                <strong>\r\n\t\t\t\t\tType:                <\/strong>\r\n\t\t\t\tMTB            <\/div>\r\n\r\n            <div class=\"item-meta-data\">\r\n                <strong>\r\n\t\t\t\t\tRoute length                <\/strong>\r\n\t\t\t\t11.5 km            <\/div>\r\n\r\n        <\/div>\r\n    <\/a>\r\n    <a class=\"list-item\" href=\"https:\/\/plannervisit.krasno.dev\/en\/route\/lupcianska-valley-through-the-low-tatras\/\">\r\n\t\t        <div class=\"thumb\"\r\n             style=\"background-image:url('https:\/\/plannervisit.krasno.dev\/wp-content\/uploads\/2019\/05\/Partizanska-Lupca-600x399.jpg')\">\r\n\t\t\t        <span class=\"favorite-btn  js_favorite-inline-ajax\"\r\n              data-id=\"91807\"\r\n\t\t>&hearts;<\/span>\r\n\t\t\t\t        <\/div>\r\n\r\n        <div class=\"item-meta\">\r\n            <div class=\"item-title\">\r\n\t\t\t\t\u013dup\u010dianska valley            <\/div>\r\n\r\n            <div class=\"item-meta-data\">\r\n                <strong>\r\n\t\t\t\t\tArea:                <\/strong>\r\n\t\t\t\tN\u00edzke Tatry            <\/div>\r\n\r\n            <div class=\"item-meta-data\">\r\n                <strong>\r\n\t\t\t\t\tDifficulty                <\/strong>\r\n\t\t\t\t3 - medium difficulty            <\/div>\r\n\r\n            <div class=\"item-meta-data\">\r\n                <strong>\r\n\t\t\t\t\tType:                <\/strong>\r\n\t\t\t\tMTB            <\/div>\r\n\r\n            <div class=\"item-meta-data\">\r\n                <strong>\r\n\t\t\t\t\tRoute length                <\/strong>\r\n\t\t\t\t57.8 km            <\/div>\r\n\r\n        <\/div>\r\n    <\/a>\r\n    <a class=\"list-item\" href=\"https:\/\/plannervisit.krasno.dev\/en\/route\/biely-potok-vlkolinec-vlkolinske-luky\/\">\r\n\t\t        <div class=\"thumb\"\r\n             style=\"background-image:url('https:\/\/plannervisit.krasno.dev\/wp-content\/uploads\/2019\/05\/DSC06521_Foto-P.Paulinyi-\u2013-cover-we-600x280.jpg')\">\r\n\t\t\t        <span class=\"favorite-btn  js_favorite-inline-ajax\"\r\n              data-id=\"91710\"\r\n\t\t>&hearts;<\/span>\r\n\t\t\t\t        <\/div>\r\n\r\n        <div class=\"item-meta\">\r\n            <div class=\"item-title\">\r\n\t\t\t\tThrough Vlkol\u00ednec            <\/div>\r\n\r\n            <div class=\"item-meta-data\">\r\n                <strong>\r\n\t\t\t\t\tArea:                <\/strong>\r\n\t\t\t\tVe\u013ek\u00e1 Fatra            <\/div>\r\n\r\n            <div class=\"item-meta-data\">\r\n                <strong>\r\n\t\t\t\t\tDifficulty                <\/strong>\r\n\t\t\t\t4 - difficulty            <\/div>\r\n\r\n            <div class=\"item-meta-data\">\r\n                <strong>\r\n\t\t\t\t\tType:                <\/strong>\r\n\t\t\t\tMTB            <\/div>\r\n\r\n            <div class=\"item-meta-data\">\r\n                <strong>\r\n\t\t\t\t\tRoute length                <\/strong>\r\n\t\t\t\t4.2 km            <\/div>\r\n\r\n        <\/div>\r\n    <\/a>\r\n<\/div>\t\t\t<div class=\"facetwp-pager\"><\/div>        <\/div>\r\n\r\n        <div class=\"events-sidebar\">\r\n\t\t\t        <\/div>\r\n\r\n    <\/div>\r\n\t\n\n\n\n<p><a href=\"https:\/\/plannervisit.krasno.dev\/wp-content\/uploads\/2022\/09\/cykloturisticka-mapa-liptov_v3_2022_web.pdf\" target=\"_blank\" rel=\"noreferrer noopener\">Download the map of the official marked cycling routes ><\/a><\/p>\n","protected":false},"excerpt":{"rendered":"<p>Great terrains for mountain biking The Liptov basin is surrounded by beautiful mountains from all sides, which is the main &#8230;<\/p>\n","protected":false},"author":18,"featured_media":177668,"parent":153563,"menu_order":0,"comment_status":"closed","ping_status":"closed","template":"page_no-title.php","meta":{"_acf_changed":false,"inline_featured_image":false,"episode_type":"","audio_file":"","cover_image":"","cover_image_id":"","duration":"","filesize":"","date_recorded":"","explicit":"","block":"","filesize_raw":"","footnotes":""},"class_list":["post-154065","page","type-page","status-publish","has-post-thumbnail","hentry"],"acf":[],"_links":{"self":[{"href":"https:\/\/plannervisit.krasno.dev\/en\/wp-json\/wp\/v2\/pages\/154065"}],"collection":[{"href":"https:\/\/plannervisit.krasno.dev\/en\/wp-json\/wp\/v2\/pages"}],"about":[{"href":"https:\/\/plannervisit.krasno.dev\/en\/wp-json\/wp\/v2\/types\/page"}],"author":[{"embeddable":true,"href":"https:\/\/plannervisit.krasno.dev\/en\/wp-json\/wp\/v2\/users\/18"}],"replies":[{"embeddable":true,"href":"https:\/\/plannervisit.krasno.dev\/en\/wp-json\/wp\/v2\/comments?post=154065"}],"version-history":[{"count":0,"href":"https:\/\/plannervisit.krasno.dev\/en\/wp-json\/wp\/v2\/pages\/154065\/revisions"}],"up":[{"embeddable":true,"href":"https:\/\/plannervisit.krasno.dev\/en\/wp-json\/wp\/v2\/pages\/153563"}],"wp:featuredmedia":[{"embeddable":true,"href":"https:\/\/plannervisit.krasno.dev\/en\/wp-json\/wp\/v2\/media\/177668"}],"wp:attachment":[{"href":"https:\/\/plannervisit.krasno.dev\/en\/wp-json\/wp\/v2\/media?parent=154065"}],"curies":[{"name":"wp","href":"https:\/\/api.w.org\/{rel}","templated":true}]}}