{"id":29052,"date":"2019-03-04T19:53:46","date_gmt":"2019-03-04T18:53:46","guid":{"rendered":"http:\/\/www.visitliptov.sk\/spravy-z-liptova\/"},"modified":"2019-05-23T10:53:13","modified_gmt":"2019-05-23T08:53:13","slug":"news-from-liptov","status":"publish","type":"page","link":"https:\/\/plannervisit.krasno.dev\/en\/about-liptov\/news-from-liptov\/","title":{"rendered":"News from Liptov"},"content":{"rendered":"\n    <div class=\"ns-blog\">\n        <div class=\"blog-cats\">\n            <span class=\"cat-all\" id=\"cat-all\"\n                  onclick=\"FWP.reset()\">All<\/span>\n\t\t\t<div class=\"facetwp-facet facetwp-facet-cat facetwp-type-radio\" data-name=\"cat\" data-type=\"radio\"><\/div>        <\/div>\n\n        <div class=\"blog-content\">\n\t\t\t<div class=\"facetwp-template\" data-name=\"blog\">  <a class=\"list-item blog-loop\"   href=\"https:\/\/plannervisit.krasno.dev\/en\/2023\/12\/20\/skibusy-do-jasnej-maju-zelenu\/\"  >\n        <div class=\"thumb\"\n      style=\"background-image:url('\/wp-content\/themes\/ns\/img\/placeholder.jpg')\">\n\t\t\t        <span class=\"favorite-btn  js_favorite-inline-ajax\"\r\n              data-id=\"573591\"\r\n\t\t>&hearts;<\/span>\r\n\t      <div class=\"item-cat\">Press news<\/div>    <\/div>\n\n    <div class=\"item-meta\">\n    <div class=\"item-title\">\n\t\t  Skibusy do Jasnej maj\u00fa zelen\u00fa    <\/div>\n\n    <div class=\"item-date\">20. 12. 2023<\/div><div class=\"item-loc\">Jasn\u00e1<\/div><div class=\"item-excerpt\">(Liptovsk\u00fd Mikul\u00e1\u0161, 20. 12. 2023) \u2013 Od piatku 22.decembra 2023 \u0161tartuje prev\u00e1dzka bezplatn\u00fdch skibusov do...<br>     <img decoding=\"async\" src=\"\/wp-content\/uploads\/2025\/03\/readtime.svg\" alt=\"Reading time\" style=\"display: inline-block;margin-top: -2px;margin-right: 2px;width: 16px;height: 16px;\"> 4 min<\/div>     <\/div>\n   <\/a>\n  <a class=\"list-item blog-loop\"   href=\"https:\/\/plannervisit.krasno.dev\/en\/2021\/02\/09\/world-cup-returns-to-slovakia\/\"  >\n        <div class=\"thumb\"\n      style=\"background-image:url('https:\/\/plannervisit.krasno.dev\/wp-content\/uploads\/2020\/08\/fis-ski-jasna-2021-600x292.jpg')\">\n\t\t\t        <span class=\"favorite-btn  js_favorite-inline-ajax\"\r\n              data-id=\"138609\"\r\n\t\t>&hearts;<\/span>\r\n\t      <div class=\"item-cat\">Blog<\/div>    <\/div>\n\n    <div class=\"item-meta\">\n    <div class=\"item-title\">\n\t\t  WORLD CUP RETURNS TO SLOVAKIA    <\/div>\n\n    <div class=\"item-date\">9. 2. 2021<\/div><div class=\"item-loc\">Jasn\u00e1<\/div><div class=\"item-excerpt\">Flowers will welcome the elite of women\u2019s skiing in Jasn\u00e1 Perfectly groomed slopes, thousands of fans in the stands,...<br>     <img decoding=\"async\" src=\"\/wp-content\/uploads\/2025\/03\/readtime.svg\" alt=\"Reading time\" style=\"display: inline-block;margin-top: -2px;margin-right: 2px;width: 16px;height: 16px;\"> 7 min<\/div>     <\/div>\n   <\/a>\n  <a class=\"list-item blog-loop\"   href=\"https:\/\/plannervisit.krasno.dev\/en\/2019\/01\/15\/mamutie-tobogany-tatralandii\/\"  >\n        <div class=\"thumb\"\n      style=\"background-image:url('https:\/\/plannervisit.krasno.dev\/wp-content\/uploads\/2019\/03\/c-Marek-Hajkovsky-foto-TATRALANDIA-leto-2018_26_small-600x394.jpg')\">\n\t\t\t        <span class=\"favorite-btn  js_favorite-inline-ajax\"\r\n              data-id=\"33634\"\r\n\t\t>&hearts;<\/span>\r\n\t      <div class=\"item-cat\">Blog<\/div>    <\/div>\n\n    <div class=\"item-meta\">\n    <div class=\"item-title\">\n\t\t  MAMMOTH TOBOGGANS IN TATRALANDIA    <\/div>\n\n    <div class=\"item-date\">15. 1. 2019<\/div><div class=\"item-excerpt\">Unique entertainment A wide plain below the picturesque Liptov hills, lots of colourful pipes in the valley and people...<br>     <img decoding=\"async\" src=\"\/wp-content\/uploads\/2025\/03\/readtime.svg\" alt=\"Reading time\" style=\"display: inline-block;margin-top: -2px;margin-right: 2px;width: 16px;height: 16px;\"> 5 min<\/div>     <\/div>\n   <\/a>\n  <a class=\"list-item blog-loop\"   href=\"https:\/\/plannervisit.krasno.dev\/en\/2019\/01\/15\/stvrtstorocie-svetovy-vlkolinec\/\"  >\n        <div class=\"thumb\"\n      style=\"background-image:url('https:\/\/plannervisit.krasno.dev\/wp-content\/uploads\/2019\/03\/IMG_20180518_081744-e1547623966758-600x299.jpg')\">\n\t\t\t        <span class=\"favorite-btn  js_favorite-inline-ajax\"\r\n              data-id=\"33635\"\r\n\t\t>&hearts;<\/span>\r\n\t      <div class=\"item-cat\">Blog<\/div>    <\/div>\n\n    <div class=\"item-meta\">\n    <div class=\"item-title\">\n\t\t  The World\u2011Famous Vlkol\u00ednec Celebrates a Quarter of a Century    <\/div>\n\n    <div class=\"item-date\">15. 1. 2019<\/div><div class=\"item-excerpt\">New UNESCO House in the historical heart of Liptov A remarkable place with a unique atmosphere. I have always loved...<br>     <img decoding=\"async\" src=\"\/wp-content\/uploads\/2025\/03\/readtime.svg\" alt=\"Reading time\" style=\"display: inline-block;margin-top: -2px;margin-right: 2px;width: 16px;height: 16px;\"> 5 min<\/div>     <\/div>\n   <\/a>\n  <a class=\"list-item blog-loop\"   href=\"https:\/\/plannervisit.krasno.dev\/en\/2019\/01\/14\/ski-patrola\/\"  >\n        <div class=\"thumb\"\n      style=\"background-image:url('https:\/\/plannervisit.krasno.dev\/wp-content\/uploads\/2019\/03\/Ski-patrola_v-zelenom.jpg')\">\n\t\t\t        <span class=\"favorite-btn  js_favorite-inline-ajax\"\r\n              data-id=\"33633\"\r\n\t\t>&hearts;<\/span>\r\n\t      <div class=\"item-cat\">Blog<\/div>    <\/div>\n\n    <div class=\"item-meta\">\n    <div class=\"item-title\">\n\t\t  SKI-PATROL    <\/div>\n\n    <div class=\"item-date\">14. 1. 2019<\/div><div class=\"item-excerpt\">Little green men or guardian angels? Groomed pistes, spacious slopes, no waiting in queues and considerate skiers all...<br>     <img decoding=\"async\" src=\"\/wp-content\/uploads\/2025\/03\/readtime.svg\" alt=\"Reading time\" style=\"display: inline-block;margin-top: -2px;margin-right: 2px;width: 16px;height: 16px;\"> 5 min<\/div>     <\/div>\n   <\/a>\n  <a class=\"list-item blog-loop\"   href=\"https:\/\/plannervisit.krasno.dev\/en\/2018\/07\/14\/demanovska-dolina-ked-rozpravka-meni-skutocnost\/\"  >\n        <div class=\"thumb\"\n      style=\"background-image:url('https:\/\/plannervisit.krasno.dev\/wp-content\/uploads\/2019\/04\/turistika.jpg')\">\n\t\t\t        <span class=\"favorite-btn  js_favorite-inline-ajax\"\r\n              data-id=\"33632\"\r\n\t\t>&hearts;<\/span>\r\n\t      <div class=\"item-cat\">Blog<\/div>    <\/div>\n\n    <div class=\"item-meta\">\n    <div class=\"item-title\">\n\t\t  DEM\u00c4NOVSK\u00c1 VALLEY- A fairy tale becomes reality    <\/div>\n\n    <div class=\"item-date\">14. 7. 2018<\/div><div class=\"item-excerpt\">It is the queen of valleys in the Low Tatras and it has been attracting visitors from all over the...<br>     <img decoding=\"async\" src=\"\/wp-content\/uploads\/2025\/03\/readtime.svg\" alt=\"Reading time\" style=\"display: inline-block;margin-top: -2px;margin-right: 2px;width: 16px;height: 16px;\"> 5 min<\/div>     <\/div>\n   <\/a>\n<\/div>\t\t\t<div class=\"facetwp-pager\"><\/div>        <\/div>\n\n        <div class=\"blog-contact\">\n            <strong>Contact<\/strong>\n\t\t\t<p>OOCR Region Liptov<\/p>\n<ul>\n<li>\u0160t\u00farova 1989 \/ 41 031 01<br \/>\nLiptovsk\u00fd Mikul\u00e1\u0161<\/li>\n<li>+421 918 580 205<\/li>\n<li>Email: <a href=\"mailto:sarafinova@visitliptov.sk\">sarafinova@visitliptov.sk<\/a><\/li>\n<\/ul>\n        <\/div>\n\n        <div class=\"blog-most-read\">\n        <div>\n    <h2>Most popular<\/h2>\n    <p>No posts found.<\/p><\/div>\n        <\/div>\n    <\/div>\n\t\n","protected":false},"excerpt":{"rendered":"","protected":false},"author":1,"featured_media":0,"parent":30195,"menu_order":0,"comment_status":"closed","ping_status":"closed","template":"","meta":{"_acf_changed":false,"inline_featured_image":false,"episode_type":"","audio_file":"","cover_image":"","cover_image_id":"","duration":"","filesize":"","date_recorded":"","explicit":"","block":"","filesize_raw":"","footnotes":""},"class_list":["post-29052","page","type-page","status-publish","hentry"],"acf":[],"_links":{"self":[{"href":"https:\/\/plannervisit.krasno.dev\/en\/wp-json\/wp\/v2\/pages\/29052"}],"collection":[{"href":"https:\/\/plannervisit.krasno.dev\/en\/wp-json\/wp\/v2\/pages"}],"about":[{"href":"https:\/\/plannervisit.krasno.dev\/en\/wp-json\/wp\/v2\/types\/page"}],"author":[{"embeddable":true,"href":"https:\/\/plannervisit.krasno.dev\/en\/wp-json\/wp\/v2\/users\/1"}],"replies":[{"embeddable":true,"href":"https:\/\/plannervisit.krasno.dev\/en\/wp-json\/wp\/v2\/comments?post=29052"}],"version-history":[{"count":0,"href":"https:\/\/plannervisit.krasno.dev\/en\/wp-json\/wp\/v2\/pages\/29052\/revisions"}],"up":[{"embeddable":true,"href":"https:\/\/plannervisit.krasno.dev\/en\/wp-json\/wp\/v2\/pages\/30195"}],"wp:attachment":[{"href":"https:\/\/plannervisit.krasno.dev\/en\/wp-json\/wp\/v2\/media?parent=29052"}],"curies":[{"name":"wp","href":"https:\/\/api.w.org\/{rel}","templated":true}]}}