{"id":84782,"date":"2015-12-09T00:00:00","date_gmt":"2015-12-08T23:00:00","guid":{"rendered":"https:\/\/www.visitliptov.sk\/where-to-eat-and-drink\/quality-award\/liptovs-star-in-2014-restaurants\/"},"modified":"2015-12-09T00:00:00","modified_gmt":"2015-12-08T23:00:00","slug":"liptovs-star-in-2014-restaurants","status":"publish","type":"page","link":"https:\/\/plannervisit.krasno.dev\/en\/quality-award\/liptovs-star-in-2014-restaurants\/","title":{"rendered":"Liptov&#8217;s star in 2014 &#8211; Restaurants"},"content":{"rendered":"<h1 style=\"text-align: justify;\">Liptov&#8217;s star in 2014 &#8211; Restaurants<img loading=\"lazy\" decoding=\"async\" class=\"wp-image-15859 alignright\" src=\"https:\/\/plannervisit.krasno.dev\/wp-content\/uploads\/2019\/04\/lipt.hviezda_rest.png\" alt=\"lipt.hviezda_rest\" width=\"140\" height=\"145\" \/><\/h1>\n<p style=\"text-align: justify;\">Liptov is a tourist region, whose success is built on services. We are keen to continuously improve and to make those who provide them realize that there is always room for improvement.<\/p>\n<p style=\"text-align: justify;\">The conclusion that liptov restaurants are among the best in Slovakia, reached after more than a month lasting anonymous P\u0159epadovka catering facilities in the region of the evaluation committee of the project called Liptovsk\u00e1 star. Quality Certificate from November 2014 to November 2016, boasts ten restaurants in the region Liptov. Liptovsk\u00e1 star has the ambition to become a recognized brand and trademark high level, for which it pays to come!<\/p>\n<h1 style=\"text-align: justify;\">Awards<\/h1>\n<hr \/>\n<h2 style=\"text-align: center;\">Category Restaurant<\/h2>\n<hr \/>\n<h2 style=\"text-align: center;\"><a href=\"https:\/\/plannervisit.krasno.dev\/wp-content\/uploads\/2019\/04\/lipt.hviezda_rest.png\" data-rel=\"lightbox-gallery-U79tBnhZ\" data-rl_title=\"lipt.hviezda_rest\" data-rl_caption=\"lipt.hviezda_rest\" title=\"lipt.hviezda_rest\"><img loading=\"lazy\" decoding=\"async\" class=\"wp-image-15859 aligncenter\" src=\"https:\/\/plannervisit.krasno.dev\/wp-content\/uploads\/2019\/04\/lipt.hviezda_rest.png\" alt=\"lipt.hviezda_rest\" width=\"118\" height=\"122\" \/><\/a>Hotel Tri studni\u010dky, Dem\u00e4novsk\u00e1 dolina<\/h2>\n<p style=\"text-align: center;\"><a href=\"\/?p=14461\" target=\"_blank\"><img loading=\"lazy\" decoding=\"async\" class=\"wp-image-15890 aligncenter\" src=\"https:\/\/plannervisit.krasno.dev\/wp-content\/uploads\/2019\/03\/tri-studnicky1.jpg\" alt=\"Hotel Tri Studni\u010dky\" width=\"500\" height=\"333\" \/><\/a><\/p>\n<h2 style=\"text-align: center;\">Liptovsk\u00e9 dvory, Liptovsk\u00fd J\u00e1n<\/h2>\n<h1 style=\"text-align: center;\"><a href=\"\/?p=14287\"><img loading=\"lazy\" decoding=\"async\" class=\"wp-image-15892 aligncenter\" src=\"https:\/\/plannervisit.krasno.dev\/wp-content\/uploads\/2019\/04\/liptov_dvor.jpg\" alt=\"liptov_dvor\" width=\"500\" height=\"333\" \/><\/a><\/h1>\n<hr \/>\n<p style=\"text-align: center;\"><img loading=\"lazy\" decoding=\"async\" class=\"wp-image-15902 aligncenter\" src=\"https:\/\/plannervisit.krasno.dev\/wp-content\/uploads\/2019\/04\/restauracia2.jpg\" alt=\"restauracia2\" width=\"118\" height=\"123\" \/><\/p>\n<h2 style=\"text-align: center;\">Hotel FIS Jasn\u00e1, Dem\u00e4novsk\u00e1 dolina<\/h2>\n<p style=\"text-align: center;\"><a href=\"\/?p=14792\"><img loading=\"lazy\" decoding=\"async\" class=\"wp-image-15901 aligncenter\" src=\"https:\/\/plannervisit.krasno.dev\/wp-content\/uploads\/2019\/04\/fis.jpg\" alt=\"fis\" width=\"500\" height=\"305\" \/><\/a><\/p>\n<h2 style=\"text-align: center;\">Relax Hotel Sojka, Malat\u00edny<\/h2>\n<p style=\"text-align: center;\"><a href=\"\/?p=16705&amp;lang=sk\" target=\"_blank\"><img loading=\"lazy\" decoding=\"async\" class=\"wp-image-15904 aligncenter\" src=\"https:\/\/plannervisit.krasno.dev\/wp-content\/uploads\/2019\/03\/sojka.jpg\" alt=\"sojka\" width=\"500\" height=\"375\" \/><\/a><\/p>\n<h2 style=\"text-align: center;\">\u00a0Penzi\u00f3n Drak, Dem\u00e4novsk\u00e1 dolina<\/h2>\n<p style=\"text-align: center;\"><a href=\"\/?p=14156&amp;lang=sk\" target=\"_blank\"><img loading=\"lazy\" decoding=\"async\" class=\"wp-image-15905 aligncenter\" src=\"https:\/\/plannervisit.krasno.dev\/wp-content\/uploads\/2019\/03\/drak.jpg\" alt=\"drak\" width=\"500\" height=\"332\" \/><\/a><\/p>\n<h2 style=\"text-align: center;\">\u00a0\u00a0Wellness Hotel Chopok,\u00a0Dem\u00e4novsk\u00e1 dolina<\/h2>\n<p style=\"text-align: center;\"><a href=\"\/?p=14180\" target=\"_blank\"><img loading=\"lazy\" decoding=\"async\" class=\"wp-image-15906 aligncenter\" src=\"https:\/\/plannervisit.krasno.dev\/wp-content\/uploads\/2019\/04\/whchopok.jpg\" alt=\"whchopok\" width=\"500\" height=\"317\" \/><\/a><\/p>\n<hr \/>\n<p style=\"text-align: center;\"><img loading=\"lazy\" decoding=\"async\" class=\"wp-image-15907 aligncenter\" src=\"https:\/\/plannervisit.krasno.dev\/wp-content\/uploads\/2019\/04\/restauracia1.jpg\" alt=\"restauracia1\" width=\"118\" height=\"122\" \/><\/p>\n<h2 style=\"text-align: center;\">Ristorante Camino, Ru\u017eomberok<\/h2>\n<h2 style=\"text-align: center;\"><a href=\"\/?p=18199&amp;lang=sk\" target=\"_blank\"><img loading=\"lazy\" decoding=\"async\" class=\"wp-image-15908 aligncenter\" src=\"https:\/\/plannervisit.krasno.dev\/wp-content\/uploads\/2019\/04\/camino.jpg\" alt=\"camino\" width=\"500\" height=\"342\" \/><\/a><\/h2>\n<h2 style=\"text-align: center;\">Hotel J\u00e1no\u0161\u00edk, Liptovsk\u00fd Mikul\u00e1\u0161<\/h2>\n<p style=\"text-align: center;\"><a href=\"\/?p=14191\" target=\"_blank\"><img loading=\"lazy\" decoding=\"async\" class=\"wp-image-15909 aligncenter\" src=\"https:\/\/plannervisit.krasno.dev\/wp-content\/uploads\/2019\/03\/janosik.jpg\" alt=\"janosik\" width=\"500\" height=\"333\" \/><\/a><\/p>\n<h2 style=\"text-align: center;\">Magdal\u00e9na Zai Grand Castle, Liptovsk\u00fd Hr\u00e1dok<\/h2>\n<p><a href=\"\/?p=23798&amp;lang=sk\" target=\"_blank\"><img loading=\"lazy\" decoding=\"async\" class=\"aligncenter wp-image-15912\" src=\"https:\/\/plannervisit.krasno.dev\/wp-content\/uploads\/2019\/03\/zai.jpg\" alt=\"zai\" width=\"500\" height=\"526\" \/><\/a><\/p>\n<h2 style=\"text-align: center;\">Penzi\u00f3n Energetik,\u00a0Dem\u00e4novsk\u00e1 dolina<\/h2>\n<p><a href=\"\/?p=16230&amp;lang=sk\" target=\"_blank\"><img loading=\"lazy\" decoding=\"async\" class=\"aligncenter wp-image-15914\" src=\"https:\/\/plannervisit.krasno.dev\/wp-content\/uploads\/2019\/04\/energetik-006.jpg\" alt=\"energetik-006\" width=\"500\" height=\"332\" \/><\/a><\/p>\n<h2 style=\"text-align: center;\">Penzi\u00f3n Tempo Tatry, Pribylina<\/h2>\n<p><a href=\"\/?p=14299\" target=\"_blank\"><img loading=\"lazy\" decoding=\"async\" class=\"aligncenter wp-image-15915\" src=\"https:\/\/plannervisit.krasno.dev\/wp-content\/uploads\/2019\/04\/tempotatry.jpg\" alt=\"tempotatry\" width=\"500\" height=\"375\" \/><\/a><\/p>\n<h2 style=\"text-align: center;\">Penzion Villa Betula, \u00a0Liptovsk\u00e1 Sielnica<\/h2>\n<p><a href=\"\/?p=16028&amp;lang=sk\" target=\"_blank\"><img loading=\"lazy\" decoding=\"async\" class=\"aligncenter wp-image-15917\" src=\"https:\/\/plannervisit.krasno.dev\/wp-content\/uploads\/2019\/04\/betula1.jpg\" alt=\"\" width=\"500\" height=\"333\" \/><\/a><\/p>\n<h2 style=\"text-align: center;\">Von Roll Restaurant, Dem\u00e4novsk\u00e1 dolina<\/h2>\n<p><a href=\"\/?p=19981&amp;lang=sk\" target=\"_blank\"><img loading=\"lazy\" decoding=\"async\" class=\"aligncenter wp-image-15919\" src=\"https:\/\/plannervisit.krasno.dev\/wp-content\/uploads\/2019\/04\/von_roll1.jpg\" alt=\"von_roll1\" width=\"500\" height=\"289\" \/><\/a><\/p>\n<h3 style=\"text-align: center;\"><\/h3>\n<hr \/>\n<p>&nbsp;<\/p>\n","protected":false},"excerpt":{"rendered":"<p>Liptov&#8217;s star in 2014 &#8211; Restaurants Liptov is a tourist region, whose success is built on services. We are keen &#8230;<\/p>\n","protected":false},"author":1,"featured_media":80493,"parent":84781,"menu_order":0,"comment_status":"open","ping_status":"open","template":"","meta":{"_acf_changed":false,"inline_featured_image":false,"episode_type":"","audio_file":"","cover_image":"","cover_image_id":"","duration":"","filesize":"","date_recorded":"","explicit":"","block":"","filesize_raw":"","footnotes":""},"class_list":["post-84782","page","type-page","status-publish","has-post-thumbnail","hentry"],"acf":[],"_links":{"self":[{"href":"https:\/\/plannervisit.krasno.dev\/en\/wp-json\/wp\/v2\/pages\/84782"}],"collection":[{"href":"https:\/\/plannervisit.krasno.dev\/en\/wp-json\/wp\/v2\/pages"}],"about":[{"href":"https:\/\/plannervisit.krasno.dev\/en\/wp-json\/wp\/v2\/types\/page"}],"author":[{"embeddable":true,"href":"https:\/\/plannervisit.krasno.dev\/en\/wp-json\/wp\/v2\/users\/1"}],"replies":[{"embeddable":true,"href":"https:\/\/plannervisit.krasno.dev\/en\/wp-json\/wp\/v2\/comments?post=84782"}],"version-history":[{"count":0,"href":"https:\/\/plannervisit.krasno.dev\/en\/wp-json\/wp\/v2\/pages\/84782\/revisions"}],"up":[{"embeddable":true,"href":"https:\/\/plannervisit.krasno.dev\/en\/wp-json\/wp\/v2\/pages\/84781"}],"wp:featuredmedia":[{"embeddable":true,"href":"https:\/\/plannervisit.krasno.dev\/en\/wp-json\/wp\/v2\/media\/80493"}],"wp:attachment":[{"href":"https:\/\/plannervisit.krasno.dev\/en\/wp-json\/wp\/v2\/media?parent=84782"}],"curies":[{"name":"wp","href":"https:\/\/api.w.org\/{rel}","templated":true}]}}