{"id":84852,"date":"2018-11-29T00:00:00","date_gmt":"2018-11-28T23:00:00","guid":{"rendered":"https:\/\/www.visitliptov.sk\/homepage-redesign\/"},"modified":"2018-11-29T00:00:00","modified_gmt":"2018-11-28T23:00:00","slug":"homepage-redesign","status":"publish","type":"page","link":"https:\/\/plannervisit.krasno.dev\/en\/homepage-redesign\/","title":{"rendered":"homepage-redesign"},"content":{"rendered":"<p>W2ZlYXR1cmVkc2xpZGVyIGlkPScyJ10=\n\n\n<p><p>https:\/\/plannervisit.krasno.dev\/wp-content\/uploads\/2019\/04\/region-card-1.png<\/p>\n<p><a href=\"https:\/\/plannervisit.krasno.dev\/liptov-region-card\/\">Zapla\u0165te p\u00e1r Eur a u\u0161etrite stovky s Liptov Region Card<\/a><\/p>\n<p><\/p>\n<p><span>Liptov Region Card umo\u017e\u0148uje v\u00e1m umo\u017en\u00ed \u010derpa\u0165 <\/span><strong>z\u013eavy a\u017e do v\u00fd\u0161ky 100%<\/strong> na ponuku slu\u017eieb partnersk\u00fdch v\u00fdletn\u00fdch miest, atraktiv\u00edt a zariaden\u00ed.<br \/>\nVybavte si kartu a <strong>u\u017e\u00edvajte si Liptov e\u0161te lacnej\u0161ie<\/strong>.<\/p>\n<p>[fusion_button link=&#8221;https:\/\/plannervisit.krasno.dev\/liptov-region-card\/&#8221; title=&#8221;&#8221; target=&#8221;_self&#8221; alignment=&#8221;left&#8221; modal=&#8221;&#8221; hide_on_mobile=&#8221;small-visibility,medium-visibility,large-visibility&#8221; class=&#8221;&#8221; id=&#8221;&#8221; color=&#8221;default&#8221; button_gradient_top_color=&#8221;&#8221; button_gradient_bottom_color=&#8221;&#8221; button_gradient_top_color_hover=&#8221;&#8221; button_gradient_bottom_color_hover=&#8221;&#8221; accent_color=&#8221;&#8221; accent_hover_color=&#8221;&#8221; type=&#8221;&#8221; bevel_color=&#8221;&#8221; border_width=&#8221;&#8221; size=&#8221;large&#8221; stretch=&#8221;default&#8221; shape=&#8221;&#8221; icon=&#8221;&#8221; icon_position=&#8221;left&#8221; icon_divider=&#8221;no&#8221; animation_type=&#8221;&#8221; animation_direction=&#8221;left&#8221; animation_speed=&#8221;0.3&#8243; animation_offset=&#8221;&#8221;]Prezrie\u0165 z\u013eavy, ktor\u00e9 viete z\u00edska\u0165[\/fusion_button]<\/p>\n<p>https:\/\/plannervisit.krasno.dev\/wp-content\/uploads\/2019\/04\/iphone-visit-liptov-1.png<\/p>\n<p><a href=\"https:\/\/play.google.com\/store\/apps\/details?id=sk.bonbonapps.liptov\">Napl\u00e1nujte si svoj najbli\u017e\u0161\u00ed v\u00fdlet s\u00a0inteligentn\u00fdm sprievodcom Liptova<\/a><\/p>\n<p><\/p>\n<p>Napl\u00e1nujte si v\u00fdlet s de\u0165mi do liptovskej pr\u00edrody, alebo si n\u00e1jdite vhodn\u00e9 mieste\u010dko na romantick\u00fa ve\u010deru. M\u00e1te mo\u017enos\u0165 vyu\u017ei\u0165 n\u00e1\u0161ho <a href=\"#\">sprievodcu priamo vo va\u0161om telef\u00f3ne<\/a>.<\/p>\n<p>[fusion_button link=&#8221;https:\/\/play.google.com\/store\/apps\/details?id=sk.bonbonapps.liptov&#8221; title=&#8221;&#8221; target=&#8221;_blank&#8221; alignment=&#8221;left&#8221; modal=&#8221;&#8221; hide_on_mobile=&#8221;small-visibility,medium-visibility,large-visibility&#8221; class=&#8221;&#8221; id=&#8221;&#8221; color=&#8221;default&#8221; button_gradient_top_color=&#8221;&#8221; button_gradient_bottom_color=&#8221;&#8221; button_gradient_top_color_hover=&#8221;&#8221; button_gradient_bottom_color_hover=&#8221;&#8221; accent_color=&#8221;&#8221; accent_hover_color=&#8221;&#8221; type=&#8221;&#8221; bevel_color=&#8221;&#8221; border_width=&#8221;&#8221; size=&#8221;large&#8221; stretch=&#8221;default&#8221; shape=&#8221;&#8221; icon=&#8221;&#8221; icon_position=&#8221;left&#8221; icon_divider=&#8221;no&#8221; animation_type=&#8221;&#8221; animation_direction=&#8221;left&#8221; animation_speed=&#8221;0.3&#8243; animation_offset=&#8221;&#8221;]Prezrie\u0165 zauj\u00edmav\u00e9 body na mape[\/fusion_button]<\/p>\n<p>https:\/\/plannervisit.krasno.dev\/wp-content\/uploads\/2019\/04\/decor-1.png<\/p>\n<p><a href=\"https:\/\/booking.visitliptov.sk\/\">M\u00e1te pl\u00e1ny na v\u00edkend, no nem\u00e1te kam zlo\u017ei\u0165 hlavu? Liptov \u010dak\u00e1 len na v\u00e1s &#8230;<\/a><\/p>\n<p><span>\u010ci u\u017e preferujete romantick\u00fa samotu niekde na okraji lesa, alebo t\u00fa\u017eite po oddychu plnom relaxu a welness <\/span><strong>z\u00e1\u017eitkov na Liptove<\/strong> si svoje miesto ur\u010dite n\u00e1jde ka\u017ed\u00fd z \u010dlenov va\u0161ej rodiny.[fusion_button link=&#8221;https:\/\/booking.visitliptov.sk\/&#8221; title=&#8221;&#8221; target=&#8221;_blank&#8221; alignment=&#8221;left&#8221; modal=&#8221;&#8221; hide_on_mobile=&#8221;small-visibility,medium-visibility,large-visibility&#8221; class=&#8221;&#8221; id=&#8221;&#8221; color=&#8221;default&#8221; button_gradient_top_color=&#8221;&#8221; button_gradient_bottom_color=&#8221;&#8221; button_gradient_top_color_hover=&#8221;&#8221; button_gradient_bottom_color_hover=&#8221;&#8221; accent_color=&#8221;&#8221; accent_hover_color=&#8221;&#8221; type=&#8221;&#8221; bevel_color=&#8221;&#8221; border_width=&#8221;&#8221; size=&#8221;large&#8221; stretch=&#8221;default&#8221; shape=&#8221;&#8221; icon=&#8221;&#8221; icon_position=&#8221;left&#8221; icon_divider=&#8221;no&#8221; animation_type=&#8221;&#8221; animation_direction=&#8221;left&#8221; animation_speed=&#8221;0.3&#8243; animation_offset=&#8221;&#8221;]Prezrie\u0165 mo\u017enosti ubytovania[\/fusion_button]<\/p>\n<\/p>\n\n<p>\n<\/p>\n<h2><a href=\"https:\/\/plannervisit.krasno.dev\/o-liptove\/\">U\u017eito\u010dn\u00e9 inform\u00e1cie<\/a><\/h2>\n<p>\n<\/p>\n<p><span>Liptov je n\u00e1dhern\u00fd horsk\u00fd regi\u00f3n na <\/span><strong>severe Slovenska<\/strong><span>. \u0160pecifikom regi\u00f3nu Liptov je <\/span><strong>spojenie h\u00f4r a vody<\/strong>. Ak niekto h\u013ead\u00e1 letn\u00fa dovolenku spojen\u00fa s vodou, tak Liptov je v\u00fdborn\u00e1 vo\u013eba.<\/p>\n<p><span><\/span><strong><a class=\"red\" href=\"https:\/\/plannervisit.krasno.dev\/o-liptove\/\">Zistite viac o regi\u00f3ne Liptov \u2192<\/a><\/strong><\/p>\n<p>\n<p>https:\/\/plannervisit.krasno.dev\/wp-content\/uploads\/2019\/04\/pocasie-1.png<\/p>\n<p>Inform\u00e1cie o aktu\u00e1lnom po\u010das\u00ed<\/p>\n<p><\/p>\n<p>https:\/\/plannervisit.krasno.dev\/wp-content\/uploads\/2019\/04\/lanovka-1.png<\/p>\n<p>Inform\u00e1cie o lanovk\u00e1ch a vlekoch na hor\u00e1ch<\/p>\n<p><\/p>\n<p>https:\/\/plannervisit.krasno.dev\/wp-content\/uploads\/2019\/04\/auto-1.png<\/p>\n<p>Ako sa dosta\u0165 do srdca Liptova<\/p>\n<p><\/p>\n<\/p>\n\n<p>Jmx0O2lmcmFtZSB3aWR0aD0mcXVvdDs1NjAmcXVvdDsgaGVpZ2h0PSZxdW90OzMxNSZxdW90OyBzcmM9JnF1b3Q7aHR0cHM6Ly93d3cueW91dHViZS5jb20vZW1iZWQvNUVSNmJFbm85c2smcXVvdDsgZnJhbWVib3JkZXI9JnF1b3Q7MCZxdW90OyBhbGxvdz0mcXVvdDthdXRvcGxheTsgZW5jcnlwdGVkLW1lZGlhJnF1b3Q7IGFsbG93ZnVsbHNjcmVlbiZndDsmbHQ7L2lmcmFtZSZndDs=\n\n<h2>Pr\u00ed\u010fte za\u017ei\u0165 Liptov na vlastnej ko\u017ei<\/h2>\n<p><span>V regi\u00f3ne Liptov sa nach\u00e1dza cca <\/span><strong>50 turistick\u00fdch chodn\u00edkov<\/strong><span> a zna\u010den\u00fdch tr\u00e1s v celkovej d\u013a\u017eke <\/span><strong>1185 km. Liptov treba za\u017ei\u0165!<\/strong><\/p>\n<p>[fusion_button link=&#8221;https:\/\/plannervisit.krasno.dev\/foto-a-video\/&#8221; title=&#8221;&#8221; target=&#8221;_blank&#8221; alignment=&#8221;left&#8221; modal=&#8221;&#8221; hide_on_mobile=&#8221;small-visibility,medium-visibility,large-visibility&#8221; class=&#8221;&#8221; id=&#8221;&#8221; color=&#8221;red&#8221; button_gradient_top_color=&#8221;&#8221; button_gradient_bottom_color=&#8221;&#8221; button_gradient_top_color_hover=&#8221;&#8221; button_gradient_bottom_color_hover=&#8221;&#8221; accent_color=&#8221;&#8221; accent_hover_color=&#8221;&#8221; type=&#8221;&#8221; bevel_color=&#8221;&#8221; border_width=&#8221;&#8221; size=&#8221;&#8221; stretch=&#8221;default&#8221; shape=&#8221;&#8221; icon=&#8221;&#8221; icon_position=&#8221;left&#8221; icon_divider=&#8221;no&#8221; animation_type=&#8221;&#8221; animation_direction=&#8221;left&#8221; animation_speed=&#8221;0.3&#8243; animation_offset=&#8221;&#8221;]Prezrie\u0165 video a fotogal\u00e9riu[\/fusion_button]<\/p>\n<\/p>\n\n\n<p><a href=\"https:\/\/plannervisit.krasno.dev\/tipy-na-vylety\/\">Tipy na aktivity na Liptove<\/a><\/p>\n<p>W2F0cmFrdGl2aXR5IGlkPSZxdW90Ozk0OTAwLDUyNjk5LDE2MjcwLDI0MDcwJnF1b3Q7XQ==<\/p>\n\n\n<p>\n<h2>#Liptov News<\/h2>\n<p>Najnov\u0161ie vide\u00e1 z regi\u00f3nu Liptov<\/p>\n<p>[fusion_youtube id=&#8221;5ER6bEno9sk&#8221; width=&#8221;&#8221; height=&#8221;&#8221; autoplay=&#8221;false&#8221; api_params=&#8221;&#8221; hide_on_mobile=&#8221;small-visibility,medium-visibility,large-visibility&#8221; class=&#8221;&#8221; \/]<\/p>\n<p>[fusion_youtube id=&#8221;ox-8gQGRN4w&#8221; width=&#8221;&#8221; height=&#8221;&#8221; autoplay=&#8221;false&#8221; api_params=&#8221;&#8221; hide_on_mobile=&#8221;small-visibility,medium-visibility,large-visibility&#8221; class=&#8221;&#8221; \/]<\/p>\n<p>[fusion_youtube id=&#8221;ox-8gQGRN4w&#8221; width=&#8221;&#8221; height=&#8221;&#8221; autoplay=&#8221;false&#8221; api_params=&#8221;&#8221; hide_on_mobile=&#8221;small-visibility,medium-visibility,large-visibility&#8221; class=&#8221;&#8221; \/][fusion_youtube id=&#8221;o65kjcfHHFI&#8221; width=&#8221;&#8221; height=&#8221;&#8221; autoplay=&#8221;false&#8221; api_params=&#8221;&#8221; hide_on_mobile=&#8221;small-visibility,medium-visibility,large-visibility&#8221; class=&#8221;&#8221; \/]<\/p>\n<\/p>\n\n<\/p>\n","protected":false},"excerpt":{"rendered":"","protected":false},"author":1,"featured_media":0,"parent":0,"menu_order":0,"comment_status":"open","ping_status":"open","template":"","meta":{"_acf_changed":false,"inline_featured_image":false,"episode_type":"","audio_file":"","cover_image":"","cover_image_id":"","duration":"","filesize":"","date_recorded":"","explicit":"","block":"","filesize_raw":"","footnotes":""},"class_list":["post-84852","page","type-page","status-publish","hentry"],"acf":[],"_links":{"self":[{"href":"https:\/\/plannervisit.krasno.dev\/en\/wp-json\/wp\/v2\/pages\/84852"}],"collection":[{"href":"https:\/\/plannervisit.krasno.dev\/en\/wp-json\/wp\/v2\/pages"}],"about":[{"href":"https:\/\/plannervisit.krasno.dev\/en\/wp-json\/wp\/v2\/types\/page"}],"author":[{"embeddable":true,"href":"https:\/\/plannervisit.krasno.dev\/en\/wp-json\/wp\/v2\/users\/1"}],"replies":[{"embeddable":true,"href":"https:\/\/plannervisit.krasno.dev\/en\/wp-json\/wp\/v2\/comments?post=84852"}],"version-history":[{"count":0,"href":"https:\/\/plannervisit.krasno.dev\/en\/wp-json\/wp\/v2\/pages\/84852\/revisions"}],"wp:attachment":[{"href":"https:\/\/plannervisit.krasno.dev\/en\/wp-json\/wp\/v2\/media?parent=84852"}],"curies":[{"name":"wp","href":"https:\/\/api.w.org\/{rel}","templated":true}]}}