{"id":84861,"date":"2019-03-01T00:00:00","date_gmt":"2019-02-28T23:00:00","guid":{"rendered":"https:\/\/www.visitliptov.sk\/your-card\/contacts\/"},"modified":"2021-01-05T12:22:41","modified_gmt":"2021-01-05T11:22:41","slug":"contacts","status":"publish","type":"page","link":"https:\/\/plannervisit.krasno.dev\/en\/your-card\/contacts\/","title":{"rendered":"Contacts"},"content":{"rendered":"<p><\/p>\n<h2 style=\"text-align: center\">REGION LIPTOV &#8211; Regional organization of tourism<\/h2>\n<h2 style=\"text-align: center\">&amp;<\/h2>\n<h2 style=\"text-align: center\">KLASTER LIPTOV &#8211; Tourism Association<\/h2>\n<p style=\"text-align: left\">\u0160t\u00farova 1989\/41<br \/>\n031 42 Liptovsk\u00fd Mikul\u00e1\u0161 , Slovakia<\/p>\n<p style=\"text-align: left\">tel.: +421 44 55 65 401, +421 915 888 014<br \/>\ne-mail: info@visitliptov.sk<\/p>\n<hr \/>\n<h2 style=\"text-align: left\">CENTRAL ACCOMMODATION RESERVATION SYSTEM<\/h2>\n<p style=\"text-align: left\">tel.: +421 44 55 65 402, +421 917 432 212<br \/>\ne-mail:cizova@visitliptov.sk<\/p>\n<hr \/>\n<h2 style=\"text-align: left\">LIPTOV REGION CARD \u2013 regional discount card<a href=\"\/?page_id=11873\" target=\"_blank\" rel=\"noopener\"><img loading=\"lazy\" decoding=\"async\" class=\"wp-image-12010 alignright\" src=\"https:\/\/plannervisit.krasno.dev\/wp-content\/uploads\/2019\/04\/karta_doplnene_rohy_4.jpg\" alt=\"liptov region card\" width=\"110\" height=\"70\" \/><\/a><\/h2>\n<p>tel.: +421 915 888 014<br \/>\ne-mail: info@visitliptov.sk<\/p>\n<h2 style=\"text-align: left\"><\/h2>\n<hr \/>\n<h2 style=\"text-align: left\">ECONOMICS AND ACCOUNTING<\/h2>\n<p style=\"text-align: left\"><strong>Sl\u00e1vka Bu\u0161ov\u00e1<\/strong><\/p>\n<p style=\"text-align: left\">tel.: \u00a0+421 918 \u00a0436 158<br \/>\ne-mail: busova@visitliptov.sk<\/p>\n<hr \/>\n<h2>GDPR Contact person<\/h2>\n<p>Stanislava Rysulov\u00e1<\/p>\n<p>tel: +421 948 099 212<br \/>\ne-mail: dpo4@proenergy.sk\n<\/p>\n<hr \/>\n<h2 style=\"text-align: left\">Opening hours<\/h2>\n<table width=\"427\">\n<tbody>\n<tr>\n<td width=\"180\">Monday &#8211; Thursday:<\/td>\n<td width=\"119\">09:00 \u2013 11:30<\/td>\n<td colspan=\"2\" width=\"128\">12:30 \u2013 16:00<\/td>\n<\/tr>\n<tr>\n<td width=\"180\">Friday:<\/td>\n<td>09:00 \u2013 11:30<\/td>\n<td colspan=\"2\">12:30 \u2013 15:00<\/td>\n<\/tr>\n<\/tbody>\n<\/table>\n<hr \/>\n<p style=\"text-align: left\">\n<h2><strong>Billing information:<\/strong><\/h2>\n<p style=\"text-align: left\"><strong>REGION LIPTOV &#8211; Regional tourist organization<\/strong><\/p>\n<p style=\"text-align: left\">\u0160t\u00farova 1989\/41<br \/>\n031 42 Liptovsk\u00fd Mikul\u00e1\u0161, Slovensko<\/p>\n<p>I\u010cO: 42219906<br \/>\nDI\u010c: 2023486069<br \/>\nI\u010c DPH: SK2023486069<\/p>\n<p>The project is implemented with the financial support of the Ministry of Transport and Construction of the Slovak Republic.<\/p>\n<hr \/>\n<p style=\"text-align: left\"><strong>KLASTER LIPTOV &#8211; Tourism Association<\/strong><\/p>\n<p>\u0160t\u00farova 1989\/41<br \/>\n031 42 Liptovsk\u00fd Mikul\u00e1\u0161, Slovensko<\/p>\n<p>I\u010cO: 42168724<br \/>\nDI\u010c: 2022663060<br \/>\nI\u010c DPH: SK2022663060<\/p>\n<p>\n<\/p>\n\n\n","protected":false},"excerpt":{"rendered":"","protected":false},"author":1,"featured_media":84389,"parent":84536,"menu_order":0,"comment_status":"open","ping_status":"open","template":"","meta":{"_acf_changed":false,"inline_featured_image":false,"episode_type":"","audio_file":"","cover_image":"","cover_image_id":"","duration":"","filesize":"","date_recorded":"","explicit":"","block":"","filesize_raw":"","footnotes":""},"class_list":["post-84861","page","type-page","status-publish","has-post-thumbnail","hentry"],"acf":[],"_links":{"self":[{"href":"https:\/\/plannervisit.krasno.dev\/en\/wp-json\/wp\/v2\/pages\/84861"}],"collection":[{"href":"https:\/\/plannervisit.krasno.dev\/en\/wp-json\/wp\/v2\/pages"}],"about":[{"href":"https:\/\/plannervisit.krasno.dev\/en\/wp-json\/wp\/v2\/types\/page"}],"author":[{"embeddable":true,"href":"https:\/\/plannervisit.krasno.dev\/en\/wp-json\/wp\/v2\/users\/1"}],"replies":[{"embeddable":true,"href":"https:\/\/plannervisit.krasno.dev\/en\/wp-json\/wp\/v2\/comments?post=84861"}],"version-history":[{"count":0,"href":"https:\/\/plannervisit.krasno.dev\/en\/wp-json\/wp\/v2\/pages\/84861\/revisions"}],"up":[{"embeddable":true,"href":"https:\/\/plannervisit.krasno.dev\/en\/wp-json\/wp\/v2\/pages\/84536"}],"wp:featuredmedia":[{"embeddable":true,"href":"https:\/\/plannervisit.krasno.dev\/en\/wp-json\/wp\/v2\/media\/84389"}],"wp:attachment":[{"href":"https:\/\/plannervisit.krasno.dev\/en\/wp-json\/wp\/v2\/media?parent=84861"}],"curies":[{"name":"wp","href":"https:\/\/api.w.org\/{rel}","templated":true}]}}