{"id":91980,"date":"2019-03-21T13:16:31","date_gmt":"2019-03-21T12:16:31","guid":{"rendered":"https:\/\/www.visitliptov.sk\/liptov-region-card\/zlavy-s-liptov-region-card\/"},"modified":"2023-08-16T09:21:31","modified_gmt":"2023-08-16T07:21:31","slug":"discounts-with-liptov-region-card","status":"publish","type":"page","link":"https:\/\/plannervisit.krasno.dev\/en\/liptov-region-card\/discounts-with-liptov-region-card\/","title":{"rendered":"Discounts with Liptov Region Card"},"content":{"rendered":"\n<div class=\"wp-block-cover alignfull is-light mt-0\" style=\"min-height:500px;aspect-ratio:unset;\"><span aria-hidden=\"true\" class=\"wp-block-cover__background has-background-dim-20 has-background-dim\"><\/span><video class=\"wp-block-cover__video-background intrinsic-ignore\" autoplay muted loop playsinline src=\"https:\/\/plannervisit.krasno.dev\/wp-content\/uploads\/2022\/05\/Liptov-region-card-_produktove-video_vyuzivanie-LRCzliav.mp4\" data-object-fit=\"cover\"><\/video><div class=\"wp-block-cover__inner-container is-layout-flow wp-block-cover-is-layout-flow\">\n<p class=\"has-text-align-center has-white-color has-text-color has-large-font-size\"><strong>LIPTOV REGION CARD<\/strong><\/p>\n\n\n\n<p class=\"has-text-align-center has-white-color has-text-color\" style=\"font-size:25px\"><strong>Discounts with Liptov Region Card<\/strong><\/p>\n<\/div><\/div>\n\n\n\r\n<div id=\"contact-block_b5d93e59428126189e028ba8b0409503\" class=\"blog-cats\">\r\n        <div class=\"facetwp-radio\">\r\n        <a href=\"https:\/\/plannervisit.krasno.dev\/en\/liptov-region-card\/\">\r\n        ABOUT THE CARD        <\/a>\r\n      <\/div>\r\n            <div class=\"facetwp-radio\">\r\n        <a href=\"https:\/\/plannervisit.krasno.dev\/en\/liptov-region-card\/how-to-get-a-liptov-region-card\/\">\r\n        HOW TO OBTAIN?        <\/a>\r\n      <\/div>\r\n            <div class=\"facetwp-radio\">\r\n        <a href=\"https:\/\/plannervisit.krasno.dev\/en\/liptov-region-card\/discounts-with-liptov-region-card\/\">\r\n        DISCOUNTS        <\/a>\r\n      <\/div>\r\n            <div class=\"facetwp-radio\">\r\n        <a href=\"https:\/\/plannervisit.krasno.dev\/en\/liptov-region-card\/faq\/\">\r\n        FAQ        <\/a>\r\n      <\/div>\r\n            <div class=\"facetwp-radio\">\r\n        <a href=\"https:\/\/plannervisit.krasno.dev\/wp-content\/uploads\/2023\/05\/vop-aj.pdf\">\r\n        GENERAL TERMS AND CONDITIONS        <\/a>\r\n      <\/div>\r\n      <\/div>\r\n\n\n\n<div class=\"wp-block-senff-sticky-block\" data-topspace=\"0\" data-cfa=\"true\" data-minwidth=\"0\" data-maxwidth=\"99999\" data-pushup=\"\" data-zindex=\"1\"><\/div>\n\n\n\n<h2 class=\"wp-block-heading has-text-align-center\">Choose a discount by category:<\/h2>\n\n\n    <script>\n        \/*(function($) {\n            $(document).on('facetwp-loaded', function() { \/\/ on each refresh\n\n                $('.facetwp-facet-lrc_category_radio .facetwp-radio').each(function() { \/\/ foreach \"style\" checkbox option\n                    var val = $(this).attr('data-value'); \/\/ grab its \"data-value\" attribute\n\n                    $(this).prepend('<img loading=\"lazy\" decoding=\"async\" width=\"56\" height=\"40\" src=\"\/wp-content\/themes\/ns\/img\/lrc-filter\/' + val + '.svg\" \/>'); \/\/ replace checkbox content with the image\n                });\n            });\n        })(jQuery);*\/\n    <\/script>\n    <div class=\"ns-events lrc-discout-filters\">\n        <div class=\"ns-events-filter-toggle\">\n            <div class=\"btn ns-events-filter-btn\">\n\t\t\t\tFilter            <\/div>\n\t\t    <div class=\"facetwp-sort\"><\/div>        <\/div>\n        <div class=\"events-filter sidebar\">\n            <div class=\"close-btn\"><\/div>\n\n\t        <div class=\"facetwp-facet facetwp-facet-lrc_category_radio facetwp-type-radio\" data-name=\"lrc_category_radio\" data-type=\"radio\"><\/div>\n\t        \n\t        \n            <div class=\"filters-sorting\">\n                <div class=\"label\">Sort by:<\/div>\n\t            <div class=\"facetwp-sort\"><\/div>            <\/div>\n\n\n\n\t                <\/div>\n\n        <div class=\"blog-content\">\n\t\t\t<div class=\"facetwp-template\" data-name=\"lrc_sales_v2\"><a class=\"list-item test\" href=\"https:\/\/plannervisit.krasno.dev\/en\/interests\/3d-multikino-golden-apple-cinema\/\">\n\t    <div class=\"thumb\"\n         style=\"background-image:url('https:\/\/plannervisit.krasno.dev\/wp-content\/uploads\/2018\/11\/golden-apple-cinema-liptovsky-mikulas-1_zmens-600x338.jpg')\">\n\t\t        <span class=\"favorite-btn  js_favorite-inline-ajax\"\r\n              data-id=\"38428\"\r\n\t\t>&hearts;<\/span>\r\n\t\n        \t                <span class=\"label_discount\">\n                                            <span class=\"card-liptov\"><\/span>\n                    \t\t\t    <span class=\"discount-text\">1,30\u20ac discount<\/span>                <\/span>\n\t    \n\t    \n\n\t\t\t\t    <\/div>\n\n    <div class=\"item-meta\">\n        <div class=\"item-title\">\n\t\t\tMultikino Golden Apple Cinema        <\/div>\n\n\t\t<div class=\"item-loc icon-marker a\">Liptovsk\u00fd Mikul\u00e1\u0161<\/div>    <\/div>\n<\/a>\n<a class=\"list-item test\" href=\"https:\/\/plannervisit.krasno.dev\/en\/interests\/adventure-golf-and-outdoor-activities-liptovsky-mikulas\/\">\n\t    <div class=\"thumb\"\n         style=\"background-image:url('https:\/\/plannervisit.krasno.dev\/wp-content\/uploads\/2019\/03\/splav-rieky-Vah3-600x450.jpg')\">\n\t\t        <span class=\"favorite-btn  js_favorite-inline-ajax\"\r\n              data-id=\"38978\"\r\n\t\t>&hearts;<\/span>\r\n\t\n        \t                <span class=\"label_discount\">\n                                            <span class=\"card-liptov\"><\/span>\n                    \t\t\t    <span class=\"discount-text\">20% Off<\/span>                <\/span>\n\t    \n\t    \n\n\t\t\t\t    <\/div>\n\n    <div class=\"item-meta\">\n        <div class=\"item-title\">\n\t\t\tAdventure golf &#038; outdoor activities        <\/div>\n\n\t\t<div class=\"item-loc icon-marker a\">Liptovsk\u00fd Mikul\u00e1\u0161<\/div>    <\/div>\n<\/a>\n<a class=\"list-item test\" href=\"https:\/\/plannervisit.krasno.dev\/en\/interests\/besenova-waterpark\/\">\n\t    <div class=\"thumb\"\n         style=\"background-image:url('https:\/\/plannervisit.krasno.dev\/wp-content\/uploads\/2022\/01\/2023_besenova-mix-foto-leto-10-600x400.jpg')\">\n\t\t        <span class=\"favorite-btn  js_favorite-inline-ajax\"\r\n              data-id=\"37203\"\r\n\t\t>&hearts;<\/span>\r\n\t\n        \t                <span class=\"label_discount\">\n                                            <span class=\"card-liptov\"><\/span>\n                    \t\t\t    <span class=\"discount-text\">10% discount<\/span>                <\/span>\n\t    \n\t    \n\n\t\t            <span class=\"label_is-top\"><i\n                        class=\"g-icon-white g-icon-white_star\"><\/i>\n                    We chose for you                <\/span>\n\t\t\t\t    <\/div>\n\n    <div class=\"item-meta\">\n        <div class=\"item-title\">\n\t\t\tWater park BE\u0160E\u0147OV\u00c1        <\/div>\n\n\t\t<div class=\"item-loc icon-marker a\">Be\u0161e\u0148ov\u00e1<\/div>    <\/div>\n<\/a>\n<a class=\"list-item test\" href=\"https:\/\/plannervisit.krasno.dev\/en\/interests\/exposition-about-the-sentivan-family\/\">\n\t    <div class=\"thumb\"\n         style=\"background-image:url('https:\/\/plannervisit.krasno.dev\/wp-content\/uploads\/2020\/02\/LIPT.-JAN_expozicia-szentivany_zima-2024_Kikinder_low_037-600x400.jpg')\">\n\t\t        <span class=\"favorite-btn  js_favorite-inline-ajax\"\r\n              data-id=\"129270\"\r\n\t\t>&hearts;<\/span>\r\n\t\n        \t                <span class=\"label_discount\">\n                                            <span class=\"card-liptov\"><\/span>\n                    \t\t\t    <span class=\"discount-text\">2+1 discount<\/span>                <\/span>\n\t    \n\t    \n\n\t\t\t\t    <\/div>\n\n    <div class=\"item-meta\">\n        <div class=\"item-title\">\n\t\t\tExhibition about the Sentivani family        <\/div>\n\n\t\t<div class=\"item-loc icon-marker a\">Liptovsk\u00fd J\u00e1n<\/div>    <\/div>\n<\/a>\n<a class=\"list-item test\" href=\"https:\/\/plannervisit.krasno.dev\/en\/interests\/farma-vychodna\/\">\n\t    <div class=\"thumb\"\n         style=\"background-image:url('https:\/\/plannervisit.krasno.dev\/wp-content\/uploads\/2019\/04\/farmvychodna06-e1520246479991-600x449.jpg')\">\n\t\t        <span class=\"favorite-btn  js_favorite-inline-ajax\"\r\n              data-id=\"42601\"\r\n\t\t>&hearts;<\/span>\r\n\t\n        \t                <span class=\"label_discount\">\n                                            <span class=\"card-liptov\"><\/span>\n                    \t\t\t    <span class=\"discount-text\">25% discount <\/span>                <\/span>\n\t    \n\t    \n\n\t\t            <span class=\"label_is-top\"><i\n                        class=\"g-icon-white g-icon-white_star\"><\/i>\n                    We chose for you                <\/span>\n\t\t\t\t    <\/div>\n\n    <div class=\"item-meta\">\n        <div class=\"item-title\">\n\t\t\tV\u00fdchodn\u00e1 Farm        <\/div>\n\n\t\t<div class=\"item-loc icon-marker a\">V\u00fdchodn\u00e1<\/div>    <\/div>\n<\/a>\n<a class=\"list-item test\" href=\"https:\/\/plannervisit.krasno.dev\/en\/interests\/jl-arena-winter-stadion-ice-ring\/\">\n\t    <div class=\"thumb\"\n         style=\"background-image:url('https:\/\/plannervisit.krasno.dev\/wp-content\/uploads\/2019\/03\/27_str.33_JLar\u00e9na_diev\u010datko-600x338.jpg')\">\n\t\t        <span class=\"favorite-btn  js_favorite-inline-ajax\"\r\n              data-id=\"43297\"\r\n\t\t>&hearts;<\/span>\r\n\t\n        \t                <span class=\"label_discount\">\n                                            <span class=\"card-liptov\"><\/span>\n                    \t\t\t    <span class=\"discount-text\">10% discount<\/span>                <\/span>\n\t    \n\t    \n\n\t\t\t\t    <\/div>\n\n    <div class=\"item-meta\">\n        <div class=\"item-title\">\n\t\t\tJL arena &#8211; ice ring, winter stadium        <\/div>\n\n\t\t<div class=\"item-loc icon-marker a\">Liptovsk\u00fd Mikul\u00e1\u0161<\/div>    <\/div>\n<\/a>\n<a class=\"list-item test\" href=\"https:\/\/plannervisit.krasno.dev\/en\/interests\/ski-ninaj-rent-service-shop\/\">\n\t    <div class=\"thumb\"\n         style=\"background-image:url('https:\/\/plannervisit.krasno.dev\/wp-content\/uploads\/2020\/01\/ski-ninaj-600x577.jpg')\">\n\t\t        <span class=\"favorite-btn  js_favorite-inline-ajax\"\r\n              data-id=\"39854\"\r\n\t\t>&hearts;<\/span>\r\n\t\n        \t                <span class=\"label_discount\">\n                                            <span class=\"card-liptov\"><\/span>\n                    \t\t\t    <span class=\"discount-text\">15% discount<\/span>                <\/span>\n\t    \n\t    \n\n\t\t\t\t    <\/div>\n\n    <div class=\"item-meta\">\n        <div class=\"item-title\">\n\t\t\tSKI Ni\u0148aj &#8211; rent, service, shop        <\/div>\n\n\t\t<div class=\"item-loc icon-marker a\">Liptovsk\u00fd Mikul\u00e1\u0161<\/div>    <\/div>\n<\/a>\n<a class=\"list-item test\" href=\"https:\/\/plannervisit.krasno.dev\/en\/interests\/the-exposition-liptovsky-jan-village-during-the-time\/\">\n\t    <div class=\"thumb\"\n         style=\"background-image:url('https:\/\/plannervisit.krasno.dev\/wp-content\/uploads\/2023\/07\/liptovsky-jan-v-case-small-0003-600x429.jpg')\">\n\t\t        <span class=\"favorite-btn  js_favorite-inline-ajax\"\r\n              data-id=\"540851\"\r\n\t\t>&hearts;<\/span>\r\n\t\n        \t                <span class=\"label_discount\">\n                                            <span class=\"card-liptov\"><\/span>\n                    \t\t\t    <span class=\"discount-text\">2+1 free<\/span>                <\/span>\n\t    \n\t    \n\n\t\t\t\t    <\/div>\n\n    <div class=\"item-meta\">\n        <div class=\"item-title\">\n\t\t\tThe exposition &#8220;Village during the time&#8221;        <\/div>\n\n\t\t<div class=\"item-loc icon-marker a\">Liptovsk\u00fd J\u00e1n<\/div>    <\/div>\n<\/a>\n<a class=\"list-item test\" href=\"https:\/\/plannervisit.krasno.dev\/en\/interests\/aquapark-tatralandia\/\">\n\t    <div class=\"thumb\"\n         style=\"background-image:url('https:\/\/plannervisit.krasno.dev\/wp-content\/uploads\/2024\/08\/turistika-leto-imidzova-foto-2-600x338.jpg')\">\n\t\t        <span class=\"favorite-btn  js_favorite-inline-ajax\"\r\n              data-id=\"36603\"\r\n\t\t>&hearts;<\/span>\r\n\t\n        \t                <span class=\"label_discount\">\n                                            <span class=\"card-liptov\"><\/span>\n                    \t\t\t    <span class=\"discount-text\">5% discount<\/span>                <\/span>\n\t    \n\t    \n\n\t\t            <span class=\"label_is-top\"><i\n                        class=\"g-icon-white g-icon-white_star\"><\/i>\n                    We chose for you                <\/span>\n\t\t\t\t    <\/div>\n\n    <div class=\"item-meta\">\n        <div class=\"item-title\">\n\t\t\tAquapark Tatralandia        <\/div>\n\n\t\t<div class=\"item-loc icon-marker a\">Liptovsk\u00fd Mikul\u00e1\u0161<\/div>    <\/div>\n<\/a>\n<a class=\"list-item test\" href=\"https:\/\/plannervisit.krasno.dev\/en\/interests\/our-heritage-permanent-exhibition-liptovsky-jan\/\">\n\t    <div class=\"thumb\"\n         style=\"background-image:url('https:\/\/plannervisit.krasno.dev\/wp-content\/uploads\/2019\/03\/naseDedicstvo01-600x450.jpg')\">\n\t\t        <span class=\"favorite-btn  js_favorite-inline-ajax\"\r\n              data-id=\"38325\"\r\n\t\t>&hearts;<\/span>\r\n\t\n        \t                <span class=\"label_discount\">\n                                            <span class=\"card-liptov\"><\/span>\n                    \t\t\t    <span class=\"discount-text\">100% discount<\/span>                <\/span>\n\t    \n\t    \n\n\t\t\t\t    <\/div>\n\n    <div class=\"item-meta\">\n        <div class=\"item-title\">\n\t\t\tExhibition &#8220;Our heritage&#8221;        <\/div>\n\n\t\t<div class=\"item-loc icon-marker a\">Liptovsk\u00fd J\u00e1n<\/div>    <\/div>\n<\/a>\n<a class=\"list-item test\" href=\"https:\/\/plannervisit.krasno.dev\/en\/interests\/aqua-vital-park-lucky-spa\/\">\n\t    <div class=\"thumb\"\n         style=\"background-image:url('https:\/\/plannervisit.krasno.dev\/wp-content\/uploads\/2022\/05\/c-Marek-Hajkovsky-foto-KUPELE-LUCKY-ext-leto-2022_140-mens-600x313.jpg')\">\n\t\t        <span class=\"favorite-btn  js_favorite-inline-ajax\"\r\n              data-id=\"150334\"\r\n\t\t>&hearts;<\/span>\r\n\t\n        \t                <span class=\"label_discount\">\n                                            <span class=\"card-liptov\"><\/span>\n                    \t\t\t    <span class=\"discount-text\">10% discount<\/span>                <\/span>\n\t    \n\t    \n\n\t\t            <span class=\"label_is-top\"><i\n                        class=\"g-icon-white g-icon-white_star\"><\/i>\n                    We chose for you                <\/span>\n\t\t\t\t    <\/div>\n\n    <div class=\"item-meta\">\n        <div class=\"item-title\">\n\t\t\tAQUA-VITAL Park        <\/div>\n\n\t\t<div class=\"item-loc icon-marker a\">L\u00fa\u010dky<\/div>    <\/div>\n<\/a>\n<a class=\"list-item test\" href=\"https:\/\/plannervisit.krasno.dev\/en\/interests\/brewery-liptovar\/\">\n\t    <div class=\"thumb\"\n         style=\"background-image:url('https:\/\/plannervisit.krasno.dev\/wp-content\/uploads\/2018\/05\/2023_Liptovar-promo-foto-7small_-600x400.jpg')\">\n\t\t        <span class=\"favorite-btn  js_favorite-inline-ajax\"\r\n              data-id=\"41006\"\r\n\t\t>&hearts;<\/span>\r\n\t\n        \t                <span class=\"label_discount\">\n                                            <span class=\"card-liptov\"><\/span>\n                    \t\t\t    <span class=\"discount-text\">10% discount <\/span>                <\/span>\n\t    \n\t    \n\n\t\t            <span class=\"label_is-top\"><i\n                        class=\"g-icon-white g-icon-white_star\"><\/i>\n                    We chose for you                <\/span>\n\t\t\t\t    <\/div>\n\n    <div class=\"item-meta\">\n        <div class=\"item-title\">\n\t\t\tBrewery Liptovar &#8211; craft brewery and restaurant        <\/div>\n\n\t\t<div class=\"item-loc icon-marker a\">Liptovsk\u00fd Mikul\u00e1\u0161<\/div>    <\/div>\n<\/a>\n<a class=\"list-item test\" href=\"https:\/\/plannervisit.krasno.dev\/en\/interests\/demanova-rezort-wellness-massage-centrum\/\">\n\t    <div class=\"thumb\"\n         style=\"background-image:url('https:\/\/plannervisit.krasno.dev\/wp-content\/uploads\/2019\/10\/Demanova-rezort-wellness_foto-do-brozury-600x400.jpg')\">\n\t\t        <span class=\"favorite-btn  js_favorite-inline-ajax\"\r\n              data-id=\"106767\"\r\n\t\t>&hearts;<\/span>\r\n\t\n        \t                <span class=\"label_discount\">\n                                            <span class=\"card-liptov\"><\/span>\n                    \t\t\t    <span class=\"discount-text\">10% discount<\/span>                <\/span>\n\t    \n\t    \n\n\t\t\t\t    <\/div>\n\n    <div class=\"item-meta\">\n        <div class=\"item-title\">\n\t\t\tWellness &#038; massage centrum        <\/div>\n\n\t\t<div class=\"item-loc icon-marker a\">Liptovsk\u00fd Mikul\u00e1\u0161<\/div>    <\/div>\n<\/a>\n<a class=\"list-item test\" href=\"https:\/\/plannervisit.krasno.dev\/en\/interests\/gothal-liptovska-osada-2\/\">\n\t    <div class=\"thumb\"\n         style=\"background-image:url('https:\/\/plannervisit.krasno.dev\/wp-content\/uploads\/2021\/05\/Gothal-fitko_foto-400x600.jpg')\">\n\t\t        <span class=\"favorite-btn  js_favorite-inline-ajax\"\r\n              data-id=\"143605\"\r\n\t\t>&hearts;<\/span>\r\n\t\n        \t                <span class=\"label_discount\">\n                                            <span class=\"card-liptov\"><\/span>\n                    \t\t\t    <span class=\"discount-text\">10% discount<\/span>                <\/span>\n\t    \n\t    \n\n\t\t\t\t    <\/div>\n\n    <div class=\"item-meta\">\n        <div class=\"item-title\">\n\t\t\tGOTHAL multifunctional complex        <\/div>\n\n\t\t<div class=\"item-loc icon-marker a\">Other locations<\/div>    <\/div>\n<\/a>\n<a class=\"list-item test\" href=\"https:\/\/plannervisit.krasno.dev\/en\/interests\/gothal-liptovska-osada-water-world\/\">\n\t    <div class=\"thumb\"\n         style=\"background-image:url('https:\/\/plannervisit.krasno.dev\/wp-content\/uploads\/2019\/04\/gothal-2-600x400.jpg')\">\n\t\t        <span class=\"favorite-btn  js_favorite-inline-ajax\"\r\n              data-id=\"128698\"\r\n\t\t>&hearts;<\/span>\r\n\t\n        \t                <span class=\"label_discount\">\n                                            <span class=\"card-liptov\"><\/span>\n                    \t\t\t    <span class=\"discount-text\">10% discount<\/span>                <\/span>\n\t    \n\t    \n\n\t\t\t\t    <\/div>\n\n    <div class=\"item-meta\">\n        <div class=\"item-title\">\n\t\t\tWater World GOTHAL        <\/div>\n\n\t\t<div class=\"item-loc icon-marker a\">Liptovsk\u00e1 Osada<\/div>    <\/div>\n<\/a>\n<\/div>\t\t\t<div class=\"facetwp-pager\"><\/div>        <\/div>\n\n\n    <\/div>\n\t\n","protected":false},"excerpt":{"rendered":"<p>Choose a discount by category:<\/p>\n","protected":false},"author":5,"featured_media":138847,"parent":30204,"menu_order":0,"comment_status":"closed","ping_status":"closed","template":"page_no-title.php","meta":{"_acf_changed":false,"inline_featured_image":false,"episode_type":"","audio_file":"","cover_image":"","cover_image_id":"","duration":"","filesize":"","date_recorded":"","explicit":"","block":"","filesize_raw":"","footnotes":""},"class_list":["post-91980","page","type-page","status-publish","has-post-thumbnail","hentry"],"acf":[],"_links":{"self":[{"href":"https:\/\/plannervisit.krasno.dev\/en\/wp-json\/wp\/v2\/pages\/91980"}],"collection":[{"href":"https:\/\/plannervisit.krasno.dev\/en\/wp-json\/wp\/v2\/pages"}],"about":[{"href":"https:\/\/plannervisit.krasno.dev\/en\/wp-json\/wp\/v2\/types\/page"}],"author":[{"embeddable":true,"href":"https:\/\/plannervisit.krasno.dev\/en\/wp-json\/wp\/v2\/users\/5"}],"replies":[{"embeddable":true,"href":"https:\/\/plannervisit.krasno.dev\/en\/wp-json\/wp\/v2\/comments?post=91980"}],"version-history":[{"count":0,"href":"https:\/\/plannervisit.krasno.dev\/en\/wp-json\/wp\/v2\/pages\/91980\/revisions"}],"up":[{"embeddable":true,"href":"https:\/\/plannervisit.krasno.dev\/en\/wp-json\/wp\/v2\/pages\/30204"}],"wp:featuredmedia":[{"embeddable":true,"href":"https:\/\/plannervisit.krasno.dev\/en\/wp-json\/wp\/v2\/media\/138847"}],"wp:attachment":[{"href":"https:\/\/plannervisit.krasno.dev\/en\/wp-json\/wp\/v2\/media?parent=91980"}],"curies":[{"name":"wp","href":"https:\/\/api.w.org\/{rel}","templated":true}]}}