{"id":92227,"date":"2019-02-11T11:16:41","date_gmt":"2019-02-11T10:16:41","guid":{"rendered":"https:\/\/www.visitliptov.sk\/about-liptov\/tatry-magazin\/"},"modified":"2022-12-07T08:57:40","modified_gmt":"2022-12-07T07:57:40","slug":"tatras-magazine","status":"publish","type":"page","link":"https:\/\/plannervisit.krasno.dev\/en\/about-liptov\/tatras-magazine\/","title":{"rendered":"Tatras magazine"},"content":{"rendered":"\n<div class=\"wp-block-columns is-layout-flex wp-container-core-columns-is-layout-1 wp-block-columns-is-layout-flex\">\n<div class=\"wp-block-column is-layout-flow wp-block-column-is-layout-flow\">\n<p><span><\/span><strong>The only lifestyle magazine in the Tatra Mountains\u2026<\/strong><\/p>\n\n\n\n<p>The TATRA MAGAZINE website shows visitors, tourists and holidaymakers that we have wonderful places in Slovakia, where their high level of experience, relaxation, entertainment and enjoyment of beauty and tastes can be enjoyed by all the senses.<\/p>\n<\/div>\n\n\n\n<div class=\"wp-block-column is-layout-flow wp-block-column-is-layout-flow\">\n<figure class=\"wp-block-embed is-type-video is-provider-youtube wp-block-embed-youtube wp-embed-aspect-16-9 wp-has-aspect-ratio\"><div class=\"wp-block-embed__wrapper\">\n<iframe loading=\"lazy\" title=\"Cena pre Tatry Magazin\" width=\"500\" height=\"281\" src=\"https:\/\/www.youtube.com\/embed\/lKLXvD8y7fU?feature=oembed\" frameborder=\"0\" allow=\"accelerometer; autoplay; clipboard-write; encrypted-media; gyroscope; picture-in-picture; web-share\" referrerpolicy=\"strict-origin-when-cross-origin\" allowfullscreen><\/iframe>\n<\/div><\/figure>\n<div class=\"cookieconsent-optout-marketing\">Please, to view the video,  <a href=\"javascript:Cookiebot.renew()\">accept marketing cookies.<\/a> <\/div><\/div>\n<\/div>\n\n\n\n<p><span>Tatry Magazine is created thanks to the <\/span><strong>cooperation of individual Regional Tourism Organizations <\/strong>in the Tatras. Regional Tourism Organization Liptov Region, Regional Tourism Organization Region High Tatras, Regional Tourism Organization Low Tatras South, Progrup Agency and the largest operator of tourism services in the High Tatras, Liptov and the southern side of Chopok Tatry mountain resorts.<br><\/p>\n\n\n<div class=\"read-more\">\r\n\t\t\t\t<\/p>\n\n\n\n<p>It is published twice a year in the summer and winter season, which belong to the main seasons in the regions. The aim of the MAGAZINE TATRA is to support the image of the Tatras, to present them as a place where it is worth spending time, where it is worth vacationing. Its ambition is not only to curl, but also to educate and offer the reader on the wider area the best that is hidden not only under the Tatras&#8217; shields but also within them. Magazine pages show visitors that we have wonderful places in Slovakia, that we can provide experience, relax, fun and enjoyment of beauty and taste.<br>Well-known personalities such as Jean-Claude Van Damme, Janica Kostelic, Mikaela Shiffrin, Dominik Hasek, Daniela Hantuchova, J\u00falius \u0160upler, Miroslav Laj\u010d\u00e1k and a native of the Tatras and President of the Slovak Republic Mr. Andrej Kiska have already appeared on the magazine&#8217;s website.<br>A holidaymaker, tourist or visitor will find a magazine in places where you can browse and read it &#8211; hotel rooms, halls, cafes, lobby bars, wellness, aqapara\u2026<\/p>\n\n\n\n<p><span>The magazine is available for <\/span><strong>FREE <\/strong>in tourism facilities. MAGAZINE TATRAS &#8211; this is 120 pages of eye-catching lifestyle reading with attractive graphics in high-quality design.<\/p>\n\n\n\n<p>TATRY MAGAZINE is the winner of the INNOVATION IN TRAVEL HANDLE from the Ministry of Transport and Construction of the Slovak Republic, has repeatedly won the competition for the best BUSINESS MEDIA OF THE YEAR in its category and has also won the whole media contest and the professional public awarded it the GRAND PRIX prize.<\/p>\n\n\n\n<p><span><\/span><strong>Contacts<\/strong>:<br> &nbsp; Phone contact: +421 918 580 205<br> &nbsp; E-mail contact: sarafinova@visitliptov.sk<\/p>\n\n\n<p>\r\n\t\t\t<\/div>\r\n\t\t\t<a href=\"#\" class=\"read-more-btn\">\r\n\t\t\t\t<span class=\"more\">read more<\/span>\r\n\t\t\t\t<span class=\"less\">hide<\/span>\r\n\t\t\t<\/a>\n\n\n<div class=\"wp-block-image\">\n<figure class=\"aligncenter size-full\"><a href=\"https:\/\/plannervisit.krasno.dev\/o-liptove\/tatry-magazin\/tatry-magazin-zima-2022-2023\/#fb0=5\" target=\"_blank\" rel=\"noopener\"><img loading=\"lazy\" decoding=\"async\" width=\"649\" height=\"805\" src=\"https:\/\/plannervisit.krasno.dev\/wp-content\/uploads\/2022\/12\/tatrymagazin_zima_2022.jpg\" alt=\"\" class=\"wp-image-206418\" srcset=\"https:\/\/plannervisit.krasno.dev\/wp-content\/uploads\/2022\/12\/tatrymagazin_zima_2022.jpg 649w, https:\/\/plannervisit.krasno.dev\/wp-content\/uploads\/2022\/12\/tatrymagazin_zima_2022-484x600.jpg 484w\" sizes=\"(max-width: 649px) 100vw, 649px\" \/><\/a><\/figure><\/div>\n\n\n<h2 class=\"has-text-align-center wp-block-heading\"><a href=\"https:\/\/plannervisit.krasno.dev\/o-liptove\/tatry-magazin\/tatry-magazin-zima-2022-2023\/\">Tatry magazine winter 2022<\/a><\/h2>\n\n\n\n<hr class=\"wp-block-separator has-css-opacity is-style-wide\"\/>\n\n\n\n<div class=\"wp-block-columns is-layout-flex wp-container-core-columns-is-layout-2 wp-block-columns-is-layout-flex\">\n<div class=\"wp-block-column is-layout-flow wp-block-column-is-layout-flow\">\n<figure class=\"wp-block-image size-full\"><a href=\"https:\/\/plannervisit.krasno.dev\/en\/about-liptov\/tatras-magazine\/tatry-magazin-summer-2022\/\" target=\"_blank\" rel=\"noreferrer noopener\"><img loading=\"lazy\" decoding=\"async\" width=\"652\" height=\"805\" src=\"https:\/\/plannervisit.krasno.dev\/wp-content\/uploads\/2022\/12\/tatrymagazin_leto_2022-1.jpg\" alt=\"\" class=\"wp-image-206430\" srcset=\"https:\/\/plannervisit.krasno.dev\/wp-content\/uploads\/2022\/12\/tatrymagazin_leto_2022-1.jpg 652w, https:\/\/plannervisit.krasno.dev\/wp-content\/uploads\/2022\/12\/tatrymagazin_leto_2022-1-486x600.jpg 486w\" sizes=\"(max-width: 652px) 100vw, 652px\" \/><\/a><figcaption><a href=\"https:\/\/plannervisit.krasno.dev\/en\/about-liptov\/tatras-magazine\/tatry-magazin-summer-2022\/\" target=\"_blank\" rel=\"noreferrer noopener\">Summer 2022<\/a><\/figcaption><\/figure>\n<\/div>\n\n\n\n<div class=\"wp-block-column is-layout-flow wp-block-column-is-layout-flow\"><div class=\"wp-block-image is-style-default\">\n<figure class=\"aligncenter size-large\"><a href=\"https:\/\/plannervisit.krasno.dev\/o-liptove\/tatry-magazin\/tatry-magazin-zima-2021-2022\/\" target=\"_blank\" rel=\"noopener\"><img loading=\"lazy\" decoding=\"async\" width=\"747\" height=\"908\" src=\"https:\/\/plannervisit.krasno.dev\/wp-content\/uploads\/2021\/12\/tatrymagazin_obalka_zima20212022.jpg\" alt=\"\" class=\"wp-image-164069\" srcset=\"https:\/\/plannervisit.krasno.dev\/wp-content\/uploads\/2021\/12\/tatrymagazin_obalka_zima20212022.jpg 747w, https:\/\/plannervisit.krasno.dev\/wp-content\/uploads\/2021\/12\/tatrymagazin_obalka_zima20212022-494x600.jpg 494w\" sizes=\"(max-width: 747px) 100vw, 747px\" \/><\/a><figcaption><a href=\"https:\/\/plannervisit.krasno.dev\/o-liptove\/tatry-magazin\/tatry-magazin-zima-2021-2022\/\" target=\"_blank\" rel=\"noreferrer noopener\">Winter 2022 <\/a><\/figcaption><\/figure><\/div><\/div>\n\n\n\n<div class=\"wp-block-column is-layout-flow wp-block-column-is-layout-flow\"><div class=\"wp-block-image\">\n<figure class=\"aligncenter size-large\"><a href=\"https:\/\/plannervisit.krasno.dev\/en\/about-liptov\/tatras-magazine\/tatry-magazin-leto-2021\/\" target=\"_blank\" rel=\"noopener\"><img loading=\"lazy\" decoding=\"async\" width=\"965\" height=\"1190\" src=\"https:\/\/plannervisit.krasno.dev\/wp-content\/uploads\/2021\/06\/Tatrymagazin_leto_2021_001.jpg\" alt=\"\" class=\"wp-image-149089\" srcset=\"https:\/\/plannervisit.krasno.dev\/wp-content\/uploads\/2021\/06\/Tatrymagazin_leto_2021_001.jpg 965w, https:\/\/plannervisit.krasno.dev\/wp-content\/uploads\/2021\/06\/Tatrymagazin_leto_2021_001-487x600.jpg 487w\" sizes=\"(max-width: 965px) 100vw, 965px\" \/><\/a><figcaption><a href=\"https:\/\/plannervisit.krasno.dev\/en\/about-liptov\/tatras-magazine\/tatry-magazin-leto-2021\/\" target=\"_blank\" rel=\"noreferrer noopener\">Summer 2021<\/a><\/figcaption><\/figure><\/div><\/div>\n\n\n\n<div class=\"wp-block-column is-layout-flow wp-block-column-is-layout-flow\"><div class=\"wp-block-image\">\n<figure class=\"aligncenter size-large is-resized\"><a href=\"https:\/\/plannervisit.krasno.dev\/en\/about-liptov\/tatras-magazine\/tatry-magazin-winter-2020-2021\/\"><img loading=\"lazy\" decoding=\"async\" src=\"https:\/\/plannervisit.krasno.dev\/wp-content\/uploads\/2021\/01\/Tatry-magazin-Zima-2020_001.jpg\" alt=\"\" class=\"wp-image-135130\" width=\"511\" height=\"631\" srcset=\"https:\/\/plannervisit.krasno.dev\/wp-content\/uploads\/2021\/01\/Tatry-magazin-Zima-2020_001.jpg 965w, https:\/\/plannervisit.krasno.dev\/wp-content\/uploads\/2021\/01\/Tatry-magazin-Zima-2020_001-487x600.jpg 487w\" sizes=\"(max-width: 511px) 100vw, 511px\" \/><\/a><figcaption><a href=\"https:\/\/plannervisit.krasno.dev\/en\/about-liptov\/tatras-magazine\/tatry-magazin-winter-2020-2021\/\" target=\"_blank\" rel=\"noreferrer noopener\">Winter  2020\/2021<\/a><\/figcaption><\/figure><\/div><\/div>\n<\/div>\n\n\n\n<div class=\"wp-block-columns is-layout-flex wp-container-core-columns-is-layout-3 wp-block-columns-is-layout-flex\">\n<div class=\"wp-block-column is-layout-flow wp-block-column-is-layout-flow\">\n<figure class=\"wp-block-image size-large\"><a href=\"https:\/\/plannervisit.krasno.dev\/tatry-magazin-leto-2020\/\"><img loading=\"lazy\" decoding=\"async\" width=\"965\" height=\"1190\" src=\"https:\/\/plannervisit.krasno.dev\/wp-content\/uploads\/2020\/06\/tatrymagazin_leto_2020_001.jpg\" alt=\"\" class=\"wp-image-121867\" srcset=\"https:\/\/plannervisit.krasno.dev\/wp-content\/uploads\/2020\/06\/tatrymagazin_leto_2020_001.jpg 965w, https:\/\/plannervisit.krasno.dev\/wp-content\/uploads\/2020\/06\/tatrymagazin_leto_2020_001-487x600.jpg 487w\" sizes=\"(max-width: 965px) 100vw, 965px\" \/><\/a><\/figure>\n<\/div>\n\n\n\n<div class=\"wp-block-column is-layout-flow wp-block-column-is-layout-flow\">\n<figure class=\"wp-block-image size-large\"><a href=\"https:\/\/plannervisit.krasno.dev\/tatry-magazin-zima-2019-2020\/\"><img loading=\"lazy\" decoding=\"async\" width=\"965\" height=\"1190\" src=\"https:\/\/plannervisit.krasno.dev\/wp-content\/uploads\/2019\/12\/tatrymagazin20192020zima_001.jpg\" alt=\"\" class=\"wp-image-113033\" srcset=\"https:\/\/plannervisit.krasno.dev\/wp-content\/uploads\/2019\/12\/tatrymagazin20192020zima_001.jpg 965w, https:\/\/plannervisit.krasno.dev\/wp-content\/uploads\/2019\/12\/tatrymagazin20192020zima_001-487x600.jpg 487w\" sizes=\"(max-width: 965px) 100vw, 965px\" \/><\/a><\/figure>\n<\/div>\n\n\n\n<div class=\"wp-block-column is-layout-flow wp-block-column-is-layout-flow\">\n<figure class=\"wp-block-image size-large\"><a href=\"https:\/\/plannervisit.krasno.dev\/o-liptove\/tatry-magazin\/tatry-magazin-leto-2019\/\"><img loading=\"lazy\" decoding=\"async\" width=\"555\" height=\"680\" src=\"https:\/\/plannervisit.krasno.dev\/wp-content\/uploads\/2019\/06\/obalka-leto-2019-tatry-magazin.png\" alt=\"\" class=\"wp-image-93570\" srcset=\"https:\/\/plannervisit.krasno.dev\/wp-content\/uploads\/2019\/06\/obalka-leto-2019-tatry-magazin.png 555w, https:\/\/plannervisit.krasno.dev\/wp-content\/uploads\/2019\/06\/obalka-leto-2019-tatry-magazin-490x600.png 490w\" sizes=\"(max-width: 555px) 100vw, 555px\" \/><\/a><\/figure>\n<\/div>\n\n\n\n<div class=\"wp-block-column is-layout-flow wp-block-column-is-layout-flow\"><div class=\"wp-block-image\">\n<figure class=\"aligncenter is-resized\"><a href=\"https:\/\/plannervisit.krasno.dev\/o-liptove\/tatry-magazin\/tatry-magazin-zima-2018-2019\/\"><img loading=\"lazy\" decoding=\"async\" src=\"https:\/\/plannervisit.krasno.dev\/wp-content\/uploads\/2019\/02\/obalka-1.jpg\" alt=\"\" class=\"wp-image-786\" width=\"253\" height=\"451\"\/><\/a><\/figure><\/div><\/div>\n<\/div>\n\n\n\n<div class=\"wp-block-columns has-4-columns is-layout-flex wp-container-core-columns-is-layout-4 wp-block-columns-is-layout-flex\">\n<div class=\"wp-block-column is-layout-flow wp-block-column-is-layout-flow\">\n<figure class=\"wp-block-image is-resized\"><a href=\"https:\/\/plannervisit.krasno.dev\/o-liptove\/tatry-magazin\/tatry-magazin-leto-2018\/\"><img loading=\"lazy\" decoding=\"async\" src=\"https:\/\/plannervisit.krasno.dev\/wp-content\/uploads\/2019\/02\/Tatry-magazin-leto-2018-zoom-0.jpg\" alt=\"\" class=\"wp-image-4239\" width=\"253\" height=\"312\"\/><\/a><figcaption>Leto 2018<\/figcaption><\/figure>\n<\/div>\n\n\n\n<div class=\"wp-block-column is-layout-flow wp-block-column-is-layout-flow\">\n<figure class=\"wp-block-image\"><a href=\"https:\/\/plannervisit.krasno.dev\/o-liptove\/tatry-magazin\/tatry-magazin-zima-2017-2018\/\"><img loading=\"lazy\" decoding=\"async\" width=\"243\" height=\"300\" src=\"https:\/\/plannervisit.krasno.dev\/wp-content\/uploads\/2019\/02\/obalka_zima-2017-2018-243x300.png\" alt=\"\" class=\"wp-image-4252\"\/><\/a><figcaption>Zima 2017\/2018<\/figcaption><\/figure>\n<\/div>\n\n\n\n<div class=\"wp-block-column is-layout-flow wp-block-column-is-layout-flow\">\n<figure class=\"wp-block-image\"><a href=\"https:\/\/plannervisit.krasno.dev\/o-liptove\/tatry-magazin\/tatry-magazin-leto-2017\/\"><img loading=\"lazy\" decoding=\"async\" width=\"243\" height=\"300\" src=\"https:\/\/plannervisit.krasno.dev\/wp-content\/uploads\/2019\/02\/Clipboard04-1-243x300.png\" alt=\"\" class=\"wp-image-4256\"\/><\/a><figcaption>Leto 2017<\/figcaption><\/figure>\n<\/div>\n\n\n\n<div class=\"wp-block-column is-layout-flow wp-block-column-is-layout-flow\">\n<figure class=\"wp-block-image\"><a href=\"https:\/\/plannervisit.krasno.dev\/o-liptove\/tatry-magazin\/tatry-magazin-zima-2016-2017\/\"><img loading=\"lazy\" decoding=\"async\" width=\"243\" height=\"300\" src=\"https:\/\/plannervisit.krasno.dev\/wp-content\/uploads\/2019\/02\/Tatry_Magazin_Zima_2016_17-0-243x300.jpg\" alt=\"\" class=\"wp-image-4260\"\/><\/a><figcaption>Zima 2016\/2017<\/figcaption><\/figure>\n<\/div>\n<\/div>\n\n\n\n<div class=\"wp-block-columns has-4-columns is-layout-flex wp-container-core-columns-is-layout-5 wp-block-columns-is-layout-flex\">\n<div class=\"wp-block-column is-layout-flow wp-block-column-is-layout-flow\">\n<figure class=\"wp-block-image\"><a href=\"https:\/\/plannervisit.krasno.dev\/o-liptove\/tatry-magazin\/tatry-magazin-leto-2016\/\"><img loading=\"lazy\" decoding=\"async\" width=\"243\" height=\"300\" src=\"https:\/\/plannervisit.krasno.dev\/wp-content\/uploads\/2019\/02\/leto2016-243x300-1-243x300.png\" alt=\"\" class=\"wp-image-4264\"\/><\/a><figcaption>Leto 2016<\/figcaption><\/figure>\n<\/div>\n\n\n\n<div class=\"wp-block-column is-layout-flow wp-block-column-is-layout-flow\">\n<figure class=\"wp-block-image\"><a href=\"https:\/\/plannervisit.krasno.dev\/o-liptove\/tatry-magazin\/tatry-magazin-zima-2015-2016\/\"><img loading=\"lazy\" decoding=\"async\" width=\"243\" height=\"300\" src=\"https:\/\/plannervisit.krasno.dev\/wp-content\/uploads\/2019\/02\/tatry-magazin-zima-2015-16-0-243x300.jpg\" alt=\"\" class=\"wp-image-4268\"\/><\/a><figcaption>Zima 2015\/2016<\/figcaption><\/figure>\n<\/div>\n\n\n\n<div class=\"wp-block-column is-layout-flow wp-block-column-is-layout-flow\">\n<figure class=\"wp-block-image\"><a href=\"https:\/\/plannervisit.krasno.dev\/o-liptove\/tatry-magazin\/tatry-magazin-leto-2015\/\"><img loading=\"lazy\" decoding=\"async\" width=\"246\" height=\"300\" src=\"https:\/\/plannervisit.krasno.dev\/wp-content\/uploads\/2019\/02\/leto15-246x300-1-246x300.jpg\" alt=\"\" class=\"wp-image-4272\"\/><\/a><figcaption>Leto 2015<\/figcaption><\/figure>\n<\/div>\n\n\n\n<div class=\"wp-block-column is-layout-flow wp-block-column-is-layout-flow\">\n<figure class=\"wp-block-image\"><a href=\"https:\/\/plannervisit.krasno.dev\/o-liptove\/tatry-magazin\/tatry-magazin-zima-2014-2015\/\"><img loading=\"lazy\" decoding=\"async\" width=\"242\" height=\"300\" src=\"https:\/\/plannervisit.krasno.dev\/wp-content\/uploads\/2019\/02\/Clipboard04-242x300-1-242x300.jpg\" alt=\"\" class=\"wp-image-4276\"\/><\/a><figcaption>Zima 2014\/2015<\/figcaption><\/figure>\n<\/div>\n<\/div>\n\n\n\n<div class=\"wp-block-columns has-4-columns is-layout-flex wp-container-core-columns-is-layout-6 wp-block-columns-is-layout-flex\">\n<div class=\"wp-block-column is-layout-flow wp-block-column-is-layout-flow\">\n<figure class=\"wp-block-image\"><a href=\"https:\/\/plannervisit.krasno.dev\/o-liptove\/tatry-magazin\/tatry-magazin-leto-2014\/\"><img loading=\"lazy\" decoding=\"async\" width=\"229\" height=\"300\" src=\"https:\/\/plannervisit.krasno.dev\/wp-content\/uploads\/2019\/02\/obalka1-229x300-1-229x300.jpg\" alt=\"\" class=\"wp-image-4280\"\/><\/a><figcaption>Leto 2014<\/figcaption><\/figure>\n<\/div>\n\n\n\n<div class=\"wp-block-column is-layout-flow wp-block-column-is-layout-flow\">\n<figure class=\"wp-block-image\"><a href=\"https:\/\/plannervisit.krasno.dev\/o-liptove\/tatry-magazin\/tatry-magazin-zima-2013-2014\/\"><img loading=\"lazy\" decoding=\"async\" width=\"244\" height=\"300\" src=\"https:\/\/plannervisit.krasno.dev\/wp-content\/uploads\/2019\/02\/obalka2-1-244x300.jpg\" alt=\"\" class=\"wp-image-4284\"\/><\/a><figcaption>Zima 2013\/2014<\/figcaption><\/figure>\n<\/div>\n\n\n\n<div class=\"wp-block-column is-layout-flow wp-block-column-is-layout-flow\">\n<figure class=\"wp-block-image\"><a href=\"https:\/\/plannervisit.krasno.dev\/o-liptove\/tatry-magazin\/tatry-magazin-leto-2013\/\"><img loading=\"lazy\" decoding=\"async\" width=\"244\" height=\"300\" src=\"https:\/\/plannervisit.krasno.dev\/wp-content\/uploads\/2019\/02\/obalka3-244x300-1-244x300.jpg\" alt=\"\" class=\"wp-image-4288\"\/><\/a><figcaption>Leto 2013<\/figcaption><\/figure>\n<\/div>\n\n\n\n<div class=\"wp-block-column is-layout-flow wp-block-column-is-layout-flow\">\n<figure class=\"wp-block-image\"><a href=\"http:\/\/www.gotatry.sk\/fileadmin\/magazin\/2012zima\/mobile\/index.html#p=1\"><img loading=\"lazy\" decoding=\"async\" width=\"244\" height=\"300\" src=\"https:\/\/plannervisit.krasno.dev\/wp-content\/uploads\/2019\/02\/obalka4-244x300-1-244x300.jpg\" alt=\"\" class=\"wp-image-4292\"\/><\/a><figcaption>Zima 2012\/2013<\/figcaption><\/figure>\n<\/div>\n<\/div>\n\n\n\n<div class=\"wp-block-columns has-4-columns is-layout-flex wp-container-core-columns-is-layout-7 wp-block-columns-is-layout-flex\">\n<div class=\"wp-block-column is-layout-flow wp-block-column-is-layout-flow\">\n<figure class=\"wp-block-image\"><a href=\"http:\/\/www.gotatry.sk\/fileadmin\/magazin\/2012leto\/mobile\/index.html#p=1\"><img loading=\"lazy\" decoding=\"async\" width=\"246\" height=\"300\" src=\"https:\/\/plannervisit.krasno.dev\/wp-content\/uploads\/2019\/02\/obalka5-246x300-1-246x300.jpg\" alt=\"\" class=\"wp-image-4296\"\/><\/a><figcaption>Leto 2012<\/figcaption><\/figure>\n<\/div>\n\n\n\n<div class=\"wp-block-column is-layout-flow wp-block-column-is-layout-flow\"><\/div>\n\n\n\n<div class=\"wp-block-column is-layout-flow wp-block-column-is-layout-flow\"><\/div>\n\n\n\n<div class=\"wp-block-column is-layout-flow wp-block-column-is-layout-flow\"><\/div>\n<\/div>\n","protected":false},"excerpt":{"rendered":"<p>The only lifestyle magazine in the Tatra Mountains\u2026 The TATRA MAGAZINE website shows visitors, tourists and holidaymakers that we have &#8230;<\/p>\n","protected":false},"author":1,"featured_media":84360,"parent":30195,"menu_order":0,"comment_status":"closed","ping_status":"closed","template":"","meta":{"_acf_changed":false,"inline_featured_image":false,"episode_type":"","audio_file":"","cover_image":"","cover_image_id":"","duration":"","filesize":"","date_recorded":"","explicit":"","block":"","filesize_raw":"","footnotes":""},"class_list":["post-92227","page","type-page","status-publish","has-post-thumbnail","hentry"],"acf":[],"_links":{"self":[{"href":"https:\/\/plannervisit.krasno.dev\/en\/wp-json\/wp\/v2\/pages\/92227"}],"collection":[{"href":"https:\/\/plannervisit.krasno.dev\/en\/wp-json\/wp\/v2\/pages"}],"about":[{"href":"https:\/\/plannervisit.krasno.dev\/en\/wp-json\/wp\/v2\/types\/page"}],"author":[{"embeddable":true,"href":"https:\/\/plannervisit.krasno.dev\/en\/wp-json\/wp\/v2\/users\/1"}],"replies":[{"embeddable":true,"href":"https:\/\/plannervisit.krasno.dev\/en\/wp-json\/wp\/v2\/comments?post=92227"}],"version-history":[{"count":0,"href":"https:\/\/plannervisit.krasno.dev\/en\/wp-json\/wp\/v2\/pages\/92227\/revisions"}],"up":[{"embeddable":true,"href":"https:\/\/plannervisit.krasno.dev\/en\/wp-json\/wp\/v2\/pages\/30195"}],"wp:featuredmedia":[{"embeddable":true,"href":"https:\/\/plannervisit.krasno.dev\/en\/wp-json\/wp\/v2\/media\/84360"}],"wp:attachment":[{"href":"https:\/\/plannervisit.krasno.dev\/en\/wp-json\/wp\/v2\/media?parent=92227"}],"curies":[{"name":"wp","href":"https:\/\/api.w.org\/{rel}","templated":true}]}}