{"id":92236,"date":"2019-03-26T15:37:49","date_gmt":"2019-03-26T14:37:49","guid":{"rendered":"https:\/\/www.visitliptov.sk\/about-liptov\/clenovia\/"},"modified":"2019-05-29T15:41:11","modified_gmt":"2019-05-29T13:41:11","slug":"members","status":"publish","type":"page","link":"https:\/\/plannervisit.krasno.dev\/en\/about-liptov\/members\/","title":{"rendered":"Members"},"content":{"rendered":"\n<p>Liptov is a beautiful green arena, but not just that. Liptov are also attractive towns and villages. The center is Liptovsky Mikulas, from which the visitor to the region will not only get to Jasna, but also on his edge will find Tatralandia. In addition, the city center breathes history and visit the Janka Kr\u00e1\u013e Museum, where the famous martyr Juraj J\u00e1no\u0161\u00edk and the Slovak Nature Conservation and Cave Museum are also worth a visit. The second center of Liptov is Ru\u017eomberok. The city is perfectly connected with nature and in a few minutes the city will get a visitor to Hrabovsk\u00e1 and \u010cutkovsk\u00e1 dolina, where there is not only beautiful nature, but also a wide range of activities. The smallest town of Liptov is Liptovsk\u00fd Hr\u00e1dok with a very popular historical castle of Grand Castle. The villages of Liptov also have their charm. Dem\u00e4novsk\u00e1 Dolina thanks to Jasn\u00e1 is one of the most visited. In winter it is the center of skiing, literally Mecca of Slovak skiing. Liptovsky Jan combines the history of the mansions, with modern services, thermal gifts from the underground and the popular traditional cuisine. Be\u0161e\u0148ov\u00e1 and L\u00fa\u010dky are famous for their thermal springs, which fill the pools at the water parks and spas. Liptovsk\u00fd Trnovec is particularly attractive in summer. And thanks to the camp near Liptovsk\u00e1 Mara, who like to visit holidaymakers and fishermen. Thanks to the open-air museum in Pribylina, visitors to Liptov can enjoy a traditional village from the past.<\/p>\n\n\n    <div class=\"ns-events\">\r\n        <div class=\"ns-events-filter-toggle\">\r\n            <span class=\"events-filter-title\">Search<\/span>\r\n            <div class=\"btn ns-events-filter-btn\">\r\n\t\t\t\tFilter            <\/div>\r\n        <\/div>\r\n        <div class=\"events-filter sidebar\">\r\n            <div class=\"close-btn\"><\/div>\r\n            <span class=\"events-filter-title\">Search<\/span>\r\n            <span class=\"events-filter-label\">Locality<\/span>\r\n\t        <div class=\"facetwp-facet facetwp-facet-locality facetwp-type-checkboxes\" data-name=\"locality\" data-type=\"checkboxes\"><\/div>        <\/div>\r\n\r\n        <div class=\"blog-content\">\r\n\t\t\t<div class=\"facetwp-template\" data-name=\"members\"><a class=\"list-item test\" href=\"https:\/\/plannervisit.krasno.dev\/en\/interests\/the-liptov-museum-in-ruzomberok\/\">\n\t    <div class=\"thumb\"\n         style=\"background-image:url('https:\/\/plannervisit.krasno.dev\/wp-content\/uploads\/2023\/06\/LIPT.MUZEUM_Liptovska-muzeum-v-Ruzomberku_hlavna-budova-leto_V.Mydlo-2023-28small-600x400.jpg')\">\n\t\t        <span class=\"favorite-btn  js_favorite-inline-ajax\"\r\n              data-id=\"314878\"\r\n\t\t>&hearts;<\/span>\r\n\t\n        \t                <span class=\"label_discount\">\n                                            <span class=\"card-liptov\"><\/span>\n                    \t\t\t    <span class=\"discount-text\">30% discount<\/span>                <\/span>\n\t    \n\t    \n\n\t\t\t\t    <\/div>\n\n    <div class=\"item-meta\">\n        <div class=\"item-title\">\n\t\t\tThe Liptov Museum        <\/div>\n\n\t\t<div class=\"item-loc icon-marker a\">Ru\u017eomberok<\/div>    <\/div>\n<\/a>\n<a class=\"list-item test\" href=\"https:\/\/plannervisit.krasno.dev\/en\/interests\/hotel-koliba-greta-kopia\/\">\n\t    <div class=\"thumb\"\n         style=\"background-image:url('https:\/\/plannervisit.krasno.dev\/wp-content\/uploads\/2019\/04\/koliba_grea-600x400.jpg')\">\n\t\t        <span class=\"favorite-btn  js_favorite-inline-ajax\"\r\n              data-id=\"542534\"\r\n\t\t>&hearts;<\/span>\r\n\t\n        \t    \n\t            \n\n\t\t\t\t    <\/div>\n\n    <div class=\"item-meta\">\n        <div class=\"item-title\">\n\t\t\tHotel Koliba Gr\u00e9ta*** K\u00f3pia        <\/div>\n\n\t\t<div class=\"item-loc icon-marker a\">Liptovsk\u00e1 Sielnica<\/div>    <\/div>\n<\/a>\n<a class=\"list-item test\" href=\"https:\/\/plannervisit.krasno.dev\/en\/interests\/gothal-liptovska-osada-yvex\/\">\n\t    <div class=\"thumb\"\n         style=\"background-image:url('https:\/\/plannervisit.krasno.dev\/wp-content\/uploads\/2023\/05\/GOTHAL-ubytovanie-5-\u2013-resize-600x450.jpg')\">\n\t\t        <span class=\"favorite-btn  js_favorite-inline-ajax\"\r\n              data-id=\"541850\"\r\n\t\t>&hearts;<\/span>\r\n\t\n        \t    \n\t            \n\n\t\t\t\t    <\/div>\n\n    <div class=\"item-meta\">\n        <div class=\"item-title\">\n\t\t\tGothal Liptovsk\u00e1 Osada        <\/div>\n\n\t\t<div class=\"item-loc icon-marker a\">Liptovsk\u00e1 Osada<\/div>    <\/div>\n<\/a>\n<a class=\"list-item test\" href=\"https:\/\/plannervisit.krasno.dev\/en\/interests\/maladinovo-s-r-o\/\">\n\t    <div class=\"thumb\"\n         style=\"background-image:url('https:\/\/plannervisit.krasno.dev\/wp-content\/uploads\/2020\/11\/DJI_0024a-600x400.jpg')\">\n\t\t        <span class=\"favorite-btn  js_favorite-inline-ajax\"\r\n              data-id=\"541834\"\r\n\t\t>&hearts;<\/span>\r\n\t\n        \t    \n\t            \n\n\t\t\t\t    <\/div>\n\n    <div class=\"item-meta\">\n        <div class=\"item-title\">\n\t\t\tMaladinovo, s. r. o.        <\/div>\n\n\t\t<div class=\"item-loc icon-marker a\">Liptovsk\u00fd Mikul\u00e1\u0161<\/div>    <\/div>\n<\/a>\n<a class=\"list-item test\" href=\"https:\/\/plannervisit.krasno.dev\/en\/interests\/town-ruzomberok\/\">\n\t    <div class=\"thumb\"\n         style=\"background-image:url('https:\/\/plannervisit.krasno.dev\/wp-content\/uploads\/2016\/01\/RUZOMBEROK_balustrady_mauzoleum_kostol_letosmall_-600x386.jpg')\">\n\t\t        <span class=\"favorite-btn  js_favorite-inline-ajax\"\r\n              data-id=\"537697\"\r\n\t\t>&hearts;<\/span>\r\n\t\n        \t    \n\t            \n\n\t\t\t\t    <\/div>\n\n    <div class=\"item-meta\">\n        <div class=\"item-title\">\n\t\t\tTown Ru\u017eomberok        <\/div>\n\n\t\t<div class=\"item-loc icon-marker a\">Ru\u017eomberok<\/div>    <\/div>\n<\/a>\n<a class=\"list-item test\" href=\"https:\/\/plannervisit.krasno.dev\/en\/interests\/the-liptov-museum-in-ruzomberok-member\/\">\n\t    <div class=\"thumb\"\n         style=\"background-image:url('https:\/\/plannervisit.krasno.dev\/wp-content\/uploads\/2024\/08\/Nepoznany-Liptov_Chaty-a-utulne_Nizke-Tatry_Nelly_go_zima-2023-11turistika_nizke_tatry_jesen_small_-450x600.jpeg')\">\n\t\t        <span class=\"favorite-btn  js_favorite-inline-ajax\"\r\n              data-id=\"247081\"\r\n\t\t>&hearts;<\/span>\r\n\t\n        \t    \n\t            \n\n\t\t\t\t    <\/div>\n\n    <div class=\"item-meta\">\n        <div class=\"item-title\">\n\t\t\tThe Liptov Museum in Ru\u017eomberok        <\/div>\n\n\t\t<div class=\"item-loc icon-marker a\">Ru\u017eomberok<\/div>    <\/div>\n<\/a>\n<a class=\"list-item test\" href=\"https:\/\/plannervisit.krasno.dev\/en\/interests\/rezort-pri-jazere-podbanske\/\">\n\t    <div class=\"thumb\"\n         style=\"background-image:url('https:\/\/plannervisit.krasno.dev\/wp-content\/uploads\/2022\/10\/rezort-pri-jazere-podbanske_z-web-a-fb-2022-6-600x401.jpg')\">\n\t\t        <span class=\"favorite-btn  js_favorite-inline-ajax\"\r\n              data-id=\"235936\"\r\n\t\t>&hearts;<\/span>\r\n\t\n        \t    \n\t            \n\n\t\t\t\t    <\/div>\n\n    <div class=\"item-meta\">\n        <div class=\"item-title\">\n\t\t\tRezort pri jazere Podbansk\u00e9, s.r.o.        <\/div>\n\n\t\t<div class=\"item-loc icon-marker a\">Pribylina<\/div>    <\/div>\n<\/a>\n<a class=\"list-item test\" href=\"https:\/\/plannervisit.krasno.dev\/en\/interests\/stara-zvonica-nizna-boca-maluzina\/\">\n\t    <div class=\"thumb\"\n         style=\"background-image:url('https:\/\/plannervisit.krasno.dev\/wp-content\/uploads\/2023\/02\/Stara-Zvonica_altanok_z-facebooku-17-600x400.jpg')\">\n\t\t        <span class=\"favorite-btn  js_favorite-inline-ajax\"\r\n              data-id=\"211938\"\r\n\t\t>&hearts;<\/span>\r\n\t\n        \t    \n\t            \n\n\t\t\t\t    <\/div>\n\n    <div class=\"item-meta\">\n        <div class=\"item-title\">\n\t\t\tNVB Invest, a.s. &#8211; Star\u00e1 Zvonica        <\/div>\n\n\t\t<div class=\"item-loc icon-marker a\">Malu\u017ein\u00e1<\/div>    <\/div>\n<\/a>\n<a class=\"list-item test\" href=\"https:\/\/plannervisit.krasno.dev\/en\/interests\/obec-liptovska-osada\/\">\n\t    <div class=\"thumb\"\n         style=\"background-image:url('https:\/\/plannervisit.krasno.dev\/wp-content\/uploads\/2020\/08\/liptovska-osada-600x450.jpg')\">\n\t\t        <span class=\"favorite-btn  js_favorite-inline-ajax\"\r\n              data-id=\"137394\"\r\n\t\t>&hearts;<\/span>\r\n\t\n        \t    \n\t            \n\n\t\t\t\t    <\/div>\n\n    <div class=\"item-meta\">\n        <div class=\"item-title\">\n\t\t\tObec Liptovsk\u00e1 osada        <\/div>\n\n\t\t<div class=\"item-loc icon-marker a\">Liptovsk\u00e1 Osada<\/div>    <\/div>\n<\/a>\n<a class=\"list-item test\" href=\"https:\/\/plannervisit.krasno.dev\/en\/interests\/demanova-rezort\/\">\n\t    <div class=\"thumb\"\n         style=\"background-image:url('https:\/\/plannervisit.krasno.dev\/wp-content\/uploads\/2019\/10\/demanova-rezort-apartman-exterier2-600x410.jpg')\">\n\t\t        <span class=\"favorite-btn  js_favorite-inline-ajax\"\r\n              data-id=\"128593\"\r\n\t\t>&hearts;<\/span>\r\n\t\n        \t    \n\t            \n\n\t\t\t\t    <\/div>\n\n    <div class=\"item-meta\">\n        <div class=\"item-title\">\n\t\t\tDem\u00e4nov\u00e1 Rezort        <\/div>\n\n\t\t<div class=\"item-loc icon-marker a\">Liptovsk\u00fd Mikul\u00e1\u0161<\/div>    <\/div>\n<\/a>\n<a class=\"list-item test\" href=\"https:\/\/plannervisit.krasno.dev\/en\/interests\/tatry-mountain-resort\/\">\n\t    <div class=\"thumb\"\n         style=\"background-image:url('https:\/\/plannervisit.krasno.dev\/wp-content\/uploads\/2019\/03\/tmr-600x400.jpg')\">\n\t\t        <span class=\"favorite-btn  js_favorite-inline-ajax\"\r\n              data-id=\"43809\"\r\n\t\t>&hearts;<\/span>\r\n\t\n        \t    \n\t            \n\n\t\t\t\t    <\/div>\n\n    <div class=\"item-meta\">\n        <div class=\"item-title\">\n\t\t\tTatry mountain resort        <\/div>\n\n\t\t<div class=\"item-loc icon-marker a\">Other locations<\/div>    <\/div>\n<\/a>\n<a class=\"list-item test\" href=\"https:\/\/plannervisit.krasno.dev\/en\/interests\/kupele-lucky\/\">\n\t    <div class=\"thumb\"\n         style=\"background-image:url('https:\/\/plannervisit.krasno.dev\/wp-content\/uploads\/2021\/11\/Kupele-Lucky-2-600x400.jpg')\">\n\t\t        <span class=\"favorite-btn  js_favorite-inline-ajax\"\r\n              data-id=\"43810\"\r\n\t\t>&hearts;<\/span>\r\n\t\n        \t    \n\t            \n\n\t\t\t\t    <\/div>\n\n    <div class=\"item-meta\">\n        <div class=\"item-title\">\n\t\t\tK\u00daPELE L\u00da\u010cKY a.s.        <\/div>\n\n\t\t<div class=\"item-loc icon-marker a\">L\u00fa\u010dky<\/div>    <\/div>\n<\/a>\n<a class=\"list-item test\" href=\"https:\/\/plannervisit.krasno.dev\/en\/interests\/eurocom-investment-water-park-besenova\/\">\n\t    <div class=\"thumb\"\n         style=\"background-image:url('https:\/\/plannervisit.krasno.dev\/wp-content\/uploads\/2023\/02\/besenova_zima-para-bazeny-600x400.jpg')\">\n\t\t        <span class=\"favorite-btn  js_favorite-inline-ajax\"\r\n              data-id=\"113802\"\r\n\t\t>&hearts;<\/span>\r\n\t\n        \t    \n\t            \n\n\t\t\t\t    <\/div>\n\n    <div class=\"item-meta\">\n        <div class=\"item-title\">\n\t\t\tEUROCOM Investment, s.r.o. &#8211; Water park Be\u0161e\u0148ov\u00e1        <\/div>\n\n\t\t<div class=\"item-loc icon-marker a\">Be\u0161e\u0148ov\u00e1<\/div>    <\/div>\n<\/a>\n<a class=\"list-item test\" href=\"https:\/\/plannervisit.krasno.dev\/en\/interests\/dems-strachanovka\/\">\n\t    <div class=\"thumb\"\n         style=\"background-image:url('https:\/\/plannervisit.krasno.dev\/wp-content\/uploads\/2019\/01\/strachanovka-600x381.jpg')\">\n\t\t        <span class=\"favorite-btn  js_favorite-inline-ajax\"\r\n              data-id=\"113810\"\r\n\t\t>&hearts;<\/span>\r\n\t\n        \t    \n\t            \n\n\t\t\t\t    <\/div>\n\n    <div class=\"item-meta\">\n        <div class=\"item-title\">\n\t\t\tDEMS, spol. s r. o. &#8211; Hotel Strachanovka        <\/div>\n\n\t\t<div class=\"item-loc icon-marker a\">Liptovsk\u00fd J\u00e1n<\/div>    <\/div>\n<\/a>\n<a class=\"list-item test\" href=\"https:\/\/plannervisit.krasno.dev\/en\/interests\/sojkarezort-member\/\">\n\t    <div class=\"thumb\"\n         style=\"background-image:url('https:\/\/plannervisit.krasno.dev\/wp-content\/uploads\/2018\/05\/sojka-rest-3-600x400.jpg')\">\n\t\t        <span class=\"favorite-btn  js_favorite-inline-ajax\"\r\n              data-id=\"113820\"\r\n\t\t>&hearts;<\/span>\r\n\t\n        \t    \n\t            \n\n\t\t\t\t    <\/div>\n\n    <div class=\"item-meta\">\n        <div class=\"item-title\">\n\t\t\tSojka s.r.o. &#8211; Sojka rezort        <\/div>\n\n\t\t<div class=\"item-loc icon-marker a\">Malat\u00edny<\/div>    <\/div>\n<\/a>\n<\/div>\t\t\t<div class=\"facetwp-pager\"><\/div>        <\/div>\r\n\r\n    <\/div>\r\n\t\n","protected":false},"excerpt":{"rendered":"<p>Liptov is a beautiful green arena, but not just that. Liptov are also attractive towns and villages. The center is &#8230;<\/p>\n","protected":false},"author":1,"featured_media":599611,"parent":30195,"menu_order":0,"comment_status":"closed","ping_status":"closed","template":"","meta":{"_acf_changed":false,"inline_featured_image":false,"episode_type":"","audio_file":"","cover_image":"","cover_image_id":"","duration":"","filesize":"","date_recorded":"","explicit":"","block":"","filesize_raw":"","footnotes":""},"class_list":["post-92236","page","type-page","status-publish","has-post-thumbnail","hentry"],"acf":[],"_links":{"self":[{"href":"https:\/\/plannervisit.krasno.dev\/en\/wp-json\/wp\/v2\/pages\/92236"}],"collection":[{"href":"https:\/\/plannervisit.krasno.dev\/en\/wp-json\/wp\/v2\/pages"}],"about":[{"href":"https:\/\/plannervisit.krasno.dev\/en\/wp-json\/wp\/v2\/types\/page"}],"author":[{"embeddable":true,"href":"https:\/\/plannervisit.krasno.dev\/en\/wp-json\/wp\/v2\/users\/1"}],"replies":[{"embeddable":true,"href":"https:\/\/plannervisit.krasno.dev\/en\/wp-json\/wp\/v2\/comments?post=92236"}],"version-history":[{"count":0,"href":"https:\/\/plannervisit.krasno.dev\/en\/wp-json\/wp\/v2\/pages\/92236\/revisions"}],"up":[{"embeddable":true,"href":"https:\/\/plannervisit.krasno.dev\/en\/wp-json\/wp\/v2\/pages\/30195"}],"wp:featuredmedia":[{"embeddable":true,"href":"https:\/\/plannervisit.krasno.dev\/en\/wp-json\/wp\/v2\/media\/599611"}],"wp:attachment":[{"href":"https:\/\/plannervisit.krasno.dev\/en\/wp-json\/wp\/v2\/media?parent=92236"}],"curies":[{"name":"wp","href":"https:\/\/api.w.org\/{rel}","templated":true}]}}