{"id":92315,"date":"2019-03-27T20:29:00","date_gmt":"2019-03-27T19:29:00","guid":{"rendered":"https:\/\/www.visitliptov.sk\/prakticke-informacie\/"},"modified":"2019-05-27T13:46:58","modified_gmt":"2019-05-27T11:46:58","slug":"practical-information","status":"publish","type":"page","link":"https:\/\/plannervisit.krasno.dev\/en\/holiday-planning\/practical-information\/","title":{"rendered":"Practical information"},"content":{"rendered":"    <div class=\"ns-events\">\r\n        <div class=\"ns-events-filter-toggle\">\r\n            <span class=\"events-filter-title\">Search<\/span>\r\n            <div class=\"btn ns-events-filter-btn\">\r\n\t\t\t\tFilter            <\/div>\r\n        <\/div>\r\n        <div class=\"events-filter sidebar\">\r\n            <div class=\"close-btn\"><\/div>\r\n            <span class=\"events-filter-title\">Search<\/span>\r\n\r\n            <span class=\"events-filter-label\">Categories<\/span>\r\n\t        <div class=\"facetwp-facet facetwp-facet-services-cat facetwp-type-checkboxes\" data-name=\"services-cat\" data-type=\"checkboxes\"><\/div>\r\n            <span class=\"events-filter-label\">Locality<\/span>\r\n\t\t\t<div class=\"facetwp-facet facetwp-facet-locality facetwp-type-checkboxes\" data-name=\"locality\" data-type=\"checkboxes\"><\/div>\r\n            <span class=\"events-filter-label\">Other criteria<\/span>\r\n\t        <div class=\"facetwp-facet facetwp-facet-lrc facetwp-type-checkboxes\" data-name=\"lrc\" data-type=\"checkboxes\"><\/div>\t        <div class=\"facetwp-facet facetwp-facet-attraction-other facetwp-type-checkboxes\" data-name=\"attraction-other\" data-type=\"checkboxes\"><\/div>        <\/div>\r\n\r\n        <div class=\"blog-content\">\r\n\t\t\t<div class=\"facetwp-template\" data-name=\"services\"><a class=\"list-item test\" href=\"https:\/\/plannervisit.krasno.dev\/en\/interests\/bartekski-rental-and-servicing-of-skis\/\">\n\t    <div class=\"thumb\"\n         style=\"background-image:url('https:\/\/plannervisit.krasno.dev\/wp-content\/uploads\/2016\/01\/bartek-zima-lucky-pozicovnasmall_-600x338.jpg')\">\n\t\t        <span class=\"favorite-btn  js_favorite-inline-ajax\"\r\n              data-id=\"36517\"\r\n\t\t>&hearts;<\/span>\r\n\t\n        \t                <span class=\"label_discount\">\n                                            <span class=\"card-liptov\"><\/span>\n                    \t\t\t    <span class=\"discount-text\">20% discount <\/span>                <\/span>\n\t    \n\t    \n\n\t\t\t\t    <\/div>\n\n    <div class=\"item-meta\">\n        <div class=\"item-title\">\n\t\t\tBARTEK SKI Jasn\u00e1 &#8211; Ski rent &amp; service        <\/div>\n\n\t\t<div class=\"item-loc icon-marker a\">Liptovsk\u00fd Mikul\u00e1\u0161<\/div>    <\/div>\n<\/a>\n<a class=\"list-item test\" href=\"https:\/\/plannervisit.krasno.dev\/en\/interests\/exisport-liptovsky-mikulas\/\">\n\t    <div class=\"thumb\"\n         style=\"background-image:url('https:\/\/plannervisit.krasno.dev\/wp-content\/uploads\/2023\/05\/exisport-600x407.jpg')\">\n\t\t        <span class=\"favorite-btn  js_favorite-inline-ajax\"\r\n              data-id=\"246183\"\r\n\t\t>&hearts;<\/span>\r\n\t\n        \t                <span class=\"label_discount\">\n                                            <span class=\"card-liptov\"><\/span>\n                    \t\t\t    <span class=\"discount-text\">5\u20ac a 15\u20ac discount<\/span>                <\/span>\n\t    \n\t    \n\n\t\t\t\t    <\/div>\n\n    <div class=\"item-meta\">\n        <div class=\"item-title\">\n\t\t\tEXIsport Liptovsk\u00fd Mikul\u00e1\u0161        <\/div>\n\n\t\t<div class=\"item-loc icon-marker a\">Liptovsk\u00fd Mikul\u00e1\u0161<\/div>    <\/div>\n<\/a>\n<a class=\"list-item test\" href=\"https:\/\/plannervisit.krasno.dev\/en\/interests\/gothal-liptovska-osada-2\/\">\n\t    <div class=\"thumb\"\n         style=\"background-image:url('https:\/\/plannervisit.krasno.dev\/wp-content\/uploads\/2021\/05\/Gothal-fitko_foto-400x600.jpg')\">\n\t\t        <span class=\"favorite-btn  js_favorite-inline-ajax\"\r\n              data-id=\"143605\"\r\n\t\t>&hearts;<\/span>\r\n\t\n        \t                <span class=\"label_discount\">\n                                            <span class=\"card-liptov\"><\/span>\n                    \t\t\t    <span class=\"discount-text\">10% discount<\/span>                <\/span>\n\t    \n\t    \n\n\t\t\t\t    <\/div>\n\n    <div class=\"item-meta\">\n        <div class=\"item-title\">\n\t\t\tGOTHAL multifunctional complex        <\/div>\n\n\t\t<div class=\"item-loc icon-marker a\">Other locations<\/div>    <\/div>\n<\/a>\n<a class=\"list-item test\" href=\"https:\/\/plannervisit.krasno.dev\/en\/interests\/information-center-liptovsky-mikulas\/\">\n\t    <div class=\"thumb\"\n         style=\"background-image:url('https:\/\/plannervisit.krasno.dev\/wp-content\/uploads\/2016\/05\/informacne-centrum-lliptovsky-mikulas-600x400.jpg')\">\n\t\t        <span class=\"favorite-btn  js_favorite-inline-ajax\"\r\n              data-id=\"39815\"\r\n\t\t>&hearts;<\/span>\r\n\t\n        \t                <span class=\"label_discount\">\n                                            <span class=\"card-liptov\"><\/span>\n                    \t\t\t    <span class=\"discount-text\">10% discount <\/span>                <\/span>\n\t    \n\t    \n\n\t\t\t\t    <\/div>\n\n    <div class=\"item-meta\">\n        <div class=\"item-title\">\n\t\t\tInformation center Liptovsk\u00fd Mikul\u00e1\u0161        <\/div>\n\n\t\t<div class=\"item-loc icon-marker a\">Liptovsk\u00fd Mikul\u00e1\u0161<\/div>    <\/div>\n<\/a>\n<a class=\"list-item test\" href=\"https:\/\/plannervisit.krasno.dev\/en\/interests\/intersport-liptovsky-mikulas\/\">\n\t    <div class=\"thumb\"\n         style=\"background-image:url('https:\/\/plannervisit.krasno.dev\/wp-content\/uploads\/2018\/09\/Intersport-LM-1-1-600x400.jpg')\">\n\t\t        <span class=\"favorite-btn  js_favorite-inline-ajax\"\r\n              data-id=\"39868\"\r\n\t\t>&hearts;<\/span>\r\n\t\n        \t                <span class=\"label_discount\">\n                                            <span class=\"card-liptov\"><\/span>\n                    \t\t\t    <span class=\"discount-text\">10%, 20% discount<\/span>                <\/span>\n\t    \n\t    \n\n\t\t\t\t    <\/div>\n\n    <div class=\"item-meta\">\n        <div class=\"item-title\">\n\t\t\tINTERSPORT sport shop        <\/div>\n\n\t\t<div class=\"item-loc icon-marker a\">Liptovsk\u00fd Mikul\u00e1\u0161<\/div>    <\/div>\n<\/a>\n<a class=\"list-item test\" href=\"https:\/\/plannervisit.krasno.dev\/en\/interests\/lilly-sport-ski-servise-and-rent\/\">\n\t    <div class=\"thumb\"\n         style=\"background-image:url('https:\/\/plannervisit.krasno.dev\/wp-content\/uploads\/2019\/03\/str.-11_Lilly-sport-600x450.jpg')\">\n\t\t        <span class=\"favorite-btn  js_favorite-inline-ajax\"\r\n              data-id=\"36586\"\r\n\t\t>&hearts;<\/span>\r\n\t\n        \t                <span class=\"label_discount\">\n                                            <span class=\"card-liptov\"><\/span>\n                    \t\t\t    <span class=\"discount-text\">10%, 20% discount<\/span>                <\/span>\n\t    \n\t    \n\n\t\t\t\t    <\/div>\n\n    <div class=\"item-meta\">\n        <div class=\"item-title\">\n\t\t\tLilly sport Malin\u00f4 Brdo &#8211; ski rental and service        <\/div>\n\n\t\t<div class=\"item-loc icon-marker a\">Ru\u017eomberok<\/div>    <\/div>\n<\/a>\n<a class=\"list-item test\" href=\"https:\/\/plannervisit.krasno.dev\/en\/interests\/malino-brdo-ski-bike-ruzomberok\/\">\n\t    <div class=\"thumb\"\n         style=\"background-image:url('https:\/\/plannervisit.krasno.dev\/wp-content\/uploads\/2015\/12\/MALINO-BRDO_zima-2022-na-web-7-600x251.jpg')\">\n\t\t        <span class=\"favorite-btn  js_favorite-inline-ajax\"\r\n              data-id=\"36002\"\r\n\t\t>&hearts;<\/span>\r\n\t\n        \t                <span class=\"label_discount\">\n                                            <span class=\"card-liptov\"><\/span>\n                    \t\t\t    <span class=\"discount-text\">10% discount<\/span>                <\/span>\n\t    \n\t    \n\n\t\t            <span class=\"label_is-top\"><i\n                        class=\"g-icon-white g-icon-white_star\"><\/i>\n                    We chose for you                <\/span>\n\t\t\t\t    <\/div>\n\n    <div class=\"item-meta\">\n        <div class=\"item-title\">\n\t\t\tMalin\u00f4 Brdo ski &#038; bike family park        <\/div>\n\n\t\t<div class=\"item-loc icon-marker a\">Ru\u017eomberok<\/div>    <\/div>\n<\/a>\n<a class=\"list-item test\" href=\"https:\/\/plannervisit.krasno.dev\/en\/interests\/3d-multikino-golden-apple-cinema\/\">\n\t    <div class=\"thumb\"\n         style=\"background-image:url('https:\/\/plannervisit.krasno.dev\/wp-content\/uploads\/2018\/11\/golden-apple-cinema-liptovsky-mikulas-1_zmens-600x338.jpg')\">\n\t\t        <span class=\"favorite-btn  js_favorite-inline-ajax\"\r\n              data-id=\"38428\"\r\n\t\t>&hearts;<\/span>\r\n\t\n        \t                <span class=\"label_discount\">\n                                            <span class=\"card-liptov\"><\/span>\n                    \t\t\t    <span class=\"discount-text\">1,30\u20ac discount<\/span>                <\/span>\n\t    \n\t    \n\n\t\t\t\t    <\/div>\n\n    <div class=\"item-meta\">\n        <div class=\"item-title\">\n\t\t\tMultikino Golden Apple Cinema        <\/div>\n\n\t\t<div class=\"item-loc icon-marker a\">Liptovsk\u00fd Mikul\u00e1\u0161<\/div>    <\/div>\n<\/a>\n<a class=\"list-item test\" href=\"https:\/\/plannervisit.krasno.dev\/en\/interests\/adam-sport-ruzomberok\/\">\n\t    <div class=\"thumb\"\n         style=\"background-image:url('https:\/\/plannervisit.krasno.dev\/wp-content\/uploads\/2018\/09\/Adam-sport-1-resize-600x398.jpg')\">\n\t\t        <span class=\"favorite-btn  js_favorite-inline-ajax\"\r\n              data-id=\"42101\"\r\n\t\t>&hearts;<\/span>\r\n\t\n        \t                <span class=\"label_discount\">\n                                            <span class=\"card-liptov\"><\/span>\n                    \t\t\t    <span class=\"discount-text\">15% discount <\/span>                <\/span>\n\t    \n\t    \n\n\t\t\t\t    <\/div>\n\n    <div class=\"item-meta\">\n        <div class=\"item-title\">\n\t\t\tShop ADAM SPORT        <\/div>\n\n\t\t<div class=\"item-loc icon-marker a\">Ru\u017eomberok<\/div>    <\/div>\n<\/a>\n<a class=\"list-item test\" href=\"https:\/\/plannervisit.krasno.dev\/en\/interests\/aqua-motion-obchody-a-pozicovne\/\">\n\t    <div class=\"thumb\"\n         style=\"background-image:url('https:\/\/plannervisit.krasno.dev\/wp-content\/uploads\/2020\/05\/74.-Aqua-Motion-600x400.jpg')\">\n\t\t        <span class=\"favorite-btn  js_favorite-inline-ajax\"\r\n              data-id=\"129475\"\r\n\t\t>&hearts;<\/span>\r\n\t\n        \t                <span class=\"label_discount\">\n                                            <span class=\"card-liptov\"><\/span>\n                    \t\t\t    <span class=\"discount-text\">15% discount<\/span>                <\/span>\n\t    \n\t    \n\n\t\t\t\t    <\/div>\n\n    <div class=\"item-meta\">\n        <div class=\"item-title\">\n\t\t\tShop AQUA MOTION        <\/div>\n\n\t\t<div class=\"item-loc icon-marker a\">Liptovsk\u00fd Mikul\u00e1\u0161<\/div>    <\/div>\n<\/a>\n<a class=\"list-item test\" href=\"https:\/\/plannervisit.krasno.dev\/en\/interests\/ski-ninaj-rent-service-shop\/\">\n\t    <div class=\"thumb\"\n         style=\"background-image:url('https:\/\/plannervisit.krasno.dev\/wp-content\/uploads\/2020\/01\/ski-ninaj-600x577.jpg')\">\n\t\t        <span class=\"favorite-btn  js_favorite-inline-ajax\"\r\n              data-id=\"39854\"\r\n\t\t>&hearts;<\/span>\r\n\t\n        \t                <span class=\"label_discount\">\n                                            <span class=\"card-liptov\"><\/span>\n                    \t\t\t    <span class=\"discount-text\">15% discount<\/span>                <\/span>\n\t    \n\t    \n\n\t\t\t\t    <\/div>\n\n    <div class=\"item-meta\">\n        <div class=\"item-title\">\n\t\t\tSKI Ni\u0148aj &#8211; rent, service, shop        <\/div>\n\n\t\t<div class=\"item-loc icon-marker a\">Liptovsk\u00fd Mikul\u00e1\u0161<\/div>    <\/div>\n<\/a>\n<a class=\"list-item test\" href=\"https:\/\/plannervisit.krasno.dev\/en\/interests\/ad-moda-exclusive-leather-and-fur\/\">\n\t    <div class=\"thumb\"\n         style=\"background-image:url('https:\/\/plannervisit.krasno.dev\/wp-content\/uploads\/2019\/03\/ad01.jpg')\">\n\t\t        <span class=\"favorite-btn  js_favorite-inline-ajax\"\r\n              data-id=\"39950\"\r\n\t\t>&hearts;<\/span>\r\n\t\n        \t    \n\t            \n\n\t\t\t\t    <\/div>\n\n    <div class=\"item-meta\">\n        <div class=\"item-title\">\n\t\t\tAD Moda \u2013 exclusive leather and fur        <\/div>\n\n\t\t<div class=\"item-loc icon-marker a\">Liptovsk\u00fd Mikul\u00e1\u0161<\/div>    <\/div>\n<\/a>\n<a class=\"list-item test\" href=\"https:\/\/plannervisit.krasno.dev\/en\/interests\/algy-sport-rental-ruzomberok\/\">\n\t    <div class=\"thumb\"\n         style=\"background-image:url('https:\/\/plannervisit.krasno.dev\/wp-content\/uploads\/2023\/02\/pozicovna-Algy-sport-Ruzomberok-8-600x392.jpg')\">\n\t\t        <span class=\"favorite-btn  js_favorite-inline-ajax\"\r\n              data-id=\"220469\"\r\n\t\t>&hearts;<\/span>\r\n\t\n        \t    \n\t            \n\n\t\t\t\t    <\/div>\n\n    <div class=\"item-meta\">\n        <div class=\"item-title\">\n\t\t\tALGY SPORT        <\/div>\n\n\t\t<div class=\"item-loc icon-marker a\">Liptovsk\u00e1 \u0160tiavnica<\/div>    <\/div>\n<\/a>\n<a class=\"list-item test\" href=\"https:\/\/plannervisit.krasno.dev\/en\/interests\/besenova-water-park-e-bike-charging-station\/\">\n\t    <div class=\"thumb\"\n         style=\"background-image:url('https:\/\/plannervisit.krasno.dev\/wp-content\/uploads\/2021\/07\/Besenova-Hotel-ePOWERpoint-stanica-ebike-2023-1-450x600.jpg')\">\n\t\t        <span class=\"favorite-btn  js_favorite-inline-ajax\"\r\n              data-id=\"153780\"\r\n\t\t>&hearts;<\/span>\r\n\t\n        \t    \n\t            \n\n\t\t\t\t    <\/div>\n\n    <div class=\"item-meta\">\n        <div class=\"item-title\">\n\t\t\tBe\u0161e\u0148ov\u00e1, Water park &#8211; e-bike charging station        <\/div>\n\n\t\t<div class=\"item-loc icon-marker a\">Be\u0161e\u0148ov\u00e1<\/div>    <\/div>\n<\/a>\n<a class=\"list-item test\" href=\"https:\/\/plannervisit.krasno.dev\/en\/interests\/by-bike-in-slovakia-lm\/\">\n\t    <div class=\"thumb\"\n         style=\"background-image:url('https:\/\/plannervisit.krasno.dev\/wp-content\/uploads\/2018\/02\/Bicyklom-po-Slovensku-title2-FHD-600x338.jpg')\">\n\t\t        <span class=\"favorite-btn  js_favorite-inline-ajax\"\r\n              data-id=\"43029\"\r\n\t\t>&hearts;<\/span>\r\n\t\n        \t    \n\t            \n\n\t\t\t\t    <\/div>\n\n    <div class=\"item-meta\">\n        <div class=\"item-title\">\n\t\t\tBicyklom po Slovensku (By bike in Slovakia) &#8211; Liptovsk\u00fd Mikul\u00e1\u0161        <\/div>\n\n\t\t<div class=\"item-loc icon-marker a\">Liptovsk\u00fd Mikul\u00e1\u0161<\/div>    <\/div>\n<\/a>\n<\/div>\t\t\t<div class=\"facetwp-pager\"><\/div>        <\/div>\r\n\r\n    <\/div>\r\n\t\n\n\n\n<p><\/p>\n","protected":false},"excerpt":{"rendered":"","protected":false},"author":1,"featured_media":0,"parent":92495,"menu_order":0,"comment_status":"closed","ping_status":"closed","template":"","meta":{"_acf_changed":false,"inline_featured_image":false,"episode_type":"","audio_file":"","cover_image":"","cover_image_id":"","duration":"","filesize":"","date_recorded":"","explicit":"","block":"","filesize_raw":"","footnotes":""},"class_list":["post-92315","page","type-page","status-publish","hentry"],"acf":[],"_links":{"self":[{"href":"https:\/\/plannervisit.krasno.dev\/en\/wp-json\/wp\/v2\/pages\/92315"}],"collection":[{"href":"https:\/\/plannervisit.krasno.dev\/en\/wp-json\/wp\/v2\/pages"}],"about":[{"href":"https:\/\/plannervisit.krasno.dev\/en\/wp-json\/wp\/v2\/types\/page"}],"author":[{"embeddable":true,"href":"https:\/\/plannervisit.krasno.dev\/en\/wp-json\/wp\/v2\/users\/1"}],"replies":[{"embeddable":true,"href":"https:\/\/plannervisit.krasno.dev\/en\/wp-json\/wp\/v2\/comments?post=92315"}],"version-history":[{"count":0,"href":"https:\/\/plannervisit.krasno.dev\/en\/wp-json\/wp\/v2\/pages\/92315\/revisions"}],"up":[{"embeddable":true,"href":"https:\/\/plannervisit.krasno.dev\/en\/wp-json\/wp\/v2\/pages\/92495"}],"wp:attachment":[{"href":"https:\/\/plannervisit.krasno.dev\/en\/wp-json\/wp\/v2\/media?parent=92315"}],"curies":[{"name":"wp","href":"https:\/\/api.w.org\/{rel}","templated":true}]}}