{"id":92504,"date":"2019-03-15T09:34:57","date_gmt":"2019-03-15T08:34:57","guid":{"rendered":"https:\/\/www.visitliptov.sk\/holiday-planning\/doprava-na-liptove\/"},"modified":"2024-03-05T16:14:03","modified_gmt":"2024-03-05T15:14:03","slug":"transport-around-liptov","status":"publish","type":"page","link":"https:\/\/plannervisit.krasno.dev\/en\/holiday-planning\/transport-around-liptov\/","title":{"rendered":"Transport around Liptov"},"content":{"rendered":"\r\n<div id=\"contact-block_896e760655da5edd9826f0b2ac73ec6a\" class=\"blog-cats\">\r\n        <div class=\"facetwp-radio\">\r\n        <a href=\"#ski-aqua-bus\">\r\n        SKI &#038; AQUA BUS        <\/a>\r\n      <\/div>\r\n            <div class=\"facetwp-radio\">\r\n        <a href=\"#vlak\">\r\n        Train transport        <\/a>\r\n      <\/div>\r\n            <div class=\"facetwp-radio\">\r\n        <a href=\"#bus\">\r\n        Bus transportation        <\/a>\r\n      <\/div>\r\n            <div class=\"facetwp-radio\">\r\n        <a href=\"#lietadlo\">\r\n        Air transport        <\/a>\r\n      <\/div>\r\n            <div class=\"facetwp-radio\">\r\n        <a href=\"#auto\">\r\n        Trucking and taxi        <\/a>\r\n      <\/div>\r\n      <\/div>\r\n\n\n\n<h2 class=\"wp-block-heading\" id=\"ski-aqua-bus\">Free doprava \u2013 SKI &amp; AQUA BUS<\/h2>\n\n\n\n<div class=\"wp-block-media-text alignwide has-media-on-the-right is-stacked-on-mobile\" style=\"grid-template-columns:auto 20%\"><div class=\"wp-block-media-text__content\">\n<p>There is a regular free SKI &amp; AQUA BUS service in Liptov during the winter season. Skiers and vacationers can thus comfortably ride to the slopes, but also to the Tatralandia water park. Ski buses connect the Jasn\u00e1 resort with Liptovsk\u00fd Mikul\u00e1\u0161 and Tatralandia, as well as with Liptovsk\u00fd J\u00e1n and Be\u0161e\u0148ov\u00e1. And the Malin\u00f4 Brdo ski resort with Ru\u017eomberok.<\/p>\n\n\n\n<h3 class=\"wp-block-heading\">The ski bus will operate until 10.3.2024 and then in a limited mode from 11.-17.3.2024 and 28.3.-1.4.2024.<\/h3>\n\n\n\n<p>Entry to the SKI &amp; AQUA bus is free for Liptov Region Card or skipass holders!<\/p>\n<\/div><figure class=\"wp-block-media-text__media\"><img decoding=\"async\" src=\"https:\/\/plannervisit.krasno.dev\/wp-content\/uploads\/2019\/03\/bus-1.svg\" alt=\"\" class=\"wp-image-29350 size-full\"\/><\/figure><\/div>\n\n\n\n<div class=\"wp-block-columns is-layout-flex wp-container-core-columns-is-layout-1 wp-block-columns-is-layout-flex\">\n<div class=\"wp-block-column is-layout-flow wp-block-column-is-layout-flow\" style=\"flex-basis:100%\"><div class=\"wp-block-image\">\n<figure class=\"aligncenter size-full is-resized\"><a href=\"https:\/\/plannervisit.krasno.dev\/wp-content\/uploads\/2023\/12\/SKIBUS_plagat_A4_web.pdf\" target=\"_blank\" rel=\"noreferrer noopener\"><img loading=\"lazy\" decoding=\"async\" width=\"1920\" height=\"1080\" src=\"https:\/\/plannervisit.krasno.dev\/wp-content\/uploads\/2023\/11\/skibus-2023-2024-letak.png\" alt=\"\" class=\"wp-image-560671\" style=\"aspect-ratio:1.7777777777777777;width:466px;height:auto\" srcset=\"https:\/\/plannervisit.krasno.dev\/wp-content\/uploads\/2023\/11\/skibus-2023-2024-letak.png 1920w, https:\/\/plannervisit.krasno.dev\/wp-content\/uploads\/2023\/11\/skibus-2023-2024-letak-1200x675.png 1200w, https:\/\/plannervisit.krasno.dev\/wp-content\/uploads\/2023\/11\/skibus-2023-2024-letak-600x338.png 600w, https:\/\/plannervisit.krasno.dev\/wp-content\/uploads\/2023\/11\/skibus-2023-2024-letak-1536x864.png 1536w\" sizes=\"(max-width: 1920px) 100vw, 1920px\" \/><\/a><\/figure><\/div>\n\n\n<div class=\"wp-block-buttons is-content-justification-center is-layout-flex wp-container-core-buttons-is-layout-1 wp-block-buttons-is-layout-flex\">\n<div class=\"wp-block-button\"><a class=\"wp-block-button__link has-text-align-center wp-element-button\" href=\"https:\/\/www.jasna.sk\/en\/informacie\/informacie\/transport\/transport-to-the-resort-by-car\" target=\"_blank\" rel=\"noreferrer noopener\">Transport in Jasn\u00e1<\/a><\/div>\n\n\n\n<div class=\"wp-block-button\"><a class=\"wp-block-button__link wp-element-button\" href=\"https:\/\/plannervisit.krasno.dev\/wp-content\/uploads\/2024\/03\/SKIBUS_plagat_formaty.pdf\" target=\"_blank\" rel=\"noreferrer noopener\">Timetable SKI &amp; AQUA BUS (.pdf)<\/a><\/div>\n\n\n\n<div class=\"wp-block-button\"><a class=\"wp-block-button__link wp-element-button\" href=\"https:\/\/plannervisit.krasno.dev\/wp-content\/uploads\/2024\/03\/SKIBUS_grafikon.pdf\" target=\"_blank\" rel=\"noreferrer noopener\">Timetable after 10 March 2024 (.pdf)<\/a><\/div>\n<\/div>\n<\/div>\n<\/div>\n\n\n\n<hr class=\"wp-block-separator has-css-opacity is-style-dots\"\/>\n\n\n\n<h2 class=\"wp-block-heading\" id=\"vlak\">Train transport<\/h2>\n\n\n\n<div class=\"wp-block-media-text alignwide has-media-on-the-right is-stacked-on-mobile\" style=\"grid-template-columns:auto 20%\"><div class=\"wp-block-media-text__content\">\n<p>The Liptov region is conveniently accessible by train. The Slovak Republic&#8217;s railways form the main rail link from west to east. Liptovsk\u00fd Mikul\u00e1\u0161 and Ru\u017eomberok are the main transport hub with regular rail connections from Bratislava and Ko\u0161ice and international connections from Prague. From Liptovsk\u00fd Mikul\u00e1\u0161 and Ru\u017eomberok you can get to individual tourist centers by bus.<\/p>\n<\/div><figure class=\"wp-block-media-text__media\"><img decoding=\"async\" src=\"https:\/\/plannervisit.krasno.dev\/wp-content\/uploads\/2019\/03\/high-speed-train.svg\" alt=\"\" class=\"wp-image-29357 size-full\"\/><\/figure><\/div>\n\n\n<div class=\"\"><div class=\"carousel-acf-items owl-carousel js-carousel-content carousel-style-\"><div class=\"carousel-item carousel-item-custom\" id=\"carousel_92504\">\r\n\t\t\t<div class=\"thumbnail \" >\r\n\t\t\t<img decoding=\"async\" src=\"https:\/\/plannervisit.krasno.dev\/wp-content\/uploads\/2019\/09\/leoexpress.jpg\" alt=\"\" class=\"thumbnail-img\">\r\n\t\t<\/div>\r\n\t\t<div class=\"carousel-content\">\r\n\t\t<h3>Leo Express<\/h3>\n<p><span>Our trains ride on the Czech and Slovak rails. Each of the <\/span><strong>trains<\/strong><span> consists of <\/span><strong>five low<\/strong><span>&#8211;<\/span><strong>floor carriages<\/strong> that are easy to walk through.<\/p>\n\t\t<div class=\"text-center\"><a href=\"https:\/\/www.leoexpress.com\/en\" class=\"btn btn-small wp-block-button__link\">LeoExpress<\/a><\/div>\t<\/div>\r\n<\/div>\r\n<div class=\"carousel-item carousel-item-custom\" id=\"carousel_92504\">\r\n\t\t\t<div class=\"thumbnail \" >\r\n\t\t\t<img decoding=\"async\" src=\"https:\/\/plannervisit.krasno.dev\/wp-content\/uploads\/2019\/03\/CD-ND-1.png\" alt=\"\" class=\"thumbnail-img\">\r\n\t\t<\/div>\r\n\t\t<div class=\"carousel-content\">\r\n\t\t<h3>Best to the Tatras Pendolino<\/h3>\n<p><span>From Czech republic to Zilina, Poprad or Liptovsky Mikulas Czech national carrier. <\/span><strong>Get a discount on 2 day ski passes at the Jasna Ski Area.<\/strong><\/p>\n\t\t<div class=\"text-center\"><a href=\"https:\/\/www.cd.cz\/default.htm\" class=\"btn btn-small wp-block-button__link\">\u010cesk\u00e9 dr\u00e1hy<\/a><\/div>\t<\/div>\r\n<\/div>\r\n<div class=\"carousel-item carousel-item-custom\" id=\"carousel_92504\">\r\n\t\t\t<div class=\"thumbnail \" >\r\n\t\t\t<img decoding=\"async\" src=\"https:\/\/plannervisit.krasno.dev\/wp-content\/uploads\/2019\/03\/236_zsr-logo-1.png\" alt=\"\" class=\"thumbnail-img\">\r\n\t\t<\/div>\r\n\t\t<div class=\"carousel-content\">\r\n\t\t<h3>Conveniently with national transport<\/h3>\n<p><span><\/span><strong>The widest and most extensive<\/strong> offer not only train connections from different parts of Slovakia. An ideal choice for the fastest way to the heart of Liptov.<\/p>\n\t\t<div class=\"text-center\"><a href=\"https:\/\/www.zsr.sk\/\" class=\"btn btn-small wp-block-button__link\">Slovak republic Railways<\/a><\/div>\t<\/div>\r\n<\/div>\r\n<\/div><\/div>\n\n\n<hr class=\"wp-block-separator has-css-opacity is-style-dots\"\/>\n\n\n\n<h2 class=\"wp-block-heading\" id=\"bus\">Bus transportation<\/h2>\n\n\n\n<div class=\"wp-block-media-text alignwide has-media-on-the-right is-stacked-on-mobile\" style=\"grid-template-columns:auto 20%\"><div class=\"wp-block-media-text__content\">\n<p>By bus you can get to Liptov in addition to the state bus transport through private bus companies, which offer transport from various parts of Slovakia as well as Europe. The most used companies are FLIXBUS, PKS Polonus.<\/p>\n\n\n\n<h3 class=\"wp-block-heading\">Get to Liptov comfortably from anywhere<\/h3>\n\n\n\n<p>It doesn&#8217;t matter where you are in Slovakia. The timetables page will always find the fastest possible bus connection, with as few transfers as possible. If you are already in one of the beautiful towns of Liptov, but you do not have a car, you only need to find the nearest possible bus route on the timetables page.<\/p>\n\n\n\n<div class=\"wp-block-button\"><a class=\"wp-block-button__link wp-element-button\" href=\"http:\/\/cp.sk\">bus connections CP.sk<\/a><\/div>\n<\/div><figure class=\"wp-block-media-text__media\"><img decoding=\"async\" src=\"https:\/\/plannervisit.krasno.dev\/wp-content\/uploads\/2019\/03\/bus-1.svg\" alt=\"\" class=\"wp-image-29350 size-full\"\/><\/figure><\/div>\n\n\n\n<h3 class=\"wp-block-heading\">Both Krakow and Warsaw like Liptov<\/h3>\n\n\n<div class=\"\"><div class=\"carousel-acf-items owl-carousel js-carousel-content carousel-style-\"><div class=\"carousel-item carousel-item-custom\" id=\"carousel_92504\">\r\n\t\t<div class=\"carousel-content\">\r\n\t\t<h3>From Krakow to Liptov<\/h3>\n<p><span>They run minibuses twice a day. <\/span><strong>LeoExpress <\/strong><span>on the new route <\/span><strong>Krakov<\/strong><span> \u203a <\/span><strong>Poprad<\/strong><span> \u203a Liptovsk\u00fd Mikul\u00e1\u0161 \u203a <\/span><strong>Tatralandia<\/strong><span> \u203a <\/span><strong>Be\u0161enov\u00e1<\/strong>.<\/p>\n<p><span><\/span><strong>Prices start from 5 EUR.<\/strong><\/p>\n\t\t<div class=\"text-center\"><a href=\"https:\/\/www.leoexpress.com\/en\" class=\"btn btn-small wp-block-button__link\">look the connection<\/a><\/div>\t<\/div>\r\n<\/div>\r\n<div class=\"carousel-item carousel-item-custom\" id=\"carousel_92504\">\r\n\t\t<div class=\"carousel-content\">\r\n\t\t<h3>From Warsaw to Liptov<\/h3>\n<p><span>Bus transporter<\/span><strong>PKS POLONUS <\/strong>launches regular weekend bus service from Warsaw to Krakow \u203a Zakopane \u203a Tatranska Lomnica \u203a Stary Smokovec \u203a Liptovsky Mikulas to Tatralandia.<\/p>\n\t\t<div class=\"text-center\"><a href=\"https:\/\/pkspolonus.pl\/\" class=\"btn btn-small wp-block-button__link\">look the connection<\/a><\/div>\t<\/div>\r\n<\/div>\r\n<\/div><\/div>\n\n\n<hr class=\"wp-block-separator has-css-opacity is-style-dots\"\/>\n\n\n\n<h2 class=\"wp-block-heading\" id=\"lietadlo\">Air transport<\/h2>\n\n\n\n<div class=\"wp-block-media-text alignwide has-media-on-the-right is-stacked-on-mobile\" style=\"grid-template-columns:auto 20%\"><div class=\"wp-block-media-text__content\">\n<p>It is possible to get to Liptov comfortably by air either at the airport in Poprad, which is only 60 km away from Liptovsk\u00fd Mikul\u00e1\u0161. Another option is to use the airport in Bratislava (300km away) or Kosice (170km away). Airlines flying to these airports are <a href=\"https:\/\/wizzair.com\/#\/\">Wizzair<\/a>, <a href=\"https:\/\/www.ryanair.com\/sk\/en\/\">Ryanair <\/a>and <a href=\"https:\/\/www.csa.cz\/sk-en\/\">Czech Airlines<\/a>.<\/p>\n<\/div><figure class=\"wp-block-media-text__media\"><img decoding=\"async\" src=\"https:\/\/plannervisit.krasno.dev\/wp-content\/uploads\/2019\/03\/plane.svg\" alt=\"\" class=\"wp-image-29423 size-full\"\/><\/figure><\/div>\n\n\n\n<h3 class=\"wp-block-heading\">From London directly to the heart of Liptov<\/h3>\n\n\n<div class=\"\"><div class=\"carousel-acf-items owl-carousel js-carousel-content carousel-style-default\"><div class=\"carousel-item carousel-item-custom\" id=\"carousel_92504\">\r\n\t\t<div class=\"carousel-content\">\r\n\t\t<h3>London, Stansted<br \/>\n(Ryanair)<\/h3>\n<p><a href=\"https:\/\/plannervisit.krasno.dev\/wp-content\/uploads\/2019\/03\/kalendar.svg\"><img decoding=\"async\" class=\"alignnone size-full wp-image-29475\" src=\"https:\/\/plannervisit.krasno.dev\/wp-content\/uploads\/2019\/03\/kalendar.svg\" alt=\"\" \/><\/a> Wednesday, Saturday<\/p>\n\t\t<div class=\"text-center\"><a href=\"https:\/\/www.ryanair.com\/\" class=\"btn btn-small wp-block-button__link\">ryanair.com<\/a><\/div>\t<\/div>\r\n<\/div>\r\n<div class=\"carousel-item carousel-item-custom\" id=\"carousel_92504\">\r\n\t\t<div class=\"carousel-content\">\r\n\t\t<h3>London, Luton<br \/>\n(Wizzair)<\/h3>\n<p><a href=\"https:\/\/plannervisit.krasno.dev\/wp-content\/uploads\/2019\/03\/kalendar.svg\"><img decoding=\"async\" class=\"alignnone size-full wp-image-29475\" src=\"https:\/\/plannervisit.krasno.dev\/wp-content\/uploads\/2019\/03\/kalendar.svg\" alt=\"\" \/><\/a> Wednesday, Sunday<\/p>\n\t\t<div class=\"text-center\"><a href=\"https:\/\/wizzair.com\/\" class=\"btn btn-small wp-block-button__link\">wizzair.com<\/a><\/div>\t<\/div>\r\n<\/div>\r\n<div class=\"carousel-item carousel-item-custom\" id=\"carousel_92504\">\r\n\t\t<div class=\"carousel-content\">\r\n\t\t<h3>Contact<\/h3>\n<p><a href=\"https:\/\/plannervisit.krasno.dev\/wp-content\/uploads\/2019\/03\/location-marker.svg\"><img decoding=\"async\" class=\"alignnone size-full wp-image-29498\" src=\"https:\/\/plannervisit.krasno.dev\/wp-content\/uploads\/2019\/03\/location-marker.svg\" alt=\"\" \/><\/a> Letisko 100 058 98 Poprad Slovensk\u00e1 Republika<\/p>\n<p><img decoding=\"async\" class=\"alignnone size-full wp-image-28412\" src=\"https:\/\/plannervisit.krasno.dev\/wp-content\/uploads\/2019\/03\/telefon_gradient.svg\" alt=\"\" \/> +421 52 776 3875<\/p>\n<p><img decoding=\"async\" class=\"alignnone size-full wp-image-28412\" src=\"https:\/\/plannervisit.krasno.dev\/wp-content\/uploads\/2019\/03\/telefon_gradient.svg\" alt=\"\" \/> +421 52 772 5005<\/p>\n<p><a href=\"https:\/\/plannervisit.krasno.dev\/wp-content\/uploads\/2019\/03\/mail_gradient.svg\"><img decoding=\"async\" class=\"alignnone size-full wp-image-29502\" src=\"https:\/\/plannervisit.krasno.dev\/wp-content\/uploads\/2019\/03\/mail_gradient.svg\" alt=\"\" \/><\/a> airport@airport-poprad.sk<\/p>\n\t\t<div class=\"text-center\"><a href=\"http:\/\/www.airport-poprad.sk\/#\" class=\"btn btn-small wp-block-button__link\">transport options<\/a><\/div>\t<\/div>\r\n<\/div>\r\n<\/div><\/div>\n\n\n<hr class=\"wp-block-separator has-css-opacity is-style-dots\"\/>\n\n\n\n<h2 class=\"wp-block-heading\" id=\"auto\">Trucking and taxi<\/h2>\n\n\n\n<div class=\"wp-block-media-text alignwide has-media-on-the-right is-stacked-on-mobile\" style=\"grid-template-columns:auto 20%\"><div class=\"wp-block-media-text__content\">\n<p>The Liptov region hides not only natural treasures. For a safer ride, check current traffic restrictions or accidents. Plan your best route. We recommend using the GPS navigation waze or google maps.<\/p>\n\n\n\n<div class=\"wp-block-columns has-2-columns is-layout-flex wp-container-core-columns-is-layout-2 wp-block-columns-is-layout-flex\">\n<div class=\"wp-block-column is-layout-flow wp-block-column-is-layout-flow\">\n<figure class=\"wp-block-image\"><img loading=\"lazy\" decoding=\"async\" width=\"180\" height=\"45\" src=\"https:\/\/plannervisit.krasno.dev\/wp-content\/uploads\/2019\/03\/waze.png\" alt=\"\" class=\"wp-image-29530\"\/><\/figure>\n\n\n\n<div class=\"wp-block-button\"><a class=\"wp-block-button__link wp-element-button\" href=\"https:\/\/www.waze.com\/sk\">plan your trip through waze<\/a><\/div>\n<\/div>\n\n\n\n<div class=\"wp-block-column is-layout-flow wp-block-column-is-layout-flow\">\n<figure class=\"wp-block-image\"><img loading=\"lazy\" decoding=\"async\" width=\"180\" height=\"45\" src=\"https:\/\/plannervisit.krasno.dev\/wp-content\/uploads\/2019\/03\/google_maps.png\" alt=\"\" class=\"wp-image-29526\"\/><\/figure>\n\n\n\n<div class=\"wp-block-button\"><a class=\"wp-block-button__link wp-element-button\" href=\"https:\/\/www.google.com\/maps\">plan your trip through google<\/a><\/div>\n<\/div>\n<\/div>\n\n\n\n<p><\/p>\n<\/div><figure class=\"wp-block-media-text__media\"><img decoding=\"async\" src=\"https:\/\/plannervisit.krasno.dev\/wp-content\/uploads\/2019\/03\/taxi-1.svg\" alt=\"\" class=\"wp-image-29509 size-full\"\/><\/figure><\/div>\n\n\n\n<h3 class=\"wp-block-heading\">Taxi services and rental<\/h3>\n\n\n<div class=\"\"><div class=\"carousel-acf-items owl-carousel js-carousel-content carousel-style-\"><div class=\"carousel-item carousel-item-custom\" id=\"carousel_92504\">\r\n\t\t<div class=\"carousel-content\">\r\n\t\t<h3>Taxi slu\u017eba NONSTOP<\/h3>\n<p>(10 -25% discount with Liptov Region Card)<\/p>\n<p><img decoding=\"async\" class=\"alignnone size-full wp-image-28412\" src=\"https:\/\/plannervisit.krasno.dev\/wp-content\/uploads\/2019\/03\/telefon_gradient.svg\" alt=\"\" \/> +421 917 965 754<\/p>\n\t\t<div class=\"text-center\"><a href=\"http:\/\/www.taxijasnaliptov.sk\/sk\/\" class=\"btn btn-small wp-block-button__link\">more information<\/a><\/div>\t<\/div>\r\n<\/div>\r\n<div class=\"carousel-item carousel-item-custom\" id=\"carousel_92504\">\r\n\t\t<div class=\"carousel-content\">\r\n\t\t<h3>Car rental Europcar Poprad &#8211; airport<\/h3>\n<p>(10% discount with Liptov Region Card)<\/p>\n<p><img decoding=\"async\" class=\"alignnone size-full wp-image-28412\" src=\"https:\/\/plannervisit.krasno.dev\/wp-content\/uploads\/2019\/03\/telefon_gradient.svg\" alt=\"\" \/>\u00a0+421 907 856 968<\/p>\n\t\t<div class=\"text-center\"><a href=\"https:\/\/www.europcar.sk\/location\/slovak-republic\/poprad\/poprad-airport\" class=\"btn btn-small wp-block-button__link\">more information<\/a><\/div>\t<\/div>\r\n<\/div>\r\n<\/div><\/div>\n\n\n<p><\/p>\n","protected":false},"excerpt":{"rendered":"<p>Free doprava \u2013 SKI &amp; AQUA BUS There is a regular free SKI &amp; AQUA BUS service in Liptov during &#8230;<\/p>\n","protected":false},"author":2,"featured_media":210026,"parent":92495,"menu_order":0,"comment_status":"closed","ping_status":"closed","template":"page_no-title.php","meta":{"_acf_changed":false,"inline_featured_image":false,"episode_type":"","audio_file":"","cover_image":"","cover_image_id":"","duration":"","filesize":"","date_recorded":"","explicit":"","block":"","filesize_raw":"","footnotes":""},"class_list":["post-92504","page","type-page","status-publish","has-post-thumbnail","hentry"],"acf":[],"_links":{"self":[{"href":"https:\/\/plannervisit.krasno.dev\/en\/wp-json\/wp\/v2\/pages\/92504"}],"collection":[{"href":"https:\/\/plannervisit.krasno.dev\/en\/wp-json\/wp\/v2\/pages"}],"about":[{"href":"https:\/\/plannervisit.krasno.dev\/en\/wp-json\/wp\/v2\/types\/page"}],"author":[{"embeddable":true,"href":"https:\/\/plannervisit.krasno.dev\/en\/wp-json\/wp\/v2\/users\/2"}],"replies":[{"embeddable":true,"href":"https:\/\/plannervisit.krasno.dev\/en\/wp-json\/wp\/v2\/comments?post=92504"}],"version-history":[{"count":0,"href":"https:\/\/plannervisit.krasno.dev\/en\/wp-json\/wp\/v2\/pages\/92504\/revisions"}],"up":[{"embeddable":true,"href":"https:\/\/plannervisit.krasno.dev\/en\/wp-json\/wp\/v2\/pages\/92495"}],"wp:featuredmedia":[{"embeddable":true,"href":"https:\/\/plannervisit.krasno.dev\/en\/wp-json\/wp\/v2\/media\/210026"}],"wp:attachment":[{"href":"https:\/\/plannervisit.krasno.dev\/en\/wp-json\/wp\/v2\/media?parent=92504"}],"curies":[{"name":"wp","href":"https:\/\/api.w.org\/{rel}","templated":true}]}}