{"id":165620,"date":"2020-02-24T15:49:42","date_gmt":"2020-02-24T14:49:42","guid":{"rendered":"https:\/\/www.visitliptov.sk\/vyhladaj-aktualne-spojenie-skiaqua-bus\/"},"modified":"2021-12-28T12:59:25","modified_gmt":"2021-12-28T11:59:25","slug":"vyhladaj-aktualne-spojenie-skiaqua-bus","status":"publish","type":"page","link":"https:\/\/plannervisit.krasno.dev\/pl\/vyhladaj-aktualne-spojenie-skiaqua-bus\/","title":{"rendered":"Znajd\u017a po\u0142\u0105czenie autobusowe SKI &#038; AQUA"},"content":{"rendered":"\n<div class=\"wp-block-columns has-3-columns is-layout-flex wp-container-core-columns-is-layout-1 wp-block-columns-is-layout-flex\">\n<div class=\"wp-block-column is-layout-flow wp-block-column-is-layout-flow\"><iframe loading=\"lazy\" src=\"\r\nhttps:\/\/oocr-skibus.starbug.eu\/index.html?language=SK&amp;timestamp=1.77801687139E+12\" width=\"100%\" height=\"800\"><\/iframe>\n<\/div>\n\n\n\n<div class=\"wp-block-column is-layout-flow wp-block-column-is-layout-flow\"><\/div>\n\n\n\n<div class=\"wp-block-column is-layout-flow wp-block-column-is-layout-flow\"><\/div>\n<\/div>\n","protected":false},"excerpt":{"rendered":"","protected":false},"author":15,"featured_media":165571,"parent":0,"menu_order":0,"comment_status":"closed","ping_status":"closed","template":"","meta":{"_acf_changed":false,"inline_featured_image":false,"episode_type":"","audio_file":"","cover_image":"","cover_image_id":"","duration":"","filesize":"","date_recorded":"","explicit":"","block":"","filesize_raw":"","footnotes":""},"class_list":["post-165620","page","type-page","status-publish","has-post-thumbnail","hentry"],"acf":[],"_links":{"self":[{"href":"https:\/\/plannervisit.krasno.dev\/pl\/wp-json\/wp\/v2\/pages\/165620"}],"collection":[{"href":"https:\/\/plannervisit.krasno.dev\/pl\/wp-json\/wp\/v2\/pages"}],"about":[{"href":"https:\/\/plannervisit.krasno.dev\/pl\/wp-json\/wp\/v2\/types\/page"}],"author":[{"embeddable":true,"href":"https:\/\/plannervisit.krasno.dev\/pl\/wp-json\/wp\/v2\/users\/15"}],"replies":[{"embeddable":true,"href":"https:\/\/plannervisit.krasno.dev\/pl\/wp-json\/wp\/v2\/comments?post=165620"}],"version-history":[{"count":0,"href":"https:\/\/plannervisit.krasno.dev\/pl\/wp-json\/wp\/v2\/pages\/165620\/revisions"}],"wp:featuredmedia":[{"embeddable":true,"href":"https:\/\/plannervisit.krasno.dev\/pl\/wp-json\/wp\/v2\/media\/165571"}],"wp:attachment":[{"href":"https:\/\/plannervisit.krasno.dev\/pl\/wp-json\/wp\/v2\/media?parent=165620"}],"curies":[{"name":"wp","href":"https:\/\/api.w.org\/{rel}","templated":true}]}}