{"id":175834,"date":"2022-04-22T14:45:36","date_gmt":"2022-04-22T12:45:36","guid":{"rendered":"https:\/\/www.visitliptov.sk\/liptov-region-card\/kupit\/"},"modified":"2023-11-09T09:50:37","modified_gmt":"2023-11-09T08:50:37","slug":"kupic","status":"publish","type":"page","link":"https:\/\/plannervisit.krasno.dev\/pl\/liptov-region-card\/kupic\/","title":{"rendered":"Kupi\u0107 Liptov Region Card"},"content":{"rendered":"\n<div class=\"wp-block-cover alignfull is-light mt-0 mb-0\" style=\"min-height:500px;aspect-ratio:unset;\"><span aria-hidden=\"true\" class=\"wp-block-cover__background has-background-dim-20 has-background-dim\"><\/span><video class=\"wp-block-cover__video-background intrinsic-ignore\" autoplay muted loop playsinline src=\"https:\/\/plannervisit.krasno.dev\/wp-content\/uploads\/2022\/04\/Liptov-region-card-_produktove-video_Segment_0_x264.mp4\" data-object-fit=\"cover\"><\/video><div class=\"wp-block-cover__inner-container is-layout-flow wp-block-cover-is-layout-flow\">\n<p class=\"has-text-align-center has-white-color has-text-color has-large-font-size\"><strong>Zaoszcz\u0119d\u017a na wakacjach i kup Liptov Region Card<\/strong><\/p>\n\n\n\n<p class=\"has-text-align-center has-white-color has-text-color\" style=\"font-size:25px\"><em>Liptov Region Card \u2013 Szybko i \u0142atwo!<\/em><\/p>\n<\/div><\/div>\n\n\n\n<div style=\"height:41px\" aria-hidden=\"true\" class=\"wp-block-spacer\"><\/div>\n\n\n\r\n<div id=\"contact-block_c8192ec7a5371397cbb1dcdd1d1907de\" class=\"blog-cats\">\r\n        <div class=\"facetwp-radio\">\r\n        <a href=\"https:\/\/plannervisit.krasno.dev\/pl\/liptov-region-card\/\">\r\n        O KARCIE        <\/a>\r\n      <\/div>\r\n            <div class=\"facetwp-radio\">\r\n        <a href=\"https:\/\/plannervisit.krasno.dev\/pl\/liptov-region-card\/jak-otrzymac\/\">\r\n        JAK OTRZYMAC          <\/a>\r\n      <\/div>\r\n            <div class=\"facetwp-radio\">\r\n        <a href=\"https:\/\/plannervisit.krasno.dev\/pl\/liptov-region-card\/znizki-z-karta-liptov-region-card\/\">\r\n        RABATY        <\/a>\r\n      <\/div>\r\n            <div class=\"facetwp-radio\">\r\n        <a href=\"https:\/\/plannervisit.krasno.dev\/pl\/liptov-region-card\/czesto-zadawane-pytania\/\">\r\n        CZ\u0118STO ZADAWANE PYTANIA        <\/a>\r\n      <\/div>\r\n            <div class=\"facetwp-radio\">\r\n        <a href=\"https:\/\/plannervisit.krasno.dev\/wp-content\/uploads\/2022\/05\/VOP_s-online-kartou-PL-2.pdf\">\r\n        OG\u00d3LNE WARUNKI HANDLOWE         <\/a>\r\n      <\/div>\r\n      <\/div>\r\n\n\n\n<p><span><\/span><strong><strong>Przewodnik <\/strong><\/strong><span>po regionie w Twoich r\u0119kach. <\/span><strong>Gdzie wybra\u0107 si\u0119<\/strong><span> na wycieczk\u0119, gdzie do\u015bwiadczy\u0107 dozna\u0144 <\/span><strong>kulinarnych <\/strong><span>lub dobrze <\/span><strong>uprawia\u0107 <\/strong><span>sporty? Liptov Region Card poka\u017ce Ci to, <\/span><strong>co najlepsze w regionie<\/strong> i jest idealnym rozwi\u0105zaniem, kt\u00f3re pomo\u017ce Ci w pe\u0142ni wykorzysta\u0107 swoj\u0105 podr\u00f3\u017c w dost\u0119pnej cenie.<\/p>\n\n\n\n<h3 class=\"wp-block-heading\"><strong>Jak zakupi\u0107 online kart\u0119 Liptov Region Card:<\/strong><\/h3>\n\n\n\n<div class=\"wp-block-columns is-layout-flex wp-container-core-columns-is-layout-1 wp-block-columns-is-layout-flex\">\n<div class=\"wp-block-column is-layout-flow wp-block-column-is-layout-flow\"><div class=\"wp-block-image is-style-default\">\n<figure class=\"aligncenter size-large is-resized\"><img loading=\"lazy\" decoding=\"async\" width=\"512\" height=\"512\" src=\"https:\/\/plannervisit.krasno.dev\/wp-content\/uploads\/2022\/05\/kupit-ikona.png\" alt=\"\" class=\"wp-image-176517\" style=\"width:128px;height:128px\"\/><\/figure><\/div>\n\n\n<p class=\"has-text-align-center\"><strong><strong>1. Kup <\/strong><\/strong>kart\u0119 za po\u015brednictwem bramki p\u0142atno\u015bci.<\/p>\n<\/div>\n\n\n\n<div class=\"wp-block-column is-layout-flow wp-block-column-is-layout-flow\"><div class=\"wp-block-image is-style-default\">\n<figure class=\"aligncenter size-large is-resized\"><img loading=\"lazy\" decoding=\"async\" width=\"512\" height=\"512\" src=\"https:\/\/plannervisit.krasno.dev\/wp-content\/uploads\/2022\/05\/email-ikona.png\" alt=\"\" class=\"wp-image-176520\" style=\"width:128px;height:128px\"\/><\/figure><\/div>\n\n\n<p class=\"has-text-align-center\"><strong><strong>2.<\/strong>&nbsp;<\/strong><span>Sprawd\u017a swoj\u0105<\/span><strong> skrzynk\u0119 e-mail<\/strong><span>, gdzie <\/span><strong>znajdziesz <\/strong>numer swojej karty Liptov Region Card.<\/p>\n<\/div>\n\n\n\n<div class=\"wp-block-column is-layout-flow wp-block-column-is-layout-flow\"><div class=\"wp-block-image is-style-default\">\n<figure class=\"aligncenter size-large is-resized\"><img loading=\"lazy\" decoding=\"async\" width=\"512\" height=\"512\" src=\"https:\/\/plannervisit.krasno.dev\/wp-content\/uploads\/2022\/05\/aplikacia_telefon_ikona.png\" alt=\"\" class=\"wp-image-176523\" style=\"width:128px;height:128px\"\/><\/figure><\/div>\n\n\n<p class=\"has-text-align-center\">3.&nbsp;<strong>Umie\u015b\u0107<\/strong> j\u0105 w aplikacji mobilnej <a href=\"https:\/\/play.google.com\/store\/apps\/details?id=sk.bonbonapps.liptov&amp;gl=SK\" target=\"_blank\" rel=\"noreferrer noopener\"><strong>Liptov<\/strong><\/a>, w aplikacji mobilnej <a href=\"https:\/\/play.google.com\/store\/apps\/details?id=de.stocard.stocard&amp;gl=SK\" target=\"_blank\" rel=\"noreferrer noopener\"><strong>stocard<\/strong><\/a>i <strong>od razu<\/strong><span> mo\u017cesz <\/span><strong>korzysta\u0107 ze zni\u017cek!<\/strong><\/p>\n<\/div>\n<\/div>\n\n\n\n<div class=\"wp-block-buttons is-content-justification-center is-layout-flex wp-container-core-buttons-is-layout-1 wp-block-buttons-is-layout-flex\">\n<div class=\"wp-block-button\"><a class=\"wp-block-button__link wp-element-button\" href=\"https:\/\/liptov.cardberg.com\/checkout\/?lang=pl\" target=\"_blank\" rel=\"noreferrer noopener\">kup kart\u0119 tutaj<\/a><\/div>\n<\/div>\n\n\n\n<div class=\"wp-block-columns is-layout-flex wp-container-core-columns-is-layout-2 wp-block-columns-is-layout-flex\">\n<div class=\"wp-block-column is-layout-flow wp-block-column-is-layout-flow\" style=\"flex-basis:66.66%\">\n<p><span><\/span><strong><strong>Je\u015bli chcesz mie\u0107 plastikow\u0105 wersj\u0119 karty, odwied\u017a niekt\u00f3re punkty sprzeda\u017cy Liptov Region Card.&nbsp;&nbsp;&nbsp;<\/strong><\/strong><\/p>\n<\/div>\n\n\n\n<div class=\"wp-block-column is-layout-flow wp-block-column-is-layout-flow\" style=\"flex-basis:33.33%\">\n<div class=\"wp-block-buttons is-content-justification-center is-layout-flex wp-container-core-buttons-is-layout-2 wp-block-buttons-is-layout-flex\">\n<div class=\"wp-block-button\"><a class=\"wp-block-button__link wp-element-button\" href=\"https:\/\/plannervisit.krasno.dev\/pl\/liptov-region-card\/jak-otrzymac\/\" target=\"_blank\" rel=\"noreferrer noopener\"><strong><strong>Lista obiekt\u00f3w noclegowych partnerskich<\/strong><\/strong><\/a><\/div>\n<\/div>\n<\/div>\n<\/div>\n\n\n\n<div class=\"wp-block-columns is-layout-flex wp-container-core-columns-is-layout-3 wp-block-columns-is-layout-flex\">\n<div class=\"wp-block-column is-layout-flow wp-block-column-is-layout-flow\">\n<div class=\"wp-block-buttons is-content-justification-center is-layout-flex wp-container-core-buttons-is-layout-3 wp-block-buttons-is-layout-flex\">\n<div class=\"wp-block-button is-style-outline is-style-outline--78f8acbed5493e95541cce935d69305f\"><a class=\"wp-block-button__link wp-element-button\" href=\"https:\/\/plannervisit.krasno.dev\/pl\/liptov-region-card\/znizki-z-karta-liptov-region-card\/\" target=\"_blank\" rel=\"noreferrer noopener\">Wszystkie rabaty s Liptov Region Card<\/a><\/div>\n<\/div>\n<\/div>\n\n\n\n<div class=\"wp-block-column is-layout-flow wp-block-column-is-layout-flow\">\n<div class=\"wp-block-buttons is-content-justification-center is-layout-flex wp-container-core-buttons-is-layout-4 wp-block-buttons-is-layout-flex\">\n<div class=\"wp-block-button is-style-outline is-style-outline--d072de6494b9e08665e23c4828fbc146\"><a class=\"wp-block-button__link wp-element-button\" href=\"https:\/\/plannervisit.krasno.dev\/pl\/liptov-region-card\/czesto-zadawane-pytania\/\" target=\"_blank\" rel=\"noreferrer noopener\">FAQ<\/a><\/div>\n<\/div>\n<\/div>\n\n\n\n<div class=\"wp-block-column is-layout-flow wp-block-column-is-layout-flow\">\n<div class=\"wp-block-buttons is-content-justification-center is-layout-flex wp-container-core-buttons-is-layout-5 wp-block-buttons-is-layout-flex\">\n<div class=\"wp-block-button is-style-outline is-style-outline--0314584aa30cd1c2784db317dbc7e573\"><a class=\"wp-block-button__link wp-element-button\" href=\"https:\/\/plannervisit.krasno.dev\/pl\/broszury\/\" target=\"_blank\" rel=\"noreferrer noopener\">Broszura zni<strong><strong>\u017c<\/strong><\/strong>kowa (.pdf)<\/a><\/div>\n<\/div>\n<\/div>\n<\/div>\n","protected":false},"excerpt":{"rendered":"<p>Przewodnik po regionie w Twoich r\u0119kach. Gdzie wybra\u0107 si\u0119 na wycieczk\u0119, gdzie do\u015bwiadczy\u0107 dozna\u0144 kulinarnych lub dobrze uprawia\u0107 sporty? Liptov &#8230;<\/p>\n","protected":false},"author":15,"featured_media":189747,"parent":90254,"menu_order":0,"comment_status":"closed","ping_status":"closed","template":"page_no-title.php","meta":{"_acf_changed":false,"inline_featured_image":false,"episode_type":"","audio_file":"","cover_image":"","cover_image_id":"","duration":"","filesize":"","date_recorded":"","explicit":"","block":"","filesize_raw":"","footnotes":""},"class_list":["post-175834","page","type-page","status-publish","has-post-thumbnail","hentry"],"acf":[],"_links":{"self":[{"href":"https:\/\/plannervisit.krasno.dev\/pl\/wp-json\/wp\/v2\/pages\/175834"}],"collection":[{"href":"https:\/\/plannervisit.krasno.dev\/pl\/wp-json\/wp\/v2\/pages"}],"about":[{"href":"https:\/\/plannervisit.krasno.dev\/pl\/wp-json\/wp\/v2\/types\/page"}],"author":[{"embeddable":true,"href":"https:\/\/plannervisit.krasno.dev\/pl\/wp-json\/wp\/v2\/users\/15"}],"replies":[{"embeddable":true,"href":"https:\/\/plannervisit.krasno.dev\/pl\/wp-json\/wp\/v2\/comments?post=175834"}],"version-history":[{"count":0,"href":"https:\/\/plannervisit.krasno.dev\/pl\/wp-json\/wp\/v2\/pages\/175834\/revisions"}],"up":[{"embeddable":true,"href":"https:\/\/plannervisit.krasno.dev\/pl\/wp-json\/wp\/v2\/pages\/90254"}],"wp:featuredmedia":[{"embeddable":true,"href":"https:\/\/plannervisit.krasno.dev\/pl\/wp-json\/wp\/v2\/media\/189747"}],"wp:attachment":[{"href":"https:\/\/plannervisit.krasno.dev\/pl\/wp-json\/wp\/v2\/media?parent=175834"}],"curies":[{"name":"wp","href":"https:\/\/api.w.org\/{rel}","templated":true}]}}