{"id":178902,"date":"2022-02-15T10:23:53","date_gmt":"2022-02-15T09:23:53","guid":{"rendered":"https:\/\/www.visitliptov.sk\/liptov-region-card\/faq\/"},"modified":"2023-05-05T10:57:04","modified_gmt":"2023-05-05T08:57:04","slug":"czesto-zadawane-pytania","status":"publish","type":"page","link":"https:\/\/plannervisit.krasno.dev\/pl\/liptov-region-card\/czesto-zadawane-pytania\/","title":{"rendered":"CZ\u0118STO ZADAWANE PYTANIA"},"content":{"rendered":"\n<div class=\"wp-block-cover alignfull is-light mt-0\" style=\"min-height:500px;aspect-ratio:unset;\"><span aria-hidden=\"true\" class=\"wp-block-cover__background has-background-dim-40 has-background-dim\"><\/span><video class=\"wp-block-cover__video-background intrinsic-ignore\" autoplay muted loop playsinline src=\"https:\/\/plannervisit.krasno.dev\/wp-content\/uploads\/2022\/05\/Liptov-region-card-_produktove-video_vystavenie-karty.mp4\" data-object-fit=\"cover\"><\/video><div class=\"wp-block-cover__inner-container is-layout-flow wp-block-cover-is-layout-flow\">\n<p class=\"has-text-align-center has-large-font-size\"><strong>LIPTOV REGION CARD<\/strong><\/p>\n\n\n\n<p class=\"has-text-align-center\" style=\"font-size:25px\"><strong>Cz\u0119sto zadawane pytania<\/strong><\/p>\n<\/div><\/div>\n\n\n\n<div class=\"wp-block-senff-sticky-block\" data-topspace=\"0\" data-cfa=\"true\" data-minwidth=\"0\" data-maxwidth=\"99999\" data-pushup=\"\" data-zindex=\"1\">\r\n<div id=\"contact-block_df6d61438e7b7e09a56278c156587e2a\" class=\"blog-cats\">\r\n        <div class=\"facetwp-radio\">\r\n        <a href=\"https:\/\/plannervisit.krasno.dev\/pl\/liptov-region-card\/\">\r\n        O KARCIE        <\/a>\r\n      <\/div>\r\n            <div class=\"facetwp-radio\">\r\n        <a href=\"https:\/\/plannervisit.krasno.dev\/pl\/liptov-region-card\/jak-otrzymac\/\">\r\n        JAK OTRZYMAC          <\/a>\r\n      <\/div>\r\n            <div class=\"facetwp-radio\">\r\n        <a href=\"https:\/\/plannervisit.krasno.dev\/pl\/liptov-region-card\/znizki-z-karta-liptov-region-card\/\">\r\n        RABATY        <\/a>\r\n      <\/div>\r\n            <div class=\"facetwp-radio\">\r\n        <a href=\"https:\/\/plannervisit.krasno.dev\/pl\/liptov-region-card\/czesto-zadawane-pytania\/\">\r\n        CZ\u0118STO ZADAWANE PYTANIA        <\/a>\r\n      <\/div>\r\n            <div class=\"facetwp-radio\">\r\n        <a href=\"https:\/\/plannervisit.krasno.dev\/wp-content\/uploads\/2023\/05\/vop-pl.pdf\">\r\n        OG\u00d3LNE WARUNKI HANDLOWE         <\/a>\r\n      <\/div>\r\n      <\/div>\r\n<\/div>\n\n\n\n<h2 class=\"wp-block-heading\" id=\"block-e5a7f981-9442-4bbb-8523-b4e247654e4e\"><strong>Cz\u0119sto zadawane pytania<\/strong><\/h2>\n\n\n\n<p><span><\/span><strong>Czym jest Liptov Region Card?<\/strong><\/p>\n\n\n\n<p>Regionalna karta rabatowa Liptov Region Card (zwana dalej LRC) to karta z kodem kreskowym i unikalnym numerem, kt\u00f3ra umo\u017cliwia w\u0142a\u015bcicielowi karty korzystanie z rabat\u00f3w na produkty i atrakcje dost\u0119pne w regionie. LRC jest wydawana i dystrybuowana za po\u015brednictwem punkt\u00f3w sprzeda\u017cy OOCR REGION LIPTOV wraz ze Stowarzyszeniem Turystycznym Klaster LIPTOV lub mo\u017cesz j\u0105 zakupi\u0107 online.<\/p>\n\n\n\n<p><span><\/span><strong>Kim jest posiadacz karty Liptov Region?<\/strong><\/p>\n\n\n\n<p>W\u0142a\u015bcicielem karty jest osoba, kt\u00f3rej wydano LRC. Karta jest niezbywalna, wydawana jest w\u0142a\u015bcicielowi. Karta wydawana jest r\u00f3wnie\u017c dzieciom od 6 roku \u017cycia. Korzystanie ze zni\u017cek i korzy\u015bci z karty LIPTOV osobom trzecim jest zabronione.<\/p>\n\n\n\n<p><span><\/span><strong>Jak otrzyma\u0107 Liptov Region Card?<\/strong><\/p>\n\n\n\n<p>Kart\u0119 mo\u017cna otrzyma\u0107 w jednym z partnerskich miejsc takich jak obiekty noclegowe, centra informacyjne i inne punkty sprzeda\u017cy. Miejsca, w kt\u00f3rych mo\u017cna otrzyma\u0107 kart\u0119, znajduj\u0105 si\u0119 w broszurze na stronach 108-110 lub na stronie internetowej visitliptov.sk\/ liptov-region-card. Mo\u017cesz zakupi\u0107 Liptov Region Card tak\u017ce online na https:\/\/plannervisit.krasno.dev\/pl\/liptov-region-card\/kupic\/.<\/p>\n\n\n\n<p><span><\/span><strong>Ile kosztuje Liptov Region Card?<\/strong><\/p>\n\n\n\n<p>Je\u015bli zdecydujesz si\u0119 zosta\u0107 na co najmniej 1 noc w jednym z naszych partnerskich obiekt\u00f3w noclegowych na Liptowie, otrzymasz DARMOW\u0104 kart\u0119 lub za 3 \u20ac. LRC mo\u017cna kupi\u0107 tak\u017ce w centrach informacyjnych i innych punktach sprzeda\u017cy lub online za 5 \u20ac.<\/p>\n\n\n\n<p><span><\/span><strong>Jak aktywowa\u0107 Liptov Region Card ?<\/strong><\/p>\n\n\n\n<p>Plastikowa karta nale\u017cy aktywowa\u0107 w ci\u0105gu 24 godzin od momentu wydania karty i otrzymania SMS-a z Klastra LIPTOV. Aktywuj kart\u0119 za pomoc\u0105 odpowiedzi SMS w postaci np. \u201eL2\u201d (L + odpowiedni numer 1-3). Je\u015bli nie potwierdzisz SMS-a w ci\u0105gu 24 godzin, karta jest nieaktywna i nie ma mo\u017cliwo\u015bci korzystania z rabat\u00f3w. Wysy\u0142aj\u0105c SMS wyra\u017casz jednocze\u015bnie zgod\u0119 na przetwarzanie swoich danych osobowych przez Klaster LIPTOV oraz OOCR REGION LIPTOV (zgodnie z przepisami ustawy nr 18\/2018 Dz.U.).<\/p>\n\n\n\n<p><span><\/span><strong>Jak rozwi\u0105za\u0107 problemy z aktywacj\u0105?<\/strong><\/p>\n\n\n\n<p>Je\u015bli nie otrzymasz SMS-a lub masz inny problem, skontaktuj si\u0119 z recepcj\u0105 lub zadzwo\u0144 na nasz\u0105 infolini\u0119 +421 915 888&nbsp;014.<\/p>\n\n\n\n<p><span><\/span><strong>Jak d\u0142ugo obowi\u0105zuje Liptov Region Card?<\/strong><\/p>\n\n\n\n<p>Wa\u017cno\u015b\u0107 Liptov Region Card jest nieograniczona.<\/p>\n\n\n\n<p><span><\/span><strong>Jakie rabaty oferuje Liptov Region Card?<\/strong><\/p>\n\n\n\n<p>W sezonie letnim 2023 mo\u017cesz skorzysta\u0107 75 rabat\u00f3w w 7 kategoriach. List\u0119 zni\u017cek znajdziesz w broszurze Liptov Region Card, w aplikacji mobilnej Liptov lub online na stronie visitliptov.sk\/liptov-region-card.<\/p>\n\n\n\n<p><span><\/span><strong>Jak samodzielnie zastosowa\u0107 zni\u017ck\u0119?<\/strong><\/p>\n\n\n\n<p>Mo\u017cesz \u0142atwo zidentyfikowa\u0107 miejsca, kt\u00f3re oferuj\u0105 zni\u017cki, dzi\u0119ki naklejce \u201eSKORZYSTAJ Z ZNI\u017bKI \u201d. W sklepie w widocznym miejscu umieszczany jest kod QR, kt\u00f3ry mo\u017cna zeskanowa\u0107 telefonem kom\u00f3rkowym i bezpo\u015brednio zaakceptowa\u0107 konkretny rabat udzielany przez lokal. Je\u015bli w zak\u0142adzie nie ma kodu QR, mog\u0105 oni r\u00f3wnie\u017c zaakceptowa\u0107 zni\u017ck\u0119 w zak\u0142adzie za pomoc\u0105 czytnika.<\/p>\n\n\n\n<p><span><\/span><strong>Utrata\/kradzie\u017e<\/strong><\/p>\n\n\n\n<p>W przypadku zgubienia karty nale\u017cy jak najszybciej zg\u0142osi\u0107 to zdarzenie do OOCR REGION LIPTOV lub Klastra LIPTOV e-mailem na adres: booking@visitliptov.sklub telefonicznie pod nr telefonu +421 915 888 014. Pracownik OOCR REGION LIPTOV wy\u015ble Ci numer Liptov Region Card na podstawie Twoich danych, kt\u00f3ry mo\u017cesz zapisa\u0107 w aplikacji mobilnej Liptov, lub mo\u017cesz zakupi\u0107 sobie now\u0105 Liptov Region Card w centrum informacyjnym. Nowa karta zostanie przypisana do Twoich danych w systemie. W przypadku kradzie\u017cy karty konieczne jest jak najszybsze zg\u0142oszenie tego zdarzenia do OOCR REGION LIPTOV lub Klastra LIPTOV e-mailem na adres booking@visitliptov.sk lub telefonicznie pod nr telefonu +421 915 888 014, kt\u00f3ry natychmiast zablokuje kart\u0119. Nie przys\u0142uguje Ci odszkodowanie. Mo\u017cesz zakupi\u0107 now\u0105 kart\u0119 LRC w centrum informacyjnym zgodnie z obowi\u0105zuj\u0105cym cennikiem.<\/p>\n","protected":false},"excerpt":{"rendered":"<p>Cz\u0119sto zadawane pytania Czym jest Liptov Region Card? Regionalna karta rabatowa Liptov Region Card (zwana dalej LRC) to karta z &#8230;<\/p>\n","protected":false},"author":15,"featured_media":0,"parent":90254,"menu_order":0,"comment_status":"closed","ping_status":"closed","template":"page_no-title.php","meta":{"_acf_changed":false,"inline_featured_image":false,"episode_type":"","audio_file":"","cover_image":"","cover_image_id":"","duration":"","filesize":"","date_recorded":"","explicit":"","block":"","filesize_raw":"","footnotes":""},"class_list":["post-178902","page","type-page","status-publish","hentry"],"acf":[],"_links":{"self":[{"href":"https:\/\/plannervisit.krasno.dev\/pl\/wp-json\/wp\/v2\/pages\/178902"}],"collection":[{"href":"https:\/\/plannervisit.krasno.dev\/pl\/wp-json\/wp\/v2\/pages"}],"about":[{"href":"https:\/\/plannervisit.krasno.dev\/pl\/wp-json\/wp\/v2\/types\/page"}],"author":[{"embeddable":true,"href":"https:\/\/plannervisit.krasno.dev\/pl\/wp-json\/wp\/v2\/users\/15"}],"replies":[{"embeddable":true,"href":"https:\/\/plannervisit.krasno.dev\/pl\/wp-json\/wp\/v2\/comments?post=178902"}],"version-history":[{"count":0,"href":"https:\/\/plannervisit.krasno.dev\/pl\/wp-json\/wp\/v2\/pages\/178902\/revisions"}],"up":[{"embeddable":true,"href":"https:\/\/plannervisit.krasno.dev\/pl\/wp-json\/wp\/v2\/pages\/90254"}],"wp:attachment":[{"href":"https:\/\/plannervisit.krasno.dev\/pl\/wp-json\/wp\/v2\/media?parent=178902"}],"curies":[{"name":"wp","href":"https:\/\/api.w.org\/{rel}","templated":true}]}}