{"id":198376,"date":"2021-10-04T13:31:06","date_gmt":"2021-10-04T11:31:06","guid":{"rendered":"https:\/\/www.visitliptov.sk\/produkt-liptova\/"},"modified":"2023-12-14T15:41:45","modified_gmt":"2023-12-14T14:41:45","slug":"produkt-liptowa","status":"publish","type":"page","link":"https:\/\/plannervisit.krasno.dev\/pl\/produkt-liptowa\/","title":{"rendered":"Produkt Liptowa"},"content":{"rendered":"\n<div class=\"wp-block-cover alignfull is-light mt-0 opacity-1\" style=\"min-height:500px;aspect-ratio:unset;\"><span aria-hidden=\"true\" class=\"wp-block-cover__background has-background-dim\"><\/span><img loading=\"lazy\" decoding=\"async\" width=\"2560\" height=\"1707\" class=\"wp-block-cover__image-background wp-image-172157\" alt=\"\" src=\"https:\/\/plannervisit.krasno.dev\/wp-content\/uploads\/2022\/03\/Produkt_liptova_zatisia-8-of-28-scaled.jpg\" style=\"object-position:49% 68%\" data-object-fit=\"cover\" data-object-position=\"49% 68%\" srcset=\"https:\/\/plannervisit.krasno.dev\/wp-content\/uploads\/2022\/03\/Produkt_liptova_zatisia-8-of-28-scaled.jpg 2560w, https:\/\/plannervisit.krasno.dev\/wp-content\/uploads\/2022\/03\/Produkt_liptova_zatisia-8-of-28-1200x800.jpg 1200w, https:\/\/plannervisit.krasno.dev\/wp-content\/uploads\/2022\/03\/Produkt_liptova_zatisia-8-of-28-2000x1333.jpg 2000w, https:\/\/plannervisit.krasno.dev\/wp-content\/uploads\/2022\/03\/Produkt_liptova_zatisia-8-of-28-600x400.jpg 600w, https:\/\/plannervisit.krasno.dev\/wp-content\/uploads\/2022\/03\/Produkt_liptova_zatisia-8-of-28-1536x1024.jpg 1536w, https:\/\/plannervisit.krasno.dev\/wp-content\/uploads\/2022\/03\/Produkt_liptova_zatisia-8-of-28-2048x1365.jpg 2048w\" sizes=\"(max-width: 2560px) 100vw, 2560px\" \/><div class=\"wp-block-cover__inner-container is-layout-flow wp-block-cover-is-layout-flow\">\n<div class=\"wp-block-columns is-layout-flex wp-container-core-columns-is-layout-1 wp-block-columns-is-layout-flex\">\n<div class=\"wp-block-column is-vertically-aligned-center is-layout-flow wp-block-column-is-layout-flow\">\n<p class=\"has-text-align-center has-white-color has-text-color has-large-font-size\"><strong>Produkt Liptowa<\/strong> <br><em><em>to co najlepsze z&nbsp;regionu<\/em><\/em><\/p>\n<\/div>\n<\/div>\n\n\n\n<p class=\"has-text-align-center has-white-color has-text-color\">\u017byzne liptowskie pola i \u0142\u0105ki, pas\u0105ce si\u0119 na nich zwierz\u0119ta i pij\u0105ce wod\u0119 z g\u00f3rskich potok\u00f3w oraz do\u015bwiadczone r\u0119ce pe\u0142nych pasji producent\u00f3w wsp\u00f3lnie stworzy\u0142y to, co najlepsze w regionie &#8211; Produkty Liptowa.<\/p>\n\n\n\n<div class=\"wp-block-buttons is-content-justification-center is-layout-flex wp-container-core-buttons-is-layout-1 wp-block-buttons-is-layout-flex\">\n<div class=\"wp-block-button\"><a class=\"wp-block-button__link wp-element-button\" href=\"https:\/\/plannervisit.krasno.dev\/pl\/regionalne-produkty\/\" target=\"_blank\" rel=\"noreferrer noopener\">Zobaczy\u0107 wyroby -&gt;<\/a><\/div>\n<\/div>\n<\/div><\/div>\n\n\n\r\n<div class=\"content-bread pl-0\">\r\n\t<div class=\"container pl-0\"><span><span><a href=\"https:\/\/plannervisit.krasno.dev\/pl\/\">Dom<\/a><\/span><\/span>\r\n\t<\/div>\r\n<\/div>\n\n\n\n<div style=\"height:27px\" aria-hidden=\"true\" class=\"wp-block-spacer\"><\/div>\n\n\n\n<div class=\"wp-block-columns is-layout-flex wp-container-core-columns-is-layout-2 wp-block-columns-is-layout-flex\">\n<div class=\"wp-block-column is-layout-flow wp-block-column-is-layout-flow\" style=\"flex-basis:30%\">\n<div class=\"wp-block-buttons is-content-justification-center is-layout-flex wp-container-core-buttons-is-layout-2 wp-block-buttons-is-layout-flex\"><\/div>\n\n\n\n<figure class=\"wp-block-embed is-type-video is-provider-tiktok wp-block-embed-tiktok\"><div class=\"wp-block-embed__wrapper\">\n<blockquote class=\"tiktok-embed\" cite=\"https:\/\/www.tiktok.com\/\" data-video-id=\"7127958308618521862\" data-embed-from=\"oembed\" style=\"max-width:605px; min-width:325px;\"> <section> <a target=\"_blank\" title=\"@\" href=\"https:\/\/www.tiktok.com\/?refer=embed\">@<\/a> <p><\/p> <a target=\"_blank\" title=\"\u266c  -\" href=\"https:\/\/www.tiktok.com\/?refer=embed\">\u266c  &#8211; <\/a> <\/section> <\/blockquote> <script async src=\"https:\/\/www.tiktok.com\/embed.js\"><\/script>\n<\/div><\/figure>\n<div class=\"cookieconsent-optout-marketing\">Prosz\u0119, aby obejrze\u0107 wideo, <a href=\"javascript:Cookiebot.renew()\"> zaakceptuj ciasteczka marketingowe.<\/a> <\/div><\/div>\n\n\n\n<div class=\"wp-block-column is-layout-flow wp-block-column-is-layout-flow\" style=\"flex-basis:70%\">\n<p><span><\/span><strong><strong>Marka regionalnych wyrob\u00f3w <\/strong>Produkt Liptova <\/strong>wspiera wyj\u0105tkowe wyroby wyprodukowane&nbsp;w doskona\u0142ych warunkach na Liptowie.<\/p>\n\n\n\n<p><span>To tak\u017ce gwarancja <\/span><strong>jako\u015bci produkt\u00f3w<\/strong><span>, bior\u0105c pod uwag\u0119 ich <\/span><strong>lokalizacj\u0119, zr\u00f3wnowa\u017cony rozw\u00f3j oraz zami\u0142owanie do tradycji<\/strong> i bogactwa naturalnego regionu Lipt\u00f3w. Wsp\u00f3lnie wspierajmy lokalnych producent\u00f3w, kt\u00f3rzy ceni\u0105 naturalne i kulturowe dziedzictwo Liptowa oraz wykonuj\u0105 swoj\u0105 prac\u0119 z pasj\u0105.<\/p>\n\n\n\n<p>Kup produkt Liptov w <a href=\"https:\/\/plannervisit.krasno.dev\/pl\/ciekawostka\/centrum-informacji-liptowski-mikulasz\/\">Centrum Informacji Liptovsk\u00fd Mikul\u00e1\u0161<\/a>, w <a href=\"https:\/\/plannervisit.krasno.dev\/pl\/ciekawostka\/centrum-informacyjne-liptovsky-jan\/\">Centrum Informacji Liptovsky J\u00e1n<\/a>, <a href=\"https:\/\/plannervisit.krasno.dev\/pl\/ciekawostka\/hyrosova-spajza\/\">H\u00fdro\u0161ov\u00e1 Sp\u00e1jza w Ru\u017comberku<\/a> lub <a href=\"https:\/\/plannervisit.krasno.dev\/pl\/produkty-regionalne\/\">online<\/a>.<\/p>\n\n\n\n<p><\/p>\n<\/div>\n<\/div>\n\n\n\n<div class=\"wp-block-columns is-layout-flex wp-container-core-columns-is-layout-3 wp-block-columns-is-layout-flex\">\n<div class=\"wp-block-column is-layout-flow wp-block-column-is-layout-flow\"><\/div>\n<\/div>\n\n\n\n<h3 class=\"wp-block-heading\"><strong>Przegl\u0105d wyrob\u00f3w regionalnych<\/strong><\/h3>\n\n\n\n<p><em>Kupuj\u0105c certyfikowany Produkt Liptowa, dajesz prac\u0119 mieszka\u0144com Liptowa i otrzymujesz uczciwy kawa\u0142ek z regionu. Dzi\u0119kujemy!<\/em><\/p>\n\n\n\n<div class=\"wp-block-buttons is-layout-flex wp-block-buttons-is-layout-flex\">\n<div class=\"wp-block-button\"><a class=\"wp-block-button__link wp-element-button\" href=\"https:\/\/plannervisit.krasno.dev\/pl\/regionalne-produkty\/\" target=\"_blank\" rel=\"noreferrer noopener\"><strong>zobaczy\u0107 wyroby \u21e2<\/strong><\/a><\/div>\n<\/div>\n\n\n<div class=\"\"><div class=\"carousel-acf-items owl-carousel js-carousel-content carousel-style-fullwidth\"><div class=\"carousel-item carousel-item-custom\" id=\"carousel_198376\">\r\n\t\t\t<div class=\"thumbnail thumbnail_banner\" >\r\n\t\t\t<img decoding=\"async\" src=\"https:\/\/plannervisit.krasno.dev\/wp-content\/uploads\/2023\/04\/Nilio-3-1-scaled-e1696580390856-600x490.jpg\" alt=\"\" class=\"thumbnail-img\">\r\n\t\t<\/div>\r\n\t\t<div class=\"carousel-content\">\r\n\t\t<h2 style=\"text-align: center;\"><strong>Piwa rzemie\u015blnicze<br \/>\n<\/strong><\/h2>\n<p style=\"text-align: center;\"><strong>Browar rzemie\u015blniczy<\/strong><br \/>\nCena: od 3\u20ac<br \/>\nWaga: od 330ml<\/p>\n\t\t<div class=\"text-center\"><a href=\"https:\/\/plannervisit.krasno.dev\/pl\/lokalne-produkty\/nealkoholicke-piva-nilio\/\" class=\"btn btn-small wp-block-button__link\">wi\u0119cej o produkcie<\/a><\/div>\t<\/div>\r\n<\/div>\r\n<div class=\"carousel-item carousel-item-custom\" id=\"carousel_198376\">\r\n\t\t\t<div class=\"thumbnail thumbnail_banner\" >\r\n\t\t\t<img decoding=\"async\" src=\"https:\/\/plannervisit.krasno.dev\/wp-content\/uploads\/2023\/04\/Produkt-Liptova_Kohler_mozeme-pouzivat-12-600x400.jpg\" alt=\"\" class=\"thumbnail-img\">\r\n\t\t<\/div>\r\n\t\t<div class=\"carousel-content\">\r\n\t\t<h2 style=\"text-align: center;\"><strong>Sery<br \/>\n<\/strong><\/h2>\n<p style=\"text-align: center;\"><strong>bio farma<\/strong><br \/>\nCena: od 10\u20ac\/kg<br \/>\nWaga: od 100g<\/p>\n\t\t<div class=\"text-center\"><a href=\"https:\/\/plannervisit.krasno.dev\/pl\/lokalne-produkty\/sery-vychodna\/\" class=\"btn btn-small wp-block-button__link\">wi\u0119cej o produkcie<\/a><\/div>\t<\/div>\r\n<\/div>\r\n<div class=\"carousel-item carousel-item-custom\" id=\"carousel_198376\">\r\n\t\t\t<div class=\"thumbnail thumbnail_banner\" >\r\n\t\t\t<img decoding=\"async\" src=\"https:\/\/plannervisit.krasno.dev\/wp-content\/uploads\/2022\/03\/@Medvedovnik-23-600x450.jpg\" alt=\"\" class=\"thumbnail-img\">\r\n\t\t<\/div>\r\n\t\t<div class=\"carousel-content\">\r\n\t\t<div class=\"content-article-title\">\n<h2 style=\"text-align: center;\">Med(ve\u010f)ovn\u00edk<\/h2>\n<\/div>\n<p style=\"text-align: center;\"><strong>produkcja r\u0119czna <\/strong><br \/>\nCena: od 2\u20ac<br \/>\nWaga: od 20g<\/p>\n\t\t<div class=\"text-center\"><a href=\"https:\/\/plannervisit.krasno.dev\/pl\/produkt-liptowa\/miodowniki-medvedovnik\/\" class=\"btn btn-small wp-block-button__link\">wi\u0119cej o produkcie<\/a><\/div>\t<\/div>\r\n<\/div>\r\n<div class=\"carousel-item carousel-item-custom\" id=\"carousel_198376\">\r\n\t\t\t<div class=\"thumbnail thumbnail_banner\" >\r\n\t\t\t<img decoding=\"async\" src=\"https:\/\/plannervisit.krasno.dev\/wp-content\/uploads\/2023\/10\/Produkt-Liptova_Kohler_mozeme-pouzivat-3-600x400.jpg\" alt=\"\" class=\"thumbnail-img\">\r\n\t\t<\/div>\r\n\t\t<div class=\"carousel-content\">\r\n\t\t<h2 style=\"text-align: center;\"><strong>Myd\u0142a zio\u0142owe <\/strong><\/h2>\n<p style=\"text-align: center;\"><strong>produkt naturalny<\/strong><br \/>\nCena: od 4.50\u20ac<br \/>\nWaga: 80g+\/-5g<\/p>\n\t\t<div class=\"text-center\"><a href=\"https:\/\/plannervisit.krasno.dev\/pl\/produkt-liptowa\/naturalne-mydla-i-szampony-krmesaky\/\" class=\"btn btn-small wp-block-button__link\">wi\u0119cej o produkcie<\/a><\/div>\t<\/div>\r\n<\/div>\r\n<div class=\"carousel-item carousel-item-custom\" id=\"carousel_198376\">\r\n\t\t\t<div class=\"thumbnail thumbnail_banner\" >\r\n\t\t\t<img decoding=\"async\" src=\"https:\/\/plannervisit.krasno.dev\/wp-content\/uploads\/2023\/02\/liptovske-droby-orez.jpg\" alt=\"\" class=\"thumbnail-img\">\r\n\t\t<\/div>\r\n\t\t<div class=\"carousel-content\">\r\n\t\t<h2 style=\"text-align: center;\"><strong>Liptovsk\u00e9 droby<\/strong><\/h2>\n<div class=\"wp-block-column\">\n<p style=\"text-align: center;\"><strong>Chronione oznaczenie geograficzne<\/strong><br \/>\nCena: od 5.00\u20ac<br \/>\nWaga: 1 kg<\/p>\n<\/div>\n\t\t<div class=\"text-center\"><a href=\"https:\/\/plannervisit.krasno.dev\/pl\/produkt-liptowa\/liptowskie-droby\/\" class=\"btn btn-small wp-block-button__link\">wi\u0119cej o produkcie<\/a><\/div>\t<\/div>\r\n<\/div>\r\n<div class=\"carousel-item carousel-item-custom\" id=\"carousel_198376\">\r\n\t\t\t<div class=\"thumbnail thumbnail_banner\" >\r\n\t\t\t<img decoding=\"async\" src=\"https:\/\/plannervisit.krasno.dev\/wp-content\/uploads\/2022\/09\/med-kvetovy-sova-produkt-liptova.jpg\" alt=\"\" class=\"thumbnail-img\">\r\n\t\t<\/div>\r\n\t\t<div class=\"carousel-content\">\r\n\t\t<h2 style=\"text-align: center;\"><strong>Mi\u00f3d kwiatowy\u00a0 <\/strong><\/h2>\n<div class=\"wp-block-column\" style=\"text-align: center;\">\n<p><span><\/span><strong>naturalny produkt<\/strong><br \/>\nCena: 8.00\u20ac<br \/>\nWaga: 720ml (950g)<\/p>\n<\/div>\n\t\t<div class=\"text-center\"><a href=\"https:\/\/plannervisit.krasno.dev\/pl\/lokalne-produkty\/miod-pszczeli-kwiatowy-vcelie-kralovstvo\/\" class=\"btn btn-small wp-block-button__link\">wi\u0119cej o produkcie<\/a><\/div>\t<\/div>\r\n<\/div>\r\n<div class=\"carousel-item carousel-item-custom\" id=\"carousel_198376\">\r\n\t\t\t<div class=\"thumbnail thumbnail_banner\" >\r\n\t\t\t<img decoding=\"async\" src=\"https:\/\/plannervisit.krasno.dev\/wp-content\/uploads\/2022\/03\/Biotatry-caje-600x400.jpg\" alt=\"\" class=\"thumbnail-img\">\r\n\t\t<\/div>\r\n\t\t<div class=\"carousel-content\">\r\n\t\t<h2 style=\"text-align: center;\">Herbatki zio\u0142owe<\/h2>\n<div class=\"wp-block-column\" style=\"text-align: center;\">\n<p><span><\/span><strong>produkt naturalny<\/strong><br \/>\nCena: od 2.50\u20ac<br \/>\nWaga: 30g \u2013 200g<\/p>\n<\/div>\n\t\t<div class=\"text-center\"><a href=\"https:\/\/plannervisit.krasno.dev\/pl\/lokalne-produkty\/herbatki-ziolowe\/\" class=\"btn btn-small wp-block-button__link\">wi\u0119cej o produkcie<\/a><\/div>\t<\/div>\r\n<\/div>\r\n<div class=\"carousel-item carousel-item-custom\" id=\"carousel_198376\">\r\n\t\t\t<div class=\"thumbnail thumbnail_banner\" >\r\n\t\t\t<img decoding=\"async\" src=\"https:\/\/plannervisit.krasno.dev\/wp-content\/uploads\/2022\/03\/nahladova-foto-NEW-orez-600x338.jpg\" alt=\"\" class=\"thumbnail-img\">\r\n\t\t<\/div>\r\n\t\t<div class=\"carousel-content\">\r\n\t\t<h2 style=\"text-align: center;\"><strong>Sery i nitky serowe<\/strong><\/h2>\n<p style=\"text-align: center;\"><strong>produkcja w\u0142asna<\/strong><\/p>\n\t\t<div class=\"text-center\"><a href=\"https:\/\/plannervisit.krasno.dev\/pl\/lokalne-produkty\/sery-i-nitky-serowe\/\" class=\"btn btn-small wp-block-button__link\">wi\u0119cej o produkcie<\/a><\/div>\t<\/div>\r\n<\/div>\r\n<div class=\"carousel-item carousel-item-custom\" id=\"carousel_198376\">\r\n\t\t\t<div class=\"thumbnail thumbnail_banner\" >\r\n\t\t\t<img decoding=\"async\" src=\"https:\/\/plannervisit.krasno.dev\/wp-content\/uploads\/2022\/09\/medona-medovniky-produkt-liptova-2-450x600.jpg\" alt=\"\" class=\"thumbnail-img\">\r\n\t\t<\/div>\r\n\t\t<div class=\"carousel-content\">\r\n\t\t<h2 style=\"text-align: center;\"><strong>Miodowniki Medona<br \/>\n<\/strong><\/h2>\n<p style=\"text-align: center;\"><strong>produkcja r\u0119czna <\/strong><br \/>\nCena: od 1,80\u20ac<br \/>\nWaga: od 25g<\/p>\n\t\t<div class=\"text-center\"><a href=\"https:\/\/plannervisit.krasno.dev\/pl\/lokalne-produkty\/niodowniki-medona\/\" class=\"btn btn-small wp-block-button__link\">wi\u0119cej o produkcie<\/a><\/div>\t<\/div>\r\n<\/div>\r\n<div class=\"carousel-item carousel-item-custom\" id=\"carousel_198376\">\r\n\t\t\t<div class=\"thumbnail thumbnail_banner\" >\r\n\t\t\t<img decoding=\"async\" src=\"https:\/\/plannervisit.krasno.dev\/wp-content\/uploads\/2021\/10\/Produkt_liptova_Produkt_liptova_Kroje-9-of-31jsmall_simcekova_kroje-600x400.jpg\" alt=\"\" class=\"thumbnail-img\">\r\n\t\t<\/div>\r\n\t\t<div class=\"carousel-content\">\r\n\t\t<div class=\"content-article-title\">\n<h2 style=\"text-align: center;\">Kroje ludowe<\/h2>\n<\/div>\n<p style=\"text-align: center;\">r\u0119cznie wyszywane<\/p>\n<p style=\"text-align: center;\">\n\t\t<div class=\"text-center\"><a href=\"https:\/\/plannervisit.krasno.dev\/pl\/lokalne-produkty\/kroje-ludowe\/\" class=\"btn btn-small wp-block-button__link\">wi\u0119cej o produkcie<\/a><\/div>\t<\/div>\r\n<\/div>\r\n<div class=\"carousel-item carousel-item-custom\" id=\"carousel_198376\">\r\n\t\t\t<div class=\"thumbnail thumbnail_banner\" >\r\n\t\t\t<img decoding=\"async\" src=\"https:\/\/plannervisit.krasno.dev\/wp-content\/uploads\/2023\/04\/Produkt-Liptova_certifikacia_2-31-600x450.jpg\" alt=\"\" class=\"thumbnail-img\">\r\n\t\t<\/div>\r\n\t\t<div class=\"carousel-content\">\r\n\t\t<div class=\"content-article-title\">\n<h2 style=\"text-align: center;\">Mi\u00f3d pszczeli<\/h2>\n<p style=\"text-align: center;\"><strong>produkcja r\u0119czna <\/strong><\/p>\n<\/div>\n<div class=\"content-article-content content-article-right-side\">\n<div class=\"wp-block-buttons aligncenter\"><\/div>\n<div class=\"wp-block-buttons aligncenter\"><\/div>\n<\/div>\n\t\t<div class=\"text-center\"><a href=\"https:\/\/plannervisit.krasno.dev\/pl\/lokalne-produkty\/miod-pszczeli-kwiatowy-nadasdy\/\" class=\"btn btn-small wp-block-button__link\">wi\u0119cej o produkcie<\/a><\/div>\t<\/div>\r\n<\/div>\r\n<div class=\"carousel-item carousel-item-custom\" id=\"carousel_198376\">\r\n\t\t\t<div class=\"thumbnail thumbnail_banner\" >\r\n\t\t\t<img decoding=\"async\" src=\"https:\/\/plannervisit.krasno.dev\/wp-content\/uploads\/2022\/03\/Produkt_liptova_Fotenie_v_terene-7-of-492022small_produktLiptova_mlieko_sliace-400x600.jpg\" alt=\"\" class=\"thumbnail-img\">\r\n\t\t<\/div>\r\n\t\t<div class=\"carousel-content\">\r\n\t\t<h2 style=\"text-align: center;\"><strong>Mleko krowie <\/strong><\/h2>\n<p style=\"text-align: center;\"><strong>niepasteryzowane mleko<\/strong><br \/>\nCena: od 0.80\u20ac<br \/>\nWaga: 1l<\/p>\n\t\t<div class=\"text-center\"><a href=\"https:\/\/plannervisit.krasno.dev\/pl\/produkt-liptowa\/mleko-krowie-niepasteryzovane-liskova-sliace\/\" class=\"btn btn-small wp-block-button__link\">wi\u0119cej o produkcie<\/a><\/div>\t<\/div>\r\n<\/div>\r\n<div class=\"carousel-item carousel-item-custom\" id=\"carousel_198376\">\r\n\t\t\t<div class=\"thumbnail thumbnail_banner\" >\r\n\t\t\t<img decoding=\"async\" src=\"https:\/\/plannervisit.krasno.dev\/wp-content\/uploads\/2022\/03\/Produkt-Liptova_Kohler_mozeme-pouzivat-9-600x400.jpg\" alt=\"\" class=\"thumbnail-img\">\r\n\t\t<\/div>\r\n\t\t<div class=\"carousel-content\">\r\n\t\t<div class=\"content-article-title\">\n<h2 style=\"text-align: center;\">Tkane dywany<\/h2>\n<\/div>\n<div class=\"content-article-content content-article-right-side\" style=\"text-align: center;\"><strong>produkcja r\u0119czna <\/strong><\/div>\n\t\t<div class=\"text-center\"><a href=\"https:\/\/plannervisit.krasno.dev\/pl\/lokalne-produkty\/tkane-dywany-i-bielizna-stolowa\/\" class=\"btn btn-small wp-block-button__link\">wi\u0119cej o produkcie<\/a><\/div>\t<\/div>\r\n<\/div>\r\n<\/div><\/div>\n\n\n<div class=\"wp-block-columns is-layout-flex wp-container-core-columns-is-layout-4 wp-block-columns-is-layout-flex\">\n<div class=\"wp-block-column is-layout-flow wp-block-column-is-layout-flow\">\n<h3 class=\"wp-block-heading has-text-align-center\">Gdzie kupi\u0107 produkty Liptowa?<\/h3>\n\n\n<\/div>\n\n\n\n<div class=\"wp-block-column is-layout-flow wp-block-column-is-layout-flow\">\n<h3 class=\"wp-block-heading has-text-align-center\">Gdzie wyrabiane s\u0105 produkty Liptowa?<\/h3>\n\n\n<\/div>\n<\/div>\n\n\n\n<h3 class=\"wp-block-heading has-text-align-center\"><\/h3>\n\n\n\n<hr class=\"wp-block-separator has-css-opacity\"\/>\n\n\n\n<div class=\"wp-block-cover alignfull is-light has-parallax\" style=\"min-height:750px;aspect-ratio:unset;\"><span aria-hidden=\"true\" class=\"wp-block-cover__background has-background-dim\"><\/span><div role=\"img\" class=\"wp-block-cover__image-background wp-image-170812 has-parallax\" style=\"background-position:50% 50%;background-image:url(https:\/\/plannervisit.krasno.dev\/wp-content\/uploads\/2022\/03\/koncovkar1.jpg)\"><\/div><div class=\"wp-block-cover__inner-container is-layout-flow wp-block-cover-is-layout-flow\">\n<p class=\"has-text-align-center has-white-color has-text-color has-medium-font-size\">Partnerzy projektu<\/p>\n\n\n\n<div class=\"wp-block-group ns-sm-cols-2\"><div class=\"wp-block-group__inner-container is-layout-flow wp-block-group-is-layout-flow\">\n<div class=\"wp-block-columns is-not-stacked-on-mobile is-layout-flex wp-container-core-columns-is-layout-5 wp-block-columns-is-layout-flex\">\n<div class=\"wp-block-column is-layout-flow wp-block-column-is-layout-flow\"><div class=\"wp-block-image is-resized\">\n<figure class=\"aligncenter size-large\"><a href=\"http:\/\/www.hornyliptov.sk\/\" target=\"_blank\" rel=\"noopener\"><img loading=\"lazy\" decoding=\"async\" width=\"1557\" height=\"685\" src=\"https:\/\/plannervisit.krasno.dev\/wp-content\/uploads\/2021\/10\/massdolny.png\" alt=\"\" class=\"wp-image-158764\" style=\"width:150px\" srcset=\"https:\/\/plannervisit.krasno.dev\/wp-content\/uploads\/2021\/10\/massdolny.png 1557w, https:\/\/plannervisit.krasno.dev\/wp-content\/uploads\/2021\/10\/massdolny-1200x528.png 1200w, https:\/\/plannervisit.krasno.dev\/wp-content\/uploads\/2021\/10\/massdolny-600x264.png 600w, https:\/\/plannervisit.krasno.dev\/wp-content\/uploads\/2021\/10\/massdolny-1536x676.png 1536w\" sizes=\"(max-width: 1557px) 100vw, 1557px\" \/><\/a><\/figure><\/div><\/div>\n\n\n\n<div class=\"wp-block-column is-layout-flow wp-block-column-is-layout-flow\"><div class=\"wp-block-image is-resized\">\n<figure class=\"aligncenter size-large\"><a href=\"https:\/\/masdolnyliptov.sk\/\" target=\"_blank\" rel=\"noopener\"><img loading=\"lazy\" decoding=\"async\" width=\"1541\" height=\"661\" src=\"https:\/\/plannervisit.krasno.dev\/wp-content\/uploads\/2021\/10\/massliptov.png\" alt=\"\" class=\"wp-image-158760\" style=\"width:150px\" srcset=\"https:\/\/plannervisit.krasno.dev\/wp-content\/uploads\/2021\/10\/massliptov.png 1541w, https:\/\/plannervisit.krasno.dev\/wp-content\/uploads\/2021\/10\/massliptov-1200x515.png 1200w, https:\/\/plannervisit.krasno.dev\/wp-content\/uploads\/2021\/10\/massliptov-600x257.png 600w, https:\/\/plannervisit.krasno.dev\/wp-content\/uploads\/2021\/10\/massliptov-1536x659.png 1536w\" sizes=\"(max-width: 1541px) 100vw, 1541px\" \/><\/a><\/figure><\/div><\/div>\n\n\n\n<div class=\"wp-block-column is-layout-flow wp-block-column-is-layout-flow\"><div class=\"wp-block-image is-resized\">\n<figure class=\"aligncenter size-full\"><img loading=\"lazy\" decoding=\"async\" width=\"1218\" height=\"840\" src=\"https:\/\/plannervisit.krasno.dev\/wp-content\/uploads\/2023\/12\/liptov-logo_en-white-bw.png\" alt=\"\" class=\"wp-image-572705\" style=\"width:150px\" srcset=\"https:\/\/plannervisit.krasno.dev\/wp-content\/uploads\/2023\/12\/liptov-logo_en-white-bw.png 1218w, https:\/\/plannervisit.krasno.dev\/wp-content\/uploads\/2023\/12\/liptov-logo_en-white-bw-1200x828.png 1200w, https:\/\/plannervisit.krasno.dev\/wp-content\/uploads\/2023\/12\/liptov-logo_en-white-bw-600x414.png 600w\" sizes=\"(max-width: 1218px) 100vw, 1218px\" \/><\/figure><\/div><\/div>\n<\/div>\n\n\n\n<div class=\"wp-block-columns is-not-stacked-on-mobile is-layout-flex wp-container-core-columns-is-layout-6 wp-block-columns-is-layout-flex\">\n<div class=\"wp-block-column is-layout-flow wp-block-column-is-layout-flow\"><div class=\"wp-block-image is-resized\">\n<figure class=\"aligncenter size-full\"><img loading=\"lazy\" decoding=\"async\" width=\"2000\" height=\"798\" src=\"https:\/\/plannervisit.krasno.dev\/wp-content\/uploads\/2023\/03\/Ministerstvo_dopravy_SR_nove_EN_PNG_white.png\" alt=\"\" class=\"wp-image-213643\" style=\"width:200px\" srcset=\"https:\/\/plannervisit.krasno.dev\/wp-content\/uploads\/2023\/03\/Ministerstvo_dopravy_SR_nove_EN_PNG_white.png 2000w, https:\/\/plannervisit.krasno.dev\/wp-content\/uploads\/2023\/03\/Ministerstvo_dopravy_SR_nove_EN_PNG_white-1200x479.png 1200w, https:\/\/plannervisit.krasno.dev\/wp-content\/uploads\/2023\/03\/Ministerstvo_dopravy_SR_nove_EN_PNG_white-600x239.png 600w, https:\/\/plannervisit.krasno.dev\/wp-content\/uploads\/2023\/03\/Ministerstvo_dopravy_SR_nove_EN_PNG_white-1536x613.png 1536w\" sizes=\"(max-width: 2000px) 100vw, 2000px\" \/><\/figure><\/div><\/div>\n\n\n\n<div class=\"wp-block-column is-layout-flow wp-block-column-is-layout-flow\"><div class=\"wp-block-image is-resized\">\n<figure class=\"aligncenter size-large\"><img loading=\"lazy\" decoding=\"async\" width=\"840\" height=\"325\" src=\"https:\/\/plannervisit.krasno.dev\/wp-content\/uploads\/2022\/08\/ZTK_logo_white_horizontal-1-e1660639882184.png\" alt=\"\" class=\"wp-image-191246\" style=\"width:150px\" srcset=\"https:\/\/plannervisit.krasno.dev\/wp-content\/uploads\/2022\/08\/ZTK_logo_white_horizontal-1-e1660639882184.png 840w, https:\/\/plannervisit.krasno.dev\/wp-content\/uploads\/2022\/08\/ZTK_logo_white_horizontal-1-e1660639882184-600x232.png 600w\" sizes=\"(max-width: 840px) 100vw, 840px\" \/><\/figure><\/div><\/div>\n\n\n\n<div class=\"wp-block-column is-layout-flow wp-block-column-is-layout-flow\"><\/div>\n<\/div>\n<\/div><\/div>\n\n\n\n<div class=\"wp-block-columns is-layout-flex wp-container-core-columns-is-layout-7 wp-block-columns-is-layout-flex\">\n<div class=\"wp-block-column is-vertically-aligned-top is-layout-flow wp-block-column-is-layout-flow\"><\/div>\n\n\n\n<div class=\"wp-block-column is-vertically-aligned-top is-layout-flow wp-block-column-is-layout-flow\"><\/div>\n\n\n\n<div class=\"wp-block-column is-vertically-aligned-top is-layout-flow wp-block-column-is-layout-flow\"><\/div>\n<\/div>\n<\/div><\/div>\n\n\n\n<p><\/p>\n","protected":false},"excerpt":{"rendered":"<p>Marka regionalnych wyrob\u00f3w Produkt Liptova wspiera wyj\u0105tkowe wyroby wyprodukowane&nbsp;w doskona\u0142ych warunkach na Liptowie. To tak\u017ce gwarancja jako\u015bci produkt\u00f3w, bior\u0105c pod &#8230;<\/p>\n","protected":false},"author":15,"featured_media":552395,"parent":0,"menu_order":0,"comment_status":"closed","ping_status":"closed","template":"page_no-title.php","meta":{"_acf_changed":false,"inline_featured_image":false,"episode_type":"","audio_file":"","cover_image":"","cover_image_id":"","duration":"","filesize":"","date_recorded":"","explicit":"","block":"","filesize_raw":"","footnotes":""},"class_list":["post-198376","page","type-page","status-publish","has-post-thumbnail","hentry"],"acf":[],"_links":{"self":[{"href":"https:\/\/plannervisit.krasno.dev\/pl\/wp-json\/wp\/v2\/pages\/198376"}],"collection":[{"href":"https:\/\/plannervisit.krasno.dev\/pl\/wp-json\/wp\/v2\/pages"}],"about":[{"href":"https:\/\/plannervisit.krasno.dev\/pl\/wp-json\/wp\/v2\/types\/page"}],"author":[{"embeddable":true,"href":"https:\/\/plannervisit.krasno.dev\/pl\/wp-json\/wp\/v2\/users\/15"}],"replies":[{"embeddable":true,"href":"https:\/\/plannervisit.krasno.dev\/pl\/wp-json\/wp\/v2\/comments?post=198376"}],"version-history":[{"count":0,"href":"https:\/\/plannervisit.krasno.dev\/pl\/wp-json\/wp\/v2\/pages\/198376\/revisions"}],"wp:featuredmedia":[{"embeddable":true,"href":"https:\/\/plannervisit.krasno.dev\/pl\/wp-json\/wp\/v2\/media\/552395"}],"wp:attachment":[{"href":"https:\/\/plannervisit.krasno.dev\/pl\/wp-json\/wp\/v2\/media?parent=198376"}],"curies":[{"name":"wp","href":"https:\/\/api.w.org\/{rel}","templated":true}]}}