{"id":198406,"date":"2021-10-28T16:48:11","date_gmt":"2021-10-28T14:48:11","guid":{"rendered":"https:\/\/www.visitliptov.sk\/regionalne-produkty\/"},"modified":"2022-10-19T10:57:51","modified_gmt":"2022-10-19T08:57:51","slug":"produkty-regionalne","status":"publish","type":"page","link":"https:\/\/plannervisit.krasno.dev\/pl\/produkty-regionalne\/","title":{"rendered":"Lista produkt\u00f3w regionalnych"},"content":{"rendered":"\n<div class=\"wp-block-columns is-layout-flex wp-container-core-columns-is-layout-1 wp-block-columns-is-layout-flex\">\n<div class=\"wp-block-column is-layout-flow wp-block-column-is-layout-flow\" style=\"flex-basis:80%\">    <div class=\"ns-blog ns-region-products\">\r\n        <div class=\"blog-cats region-products-cats\">\r\n                        <div class=\"facetwp-facet facetwp-facet-regionalne_produkty_kategorie facetwp-type-radio\" data-name=\"regionalne_produkty_kategorie\" data-type=\"radio\"><\/div>        <\/div>\r\n\r\n        <div class=\"blog-content region-products-content\">\r\n            <div class=\"facetwp-template\" data-name=\"regionalne_produkty_vypis\">    <div class=\"list-item sidera what\">\n                <div class=\"thumb \">\n                            <div class=\"thumb-slide\" style=\"background-image:url('https:\/\/plannervisit.krasno.dev\/wp-content\/uploads\/2024\/08\/Produkt-Liptova_Kohler_mozeme-pouzivat-12-600x400.jpg')\"><\/div>\n                                <span class=\"favorite-btn  js_favorite-inline-ajax\"\r\n              data-id=\"248783\"\r\n\t\t>&hearts;<\/span>\r\n\t                    <\/div>\n\n        <a class=\"item-meta\" href=\"https:\/\/plannervisit.krasno.dev\/pl\/lokalne-produkty\/sery-vychodna\/\">\n            <div class=\"item-title\">\n                Sery V\u00fdchodn\u00e1            <\/div>\n\n            <div class=\"item-loc item-block icon-user\"><strong class=\"meno_predajcu\">Farma V\u00fdchodn\u00e1<\/strong><\/div><div class=\"item-loc item-block icon-marker mesto\">V\u00fdchodn\u00e1<\/div>        <\/a>\n    <\/div>\n    <div class=\"list-item sidera what\">\n                <div class=\"thumb \">\n                            <div class=\"thumb-slide\" style=\"background-image:url('https:\/\/plannervisit.krasno.dev\/wp-content\/uploads\/2023\/04\/nilio-produkt-liptova-480x600-2.jpeg')\"><\/div>\n                                <span class=\"favorite-btn  js_favorite-inline-ajax\"\r\n              data-id=\"248781\"\r\n\t\t>&hearts;<\/span>\r\n\t                    <\/div>\n\n        <a class=\"item-meta\" href=\"https:\/\/plannervisit.krasno.dev\/pl\/lokalne-produkty\/nealkoholicke-piva-nilio\/\">\n            <div class=\"item-title\">\n                Piwa bezalkoholowe NILIO            <\/div>\n\n            <div class=\"item-loc item-block icon-user\"><strong class=\"meno_predajcu\">ARCH CAFFE<\/strong><\/div><div class=\"item-loc item-block icon-marker mesto\">Liptovsk\u00fd Mikul\u00e1\u0161<\/div>        <\/a>\n    <\/div>\n    <div class=\"list-item sidera what\">\n                <div class=\"thumb \">\n                            <div class=\"thumb-slide\" style=\"background-image:url('https:\/\/plannervisit.krasno.dev\/wp-content\/uploads\/2024\/08\/kroj_simcekova_produktliptova-450x600.png')\"><\/div>\n                                <span class=\"favorite-btn  js_favorite-inline-ajax\"\r\n              data-id=\"202482\"\r\n\t\t>&hearts;<\/span>\r\n\t                    <\/div>\n\n        <a class=\"item-meta\" href=\"https:\/\/plannervisit.krasno.dev\/pl\/lokalne-produkty\/kroje-ludowe\/\">\n            <div class=\"item-title\">\n                Kroje ludowe            <\/div>\n\n            <div class=\"item-loc item-block icon-user\"><strong class=\"meno_predajcu\">Em\u00edlia \u0160im\u010dekov\u00e1<\/strong><\/div><div class=\"item-loc item-block icon-marker mesto\">Liptovsk\u00e9 Slia\u010de<\/div>        <\/a>\n    <\/div>\n    <div class=\"list-item sidera what\">\n                <div class=\"thumb \">\n                            <div class=\"thumb-slide\" style=\"background-image:url('https:\/\/plannervisit.krasno.dev\/wp-content\/uploads\/2024\/08\/med-kvetovy-sova-produkt-liptova.jpg')\"><\/div>\n                                <span class=\"favorite-btn  js_favorite-inline-ajax\"\r\n              data-id=\"198411\"\r\n\t\t>&hearts;<\/span>\r\n\t                    <\/div>\n\n        <a class=\"item-meta\" href=\"https:\/\/plannervisit.krasno.dev\/pl\/lokalne-produkty\/miod-pszczeli-kwiatowy-vcelie-kralovstvo\/\">\n            <div class=\"item-title\">\n                Mi\u00f3d pszczeli kwiatowy            <\/div>\n\n            <div class=\"item-loc item-block icon-user\"><strong class=\"meno_predajcu\">V\u010delie kr\u00e1\u013eovstvo<\/strong><\/div><div class=\"item-loc item-block icon-marker mesto\">Liptovsk\u00fd Mikul\u00e1\u0161<\/div>        <\/a>\n    <\/div>\n    <div class=\"list-item sidera what\">\n                <div class=\"thumb \">\n                            <div class=\"thumb-slide\" style=\"background-image:url('https:\/\/plannervisit.krasno.dev\/wp-content\/uploads\/2021\/05\/Liptovske-droby-day2-052-1-600x400.jpg')\"><\/div>\n                                <span class=\"favorite-btn  js_favorite-inline-ajax\"\r\n              data-id=\"198413\"\r\n\t\t>&hearts;<\/span>\r\n\t                    <\/div>\n\n        <a class=\"item-meta\" href=\"https:\/\/plannervisit.krasno.dev\/pl\/lokalne-produkty\/liptowskie-droby\/\">\n            <div class=\"item-title\">\n                Liptovsk\u00e9 droby a \u0161ialence            <\/div>\n\n            <div class=\"item-loc item-block icon-user\"><strong class=\"meno_predajcu\">\u0160tefan Tk\u00e1\u010d - GURM\u00c1N<\/strong><\/div><div class=\"item-loc item-block icon-marker mesto\">Liptovsk\u00fd Ondrej<\/div>        <\/a>\n    <\/div>\n    <div class=\"list-item sidera what\">\n                <div class=\"thumb \">\n                            <div class=\"thumb-slide\" style=\"background-image:url('https:\/\/plannervisit.krasno.dev\/wp-content\/uploads\/2022\/03\/nahladova-foto-NEW-orez-600x338-1.jpg')\"><\/div>\n                                <span class=\"favorite-btn  js_favorite-inline-ajax\"\r\n              data-id=\"202492\"\r\n\t\t>&hearts;<\/span>\r\n\t                    <\/div>\n\n        <a class=\"item-meta\" href=\"https:\/\/plannervisit.krasno.dev\/pl\/lokalne-produkty\/sery-i-nitky-serowe\/\">\n            <div class=\"item-title\">\n                Sery i nitky serowe            <\/div>\n\n            <div class=\"item-loc item-block icon-user\"><strong class=\"meno_predajcu\">PPS Bobrovec<\/strong><\/div><div class=\"item-loc item-block icon-marker mesto\">Bobrovec<\/div>        <\/a>\n    <\/div>\n    <div class=\"list-item sidera what\">\n                <div class=\"thumb \">\n                            <div class=\"thumb-slide\" style=\"background-image:url('https:\/\/plannervisit.krasno.dev\/wp-content\/uploads\/2022\/03\/bobrovec_maslo-450x600.png')\"><\/div>\n                                <span class=\"favorite-btn  js_favorite-inline-ajax\"\r\n              data-id=\"202498\"\r\n\t\t>&hearts;<\/span>\r\n\t                    <\/div>\n\n        <a class=\"item-meta\" href=\"https:\/\/plannervisit.krasno.dev\/pl\/lokalne-produkty\/maslo-krowie\/\">\n            <div class=\"item-title\">\n                Mas\u0142o krowie            <\/div>\n\n            <div class=\"item-loc item-block icon-user\"><strong class=\"meno_predajcu\">PPS Bobrovec<\/strong><\/div><div class=\"item-loc item-block icon-marker mesto\">Bobrovec<\/div>        <\/a>\n    <\/div>\n    <div class=\"list-item sidera what\">\n                <div class=\"thumb \">\n                            <div class=\"thumb-slide\" style=\"background-image:url('https:\/\/plannervisit.krasno.dev\/wp-content\/uploads\/2024\/08\/medona-medovniky-produkt-liptova-2-450x600.jpg')\"><\/div>\n                                <span class=\"favorite-btn  js_favorite-inline-ajax\"\r\n              data-id=\"202500\"\r\n\t\t>&hearts;<\/span>\r\n\t                    <\/div>\n\n        <a class=\"item-meta\" href=\"https:\/\/plannervisit.krasno.dev\/pl\/lokalne-produkty\/niodowniki-medona\/\">\n            <div class=\"item-title\">\n                Miodowniki Medona            <\/div>\n\n            <div class=\"item-loc item-block icon-user\"><strong class=\"meno_predajcu\">Miroslava Cingelov\u00e1<\/strong><\/div><div class=\"item-loc item-block icon-marker mesto\">Ru\u017eomberok<\/div>        <\/a>\n    <\/div>\n    <div class=\"list-item sidera what\">\n                <div class=\"thumb \">\n                            <div class=\"thumb-slide\" style=\"background-image:url('https:\/\/plannervisit.krasno.dev\/wp-content\/uploads\/2022\/03\/@Medvedovnik-23-600x450.jpg')\"><\/div>\n                                <span class=\"favorite-btn  js_favorite-inline-ajax\"\r\n              data-id=\"198426\"\r\n\t\t>&hearts;<\/span>\r\n\t                    <\/div>\n\n        <a class=\"item-meta\" href=\"https:\/\/plannervisit.krasno.dev\/pl\/lokalne-produkty\/miodowniki-medvedovnik\/\">\n            <div class=\"item-title\">\n                Miodownik &#8211; Med(ve\u010f)ovn\u00edk            <\/div>\n\n            <div class=\"item-loc item-block icon-user\"><strong class=\"meno_predajcu\">Anna \u0160enker\u00edkov\u00e1<\/strong><\/div><div class=\"item-loc item-block icon-marker mesto\">Liptovsk\u00e1 Lu\u017en\u00e1<\/div>        <\/a>\n    <\/div>\n    <div class=\"list-item sidera what\">\n                <div class=\"thumb \">\n                            <div class=\"thumb-slide\" style=\"background-image:url('https:\/\/plannervisit.krasno.dev\/wp-content\/uploads\/2023\/04\/Produkt-Liptova_certifikacia_2-31-600x450.jpg')\"><\/div>\n                                <span class=\"favorite-btn  js_favorite-inline-ajax\"\r\n              data-id=\"202502\"\r\n\t\t>&hearts;<\/span>\r\n\t                    <\/div>\n\n        <a class=\"item-meta\" href=\"https:\/\/plannervisit.krasno.dev\/pl\/lokalne-produkty\/miod-pszczeli-kwiatowy-nadasdy\/\">\n            <div class=\"item-title\">\n                Mi\u00f3d pszczeli kwiatowy            <\/div>\n\n            <div class=\"item-loc item-block icon-user\"><strong class=\"meno_predajcu\">Iveta Nad\u00e1\u0161dyov\u00e1<\/strong><\/div><div class=\"item-loc item-block icon-marker mesto\">Kr\u00e1\u013eova Lehota<\/div>        <\/a>\n    <\/div>\n    <div class=\"list-item sidera what\">\n                <div class=\"thumb \">\n                            <div class=\"thumb-slide\" style=\"background-image:url('https:\/\/plannervisit.krasno.dev\/wp-content\/uploads\/2022\/03\/Produkt_liptova_Fotenie_v_terene-8-of-492022small_produktLiptova_mlieko_sliace-400x600.jpg')\"><\/div>\n                                <span class=\"favorite-btn  js_favorite-inline-ajax\"\r\n              data-id=\"198461\"\r\n\t\t>&hearts;<\/span>\r\n\t                    <\/div>\n\n        <a class=\"item-meta\" href=\"https:\/\/plannervisit.krasno.dev\/pl\/lokalne-produkty\/mleko-krowie-niepasteryzovane-liskova-sliace\/\">\n            <div class=\"item-title\">\n                Mleko krowie niepasteryzowane            <\/div>\n\n            <div class=\"item-loc item-block icon-user\"><strong class=\"meno_predajcu\">PD Liskov\u00e1<\/strong><\/div><div class=\"item-loc item-block icon-marker mesto\">Ru\u017eomberok<\/div>        <\/a>\n    <\/div>\n    <div class=\"list-item sidera what\">\n                <div class=\"thumb \">\n                            <div class=\"thumb-slide\" style=\"background-image:url('https:\/\/plannervisit.krasno.dev\/wp-content\/uploads\/2023\/10\/Produkt-Liptova_Kohler_mozeme-pouzivat-3-600x400.jpg')\"><\/div>\n                                <span class=\"favorite-btn  js_favorite-inline-ajax\"\r\n              data-id=\"198457\"\r\n\t\t>&hearts;<\/span>\r\n\t                    <\/div>\n\n        <a class=\"item-meta\" href=\"https:\/\/plannervisit.krasno.dev\/pl\/lokalne-produkty\/naturalne-mydla-i-szampony-krmesaky\/\">\n            <div class=\"item-title\">\n                Myd\u0142a zio\u0142owe Krme\u0161\u00e1ky            <\/div>\n\n            <div class=\"item-loc item-block icon-user\"><strong class=\"meno_predajcu\">Krme\u0161\u00e1ky<\/strong><\/div><div class=\"item-loc item-block icon-marker mesto\">Vlachy - Krme\u0161<\/div>        <\/a>\n    <\/div>\n    <div class=\"list-item sidera what\">\n                <div class=\"thumb \">\n                            <div class=\"thumb-slide\" style=\"background-image:url('https:\/\/plannervisit.krasno.dev\/wp-content\/uploads\/2022\/03\/Biotatry-caje-600x400.jpg')\"><\/div>\n                                <span class=\"favorite-btn  js_favorite-inline-ajax\"\r\n              data-id=\"202520\"\r\n\t\t>&hearts;<\/span>\r\n\t                    <\/div>\n\n        <a class=\"item-meta\" href=\"https:\/\/plannervisit.krasno.dev\/pl\/lokalne-produkty\/herbatki-ziolowe\/\">\n            <div class=\"item-title\">\n                Herbatki zio\u0142owe            <\/div>\n\n            <div class=\"item-loc item-block icon-user\"><strong class=\"meno_predajcu\">BIOTATRY<\/strong><\/div><div class=\"item-loc item-block icon-marker mesto\">V\u00fdchodn\u00e1<\/div>        <\/a>\n    <\/div>\n    <div class=\"list-item sidera what\">\n                <div class=\"thumb \">\n                            <div class=\"thumb-slide\" style=\"background-image:url('https:\/\/plannervisit.krasno.dev\/wp-content\/uploads\/2022\/03\/Produkt-Liptova_Kohler_mozeme-pouzivat-9-600x400.jpg')\"><\/div>\n                                <span class=\"favorite-btn  js_favorite-inline-ajax\"\r\n              data-id=\"202525\"\r\n\t\t>&hearts;<\/span>\r\n\t                    <\/div>\n\n        <a class=\"item-meta\" href=\"https:\/\/plannervisit.krasno.dev\/pl\/lokalne-produkty\/tkane-dywany-i-bielizna-stolowa\/\">\n            <div class=\"item-title\">\n                Tkane dywany i bielizna sto\u0142owa            <\/div>\n\n            <div class=\"item-loc item-block icon-user\"><strong class=\"meno_predajcu\">Michal Loren\u010d\u00edk<\/strong><\/div><div class=\"item-loc item-block icon-marker mesto\">Kr\u00e1\u013eov\u00e1 Lehota<\/div>        <\/a>\n    <\/div>\n\n<script>\n(function($) {\n    function initThumbSliders() {\n        $('.thumb-slider').not('.slick-initialized').each(function() {\n            var $slider = $(this);\n            var $thumb = $slider.closest('.thumb');\n            var thumbWidth = $thumb.outerWidth();\n\n            $slider.on('init reInit', function(event, slick) {\n                $(this).find('.slick-list, .slick-track, .slick-slide, .thumb-slide').css('width', thumbWidth + 'px');\n            });\n\n            $slider.slick({\n                dots: true,\n                arrows: false,\n                infinite: false,\n                speed: 300,\n                slidesToShow: 1,\n                slidesToScroll: 1,\n                adaptiveHeight: false,\n                swipe: true,\n                touchMove: true,\n                draggable: true\n            });\n        });\n    }\n\n    \/\/ Init on page load\n    $(document).ready(function() {\n        initThumbSliders();\n    });\n\n    \/\/ Re-init after FacetWP refresh\n    $(document).on('facetwp-loaded', function() {\n        initThumbSliders();\n    });\n})(jQuery);\n<\/script>\n\n<style>\n.list-item.sidera {\n    max-width: 100%;\n    overflow: hidden;\n}\n.thumb {\n    position: relative;\n    overflow: hidden;\n    max-width: 100%;\n}\n\n.thumb-slider {\n    position: absolute;\n    top: 0;\n    left: 0;\n    right: 0;\n    bottom: 0;\n}\n.thumb-slide {\n    height: 100%;\n    background-size: cover;\n    background-position: center;\n    cursor: grab;\n}\n.thumb-slide:active {\n    cursor: grabbing;\n}\n.thumb-slider .slick-list {\n    height: 100%;\n    overflow: hidden;\n}\n.thumb-slider .slick-track {\n    height: 100%;\n}\n.thumb-slider .slick-slide {\n    height: 100%;\n}\n.thumb-slider .slick-slide > div {\n    height: 100%;\n}\n.thumb-slider .slick-dots {\n    position: absolute;\n    bottom: 10px;\n    left: 0;\n    right: 0;\n    margin: 0;\n    padding: 0;\n    list-style: none;\n    text-align: center;\n    z-index: 10;\n}\n.thumb-slider .slick-dots li {\n    display: inline-block;\n    margin: 0 4px;\n}\n.thumb-slider .slick-dots li button {\n    width: 8px;\n    height: 8px;\n    padding: 0;\n    border: none;\n    border-radius: 50%;\n    background: rgba(255,255,255,0.5);\n    font-size: 0;\n    cursor: pointer;\n}\n.thumb-slider .slick-dots li.slick-active button {\n    background: #fff;\n}\n.list-item.sidera .slick-dotted.slick-slider {\n    margin-bottom: 0px;\n}\n\n.sidera .slick-dots li:before{\n\tdisplay: none!important;\n}\n\n.sidera .slick-dots li button:before\n{\n\tcolor: #c33031;\n}\n\na.item-meta {\n    display: block;\n    text-decoration: none;\n    color: inherit;\n}\n@media(max-width: 767px){\n\t\t.mesto {\n\t\tdisplay: none!important;\n\t}\n\t.blog-content .list-item .thumb {\n\t\tmax-height: 200px;\n\t}\n\t.list-item.sidera{\n\t\tmax-width: calc(50% - 10px);\n\t}\n\n\t.facetwp-template {\n    display: flex;\n    flex-wrap: wrap;\n    gap: 10px;\n}\n.blog-cats .facetwp-facet {\n    overflow-x: auto;\n    overflow-y: scroll;\n    display: flex;\n    flex-wrap: nowrap;\n    white-space: nowrap;\n    overflow-x: scroll !important;\n    overflow-y: hidden !important;\n    display: flex !important;\n    flex-wrap: nowrap !important;\n    max-width: calc(100vw - 20px)!important;\n    \n\t\t\t}\n\n}\n\n<\/style>\n<\/div>            <div class=\"facetwp-pager\"><\/div>        <\/div>\r\n\r\n    <\/div>\r\n    \n\n\n\n<div class=\"wp-block-buttons aligncenter is-layout-flex wp-block-buttons-is-layout-flex\"><\/div>\n<\/div>\n\n\n\n<div class=\"wp-block-column is-layout-flow wp-block-column-is-layout-flow\" style=\"flex-basis:25%\">\n<figure class=\"wp-block-image size-large is-style-rounded\"><img loading=\"lazy\" decoding=\"async\" width=\"1600\" height=\"1600\" src=\"https:\/\/plannervisit.krasno.dev\/wp-content\/uploads\/2022\/10\/produkt-liptova_znacka_RGB.jpg\" alt=\"\" class=\"wp-image-199423\" srcset=\"https:\/\/plannervisit.krasno.dev\/wp-content\/uploads\/2022\/10\/produkt-liptova_znacka_RGB.jpg 1600w, https:\/\/plannervisit.krasno.dev\/wp-content\/uploads\/2022\/10\/produkt-liptova_znacka_RGB-1200x1200.jpg 1200w, https:\/\/plannervisit.krasno.dev\/wp-content\/uploads\/2022\/10\/produkt-liptova_znacka_RGB-600x600.jpg 600w, https:\/\/plannervisit.krasno.dev\/wp-content\/uploads\/2022\/10\/produkt-liptova_znacka_RGB-1536x1536.jpg 1536w\" sizes=\"(max-width: 1600px) 100vw, 1600px\" \/><\/figure>\n\n\n\n<p class=\"has-text-align-center\"><strong>Regionalna marka produktowa Produkt Liptova wspiera wyj\u0105tkowe produkty uczciwie wykonane na Liptowie.<\/strong><\/p>\n\n\n\n<div class=\"wp-block-buttons aligncenter is-layout-flex wp-block-buttons-is-layout-flex\">\n<div class=\"wp-block-button\"><a class=\"wp-block-button__link\" href=\"https:\/\/plannervisit.krasno.dev\/pl\/produkt-liptova\/\" target=\"_blank\" rel=\"noreferrer noopener\">w<strong>i\u0119cej o&nbsp;marce Produkt Liptowa<\/strong><\/a><\/div>\n<\/div>\n\n\n\n<div class=\"wp-block-buttons aligncenter is-layout-flex wp-block-buttons-is-layout-flex\"><\/div>\n<\/div>\n<\/div>\n\n\n\n<div class=\"wp-block-buttons is-layout-flex wp-block-buttons-is-layout-flex\"><\/div>\n","protected":false},"excerpt":{"rendered":"<p>Regionalna marka produktowa Produkt Liptova wspiera wyj\u0105tkowe produkty uczciwie wykonane na Liptowie.<\/p>\n","protected":false},"author":3,"featured_media":0,"parent":0,"menu_order":0,"comment_status":"closed","ping_status":"closed","template":"","meta":{"_acf_changed":false,"inline_featured_image":false,"episode_type":"","audio_file":"","cover_image":"","cover_image_id":"","duration":"","filesize":"","date_recorded":"","explicit":"","block":"","filesize_raw":"","footnotes":""},"class_list":["post-198406","page","type-page","status-publish","hentry"],"acf":[],"_links":{"self":[{"href":"https:\/\/plannervisit.krasno.dev\/pl\/wp-json\/wp\/v2\/pages\/198406"}],"collection":[{"href":"https:\/\/plannervisit.krasno.dev\/pl\/wp-json\/wp\/v2\/pages"}],"about":[{"href":"https:\/\/plannervisit.krasno.dev\/pl\/wp-json\/wp\/v2\/types\/page"}],"author":[{"embeddable":true,"href":"https:\/\/plannervisit.krasno.dev\/pl\/wp-json\/wp\/v2\/users\/3"}],"replies":[{"embeddable":true,"href":"https:\/\/plannervisit.krasno.dev\/pl\/wp-json\/wp\/v2\/comments?post=198406"}],"version-history":[{"count":0,"href":"https:\/\/plannervisit.krasno.dev\/pl\/wp-json\/wp\/v2\/pages\/198406\/revisions"}],"wp:attachment":[{"href":"https:\/\/plannervisit.krasno.dev\/pl\/wp-json\/wp\/v2\/media?parent=198406"}],"curies":[{"name":"wp","href":"https:\/\/api.w.org\/{rel}","templated":true}]}}