{"id":245190,"date":"2023-04-28T10:20:09","date_gmt":"2023-04-28T08:20:09","guid":{"rendered":"https:\/\/www.visitliptov.sk\/planowanie-wakacji\/ratownictwo-ubezpieczeniowe-w-gorach-z-liptov-region-card-i-generali-kopia\/"},"modified":"2024-02-26T08:56:28","modified_gmt":"2024-02-26T07:56:28","slug":"sam-zaakceptuj-swoja-znizke","status":"publish","type":"page","link":"https:\/\/plannervisit.krasno.dev\/pl\/liptov-region-card\/sam-zaakceptuj-swoja-znizke\/","title":{"rendered":"Sam zaakceptuj swoj\u0105 zni\u017ck\u0119!"},"content":{"rendered":"\n<div class=\"wp-block-cover alignfull is-light has-custom-content-position is-position-bottom-center mt-0 mb-0 opacity-1 show-on-mobile\" style=\"min-height:280px;aspect-ratio:unset;\"><span aria-hidden=\"true\" class=\"wp-block-cover__background has-background-dim-0 has-background-dim\"><\/span><img loading=\"lazy\" decoding=\"async\" width=\"1748\" height=\"1217\" class=\"wp-block-cover__image-background wp-image-245205\" alt=\"\" src=\"https:\/\/plannervisit.krasno.dev\/wp-content\/uploads\/2023\/04\/samoakceptuj.png\" style=\"object-position:49% 87%\" data-object-fit=\"cover\" data-object-position=\"49% 87%\" srcset=\"https:\/\/plannervisit.krasno.dev\/wp-content\/uploads\/2023\/04\/samoakceptuj.png 1748w, https:\/\/plannervisit.krasno.dev\/wp-content\/uploads\/2023\/04\/samoakceptuj-1200x835.png 1200w, https:\/\/plannervisit.krasno.dev\/wp-content\/uploads\/2023\/04\/samoakceptuj-600x418.png 600w, https:\/\/plannervisit.krasno.dev\/wp-content\/uploads\/2023\/04\/samoakceptuj-1536x1069.png 1536w\" sizes=\"(max-width: 1748px) 100vw, 1748px\" \/><div class=\"wp-block-cover__inner-container is-layout-flow wp-block-cover-is-layout-flow\">\n<div class=\"wp-block-buttons is-content-justification-center is-layout-flex wp-container-core-buttons-is-layout-1 wp-block-buttons-is-layout-flex\"><\/div>\n<\/div><\/div>\n\n\n\n<div class=\"wp-block-cover alignfull is-light has-custom-content-position is-position-bottom-center mt-0 mb-0 opacity-1 show-on-pc\" style=\"min-height:408px;aspect-ratio:unset;\"><span aria-hidden=\"true\" class=\"wp-block-cover__background has-background-dim-0 has-background-dim\"><\/span><img loading=\"lazy\" decoding=\"async\" width=\"1920\" height=\"600\" class=\"wp-block-cover__image-background wp-image-245209\" alt=\"\" src=\"https:\/\/plannervisit.krasno.dev\/wp-content\/uploads\/2023\/04\/cover.jpg\" style=\"object-position:44% 46%\" data-object-fit=\"cover\" data-object-position=\"44% 46%\" srcset=\"https:\/\/plannervisit.krasno.dev\/wp-content\/uploads\/2023\/04\/cover.jpg 1920w, https:\/\/plannervisit.krasno.dev\/wp-content\/uploads\/2023\/04\/cover-1200x375.jpg 1200w, https:\/\/plannervisit.krasno.dev\/wp-content\/uploads\/2023\/04\/cover-600x188.jpg 600w, https:\/\/plannervisit.krasno.dev\/wp-content\/uploads\/2023\/04\/cover-1536x480.jpg 1536w\" sizes=\"(max-width: 1920px) 100vw, 1920px\" \/><div class=\"wp-block-cover__inner-container is-layout-flow wp-block-cover-is-layout-flow\">\n<div class=\"wp-block-buttons is-content-justification-center is-layout-flex wp-container-core-buttons-is-layout-2 wp-block-buttons-is-layout-flex\"><\/div>\n<\/div><\/div>\n\n\n\n<p class=\"has-text-align-center has-medium-font-size\"><strong><strong><strong>Sam zaakceptuj swoj\u0105 zni\u017ck\u0119!<\/strong><\/strong><\/strong><\/p>\n\n\n\n<p class=\"has-text-align-center\">Uzyskanie zni\u017cek nigdy nie by\u0142o \u0142atwiejsze.&nbsp;W obiektach udzielaj\u0105cych zni\u017cki znajdziesz naklejk\u0119 \u201eSKORZYSTAJ ZE ZNI\u017bKI\u201d z kodem QR, za pomoc\u0105 kt\u00f3rego mo\u017cesz skorzysta\u0107 ze zni\u017cki bezpo\u015brednio w swoim telefonie kom\u00f3rkowym.<\/p>\n\n\n<div class=\"wp-block-image\">\n<figure class=\"aligncenter size-full is-resized\"><img loading=\"lazy\" decoding=\"async\" width=\"500\" height=\"500\" src=\"https:\/\/plannervisit.krasno.dev\/wp-content\/uploads\/2023\/04\/vyuzi-zlavu-bez-pozadia-1.png\" alt=\"\" class=\"wp-image-245550\" style=\"width:125px;height:125px\"\/><\/figure><\/div>\n\n\n<h2 class=\"wp-block-heading has-text-align-center\" style=\"font-size:25px\"><strong>PROCES SAMOAKCEPTACJI<\/strong><\/h2>\n\n\n\n<p class=\"has-text-align-center has-medium-font-size\"><strong>1<\/strong><\/p>\n\n\n\n<p class=\"has-text-align-center has-medium-font-size\">Zeskanuj kod QR aparatem telefonu kom\u00f3rkowego lub wprowad\u017a link.<\/p>\n\n\n\n<p class=\"has-text-align-center has-medium-font-size\"><strong>2<\/strong><\/p>\n\n\n\n<p class=\"has-text-align-center has-medium-font-size\">Wpisz <strong>w polu 6-cyfrowy numer<\/strong> swojej karty.&nbsp;Kliknij, aby wybra\u0107 us\u0142ug\u0119, z kt\u00f3rej chcesz skorzysta\u0107.&nbsp;<\/p>\n\n\n\n<p class=\"has-text-align-center has-medium-font-size\"><strong>3<\/strong><\/p>\n\n\n\n<p class=\"has-text-align-center has-medium-font-size\">Poka\u017c potwierdzon\u0105 akceptacj\u0119 przy kasie i uzyskaj zni\u017ck\u0119.<\/p>\n\n\n\n<div style=\"height:37px\" aria-hidden=\"true\" class=\"wp-block-spacer\"><\/div>\n\n\n\n<p class=\"has-text-align-center\"><strong><em>W przypadku, gdy nie ma kodu QR lub masz problemy techniczne z&nbsp;akceptacj\u0105 zni\u017cki za pomoc\u0105 kodu QR, nale\u017cy pokaza\u0107 obs\u0142udze swoj\u0105 kart\u0119 Liptov Region Card, a&nbsp;oni wprowadz\u0105 zni\u017ck\u0119 w inny spos\u00f3b.<\/em><\/strong><\/p>\n\n\n\n<div style=\"height:37px\" aria-hidden=\"true\" class=\"wp-block-spacer\"><\/div>\n\n\n\n<h2 class=\"wp-block-heading has-text-align-center\"><strong>Przyk\u0142ad samoakceptacji<\/strong><\/h2>\n\n\n\n<div class=\"wp-block-columns is-layout-flex wp-container-core-columns-is-layout-1 wp-block-columns-is-layout-flex\">\n<div class=\"wp-block-column is-layout-flow wp-block-column-is-layout-flow\"><div class=\"wp-block-image\">\n<figure class=\"aligncenter size-large is-resized\"><img loading=\"lazy\" decoding=\"async\" width=\"844\" height=\"1600\" src=\"https:\/\/plannervisit.krasno.dev\/wp-content\/uploads\/2024\/02\/samoakceptacia-1-844x1600.jpg\" alt=\"\" class=\"wp-image-588805\" style=\"height:400px\" srcset=\"https:\/\/plannervisit.krasno.dev\/wp-content\/uploads\/2024\/02\/samoakceptacia-1-844x1600.jpg 844w, https:\/\/plannervisit.krasno.dev\/wp-content\/uploads\/2024\/02\/samoakceptacia-1-633x1200.jpg 633w, https:\/\/plannervisit.krasno.dev\/wp-content\/uploads\/2024\/02\/samoakceptacia-1-317x600.jpg 317w, https:\/\/plannervisit.krasno.dev\/wp-content\/uploads\/2024\/02\/samoakceptacia-1-811x1536.jpg 811w, https:\/\/plannervisit.krasno.dev\/wp-content\/uploads\/2024\/02\/samoakceptacia-1.jpg 915w\" sizes=\"(max-width: 844px) 100vw, 844px\" \/><\/figure><\/div><\/div>\n\n\n\n<div class=\"wp-block-column is-layout-flow wp-block-column-is-layout-flow\"><div class=\"wp-block-image\">\n<figure class=\"aligncenter size-large is-resized\"><img loading=\"lazy\" decoding=\"async\" width=\"850\" height=\"1600\" src=\"https:\/\/plannervisit.krasno.dev\/wp-content\/uploads\/2024\/02\/samoakceptacia-2-850x1600.jpg\" alt=\"\" class=\"wp-image-588813\" style=\"height:400px\" srcset=\"https:\/\/plannervisit.krasno.dev\/wp-content\/uploads\/2024\/02\/samoakceptacia-2-850x1600.jpg 850w, https:\/\/plannervisit.krasno.dev\/wp-content\/uploads\/2024\/02\/samoakceptacia-2-638x1200.jpg 638w, https:\/\/plannervisit.krasno.dev\/wp-content\/uploads\/2024\/02\/samoakceptacia-2-319x600.jpg 319w, https:\/\/plannervisit.krasno.dev\/wp-content\/uploads\/2024\/02\/samoakceptacia-2-816x1536.jpg 816w, https:\/\/plannervisit.krasno.dev\/wp-content\/uploads\/2024\/02\/samoakceptacia-2.jpg 915w\" sizes=\"(max-width: 850px) 100vw, 850px\" \/><\/figure><\/div><\/div>\n\n\n\n<div class=\"wp-block-column is-layout-flow wp-block-column-is-layout-flow\"><div class=\"wp-block-image\">\n<figure class=\"aligncenter size-large is-resized\"><img loading=\"lazy\" decoding=\"async\" width=\"789\" height=\"1600\" src=\"https:\/\/plannervisit.krasno.dev\/wp-content\/uploads\/2024\/02\/samoakceptacia-3-789x1600.jpg\" alt=\"\" class=\"wp-image-588821\" style=\"height:400px\" srcset=\"https:\/\/plannervisit.krasno.dev\/wp-content\/uploads\/2024\/02\/samoakceptacia-3-789x1600.jpg 789w, https:\/\/plannervisit.krasno.dev\/wp-content\/uploads\/2024\/02\/samoakceptacia-3-592x1200.jpg 592w, https:\/\/plannervisit.krasno.dev\/wp-content\/uploads\/2024\/02\/samoakceptacia-3-296x600.jpg 296w, https:\/\/plannervisit.krasno.dev\/wp-content\/uploads\/2024\/02\/samoakceptacia-3-758x1536.jpg 758w, https:\/\/plannervisit.krasno.dev\/wp-content\/uploads\/2024\/02\/samoakceptacia-3.jpg 915w\" sizes=\"(max-width: 789px) 100vw, 789px\" \/><\/figure><\/div><\/div>\n<\/div>\n\n\n\n<p class=\"has-small-font-size\"><\/p>\n\n\n\n<hr class=\"wp-block-separator has-css-opacity is-style-dots\"\/>\n","protected":false},"excerpt":{"rendered":"<p>Sam zaakceptuj swoj\u0105 zni\u017ck\u0119! Uzyskanie zni\u017cek nigdy nie by\u0142o \u0142atwiejsze.&nbsp;W obiektach udzielaj\u0105cych zni\u017cki znajdziesz naklejk\u0119 \u201eSKORZYSTAJ ZE ZNI\u017bKI\u201d z kodem &#8230;<\/p>\n","protected":false},"author":15,"featured_media":245207,"parent":90254,"menu_order":0,"comment_status":"closed","ping_status":"closed","template":"page_no-title.php","meta":{"_acf_changed":false,"inline_featured_image":false,"episode_type":"","audio_file":"","cover_image":"","cover_image_id":"","duration":"","filesize":"","date_recorded":"","explicit":"","block":"","filesize_raw":"","footnotes":""},"class_list":["post-245190","page","type-page","status-publish","has-post-thumbnail","hentry"],"acf":[],"_links":{"self":[{"href":"https:\/\/plannervisit.krasno.dev\/pl\/wp-json\/wp\/v2\/pages\/245190"}],"collection":[{"href":"https:\/\/plannervisit.krasno.dev\/pl\/wp-json\/wp\/v2\/pages"}],"about":[{"href":"https:\/\/plannervisit.krasno.dev\/pl\/wp-json\/wp\/v2\/types\/page"}],"author":[{"embeddable":true,"href":"https:\/\/plannervisit.krasno.dev\/pl\/wp-json\/wp\/v2\/users\/15"}],"replies":[{"embeddable":true,"href":"https:\/\/plannervisit.krasno.dev\/pl\/wp-json\/wp\/v2\/comments?post=245190"}],"version-history":[{"count":0,"href":"https:\/\/plannervisit.krasno.dev\/pl\/wp-json\/wp\/v2\/pages\/245190\/revisions"}],"up":[{"embeddable":true,"href":"https:\/\/plannervisit.krasno.dev\/pl\/wp-json\/wp\/v2\/pages\/90254"}],"wp:featuredmedia":[{"embeddable":true,"href":"https:\/\/plannervisit.krasno.dev\/pl\/wp-json\/wp\/v2\/media\/245207"}],"wp:attachment":[{"href":"https:\/\/plannervisit.krasno.dev\/pl\/wp-json\/wp\/v2\/media?parent=245190"}],"curies":[{"name":"wp","href":"https:\/\/api.w.org\/{rel}","templated":true}]}}