{"id":248542,"date":"2023-05-22T01:12:54","date_gmt":"2023-05-21T23:12:54","guid":{"rendered":"https:\/\/www.visitliptov.sk\/?page_id=248542"},"modified":"2023-05-22T01:12:56","modified_gmt":"2023-05-21T23:12:56","slug":"stacje-ladowania-rowerow-elektrycznych","status":"publish","type":"page","link":"https:\/\/plannervisit.krasno.dev\/pl\/doswiadczenia\/kolarstwo\/rowerem-elektrycznym-po-liptowie\/stacje-ladowania-rowerow-elektrycznych\/","title":{"rendered":"Stacje \u0142adowania rower\u00f3w elektrycznych"},"content":{"rendered":"    <div class=\"ns-events\">\r\n        <div class=\"ns-events-filter-toggle\">\r\n            <span class=\"events-filter-title\">Szukanie<\/span>\r\n            <div class=\"btn ns-events-filter-btn\">\r\n\t\t\t\tFilter            <\/div>\r\n        <\/div>\r\n        <div class=\"events-filter sidebar\">\r\n            <div class=\"close-btn\"><\/div>\r\n            <span class=\"events-filter-title\">Szukanie<\/span>\r\n\r\n            <span class=\"events-filter-label\">Kategoria<\/span>\r\n\t        <div class=\"facetwp-facet facetwp-facet-ebike_kategorie facetwp-type-checkboxes\" data-name=\"ebike_kategorie\" data-type=\"checkboxes\"><\/div>\r\n            <span class=\"events-filter-label\">Siedlisko<\/span>\r\n\t        <div class=\"facetwp-facet facetwp-facet-locality facetwp-type-checkboxes\" data-name=\"locality\" data-type=\"checkboxes\"><\/div>\r\n            <span class=\"events-filter-label\">Inne kryteria<\/span>\r\n\t        <div class=\"facetwp-facet facetwp-facet-trasy_cyklosluzby facetwp-type-checkboxes\" data-name=\"trasy_cyklosluzby\" data-type=\"checkboxes\"><\/div>\r\n        <\/div>\r\n\r\n        <div class=\"blog-content\">\r\n\t\t\t<div class=\"facetwp-template\" data-name=\"cycling_ebike\"><a class=\"list-item test\" href=\"https:\/\/plannervisit.krasno.dev\/pl\/ciekawostka\/wypozyczalnia-rowerow-liptowski-trnovec-ski-ninaj\/\">\n\t    <div class=\"thumb\"\n         style=\"background-image:url('https:\/\/plannervisit.krasno.dev\/wp-content\/uploads\/2016\/05\/SKI-Ninaj-Liptovsky-Trnovec-1-1-600x338.jpg')\">\n\t\t        <span class=\"favorite-btn  js_favorite-inline-ajax\"\r\n              data-id=\"45812\"\r\n\t\t>&hearts;<\/span>\r\n\t\n        \t    \n\t            \n\n\t\t\t\t    <\/div>\n\n    <div class=\"item-meta\">\n        <div class=\"item-title\">\n\t\t\tWypo\u017cyczalnia SKI NI\u0147AJ        <\/div>\n\n\t\t<div class=\"item-loc icon-marker a\">Liptovsk\u00fd Trnovec<\/div>    <\/div>\n<\/a>\n<a class=\"list-item test\" href=\"https:\/\/plannervisit.krasno.dev\/pl\/ciekawostka\/intersport-liptovsky-mikulas\/\">\n\t    <div class=\"thumb\"\n         style=\"background-image:url('https:\/\/plannervisit.krasno.dev\/wp-content\/uploads\/2018\/09\/Intersport-LM-1-600x600.jpg')\">\n\t\t        <span class=\"favorite-btn  js_favorite-inline-ajax\"\r\n              data-id=\"46144\"\r\n\t\t>&hearts;<\/span>\r\n\t\n        \t                <span class=\"label_discount\">\n                                            <span class=\"card-liptov\"><\/span>\n                    \t\t\t    <span class=\"discount-text\">20%,10% zni\u017cka<\/span>                <\/span>\n\t    \n\t    \n\n\t\t\t\t    <\/div>\n\n    <div class=\"item-meta\">\n        <div class=\"item-title\">\n\t\t\tINTERSPORT        <\/div>\n\n\t\t<div class=\"item-loc icon-marker a\">Liptovsk\u00fd Mikul\u00e1\u0161<\/div>    <\/div>\n<\/a>\n<a class=\"list-item test\" href=\"https:\/\/plannervisit.krasno.dev\/pl\/ciekawostka\/e-bike-wypoziczalnia-biela-put-jasna\/\">\n\t    <div class=\"thumb\"\n         style=\"background-image:url('https:\/\/plannervisit.krasno.dev\/wp-content\/uploads\/2022\/08\/Rental-Biela-Put-Jasna-Nizke-Tatry-3-450x600.jpg')\">\n\t\t        <span class=\"favorite-btn  js_favorite-inline-ajax\"\r\n              data-id=\"49987\"\r\n\t\t>&hearts;<\/span>\r\n\t\n        \t    \n\t            \n\n\t\t\t\t    <\/div>\n\n    <div class=\"item-meta\">\n        <div class=\"item-title\">\n\t\t\tRENTAL Biela P\u00fa\u0165 \u2013 Jasn\u00e1        <\/div>\n\n\t\t<div class=\"item-loc icon-marker a\">Dem\u00e4novsk\u00e1 Dolina<\/div>    <\/div>\n<\/a>\n<a class=\"list-item test\" href=\"https:\/\/plannervisit.krasno.dev\/pl\/ciekawostka\/rowerem-po-slowacji-lm\/\">\n\t    <div class=\"thumb\"\n         style=\"background-image:url('https:\/\/plannervisit.krasno.dev\/wp-content\/uploads\/2018\/02\/Bicyklom-po-Slovensku-title2-FHD-600x338.jpg')\">\n\t\t        <span class=\"favorite-btn  js_favorite-inline-ajax\"\r\n              data-id=\"49678\"\r\n\t\t>&hearts;<\/span>\r\n\t\n        \t    \n\t            \n\n\t\t\t\t    <\/div>\n\n    <div class=\"item-meta\">\n        <div class=\"item-title\">\n\t\t\tBicyklom po Slovensku (Rowerem po S\u0142owacji) \u2013 Liptovsk\u00fd Mikul\u00e1\u0161        <\/div>\n\n\t\t<div class=\"item-loc icon-marker a\">Liptovsk\u00fd Mikul\u00e1\u0161<\/div>    <\/div>\n<\/a>\n<a class=\"list-item test\" href=\"https:\/\/plannervisit.krasno.dev\/pl\/ciekawostka\/malino-brdo-ski-bike\/\">\n\t    <div class=\"thumb\"\n         style=\"background-image:url('https:\/\/plannervisit.krasno.dev\/wp-content\/uploads\/2016\/02\/Sport-a-zazitky_Bike-park-Malino-Brdo-4_zmens-600x331.jpg')\">\n\t\t        <span class=\"favorite-btn  js_favorite-inline-ajax\"\r\n              data-id=\"48523\"\r\n\t\t>&hearts;<\/span>\r\n\t\n        \t    \n\t            \n\n\t\t\t\t    <\/div>\n\n    <div class=\"item-meta\">\n        <div class=\"item-title\">\n\t\t\tMalin\u00f4 Brdo ski &#038; bike family park        <\/div>\n\n\t\t<div class=\"item-loc icon-marker a\">Ru\u017eomberok<\/div>    <\/div>\n<\/a>\n<a class=\"list-item test\" href=\"https:\/\/plannervisit.krasno.dev\/pl\/ciekawostka\/wypozyczalnia-rowerow-cyklopoint-ruzomberok\/\">\n\t    <div class=\"thumb\"\n         style=\"background-image:url('https:\/\/plannervisit.krasno.dev\/wp-content\/uploads\/2019\/05\/Cyklopoint-RUZOMBEROK.BIKE-1-600x451.jpeg')\">\n\t\t        <span class=\"favorite-btn  js_favorite-inline-ajax\"\r\n              data-id=\"90105\"\r\n\t\t>&hearts;<\/span>\r\n\t\n        \t    \n\t            \n\n\t\t\t\t    <\/div>\n\n    <div class=\"item-meta\">\n        <div class=\"item-title\">\n\t\t\tCyklopoint RU\u017dOMBEROK.BIKE        <\/div>\n\n\t\t<div class=\"item-loc icon-marker a\">Ru\u017eomberok<\/div>    <\/div>\n<\/a>\n<a class=\"list-item test\" href=\"https:\/\/plannervisit.krasno.dev\/pl\/ciekawostka\/gothal-wypozyczalnia-rowerow-elektrycznych\/\">\n\t    <div class=\"thumb\"\n         style=\"background-image:url('https:\/\/plannervisit.krasno.dev\/wp-content\/uploads\/2019\/10\/gothal-ebikes-1-pMt-600x400.jpg')\">\n\t\t        <span class=\"favorite-btn  js_favorite-inline-ajax\"\r\n              data-id=\"143626\"\r\n\t\t>&hearts;<\/span>\r\n\t\n        \t    \n\t            \n\n\t\t\t\t    <\/div>\n\n    <div class=\"item-meta\">\n        <div class=\"item-title\">\n\t\t\tGOTHAL Wypo\u017cyczalnia rower\u00f3w elektrycznych        <\/div>\n\n\t\t<div class=\"item-loc icon-marker a\">Liptovsk\u00e1 Osada<\/div>    <\/div>\n<\/a>\n<a class=\"list-item test\" href=\"https:\/\/plannervisit.krasno.dev\/pl\/ciekawostka\/bike-smile-wypozyczalnia-rowerow-i-rowerow-elektrycznych\/\">\n\t    <div class=\"thumb\"\n         style=\"background-image:url('https:\/\/plannervisit.krasno.dev\/wp-content\/uploads\/2020\/06\/Bike-Smile-600x455.jpeg')\">\n\t\t        <span class=\"favorite-btn  js_favorite-inline-ajax\"\r\n              data-id=\"142753\"\r\n\t\t>&hearts;<\/span>\r\n\t\n        \t    \n\t            \n\n\t\t\t\t    <\/div>\n\n    <div class=\"item-meta\">\n        <div class=\"item-title\">\n\t\t\tBIKE SMILE \u2013 Wypo\u017cyczalnia rower\u00f3w i rower\u00f3w elektrycznych        <\/div>\n\n\t\t<div class=\"item-loc icon-marker a\">Liptovsk\u00fd Mikul\u00e1\u0161 \u2013 \u010das\u0165 Dem\u00e4nov\u00e1<\/div>    <\/div>\n<\/a>\n<a class=\"list-item test\" href=\"https:\/\/plannervisit.krasno.dev\/pl\/ciekawostka\/gorski-hotel-mnich-rent\/\">\n\t    <div class=\"thumb\"\n         style=\"background-image:url('https:\/\/plannervisit.krasno.dev\/wp-content\/uploads\/2019\/03\/Hotel-Mnich-600x327.jpg')\">\n\t\t        <span class=\"favorite-btn  js_favorite-inline-ajax\"\r\n              data-id=\"142662\"\r\n\t\t>&hearts;<\/span>\r\n\t\n        \t    \n\t            \n\n\t\t\t\t    <\/div>\n\n    <div class=\"item-meta\">\n        <div class=\"item-title\">\n\t\t\tWypo\u017cyczalnia rower\u00f3w w Hotelu g\u00f3rskim Mnich        <\/div>\n\n\t\t<div class=\"item-loc icon-marker a\">Bobrovec<\/div>    <\/div>\n<\/a>\n<a class=\"list-item test\" href=\"https:\/\/plannervisit.krasno.dev\/pl\/ciekawostka\/liptovwky-mikulasz-centrum-stacja-ladowania-rowerow-elektrycznych\/\">\n\t    <div class=\"thumb\"\n         style=\"background-image:url('https:\/\/plannervisit.krasno.dev\/wp-content\/uploads\/2021\/07\/Liptovsky-Mikulas-ePOWER-point-33-600x450.jpg')\">\n\t\t        <span class=\"favorite-btn  js_favorite-inline-ajax\"\r\n              data-id=\"213425\"\r\n\t\t>&hearts;<\/span>\r\n\t\n        \t    \n\t            \n\n\t\t\t\t    <\/div>\n\n    <div class=\"item-meta\">\n        <div class=\"item-title\">\n\t\t\tLiptowski Mikulasz, centrum \u2013 stacja \u0142adowania rower\u00f3w elektrycznych        <\/div>\n\n\t\t<div class=\"item-loc icon-marker a\">Liptovsk\u00fd Mikul\u00e1\u0161<\/div>    <\/div>\n<\/a>\n<a class=\"list-item test\" href=\"https:\/\/plannervisit.krasno.dev\/pl\/ciekawostka\/liptowski-hradok-urzad-miasta-stacja-ladowania-rowerow-elektrycznych\/\">\n\t    <div class=\"thumb\"\n         style=\"background-image:url('https:\/\/plannervisit.krasno.dev\/wp-content\/uploads\/2021\/07\/Liptovsky-Hradok-ePOWERpoint-stanica-2-450x600.jpg')\">\n\t\t        <span class=\"favorite-btn  js_favorite-inline-ajax\"\r\n              data-id=\"236268\"\r\n\t\t>&hearts;<\/span>\r\n\t\n        \t    \n\t            \n\n\t\t\t\t    <\/div>\n\n    <div class=\"item-meta\">\n        <div class=\"item-title\">\n\t\t\tLiptowski Hr\u00e1dok, Urz\u0105d Miasta &#8211;  stacja \u0142adowania rower\u00f3w elektrycznych        <\/div>\n\n\t\t<div class=\"item-loc icon-marker a\">Liptovsk\u00fd Hr\u00e1dok<\/div>    <\/div>\n<\/a>\n<a class=\"list-item test\" href=\"https:\/\/plannervisit.krasno.dev\/pl\/ciekawostka\/lucky-aqua-vital-park-stacja-ladowania-rowerow-elektrycznych\/\">\n\t    <div class=\"thumb\"\n         style=\"background-image:url('https:\/\/plannervisit.krasno.dev\/wp-content\/uploads\/2021\/07\/Kupele-Lucky-ePOWERpoint-stanica-1-600x450.jpg')\">\n\t\t        <span class=\"favorite-btn  js_favorite-inline-ajax\"\r\n              data-id=\"236271\"\r\n\t\t>&hearts;<\/span>\r\n\t\n        \t    \n\t            \n\n\t\t\t\t    <\/div>\n\n    <div class=\"item-meta\">\n        <div class=\"item-title\">\n\t\t\tL\u00fa\u010dky, Aqua Vital Park &#8211;  stacja \u0142adowania rower\u00f3w elektrycznych          <\/div>\n\n\t\t<div class=\"item-loc icon-marker a\">L\u00fa\u010dky<\/div>    <\/div>\n<\/a>\n<a class=\"list-item test\" href=\"https:\/\/plannervisit.krasno.dev\/pl\/ciekawostka\/liptowska-osada-gothal-stacja-ladowania-rowerow-elektrycznych\/\">\n\t    <div class=\"thumb\"\n         style=\"background-image:url('https:\/\/plannervisit.krasno.dev\/wp-content\/uploads\/2021\/07\/GOTHAL-ePOWERpoint-stanica-ebike-2022-1-600x450.jpg')\">\n\t\t        <span class=\"favorite-btn  js_favorite-inline-ajax\"\r\n              data-id=\"236276\"\r\n\t\t>&hearts;<\/span>\r\n\t\n        \t    \n\t            \n\n\t\t\t\t    <\/div>\n\n    <div class=\"item-meta\">\n        <div class=\"item-title\">\n\t\t\tLiptowska Osada &#8211; Gothal &#8211; stacja \u0142adowania rower\u00f3w elektrycznych          <\/div>\n\n\t\t<div class=\"item-loc icon-marker a\">Liptovsk\u00e1 Osada<\/div>    <\/div>\n<\/a>\n<a class=\"list-item test\" href=\"https:\/\/plannervisit.krasno.dev\/pl\/ciekawostka\/besenova-park-wodny-stacja-ladowania-rowerow-elektrycznych\/\">\n\t    <div class=\"thumb\"\n         style=\"background-image:url('https:\/\/plannervisit.krasno.dev\/wp-content\/uploads\/2021\/07\/Besenova-Hotel-ePOWERpoint-stanica-ebike-2023-1-450x600.jpg')\">\n\t\t        <span class=\"favorite-btn  js_favorite-inline-ajax\"\r\n              data-id=\"236279\"\r\n\t\t>&hearts;<\/span>\r\n\t\n        \t    \n\t            \n\n\t\t\t\t    <\/div>\n\n    <div class=\"item-meta\">\n        <div class=\"item-title\">\n\t\t\tBe\u0161e\u0148ov\u00e1, Park wodny &#8211;  stacja \u0142adowania rower\u00f3w elektrycznych        <\/div>\n\n\t\t<div class=\"item-loc icon-marker a\">Be\u0161e\u0148ov\u00e1<\/div>    <\/div>\n<\/a>\n<a class=\"list-item test\" href=\"https:\/\/plannervisit.krasno.dev\/pl\/ciekawostka\/bobrovnik-marina-liptov-stacja-ladowania-rowerow-elektrycznych\/\">\n\t    <div class=\"thumb\"\n         style=\"background-image:url('https:\/\/plannervisit.krasno.dev\/wp-content\/uploads\/2021\/07\/Marina-Liptov-ePOWERpoint-stanica-ebike-2023-600x400.jpg')\">\n\t\t        <span class=\"favorite-btn  js_favorite-inline-ajax\"\r\n              data-id=\"236282\"\r\n\t\t>&hearts;<\/span>\r\n\t\n        \t    \n\t            \n\n\t\t\t\t    <\/div>\n\n    <div class=\"item-meta\">\n        <div class=\"item-title\">\n\t\t\tBobrovn\u00edk, Marina Liptov &#8211;  stacja \u0142adowania rower\u00f3w elektrycznych          <\/div>\n\n\t\t<div class=\"item-loc icon-marker a\">Bobrovnik<\/div>    <\/div>\n<\/a>\n<\/div>\t\t\t<div class=\"facetwp-pager\"><\/div>        <\/div>\r\n\r\n        <div class=\"events-sidebar\">\r\n\t\t\t        <\/div>\r\n\r\n    <\/div>\r\n\t\n\n\n\n<div style=\"height:40px\" aria-hidden=\"true\" class=\"wp-block-spacer\"><\/div>\n\n\n\n<h2 class=\"wp-block-heading\">Tutaj mo\u017cesz wypo\u017cyczy\u0107 e-rower<\/h2>\n\n\n\t<div class=\"alignfull\"><div class=\"carousel-items owl-carousel js-carousel-content carousel-style-fullwidth\"><div class=\"carousel-item carousel-item-article\"\n     id=\"carousel_543801\">\n    <a href=\"https:\/\/plannervisit.krasno.dev\/pl\/ciekawostka\/rowerem-po-slowacji-podbanske\/\"\n\t\tstyle=\"background-image:url(https:\/\/plannervisit.krasno.dev\/wp-content\/uploads\/2018\/02\/Bicyklom-po-Slovensku-title-FHD-600x308.jpg)\"    >\n\t\t        <span class=\"favorite-btn  js_favorite-inline-ajax\"\r\n              data-id=\"543801\"\r\n\t\t>&hearts;<\/span>\r\n\t\n\t\t\n\n        <span class=\"item-title\">Bicyklom po Slovensku (Rowerem po S\u0142owacji) &#8211; Podbansk\u00e9<\/span>\n\n\t\t<span class=\"item-location aaa\">Liptovsk\u00fd Mikul\u00e1\u0161<\/span>    <\/a>\n<\/div>\n<div class=\"carousel-item carousel-item-article\"\n     id=\"carousel_246384\">\n    <a href=\"https:\/\/plannervisit.krasno.dev\/pl\/ciekawostka\/stara-zvonica-wypozyczalnia-rowerow-elektrycznych\/\"\n\t\tstyle=\"background-image:url(https:\/\/plannervisit.krasno.dev\/wp-content\/uploads\/2023\/05\/Stara-Zvonica-pozicovna-title-FHD-600x338.jpg)\"    >\n\t\t        <span class=\"favorite-btn  js_favorite-inline-ajax\"\r\n              data-id=\"246384\"\r\n\t\t>&hearts;<\/span>\r\n\t\n\t\t\n\n        <span class=\"item-title\">Star\u00e1 Zvonica &#8211; Wypo\u017cyczalnia rower\u00f3w elektrycznych<\/span>\n\n\t\t<span class=\"item-location aaa\">Inne lokalizacje<\/span>    <\/a>\n<\/div>\n<div class=\"carousel-item carousel-item-article\"\n     id=\"carousel_192524\">\n    <a href=\"https:\/\/plannervisit.krasno.dev\/pl\/ciekawostka\/rent-your-adventure-wypozicalnia\/\"\n\t\tstyle=\"background-image:url(https:\/\/plannervisit.krasno.dev\/wp-content\/uploads\/2022\/08\/Rent-Your-Adventure-4-600x600.jpg)\"    >\n\t\t        <span class=\"favorite-btn  js_favorite-inline-ajax\"\r\n              data-id=\"192524\"\r\n\t\t>&hearts;<\/span>\r\n\t\n\t\t\n\n        <span class=\"item-title\">Rent Your Adventure<\/span>\n\n\t\t<span class=\"item-location aaa\">Ru\u017eomberok<\/span>    <\/a>\n<\/div>\n<div class=\"carousel-item carousel-item-article\"\n     id=\"carousel_156205\">\n    <a href=\"https:\/\/plannervisit.krasno.dev\/pl\/ciekawostka\/wypozyczalnia-ski-ninaj-ebikepoint-damanova\/\"\n\t\tstyle=\"background-image:url(https:\/\/plannervisit.krasno.dev\/wp-content\/uploads\/2021\/09\/SKI-Ninaj-Demanova-2-480x600.jpg)\"    >\n\t\t        <span class=\"favorite-btn  js_favorite-inline-ajax\"\r\n              data-id=\"156205\"\r\n\t\t>&hearts;<\/span>\r\n\t\n\t\t\n\n        <span class=\"item-title\">Wypo\u017cyczalnia SKI NI\u0147AJ \/ eBIKEpoint<\/span>\n\n\t\t<span class=\"item-location aaa\">Jasn\u00e1<\/span>    <\/a>\n<\/div>\n<div class=\"carousel-item carousel-item-article\"\n     id=\"carousel_187749\">\n    <a href=\"https:\/\/plannervisit.krasno.dev\/pl\/ciekawostka\/joyride\/\"\n\t\tstyle=\"background-image:url(https:\/\/plannervisit.krasno.dev\/wp-content\/uploads\/2022\/08\/JOYRIDE-LM-3-600x450.jpeg)\"    >\n\t\t        <span class=\"favorite-btn  js_favorite-inline-ajax\"\r\n              data-id=\"187749\"\r\n\t\t>&hearts;<\/span>\r\n\t\n\t\t\n\n        <span class=\"item-title\">JOYRIDE serwis<\/span>\n\n\t\t<span class=\"item-location aaa\">Liptovsk\u00fd Mikul\u00e1\u0161<\/span>    <\/a>\n<\/div>\n<div class=\"carousel-item carousel-item-article\"\n     id=\"carousel_220987\">\n    <a href=\"https:\/\/plannervisit.krasno.dev\/pl\/ciekawostka\/sport-mix-ruzomberok\/\"\n\t\tstyle=\"background-image:url(https:\/\/plannervisit.krasno.dev\/wp-content\/uploads\/2020\/06\/Sport-Mix-Ruzomberok-1.jpg)\"    >\n\t\t        <span class=\"favorite-btn  js_favorite-inline-ajax\"\r\n              data-id=\"220987\"\r\n\t\t>&hearts;<\/span>\r\n\t\n\t\t\n\n        <span class=\"item-title\">\u0160port mix Sklep i wypo\u017cyczalnia rower\u00f3w<\/span>\n\n\t\t<span class=\"item-location aaa\">Ru\u017eomberok<\/span>    <\/a>\n<\/div>\n<div class=\"carousel-item carousel-item-article\"\n     id=\"carousel_220953\">\n    <a href=\"https:\/\/plannervisit.krasno.dev\/pl\/ciekawostka\/wypozyczalnia-ski-ninaj-liptovsky-jan-hotel-dumbier\/\"\n\t\tstyle=\"background-image:url(https:\/\/plannervisit.krasno.dev\/wp-content\/uploads\/2017\/04\/SKI-Ninaj-Liptovsky-Jan-6-482x600.jpg)\"    >\n\t\t        <span class=\"favorite-btn  js_favorite-inline-ajax\"\r\n              data-id=\"220953\"\r\n\t\t>&hearts;<\/span>\r\n\t\n\t\t\n\n        <span class=\"item-title\">Wypo\u017cyczalnia SKI NI\u0147AJ<\/span>\n\n\t\t<span class=\"item-location aaa\">Liptovsk\u00fd J\u00e1n<\/span>    <\/a>\n<\/div>\n<div class=\"carousel-item carousel-item-article\"\n     id=\"carousel_142662\">\n    <a href=\"https:\/\/plannervisit.krasno.dev\/pl\/ciekawostka\/gorski-hotel-mnich-rent\/\"\n\t\tstyle=\"background-image:url(https:\/\/plannervisit.krasno.dev\/wp-content\/uploads\/2019\/03\/Hotel-Mnich-600x327.jpg)\"    >\n\t\t        <span class=\"favorite-btn  js_favorite-inline-ajax\"\r\n              data-id=\"142662\"\r\n\t\t>&hearts;<\/span>\r\n\t\n\t\t\n\n        <span class=\"item-title\">Wypo\u017cyczalnia rower\u00f3w w Hotelu g\u00f3rskim Mnich<\/span>\n\n\t\t<span class=\"item-location aaa\">Inne lokalizacje<\/span>    <\/a>\n<\/div>\n<div class=\"carousel-item carousel-item-article\"\n     id=\"carousel_142753\">\n    <a href=\"https:\/\/plannervisit.krasno.dev\/pl\/ciekawostka\/bike-smile-wypozyczalnia-rowerow-i-rowerow-elektrycznych\/\"\n\t\tstyle=\"background-image:url(https:\/\/plannervisit.krasno.dev\/wp-content\/uploads\/2020\/06\/Bike-Smile-600x455.jpeg)\"    >\n\t\t        <span class=\"favorite-btn  js_favorite-inline-ajax\"\r\n              data-id=\"142753\"\r\n\t\t>&hearts;<\/span>\r\n\t\n\t\t\n\n        <span class=\"item-title\">BIKE SMILE \u2013 Wypo\u017cyczalnia rower\u00f3w i\u00a0rower\u00f3w elektrycznych<\/span>\n\n\t\t<span class=\"item-location aaa\">Jasn\u00e1<\/span>    <\/a>\n<\/div>\n<div class=\"carousel-item carousel-item-article\"\n     id=\"carousel_143626\">\n    <a href=\"https:\/\/plannervisit.krasno.dev\/pl\/ciekawostka\/gothal-wypozyczalnia-rowerow-elektrycznych\/\"\n\t\tstyle=\"background-image:url(https:\/\/plannervisit.krasno.dev\/wp-content\/uploads\/2019\/10\/gothal-ebikes-1-pMt-600x400.jpg)\"    >\n\t\t        <span class=\"favorite-btn  js_favorite-inline-ajax\"\r\n              data-id=\"143626\"\r\n\t\t>&hearts;<\/span>\r\n\t\n\t\t\n\n        <span class=\"item-title\">GOTHAL Wypo\u017cyczalnia rower\u00f3w elektrycznych<\/span>\n\n\t\t<span class=\"item-location aaa\">Inne lokalizacje<\/span>    <\/a>\n<\/div>\n<div class=\"carousel-item carousel-item-article\"\n     id=\"carousel_90105\">\n    <a href=\"https:\/\/plannervisit.krasno.dev\/pl\/ciekawostka\/wypozyczalnia-rowerow-cyklopoint-ruzomberok\/\"\n\t\tstyle=\"background-image:url(https:\/\/plannervisit.krasno.dev\/wp-content\/uploads\/2019\/05\/Cyklopoint-RUZOMBEROK.BIKE-1-600x451.jpeg)\"    >\n\t\t        <span class=\"favorite-btn  js_favorite-inline-ajax\"\r\n              data-id=\"90105\"\r\n\t\t>&hearts;<\/span>\r\n\t\n\t\t\n\n        <span class=\"item-title\">Cyklopoint RU\u017dOMBEROK.BIKE<\/span>\n\n\t\t<span class=\"item-location aaa\">Ru\u017eomberok<\/span>    <\/a>\n<\/div>\n<div class=\"carousel-item carousel-item-article\"\n     id=\"carousel_48523\">\n    <a href=\"https:\/\/plannervisit.krasno.dev\/pl\/ciekawostka\/malino-brdo-ski-bike\/\"\n\t\tstyle=\"background-image:url(https:\/\/plannervisit.krasno.dev\/wp-content\/uploads\/2016\/02\/Sport-a-zazitky_Bike-park-Malino-Brdo-4_zmens-600x331.jpg)\"    >\n\t\t        <span class=\"favorite-btn  js_favorite-inline-ajax\"\r\n              data-id=\"48523\"\r\n\t\t>&hearts;<\/span>\r\n\t\n\t\t\n\n        <span class=\"item-title\">Malin\u00f4 Brdo ski &#038; bike family park<\/span>\n\n\t\t<span class=\"item-location aaa\">Ru\u017eomberok<\/span>    <\/a>\n<\/div>\n<div class=\"carousel-item carousel-item-article\"\n     id=\"carousel_49678\">\n    <a href=\"https:\/\/plannervisit.krasno.dev\/pl\/ciekawostka\/rowerem-po-slowacji-lm\/\"\n\t\tstyle=\"background-image:url(https:\/\/plannervisit.krasno.dev\/wp-content\/uploads\/2018\/02\/Bicyklom-po-Slovensku-title2-FHD-600x338.jpg)\"    >\n\t\t        <span class=\"favorite-btn  js_favorite-inline-ajax\"\r\n              data-id=\"49678\"\r\n\t\t>&hearts;<\/span>\r\n\t\n\t\t\n\n        <span class=\"item-title\">Bicyklom po Slovensku (Rowerem po S\u0142owacji) \u2013 Liptovsk\u00fd Mikul\u00e1\u0161<\/span>\n\n\t\t<span class=\"item-location aaa\">Liptovsk\u00fd Mikul\u00e1\u0161<\/span>    <\/a>\n<\/div>\n<div class=\"carousel-item carousel-item-article\"\n     id=\"carousel_49987\">\n    <a href=\"https:\/\/plannervisit.krasno.dev\/pl\/ciekawostka\/e-bike-wypoziczalnia-biela-put-jasna\/\"\n\t\tstyle=\"background-image:url(https:\/\/plannervisit.krasno.dev\/wp-content\/uploads\/2022\/08\/Rental-Biela-Put-Jasna-Nizke-Tatry-3-450x600.jpg)\"    >\n\t\t        <span class=\"favorite-btn  js_favorite-inline-ajax\"\r\n              data-id=\"49987\"\r\n\t\t>&hearts;<\/span>\r\n\t\n\t\t\n\n        <span class=\"item-title\">RENTAL Biela P\u00fa\u0165 \u2013 Jasn\u00e1<\/span>\n\n\t\t<span class=\"item-location aaa\">Jasn\u00e1<\/span>    <\/a>\n<\/div>\n<div class=\"carousel-item carousel-item-article\"\n     id=\"carousel_46144\">\n    <a href=\"https:\/\/plannervisit.krasno.dev\/pl\/ciekawostka\/intersport-liptovsky-mikulas\/\"\n\t\tstyle=\"background-image:url(https:\/\/plannervisit.krasno.dev\/wp-content\/uploads\/2018\/09\/Intersport-LM-1-600x600.jpg)\"    >\n\t\t        <span class=\"favorite-btn  js_favorite-inline-ajax\"\r\n              data-id=\"46144\"\r\n\t\t>&hearts;<\/span>\r\n\t\n\t\t\n\n        <span class=\"item-title\">INTERSPORT<\/span>\n\n\t\t<span class=\"item-location aaa\">Liptovsk\u00fd Mikul\u00e1\u0161<\/span>    <\/a>\n<\/div>\n<div class=\"carousel-item carousel-item-article\"\n     id=\"carousel_45812\">\n    <a href=\"https:\/\/plannervisit.krasno.dev\/pl\/ciekawostka\/wypozyczalnia-rowerow-liptowski-trnovec-ski-ninaj\/\"\n\t\tstyle=\"background-image:url(https:\/\/plannervisit.krasno.dev\/wp-content\/uploads\/2016\/05\/SKI-Ninaj-Liptovsky-Trnovec-1-1-600x338.jpg)\"    >\n\t\t        <span class=\"favorite-btn  js_favorite-inline-ajax\"\r\n              data-id=\"45812\"\r\n\t\t>&hearts;<\/span>\r\n\t\n\t\t\n\n        <span class=\"item-title\">Wypo\u017cyczalnia SKI NI\u0147AJ<\/span>\n\n\t\t<span class=\"item-location aaa\">Inne lokalizacje<\/span>    <\/a>\n<\/div>\n<\/div><\/div>\t\n","protected":false},"excerpt":{"rendered":"<p>Tutaj mo\u017cesz wypo\u017cyczy\u0107 e-rower<\/p>\n","protected":false},"author":18,"featured_media":184347,"parent":220893,"menu_order":0,"comment_status":"closed","ping_status":"closed","template":"","meta":{"_acf_changed":false,"inline_featured_image":false,"episode_type":"","audio_file":"","cover_image":"","cover_image_id":"","duration":"","filesize":"","date_recorded":"","explicit":"","block":"","filesize_raw":"","footnotes":""},"class_list":["post-248542","page","type-page","status-publish","has-post-thumbnail","hentry"],"acf":[],"_links":{"self":[{"href":"https:\/\/plannervisit.krasno.dev\/pl\/wp-json\/wp\/v2\/pages\/248542"}],"collection":[{"href":"https:\/\/plannervisit.krasno.dev\/pl\/wp-json\/wp\/v2\/pages"}],"about":[{"href":"https:\/\/plannervisit.krasno.dev\/pl\/wp-json\/wp\/v2\/types\/page"}],"author":[{"embeddable":true,"href":"https:\/\/plannervisit.krasno.dev\/pl\/wp-json\/wp\/v2\/users\/18"}],"replies":[{"embeddable":true,"href":"https:\/\/plannervisit.krasno.dev\/pl\/wp-json\/wp\/v2\/comments?post=248542"}],"version-history":[{"count":0,"href":"https:\/\/plannervisit.krasno.dev\/pl\/wp-json\/wp\/v2\/pages\/248542\/revisions"}],"up":[{"embeddable":true,"href":"https:\/\/plannervisit.krasno.dev\/pl\/wp-json\/wp\/v2\/pages\/220893"}],"wp:featuredmedia":[{"embeddable":true,"href":"https:\/\/plannervisit.krasno.dev\/pl\/wp-json\/wp\/v2\/media\/184347"}],"wp:attachment":[{"href":"https:\/\/plannervisit.krasno.dev\/pl\/wp-json\/wp\/v2\/media?parent=248542"}],"curies":[{"name":"wp","href":"https:\/\/api.w.org\/{rel}","templated":true}]}}