{"id":85085,"date":"2015-12-09T00:00:00","date_gmt":"2015-12-08T23:00:00","guid":{"rendered":"https:\/\/www.visitliptov.sk\/czym-jest-liptov-region-card\/"},"modified":"2015-12-09T00:00:00","modified_gmt":"2015-12-08T23:00:00","slug":"czym-jest-liptov-region-card","status":"publish","type":"page","link":"https:\/\/plannervisit.krasno.dev\/pl\/czym-jest-liptov-region-card\/","title":{"rendered":"CZYM JEST LIPTOV REGION CARD?"},"content":{"rendered":"<p><p><\/p>\n<p>\u010co je Liptov Region Card<\/p>\n<p>\n<p>[fusion_button link=&#8221;https:\/\/plannervisit.krasno.dev\/liptov-region-card\/vernostny-program\/moje-konto\/&#8221; title=&#8221;&#8221; target=&#8221;_self&#8221; alignment=&#8221;center&#8221; modal=&#8221;&#8221; hide_on_mobile=&#8221;small-visibility,medium-visibility,large-visibility&#8221; class=&#8221;red&#8221; id=&#8221;&#8221; color=&#8221;red&#8221; button_gradient_top_color=&#8221;&#8221; button_gradient_bottom_color=&#8221;&#8221; button_gradient_top_color_hover=&#8221;&#8221; button_gradient_bottom_color_hover=&#8221;&#8221; accent_color=&#8221;&#8221; accent_hover_color=&#8221;&#8221; type=&#8221;&#8221; bevel_color=&#8221;&#8221; border_width=&#8221;&#8221; size=&#8221;&#8221; stretch=&#8221;default&#8221; shape=&#8221;&#8221; icon=&#8221;&#8221; icon_position=&#8221;left&#8221; icon_divider=&#8221;no&#8221; animation_type=&#8221;&#8221; animation_direction=&#8221;left&#8221; animation_speed=&#8221;0.3&#8243; animation_offset=&#8221;&#8221;]Moje konto \/ stav bodov[\/fusion_button]<\/p>\nW3NzYnBd\n\n<\/p>\n\n<p><p>Region\u00e1lna z\u013eavov\u00e1 karta Liptov Region Card umo\u017e\u0148uje jej majite\u013eovi \u010derpa\u0165 z\u013eavy a\u017e do v\u00fd\u0161ky 100% na ponuku slu\u017eieb <a href=\"\/sprievodca-zlavami\/\" target=\"_blank\" rel=\"noopener noreferrer\">partnersk\u00fdch v\u00fdletn\u00fdch miest, atraktiv\u00edt a zariaden\u00ed<\/a>.<\/p>\n<p><span>Prev\u00e1dzkovatelia slu\u017eieb v\u00fdletn\u00fdch miest a atraktiv\u00edt v ponuke LIPTOV Card s\u00fa zmluvn\u00fdmi partnermi LIPTOV Card. Kartu Liptov Region Card vyd\u00e1va a distribuuje cez zmluvn\u00e9 predajn\u00e9 miesta OOCR REGION LIPTOV spolu so <\/span><strong>zdru\u017een\u00edm cestovn\u00e9ho ruchu Klaster LIPTOV<\/strong>.<\/p>\n<p>Zapla\u0165te p\u00e1r EUR a \u0161etrite stovky<\/p>\n<p>Ak sa rozhodnete ubytova\u0165 minim\u00e1lne na 1 noc u niektor\u00e9ho z na\u0161ich partnersk\u00fdch ubytovac\u00edch zariaden\u00ed v regi\u00f3ne Liptov, z\u00edskate kartu ZADARMO alebo za 3\u20ac.<\/p>\n<p><span>Inak si m\u00f4\u017eete Liptov Region Card<\/span><strong> zak\u00fapi\u0165 v informa\u010dn\u00fdch centr\u00e1ch za 5 \u20ac.<\/strong>[fusion_button link=&#8221;\/sprievodca-zlavami\/&#8221; title=&#8221;&#8221; target=&#8221;_self&#8221; alignment=&#8221;left&#8221; modal=&#8221;&#8221; hide_on_mobile=&#8221;small-visibility,medium-visibility,large-visibility&#8221; class=&#8221;&#8221; id=&#8221;&#8221; color=&#8221;default&#8221; button_gradient_top_color=&#8221;&#8221; button_gradient_bottom_color=&#8221;&#8221; button_gradient_top_color_hover=&#8221;&#8221; button_gradient_bottom_color_hover=&#8221;&#8221; accent_color=&#8221;&#8221; accent_hover_color=&#8221;&#8221; type=&#8221;&#8221; bevel_color=&#8221;&#8221; border_width=&#8221;&#8221; size=&#8221;&#8221; stretch=&#8221;default&#8221; shape=&#8221;&#8221; icon=&#8221;&#8221; icon_position=&#8221;left&#8221; icon_divider=&#8221;no&#8221; animation_type=&#8221;&#8221; animation_direction=&#8221;left&#8221; animation_speed=&#8221;0.3&#8243; animation_offset=&#8221;&#8221;]Prezrie\u0165 z\u013eavy, ktor\u00e9 m\u00f4\u017eete z\u00edska\u0165[\/fusion_button]<\/p>\n<p>[fusion_youtube id=&#8221;lgQp9m7DxUM&#8221; width=&#8221;&#8221; height=&#8221;&#8221; autoplay=&#8221;false&#8221; api_params=&#8221;&#8221; hide_on_mobile=&#8221;small-visibility,medium-visibility,large-visibility&#8221; class=&#8221;&#8221; \/]<\/p>\n<\/p>\n\n<p><div id=\"ako-funguje-vernostny-program--0\" class=\"accordion\"><a href=\"#ako-funguje-vernostny-program--0\" class=\"accordion-title\"><span\r\nclass=\"icon-plus\"><span><\/span><\/span>Ako funguje vernostn\u00fd program Liptov Region Card?<\/a><div class=\"accordion-content\" >\n<p>Za vyu\u017eitie z\u013eavy v\u00a0akcepta\u010dnom mieste sa v\u00e1m prip\u00ed\u0161u na konto body, pod\u013ea kateg\u00f3rie konkr\u00e9tneho akcepta\u010dn\u00e9ho miesta (Hory a sneh, Aquaparky, Kult\u00fara,\u2026). Body z\u00edskate aj za ubytovanie u\u00a0niektor\u00e9ho z\u00a0na\u0161ich partnersk\u00fdch ubytovac\u00edch zariaden\u00ed v\u00a0regi\u00f3ne Liptov. Pri dosiahnut\u00ed stanoven\u00e9ho po\u010dtu bodov budete ako dr\u017eite\u013e karty zaraden\u00fd do zlosovania o atrakt\u00edvne ceny. Kompletn\u00e9 inform\u00e1cie oh\u013eadom vernostn\u00e9ho programu n\u00e1jdete na\u00a0<a href=\"http:\/\/visitliptov.devel.netsuccess.sk\/liptov-region-card-vernostny-program\/\" target=\"_blank\" rel=\"noopener noreferrer\">str\u00e1nke o vernostnom programe<\/a>.<\/p>\n<p><\/div><\/div><div id=\"co-je-liptov-region-card-1\" class=\"accordion\"><a href=\"#co-je-liptov-region-card-1\" class=\"accordion-title\"><span\r\nclass=\"icon-plus\"><span><\/span><\/span>\u010co je Liptov Region Card?<\/a><div class=\"accordion-content\" ><\/p>\n<p>Region\u00e1lna z\u013eavov\u00e1 karta Liptov Region Card je karta s \u010diarov\u00fdm k\u00f3dom a\u00a0unik\u00e1tnym \u010d\u00edslom, ktor\u00e1 umo\u017e\u0148uje jej majite\u013eovi \u010derpa\u0165 z\u013eavy vo v\u00fd\u0161ke do 100% na ponuku slu\u017eieb partnersk\u00fdch v\u00fdletn\u00fdch miest, atraktiv\u00edt a zariaden\u00ed. Prev\u00e1dzkovatelia slu\u017eieb v\u00fdletn\u00fdch miest a atraktiv\u00edt v ponuke LIPTOV Card s\u00fa zmluvn\u00fdmi partnermi LIPTOV Card. Kartu Liptov Region Card vyd\u00e1va a distribuuje cez zmluvn\u00e9 predajn\u00e9 miesta OOCR REGION LIPTOV spolu so zdru\u017een\u00edm cestovn\u00e9ho ruchu Klaster LIPTOV.<\/p>\n<p><\/div><\/div><div id=\"kto-je-majitel-liptov-region-c-2\" class=\"accordion\"><a href=\"#kto-je-majitel-liptov-region-c-2\" class=\"accordion-title\"><span\r\nclass=\"icon-plus\"><span><\/span><\/span>Kto je majite\u013e Liptov Region Card?<\/a><div class=\"accordion-content\" ><\/p>\n<div class=\"panel-body toggle-content\">Majite\u013e karty je osoba, ktor\u00e1 z\u00edskala platn\u00fa LIPTOV Card na autorizovanom predajnom mieste. Karta je neprenosn\u00e1, vydan\u00e1 je na meno jej majite\u013ea. \u010cerpanie zliav a v\u00fdhod LIPTOV Card tret\u00edm osob\u00e1m je zak\u00e1zan\u00e9.<\/div>\n<div class=\"fusion-toggle-heading\">Ka\u017ed\u00fd, kto chce \u010derpa\u0165 z\u013eavy a z\u00edska\u0165 body v r\u00e1mci vernostn\u00e9ho programu s LIPTOV Card je povinn\u00fd preuk\u00e1za\u0165 sa vlastnou LIPTOV Card v zariaden\u00ed, v ktorom je z\u013eava poskytovan\u00e1.<\/div>\n<p><\/div><\/div><div id=\"aka-je-cena-liptov-region-card-3\" class=\"accordion\"><a href=\"#aka-je-cena-liptov-region-card-3\" class=\"accordion-title\"><span\r\nclass=\"icon-plus\"><span><\/span><\/span>Ak\u00e1 je cena Liptov Region Card?<\/a><div class=\"accordion-content\" ><\/p>\n<p>Ak\u00a0 sa rozhodnete ubytova\u0165\u00a0 minim\u00e1lne na 1 noc u niektor\u00e9ho z na\u0161ich\u00a0<a href=\"http:\/\/visitliptov.devel.netsuccess.sk\/predajne-a-partneri-liptov-region-card\/\" target=\"_blank\" rel=\"noopener noreferrer\">partnersk\u00fdch\u00a0<strong>ubytovac\u00edch zariaden\u00ed<\/strong><\/a>\u00a0v regi\u00f3ne Liptov, z\u00edskate kartu\u00a0<strong>ZADARMO alebo za 3\u20ac<\/strong><span>. Inak si m\u00f4\u017eete Liptov Region Card zak\u00fapi\u0165\u00a0<\/span><strong><a href=\"http:\/\/visitliptov.devel.netsuccess.sk\/sluzby\/infocentrum\/\" target=\"_blank\" rel=\"noopener noreferrer\">v informa\u010dn\u00fdch centr\u00e1ch<\/a>\u00a0za 5 \u20ac<\/strong>.<\/p>\n<p><\/div><\/div><div id=\"ako-ziskat-liptov-region-card-4\" class=\"accordion\"><a href=\"#ako-ziskat-liptov-region-card-4\" class=\"accordion-title\"><span\r\nclass=\"icon-plus\"><span><\/span><\/span>Ako z\u00edska\u0165 Liptov Region Card?<\/a><div class=\"accordion-content\" ><\/p>\n<div class=\"fusion-toggle-heading\">Kartu m\u00f4\u017eete z\u00edska\u0165 v niektorom z predajn\u00fdch miest, ako s\u00fa\u00a0<strong><a href=\"https:\/\/plannervisit.krasno.dev\/predajne-a-partneri-liptov-region-card\/\" target=\"_blank\" rel=\"noopener noreferrer\">partnersk\u00e9 ubytovacie zariadenia<\/a>\u00a0alebo\u00a0<a href=\"https:\/\/plannervisit.krasno.dev\/sluzby\/infocentrum\/\" target=\"_blank\" rel=\"noopener noreferrer\">informa\u010dn\u00e9 centr\u00e1<\/a><\/strong>\u00a0v mest\u00e1ch Liptovsk\u00fd Mikul\u00e1\u0161 a Ru\u017eomberok.<\/div>\n<div class=\"fusion-toggle-heading\">Karta sa vyd\u00e1va<strong>\u00a0od 6 rokov<\/strong>.<\/div>\n<div class=\"fusion-toggle-heading\">LIPTOV Card nie je mo\u017en\u00e9 zak\u00fapi\u0165 cez internet.<\/div>\n<p><\/div><\/div><\/p>\n\n<div id=\"ako-funguje-liptov-region-card-5\" class=\"accordion\"><a href=\"#ako-funguje-liptov-region-card-5\" class=\"accordion-title\"><span\r\nclass=\"icon-plus\"><span><\/span><\/span>Ako funguje Liptov Region Card?<\/a><div class=\"accordion-content\" >\n<p>Nav\u0161t\u00edvte atrakciu poskytuj\u00facu z\u013eavu na Liptov Region Card. Aktu\u00e1lne z\u013eavy n\u00e1jdete v bro\u017e\u00fare ktor\u00fa si stiahnete\u00a0<a href=\"https:\/\/plannervisit.krasno.dev\/wp-content\/uploads\/2015\/12\/brozura_leto_SKPL_2018_web.pdf\" target=\"_blank\" rel=\"noopener noreferrer\">TU<\/a>.\u00a0<strong>Miesta<\/strong><span>, \u00a0ktor\u00e9 poskytuj\u00fa z\u013eavy \u013eahko spozn\u00e1te pod\u013ea\u00a0<\/span><strong>n\u00e1lepky<\/strong><span>\u00a0<\/span><strong>\u201eTu plat\u00ed karta\u201c<\/strong>. Preuk\u00e1\u017ete sa svojou Liptov Region Card a ihne\u010f \u010derpajte z\u013eavy, na ktor\u00e9 m\u00e1te ako dr\u017eite\u013e Liptov Region Card v danej turistickej sez\u00f3ne n\u00e1rok.<\/p>\n<p><\/div><\/div><div id=\"ake-zlavy-poskytuje-liptov-reg-6\" class=\"accordion\"><a href=\"#ake-zlavy-poskytuje-liptov-reg-6\" class=\"accordion-title\"><span\r\nclass=\"icon-plus\"><span><\/span><\/span>Ak\u00e9 z\u013eavy poskytuje Liptov Region Card?<\/a><div class=\"accordion-content\" ><\/p>\n<p>Aktu\u00e1lne z\u013eavy n\u00e1jdete v bro\u017e\u00fare ktor\u00fa si stiahnete\u00a0<a href=\"https:\/\/plannervisit.krasno.dev\/wp-content\/uploads\/2015\/12\/brozura_leto_SKPL_2018_web.pdf\" target=\"_blank\" rel=\"noopener noreferrer\">TU<\/a>.\u00a0<strong>Miesta<\/strong><span>, \u00a0ktor\u00e9 poskytuj\u00fa z\u013eavy \u013eahko spozn\u00e1te pod\u013ea\u00a0<\/span><strong>n\u00e1lepky<\/strong><span>\u00a0<\/span><strong>\u201eTu plat\u00ed karta\u201c<\/strong>.<\/p>\n<p><\/div><\/div><div id=\"ako-dlho-plati-liptov-region-c-7\" class=\"accordion\"><a href=\"#ako-dlho-plati-liptov-region-c-7\" class=\"accordion-title\"><span\r\nclass=\"icon-plus\"><span><\/span><\/span>Ako dlho plat\u00ed Liptov Region Card?<\/a><div class=\"accordion-content\" ><\/p>\n<p><span><\/span><strong>Platnos\u0165<\/strong><span>\u00a0va\u0161ej Liptov Region Card\u00a0<\/span><strong>je neobmedzen\u00e1<\/strong>. Aby ste v\u0161ak z\u00edskali tie najvy\u0161\u0161ie (pobytov\u00e9) z\u013eavy, \u00a0ubytujte sa v regi\u00f3ne Liptov u jedn\u00e9ho z na\u0161ich partnersk\u00fdch ubytovac\u00edch zariaden\u00ed minim\u00e1lne na 2 noci. V\u0161etky ostatn\u00e9 (fixn\u00e9) z\u013eavy s\u00fa dostupn\u00e9 kedyko\u013evek, kedyko\u013evek budete tr\u00e1vi\u0165 na Liptove hoc iba p\u00e1r chv\u00ed\u013e.<\/p>\n<p><\/div><\/div><div id=\"predajne-miesta-liptov-region--8\" class=\"accordion\"><a href=\"#predajne-miesta-liptov-region--8\" class=\"accordion-title\"><span\r\nclass=\"icon-plus\"><span><\/span><\/span>Predajn\u00e9 miesta Liptov Region Card<\/a><div class=\"accordion-content\" ><\/p>\n<p><span><\/span><strong><a href=\"https:\/\/plannervisit.krasno.dev\/predajne-a-partneri-liptov-region-card\/\" target=\"_blank\" rel=\"noopener noreferrer\">Predajn\u00e9 miesta Liptov Region Card<\/a><\/strong><\/p>\n<p><\/div><\/div><\/p>\n\n<\/p>\n\n<p>\n<p>Free WIFIpoint-y len s Liptov Region Card<\/p>\n<p><\/p>\n<p>Aenean finibus fermentum felis, a aliquam erat tristique eu. Phasellus commodo eros a dolor laoreet posuere.<\/p>\n<p>Nullam tincidunt lorem vitae mi tincidunt, vel maximus justo auctor. Sed feugiat lacus a odio luctus, a suscipit odio rutrum. Suspendisse vitae ante ultrices, feugiat diam id, efficitur magna.<\/p>\n<p>[fusion_button link=&#8221;https:\/\/plannervisit.krasno.dev\/liptov-region-card\/wifipointy-na-liptove\/&#8221; title=&#8221;&#8221; target=&#8221;_self&#8221; alignment=&#8221;left&#8221; modal=&#8221;&#8221; hide_on_mobile=&#8221;small-visibility,medium-visibility,large-visibility&#8221; class=&#8221;&#8221; id=&#8221;&#8221; color=&#8221;default&#8221; button_gradient_top_color=&#8221;&#8221; button_gradient_bottom_color=&#8221;&#8221; button_gradient_top_color_hover=&#8221;&#8221; button_gradient_bottom_color_hover=&#8221;&#8221; accent_color=&#8221;&#8221; accent_hover_color=&#8221;&#8221; type=&#8221;&#8221; bevel_color=&#8221;&#8221; border_width=&#8221;&#8221; size=&#8221;&#8221; stretch=&#8221;default&#8221; shape=&#8221;&#8221; icon=&#8221;&#8221; icon_position=&#8221;left&#8221; icon_divider=&#8221;no&#8221; animation_type=&#8221;&#8221; animation_direction=&#8221;left&#8221; animation_speed=&#8221;0.3&#8243; animation_offset=&#8221;&#8221;]Prezrie\u0165 kde a ako sa pripoji\u0165 na wifi[\/fusion_button]<\/p>\nhttps:\/\/plannervisit.krasno.dev\/wp-content\/uploads\/2015\/12\/wifi.png\n<\/p>\n\n\n\n\n<p><\/p>\n<p>\u010eal\u0161ie inform\u00e1cie o LRC<\/p>\n<p>\n<\/p>\n<p>Z\u013eavy s Liptov Region Card<\/p>\n<p>\n<\/p>\n<p>Zbieraj body a vyhraj<\/p>\n<p>\n<\/p>\n<p>Miesta, kde dostanete LRC<\/p>\n<p>\n<\/p>\n\n<\/p>\n","protected":false},"excerpt":{"rendered":"","protected":false},"author":1,"featured_media":63739,"parent":0,"menu_order":0,"comment_status":"open","ping_status":"open","template":"","meta":{"_acf_changed":false,"inline_featured_image":false,"episode_type":"","audio_file":"","cover_image":"","cover_image_id":"","duration":"","filesize":"","date_recorded":"","explicit":"","block":"","filesize_raw":"","footnotes":""},"class_list":["post-85085","page","type-page","status-publish","has-post-thumbnail","hentry"],"acf":[],"_links":{"self":[{"href":"https:\/\/plannervisit.krasno.dev\/pl\/wp-json\/wp\/v2\/pages\/85085"}],"collection":[{"href":"https:\/\/plannervisit.krasno.dev\/pl\/wp-json\/wp\/v2\/pages"}],"about":[{"href":"https:\/\/plannervisit.krasno.dev\/pl\/wp-json\/wp\/v2\/types\/page"}],"author":[{"embeddable":true,"href":"https:\/\/plannervisit.krasno.dev\/pl\/wp-json\/wp\/v2\/users\/1"}],"replies":[{"embeddable":true,"href":"https:\/\/plannervisit.krasno.dev\/pl\/wp-json\/wp\/v2\/comments?post=85085"}],"version-history":[{"count":0,"href":"https:\/\/plannervisit.krasno.dev\/pl\/wp-json\/wp\/v2\/pages\/85085\/revisions"}],"wp:featuredmedia":[{"embeddable":true,"href":"https:\/\/plannervisit.krasno.dev\/pl\/wp-json\/wp\/v2\/media\/63739"}],"wp:attachment":[{"href":"https:\/\/plannervisit.krasno.dev\/pl\/wp-json\/wp\/v2\/media?parent=85085"}],"curies":[{"name":"wp","href":"https:\/\/api.w.org\/{rel}","templated":true}]}}