{"id":85115,"date":"2016-01-21T00:00:00","date_gmt":"2016-01-20T23:00:00","guid":{"rendered":"https:\/\/www.visitliptov.sk\/transport\/"},"modified":"2016-01-21T00:00:00","modified_gmt":"2016-01-20T23:00:00","slug":"transport","status":"publish","type":"page","link":"https:\/\/plannervisit.krasno.dev\/pl\/transport\/","title":{"rendered":"Transport"},"content":{"rendered":"<p><p> Dopravn\u00e9 spojenia a doprava na Liptove \nJmx0O2RpdiBzdHlsZT0mcXVvdDt0ZXh0LWFsaWduOnJpZ2h0JnF1b3Q7Jmd0O1pkaWXEvmFqOiBbc3NicF0mbHQ7L2RpdiZndDs=\n\n<p>https:\/\/plannervisit.krasno.dev\/wp-content\/uploads\/2019\/04\/bus.png <span style=\"font-size: 10pt;\">Free doprava<\/span> <\/p>\n<p>https:\/\/plannervisit.krasno.dev\/wp-content\/uploads\/2019\/04\/train.png <span style=\"font-size: 10pt;\">Vlakov\u00e1 doprava<\/span> <\/p>\n<p>https:\/\/plannervisit.krasno.dev\/wp-content\/uploads\/2019\/04\/bus2.png <span style=\"font-size: 10pt;\">Busov\u00e1 doprava<\/span> <\/p>\n<p>https:\/\/plannervisit.krasno.dev\/wp-content\/uploads\/2019\/04\/lietadlo.png <span style=\"font-size: 10pt;\">Leteck\u00e1 doprava<\/span> <\/p>\n<p>https:\/\/plannervisit.krasno.dev\/wp-content\/uploads\/2019\/04\/auto2.png <span style=\"font-size: 10pt;\">Autodoprava<\/span> <\/p>\n\n<\/p>\n\n<p><\/p>\n<h2>Free doprava &#8211; SKI &amp; AQUA BUS<\/h2>\n<p><span>Na Liptove prem\u00e1va po\u010das zimnej sez\u00f3ny pravideln\u00e1 bezplatn\u00e1 doprava SKI &amp; AQUA BUS. Ly\u017eiari a dovolenk\u00e1ri sa tak pohodlne zvez\u00fa na svahy, ale aj do akvaparkov. Skibus-y sp\u00e1jaj\u00fa nasledovn\u00e9 stredisk\u00e1 <\/span><strong>Jasn\u00e1, Malin\u00f4 Brdo, Tatralandia, Be\u0161e\u0148ov\u00e1, K\u00fapele L\u00fa\u010dky, Liptovsk\u00fd Mikul\u00e1\u0161, Liptovsk\u00fd J\u00e1n a Ru\u017eomberok.<\/strong> Skibus-y jazdia cel\u00fa hlavn\u00fa sez\u00f3nu a n\u00e1sledne menej frekventovane aj po\u010das jarnej ly\u017eova\u010dky. Navy\u0161e po\u010das v\u00edkendov a sviatkov jazdia u\u017e zo s\u00eddliska Podbreziny v Liptovskom Mikul\u00e1\u0161i. \nhttps:\/\/plannervisit.krasno.dev\/wp-content\/uploads\/2019\/04\/bus3.png\n<\/p>\n\nhttps:\/\/plannervisit.krasno.dev\/wp-content\/uploads\/2019\/04\/free-doprava.png\n\n\n<p><span> <\/span><strong>Stiahnite si aktu\u00e1lny cestovn\u00fd poriadok<\/strong> (platn\u00fd od 19. 3. do 3. 4. 2018) \n<p>[fusion_button link=&#8221;#&#8221; title=&#8221;&#8221; target=&#8221;_self&#8221; alignment=&#8221;left&#8221; modal=&#8221;&#8221; hide_on_mobile=&#8221;small-visibility,medium-visibility,large-visibility&#8221; class=&#8221;&#8221; id=&#8221;&#8221; color=&#8221;default&#8221; button_gradient_top_color=&#8221;&#8221; button_gradient_bottom_color=&#8221;&#8221; button_gradient_top_color_hover=&#8221;&#8221; button_gradient_bottom_color_hover=&#8221;&#8221; accent_color=&#8221;&#8221; accent_hover_color=&#8221;&#8221; type=&#8221;&#8221; bevel_color=&#8221;&#8221; border_width=&#8221;&#8221; size=&#8221;&#8221; stretch=&#8221;default&#8221; shape=&#8221;&#8221; icon=&#8221;&#8221; icon_position=&#8221;left&#8221; icon_divider=&#8221;no&#8221; animation_type=&#8221;&#8221; animation_direction=&#8221;left&#8221; animation_speed=&#8221;0.3&#8243; animation_offset=&#8221;&#8221;]Stiahnu\u0165 cestovn\u00fd poriadok[\/fusion_button]<\/p>\n<\/p>\n\n<p>\n<h3>Free doprava &#8211; Citybus<\/h3>\n<p><span><\/span><strong>Autobusom ka\u017ed\u00fa stredu za ve\u010dernou z\u00e1bavou do mesta\u2026<\/strong>(od 17.1. \u2013 21.3.2018) Re\u0161taur\u00e1cie, kaviarne, bary, piv\u00e1rne, p\u00e1rty, koncerty a mnoho in\u00e9ho v centre Liptovsk\u00e9ho Mikul\u00e1\u0161a. Po\u010das ve\u010dern\u00fdch stried \u010dak\u00e1 n\u00e1v\u0161tevn\u00edkov pestr\u00fd program v historickom centre, ktor\u00e9ho s\u00fa\u010das\u0165ou bude prehliadka o\u017eiven\u00e9ho M\u00fazea Janka Kr\u00e1\u013ea. Stretn\u00fa\u0165 tu bude mo\u017en\u00e9 Sv. Mikul\u00e1\u0161a, P. M. Boh\u00fa\u0148a, \u010di Aurela Stodolu so svojim \u017eiakom Albertom Einsteinom. Program bude zakon\u010den\u00fd v retrotan\u010diarni, kde bude mo\u017en\u00e9 zatancova\u0165 si na hity Du\u0161ana P\u00e1lku a ochutna\u0165 tradi\u010dn\u00fd liptovsk\u00fd n\u00e1poj Dem\u00e4novku. Okrem toho prev\u00e1dzky v okol\u00ed hlavn\u00e9ho n\u00e1mestia pripravia ka\u017ed\u00fa stredu \u0161peci\u00e1lny program, v\u010faka ktor\u00e9mu \u010dak\u00e1 na n\u00e1v\u0161tevn\u00edkov mesta dobr\u00e9 jedlo, drinky aj skvel\u00e1 z\u00e1bava. [fusion_button link=&#8221;#&#8221; title=&#8221;&#8221; target=&#8221;_self&#8221; alignment=&#8221;left&#8221; modal=&#8221;&#8221; hide_on_mobile=&#8221;small-visibility,medium-visibility,large-visibility&#8221; class=&#8221;&#8221; id=&#8221;vlak-d&#8221; color=&#8221;default&#8221; button_gradient_top_color=&#8221;&#8221; button_gradient_bottom_color=&#8221;&#8221; button_gradient_top_color_hover=&#8221;&#8221; button_gradient_bottom_color_hover=&#8221;&#8221; accent_color=&#8221;&#8221; accent_hover_color=&#8221;&#8221; type=&#8221;&#8221; bevel_color=&#8221;&#8221; border_width=&#8221;&#8221; size=&#8221;&#8221; stretch=&#8221;default&#8221; shape=&#8221;&#8221; icon=&#8221;&#8221; icon_position=&#8221;left&#8221; icon_divider=&#8221;no&#8221; animation_type=&#8221;&#8221; animation_direction=&#8221;left&#8221; animation_speed=&#8221;0.3&#8243; animation_offset=&#8221;&#8221;]Prezrie\u0165 cel\u00fd program[\/fusion_button]<\/p>\nhttps:\/\/plannervisit.krasno.dev\/wp-content\/uploads\/2019\/04\/citybus-3.png\n<\/p>\n\n<p>\n<\/p>\n<h2>Vlakov\u00e1 doprava<\/h2>\n<p>Morbi pellentesque, erat vitae porttitor hendrerit, odio elit feugiat neque, vel placerat nulla risus at nisi. Vestibulum sed efficitur diam. Proin scelerisque nisi ut ornare dictum. Sed mollis, libero id pellentesque rutrum, felis velit volutpat mi, id aliquam sem ligula at ex. Fusce consectetur, tortor id vulputate dictum \nhttps:\/\/plannervisit.krasno.dev\/wp-content\/uploads\/2019\/04\/train2.png\n<\/p>\n\n<p><p>https:\/\/plannervisit.krasno.dev\/wp-content\/uploads\/2019\/04\/zsr.png Pohodlne n\u00e1rodnou prepravou <\/p>\n<p style=\"text-align: center;\">Naj\u0161ir\u0161ia a najrozsiahlej\u0161ia ponuka nielen vlakov\u00fdch spojen\u00ed z r\u00f4znych k\u00fatov Slovenska. Ide\u00e1lna vo\u013eba pre \u010do najr\u00fdchlej\u0161iu cestu priamo do srdca Liptova.<\/p>\n<p>[fusion_button link=&#8221;#&#8221; title=&#8221;&#8221; target=&#8221;_self&#8221; alignment=&#8221;center&#8221; modal=&#8221;&#8221; hide_on_mobile=&#8221;small-visibility,medium-visibility,large-visibility&#8221; class=&#8221;&#8221; id=&#8221;&#8221; color=&#8221;default&#8221; button_gradient_top_color=&#8221;&#8221; button_gradient_bottom_color=&#8221;&#8221; button_gradient_top_color_hover=&#8221;&#8221; button_gradient_bottom_color_hover=&#8221;&#8221; accent_color=&#8221;&#8221; accent_hover_color=&#8221;&#8221; type=&#8221;&#8221; bevel_color=&#8221;&#8221; border_width=&#8221;&#8221; size=&#8221;&#8221; stretch=&#8221;default&#8221; shape=&#8221;&#8221; icon=&#8221;&#8221; icon_position=&#8221;left&#8221; icon_divider=&#8221;no&#8221; animation_type=&#8221;&#8221; animation_direction=&#8221;left&#8221; animation_speed=&#8221;0.3&#8243; animation_offset=&#8221;&#8221;]Vyh\u013eada\u0165 vlakov\u00e9 spojenia[\/fusion_button]<\/p>\n<p>https:\/\/plannervisit.krasno.dev\/wp-content\/uploads\/2019\/04\/regiojet.png RegioJet \u201cS nami na Liptov\u201d <\/p>\n<p style=\"text-align: center;\">K\u00e1va, \u010daj, alebo miner\u00e1lka <strong>zadarmo<\/strong>. To je len z\u00e1klad v\u00fdhod, ktor\u00e9 dostanete u s\u00fakromn\u00e9ho medzin\u00e1rodn\u00e9ho prepravcu RegioJet.<\/p>\n<p>[fusion_button link=&#8221;#&#8221; title=&#8221;&#8221; target=&#8221;_self&#8221; alignment=&#8221;center&#8221; modal=&#8221;&#8221; hide_on_mobile=&#8221;small-visibility,medium-visibility,large-visibility&#8221; class=&#8221;&#8221; id=&#8221;&#8221; color=&#8221;default&#8221; button_gradient_top_color=&#8221;&#8221; button_gradient_bottom_color=&#8221;&#8221; button_gradient_top_color_hover=&#8221;&#8221; button_gradient_bottom_color_hover=&#8221;&#8221; accent_color=&#8221;&#8221; accent_hover_color=&#8221;&#8221; type=&#8221;&#8221; bevel_color=&#8221;&#8221; border_width=&#8221;&#8221; size=&#8221;&#8221; stretch=&#8221;default&#8221; shape=&#8221;&#8221; icon=&#8221;&#8221; icon_position=&#8221;left&#8221; icon_divider=&#8221;no&#8221; animation_type=&#8221;&#8221; animation_direction=&#8221;left&#8221; animation_speed=&#8221;0.3&#8243; animation_offset=&#8221;&#8221;]Vyh\u013eada\u0165 vlakov\u00e9 spojenia[\/fusion_button]<\/p>\n<p>https:\/\/plannervisit.krasno.dev\/wp-content\/uploads\/2019\/04\/cd.png Do Tatier najlep\u0161ie Pendol\u00ednom <\/p>\n<p style=\"text-align: center;\">Z \u010ciech do \u017diliny, Popradu \u010di Liptovsk\u00e9ho Mikul\u00e1\u0161a \u010desk\u00fdm n\u00e1rodn\u00fdm dopravcom. Z\u00edsktajte <strong>z\u013eavu na 2 denn\u00e9 skipasy v skiare\u00e1li Jasn\u00e1<\/strong>.<\/p>\n<p>[fusion_button link=&#8221;#&#8221; title=&#8221;&#8221; target=&#8221;_self&#8221; alignment=&#8221;center&#8221; modal=&#8221;&#8221; hide_on_mobile=&#8221;small-visibility,medium-visibility,large-visibility&#8221; class=&#8221;&#8221; id=&#8221;&#8221; color=&#8221;default&#8221; button_gradient_top_color=&#8221;&#8221; button_gradient_bottom_color=&#8221;&#8221; button_gradient_top_color_hover=&#8221;&#8221; button_gradient_bottom_color_hover=&#8221;&#8221; accent_color=&#8221;&#8221; accent_hover_color=&#8221;&#8221; type=&#8221;&#8221; bevel_color=&#8221;&#8221; border_width=&#8221;&#8221; size=&#8221;&#8221; stretch=&#8221;default&#8221; shape=&#8221;&#8221; icon=&#8221;&#8221; icon_position=&#8221;left&#8221; icon_divider=&#8221;no&#8221; animation_type=&#8221;&#8221; animation_direction=&#8221;left&#8221; animation_speed=&#8221;0.3&#8243; animation_offset=&#8221;&#8221;]Prezrie\u0165 mo\u017enosti prepravy[\/fusion_button]<\/p>\n<\/p>\n\n<p>\n<\/p>\n<h2>Autobusov\u00e1 doprava<\/h2>\n<p>Morbi pellentesque, erat vitae porttitor hendrerit, odio elit feugiat neque, vel placerat nulla risus at nisi. Vestibulum sed efficitur diam. Proin scelerisque nisi ut ornare dictum. Sed mollis, libero id pellentesque rutrum, felis velit volutpat mi, id aliquam sem ligula at ex. Fusce consectetur, tortor id vulputate dictum \nhttps:\/\/plannervisit.krasno.dev\/wp-content\/uploads\/2019\/04\/bus-big.png\n<\/p>\n\n<p><p> Dosta\u0148te sa na Liptov pohodlne odkia\u013eko\u013evek <\/p>\n<p style=\"text-align: center;\">Nez\u00e1le\u017e\u00ed, kde na Slovensku sa nach\u00e1dzate. Str\u00e1nka cestovn\u00fdch poriadkov v\u00e1m v\u017edy n\u00e1jde najr\u00fdchlej\u0161ie mo\u017en\u00e9 autobusov\u00e9 spojenie, s \u010do najmen\u0161\u00edm po\u010dtom prestupov.<\/p>\n<p>[fusion_button link=&#8221;#&#8221; title=&#8221;&#8221; target=&#8221;_self&#8221; alignment=&#8221;center&#8221; modal=&#8221;&#8221; hide_on_mobile=&#8221;small-visibility,medium-visibility,large-visibility&#8221; class=&#8221;&#8221; id=&#8221;&#8221; color=&#8221;default&#8221; button_gradient_top_color=&#8221;&#8221; button_gradient_bottom_color=&#8221;&#8221; button_gradient_top_color_hover=&#8221;&#8221; button_gradient_bottom_color_hover=&#8221;&#8221; accent_color=&#8221;&#8221; accent_hover_color=&#8221;&#8221; type=&#8221;&#8221; bevel_color=&#8221;&#8221; border_width=&#8221;&#8221; size=&#8221;&#8221; stretch=&#8221;default&#8221; shape=&#8221;&#8221; icon=&#8221;&#8221; icon_position=&#8221;left&#8221; icon_divider=&#8221;no&#8221; animation_type=&#8221;&#8221; animation_direction=&#8221;left&#8221; animation_speed=&#8221;0.3&#8243; animation_offset=&#8221;&#8221;]Pozrie\u0165 autobusov\u00e9 spoje[\/fusion_button]<\/p>\n<p> Vyh\u013eadajte miestnu prepravu na Liptove <\/p>\n<p style=\"text-align: center;\">Ak u\u017e sa nach\u00e1dzate na niektorom z kr\u00e1snych miest Liptova, no nem\u00e1te auto, sta\u010d\u00ed, ak si n\u00e1jdete najbli\u017e\u0161\u00ed mo\u017en\u00fd autobusov\u00fd spoj na str\u00e1nke cestovn\u00fdch poriadkov.<\/p>\n<p>[fusion_button link=&#8221;#&#8221; title=&#8221;&#8221; target=&#8221;_self&#8221; alignment=&#8221;center&#8221; modal=&#8221;&#8221; hide_on_mobile=&#8221;small-visibility,medium-visibility,large-visibility&#8221; class=&#8221;&#8221; id=&#8221;&#8221; color=&#8221;default&#8221; button_gradient_top_color=&#8221;&#8221; button_gradient_bottom_color=&#8221;&#8221; button_gradient_top_color_hover=&#8221;&#8221; button_gradient_bottom_color_hover=&#8221;&#8221; accent_color=&#8221;&#8221; accent_hover_color=&#8221;&#8221; type=&#8221;&#8221; bevel_color=&#8221;&#8221; border_width=&#8221;&#8221; size=&#8221;&#8221; stretch=&#8221;default&#8221; shape=&#8221;&#8221; icon=&#8221;&#8221; icon_position=&#8221;left&#8221; icon_divider=&#8221;no&#8221; animation_type=&#8221;&#8221; animation_direction=&#8221;left&#8221; animation_speed=&#8221;0.3&#8243; animation_offset=&#8221;&#8221;]Pozrie\u0165 najbli\u017e\u0161ie autobusov\u00e9 spoje[\/fusion_button]<\/p>\n<\/p>\n\n<p> Krakov aj Var\u0161ava maj\u00fa radi Liptov \nhttps:\/\/plannervisit.krasno.dev\/wp-content\/uploads\/2019\/04\/polsko.png\n<p>[fusion_builder_row_inner][fusion_builder_column_inner type=&#8221;2_3&#8243; layout=&#8221;2_3&#8243; spacing=&#8221;&#8221; center_content=&#8221;no&#8221; hover_type=&#8221;none&#8221; link=&#8221;&#8221; min_height=&#8221;&#8221; hide_on_mobile=&#8221;small-visibility,medium-visibility,large-visibility&#8221; class=&#8221;&#8221; id=&#8221;&#8221; background_color=&#8221;&#8221; background_image=&#8221;&#8221; background_position=&#8221;left top&#8221; background_repeat=&#8221;no-repeat&#8221; border_size=&#8221;0&#8243; border_color=&#8221;&#8221; border_style=&#8221;solid&#8221; padding=&#8221;&#8221; dimension_margin=&#8221;&#8221; animation_type=&#8221;&#8221; animation_direction=&#8221;left&#8221; animation_speed=&#8221;0.3&#8243; animation_offset=&#8221;&#8221; last=&#8221;no&#8221; border_position=&#8221;all&#8221;]<\/p>\n<h3>Z Krakova na Liptov<\/h3>\n<p><span>Dvakr\u00e1t denne prem\u00e1vaj\u00fa <\/span><strong>minibusy TigerExpress<\/strong><span> na novej trase Krakov \u203a Doln\u00fd Kub\u00edn \u203a Ru\u017eomberok \u203a Liptovsk\u00fd Mikul\u00e1\u0161 \u203a Poprad \u203a Pre\u0161ov \u203a Ko\u0161ice. Ceny za\u010d\u00ednaj\u00fa <\/span><strong>od 10 EUR<\/strong>. [\/fusion_builder_column_inner][fusion_builder_column_inner type=&#8221;1_3&#8243; layout=&#8221;1_3&#8243; spacing=&#8221;&#8221; center_content=&#8221;no&#8221; hover_type=&#8221;none&#8221; link=&#8221;&#8221; min_height=&#8221;&#8221; hide_on_mobile=&#8221;small-visibility,medium-visibility,large-visibility&#8221; class=&#8221;&#8221; id=&#8221;&#8221; background_color=&#8221;&#8221; background_image=&#8221;&#8221; background_position=&#8221;left top&#8221; undefined=&#8221;&#8221; background_repeat=&#8221;no-repeat&#8221; border_size=&#8221;0&#8243; border_color=&#8221;&#8221; border_style=&#8221;solid&#8221; padding=&#8221;0px 0px 0px 0px&#8221; margin_top=&#8221;30px&#8221; margin_bottom=&#8221;&#8221; animation_type=&#8221;&#8221; animation_direction=&#8221;left&#8221; animation_speed=&#8221;0.3&#8243; animation_offset=&#8221;&#8221; last=&#8221;no&#8221; border_position=&#8221;all&#8221;][fusion_button link=&#8221;#&#8221; title=&#8221;&#8221; target=&#8221;_self&#8221; alignment=&#8221;center&#8221; modal=&#8221;&#8221; hide_on_mobile=&#8221;small-visibility,medium-visibility,large-visibility&#8221; class=&#8221;&#8221; id=&#8221;&#8221; color=&#8221;default&#8221; button_gradient_top_color=&#8221;&#8221; button_gradient_bottom_color=&#8221;&#8221; button_gradient_top_color_hover=&#8221;&#8221; button_gradient_bottom_color_hover=&#8221;&#8221; accent_color=&#8221;&#8221; accent_hover_color=&#8221;&#8221; type=&#8221;&#8221; bevel_color=&#8221;&#8221; border_width=&#8221;&#8221; size=&#8221;&#8221; stretch=&#8221;default&#8221; shape=&#8221;&#8221; icon=&#8221;&#8221; icon_position=&#8221;left&#8221; icon_divider=&#8221;no&#8221; animation_type=&#8221;&#8221; animation_direction=&#8221;left&#8221; animation_speed=&#8221;0.3&#8243; animation_offset=&#8221;&#8221;]Pozrie\u0165 tento spoj[\/fusion_button][\/fusion_builder_column_inner][\/fusion_builder_row_inner][fusion_builder_row_inner][fusion_builder_column_inner type=&#8221;2_3&#8243; layout=&#8221;2_3&#8243; spacing=&#8221;&#8221; center_content=&#8221;no&#8221; hover_type=&#8221;none&#8221; link=&#8221;&#8221; min_height=&#8221;&#8221; hide_on_mobile=&#8221;small-visibility,medium-visibility,large-visibility&#8221; class=&#8221;&#8221; id=&#8221;&#8221; background_color=&#8221;&#8221; background_image=&#8221;&#8221; background_position=&#8221;left top&#8221; background_repeat=&#8221;no-repeat&#8221; border_size=&#8221;0&#8243; border_color=&#8221;&#8221; border_style=&#8221;solid&#8221; padding=&#8221;&#8221; animation_type=&#8221;&#8221; animation_direction=&#8221;left&#8221; animation_speed=&#8221;0.3&#8243; animation_offset=&#8221;&#8221; last=&#8221;no&#8221; border_position=&#8221;all&#8221;]<\/p>\n<h3>Z Var\u0161avy na Liptov<\/h3>\n<p><span>Autobusov\u00fd prepravca <\/span><strong>PKS POLONUS<\/strong> sp\u00fa\u0161\u0165a pravideln\u00e9 v\u00edkendov\u00e9 autobusov\u00e9 spojenie z Var\u0161avy cez Krakov \u203a Zakopan\u00e9 \u203a Tatransk\u00fa Lomnicu \u203a Star\u00fd Smokovec \u203a Liptovsk\u00fd Mikul\u00e1\u0161 a\u017e do Tatralandie. [\/fusion_builder_column_inner][fusion_builder_column_inner type=&#8221;1_3&#8243; layout=&#8221;1_3&#8243; spacing=&#8221;&#8221; center_content=&#8221;no&#8221; hover_type=&#8221;none&#8221; link=&#8221;&#8221; min_height=&#8221;&#8221; hide_on_mobile=&#8221;small-visibility,medium-visibility,large-visibility&#8221; class=&#8221;&#8221; id=&#8221;&#8221; background_color=&#8221;&#8221; background_image=&#8221;&#8221; background_position=&#8221;left top&#8221; undefined=&#8221;&#8221; background_repeat=&#8221;no-repeat&#8221; border_size=&#8221;0&#8243; border_color=&#8221;&#8221; border_style=&#8221;solid&#8221; padding=&#8221;&#8221; margin_top=&#8221;30px&#8221; margin_bottom=&#8221;&#8221; animation_type=&#8221;&#8221; animation_direction=&#8221;left&#8221; animation_speed=&#8221;0.3&#8243; animation_offset=&#8221;&#8221; last=&#8221;no&#8221; border_position=&#8221;all&#8221;][fusion_button link=&#8221;#&#8221; title=&#8221;&#8221; target=&#8221;_self&#8221; alignment=&#8221;center&#8221; modal=&#8221;&#8221; hide_on_mobile=&#8221;small-visibility,medium-visibility,large-visibility&#8221; class=&#8221;&#8221; id=&#8221;&#8221; color=&#8221;default&#8221; button_gradient_top_color=&#8221;&#8221; button_gradient_bottom_color=&#8221;&#8221; button_gradient_top_color_hover=&#8221;&#8221; button_gradient_bottom_color_hover=&#8221;&#8221; accent_color=&#8221;&#8221; accent_hover_color=&#8221;&#8221; type=&#8221;&#8221; bevel_color=&#8221;&#8221; border_width=&#8221;&#8221; size=&#8221;&#8221; stretch=&#8221;default&#8221; shape=&#8221;&#8221; icon=&#8221;&#8221; icon_position=&#8221;left&#8221; icon_divider=&#8221;no&#8221; animation_type=&#8221;&#8221; animation_direction=&#8221;left&#8221; animation_speed=&#8221;0.3&#8243; animation_offset=&#8221;&#8221;]Pozrie\u0165 tento spoj[\/fusion_button][\/fusion_builder_column_inner][\/fusion_builder_row_inner]<\/p>\n<\/p>\n\n<p>\n<\/p>\n<h2>Leteck\u00e1 preprava<\/h2>\n<p>Morbi pellentesque, erat vitae porttitor hendrerit, odio elit feugiat neque, vel placerat nulla risus at nisi. Vestibulum sed efficitur diam. Proin scelerisque nisi ut ornare dictum. Sed mollis, libero id pellentesque rutrum, felis velit volutpat mi, id aliquam sem ligula at ex. Fusce consectetur, tortor id vulputate dictum. \nhttps:\/\/plannervisit.krasno.dev\/wp-content\/uploads\/2019\/04\/plane.png\n<\/p>\n\n<p> Z Lond\u00fdna, Rigy \u010di Kyjeva priamo do srdca Liptova \n<p>[fusion_table]<\/p>\n<div class=\"table-1\">\n<table width=\"100%\">\n<thead>\n<tr>\n<th align=\"left\"><strong>Lond\u00fdn<\/strong> Utorok, \u0160tvrtok a Sobota<\/th>\n<th style=\"text-align: center;\" align=\"left\"><strong>odlet<\/strong><\/th>\n<th style=\"text-align: center;\" align=\"left\"><strong>pr\u00edlet<\/strong><\/th>\n<\/tr>\n<\/thead>\n<tbody>\n<tr>\n<td align=\"left\">Lond\u00fdn &#8211; Poprad<\/td>\n<td style=\"text-align: center;\" align=\"left\">15:10<\/td>\n<td style=\"text-align: center;\" align=\"left\">18:45<\/td>\n<\/tr>\n<tr>\n<td align=\"left\">Poprad &#8211; Lond\u00fdn<\/td>\n<td style=\"text-align: center;\" align=\"left\">19:15<\/td>\n<td style=\"text-align: center;\" align=\"left\">21:00<\/td>\n<\/tr>\n<\/tbody>\n<\/table>\n<\/div>\n<p>[\/fusion_table][fusion_table]<\/p>\n<div class=\"table-1\">\n<table width=\"100%\">\n<thead>\n<tr>\n<th align=\"left\"><strong>Riga<\/strong> Sobota<\/th>\n<th style=\"text-align: center;\" align=\"left\"><strong>odlet<\/strong><\/th>\n<th style=\"text-align: center;\" align=\"left\"><strong>pr\u00edlet<\/strong><\/th>\n<\/tr>\n<\/thead>\n<tbody>\n<tr>\n<td align=\"left\">Riga &#8211; Poprad<\/td>\n<td style=\"text-align: center;\" align=\"left\">15:10<\/td>\n<td style=\"text-align: center;\" align=\"left\">18:45<\/td>\n<\/tr>\n<tr>\n<td align=\"left\">Poprad &#8211; Riga<\/td>\n<td style=\"text-align: center;\" align=\"left\">14:35<\/td>\n<td style=\"text-align: center;\" align=\"left\">17:30<\/td>\n<\/tr>\n<\/tbody>\n<\/table>\n<\/div>\n<p>[\/fusion_table][fusion_table]<\/p>\n<div class=\"table-1\">\n<table width=\"100%\">\n<thead>\n<tr>\n<th align=\"left\"><strong>Kyjev<\/strong> Sobota<\/th>\n<th style=\"text-align: center;\" align=\"left\"><strong>odlet<\/strong><\/th>\n<th style=\"text-align: center;\" align=\"left\"><strong>pr\u00edlet<\/strong><\/th>\n<\/tr>\n<\/thead>\n<tbody>\n<tr>\n<td align=\"left\">Kyjev &#8211; Poprad<\/td>\n<td style=\"text-align: center;\" align=\"left\">10:00<\/td>\n<td style=\"text-align: center;\" align=\"left\">11:45<\/td>\n<\/tr>\n<tr>\n<td align=\"left\">Poprad &#8211; Kyjev<\/td>\n<td style=\"text-align: center;\" align=\"left\">12:45<\/td>\n<td style=\"text-align: center;\" align=\"left\">14:20<\/td>\n<\/tr>\n<\/tbody>\n<\/table>\n<\/div>\n<p>[\/fusion_table]<\/p>\n<p>https:\/\/plannervisit.krasno.dev\/wp-content\/uploads\/2019\/04\/poprad_letisko_dovolenka.png<\/p>\n<p>Kontakt<\/p>\n<p><span>[fusion_builder_row_inner][fusion_builder_column_inner type=&#8221;1_3&#8243; layout=&#8221;1_3&#8243; spacing=&#8221;&#8221; center_content=&#8221;no&#8221; hover_type=&#8221;none&#8221; link=&#8221;&#8221; min_height=&#8221;&#8221; hide_on_mobile=&#8221;small-visibility,medium-visibility,large-visibility&#8221; class=&#8221;&#8221; id=&#8221;&#8221; background_color=&#8221;&#8221; background_image=&#8221;&#8221; background_position=&#8221;left top&#8221; background_repeat=&#8221;no-repeat&#8221; border_size=&#8221;0&#8243; border_color=&#8221;&#8221; border_style=&#8221;solid&#8221; padding=&#8221;&#8221; dimension_margin=&#8221;&#8221; animation_type=&#8221;&#8221; animation_direction=&#8221;left&#8221; animation_speed=&#8221;0.3&#8243; animation_offset=&#8221;&#8221; last=&#8221;no&#8221; border_position=&#8221;all&#8221;] Na letisko 100 058 98 Poprad Slovensk\u00e1 Republika [\/fusion_builder_column_inner][fusion_builder_column_inner type=&#8221;1_3&#8243; layout=&#8221;1_3&#8243; spacing=&#8221;&#8221; center_content=&#8221;no&#8221; hover_type=&#8221;none&#8221; link=&#8221;&#8221; min_height=&#8221;&#8221; hide_on_mobile=&#8221;small-visibility,medium-visibility,large-visibility&#8221; class=&#8221;&#8221; id=&#8221;&#8221; background_color=&#8221;&#8221; background_image=&#8221;&#8221; background_position=&#8221;left top&#8221; background_repeat=&#8221;no-repeat&#8221; border_size=&#8221;0&#8243; border_color=&#8221;&#8221; border_style=&#8221;solid&#8221; padding=&#8221;&#8221; dimension_margin=&#8221;&#8221; animation_type=&#8221;&#8221; animation_direction=&#8221;left&#8221; animation_speed=&#8221;0.3&#8243; animation_offset=&#8221;&#8221; last=&#8221;no&#8221; border_position=&#8221;all&#8221;] <\/span><strong>+421 52 776 3875<\/strong><span> <\/span><strong>+421 52 772 5005<\/strong><span> <\/span><strong>airport@airport-poprad.sk<\/strong> [\/fusion_builder_column_inner][fusion_builder_column_inner type=&#8221;1_3&#8243; layout=&#8221;1_3&#8243; spacing=&#8221;&#8221; center_content=&#8221;no&#8221; hover_type=&#8221;none&#8221; link=&#8221;&#8221; min_height=&#8221;&#8221; hide_on_mobile=&#8221;small-visibility,medium-visibility,large-visibility&#8221; class=&#8221;&#8221; id=&#8221;&#8221; background_color=&#8221;&#8221; background_image=&#8221;&#8221; background_position=&#8221;left top&#8221; undefined=&#8221;&#8221; background_repeat=&#8221;no-repeat&#8221; border_size=&#8221;0&#8243; border_color=&#8221;&#8221; border_style=&#8221;solid&#8221; padding=&#8221;0 0px 0px 0px&#8221; margin_top=&#8221;0&#8243; margin_bottom=&#8221;&#8221; animation_type=&#8221;&#8221; animation_direction=&#8221;left&#8221; animation_speed=&#8221;0.3&#8243; animation_offset=&#8221;&#8221; last=&#8221;no&#8221; border_position=&#8221;all&#8221;]https:\/\/plannervisit.krasno.dev\/wp-content\/uploads\/2019\/04\/poprad_logo.png[\/fusion_builder_column_inner][\/fusion_builder_row_inner]<\/p>\n<\/p>\n\n<p>\n<\/p>\n<h2>Autodoprava<\/h2>\n<p><span>Regi\u00f3n Liptov v sebe skr\u00fdva nielen pr\u00edrodn\u00e9 poklady. Pre bezpe\u010dnej\u0161iu jazdu si prezrite aktu\u00e1lne <\/span><strong>dopravn\u00e9 obmedzenia, \u010di nehody. Napl\u00e1nujte si \u010do najlep\u0161iu trasu.<\/strong> Proin scelerisque nisi ut ornare dictum. Sed mollis, libero id pellentesque rutrum, felis velit volutpat mi, id aliquam sem ligula at ex. Fusce consectetur, tortor id vulputate dictum. \nhttps:\/\/plannervisit.krasno.dev\/wp-content\/uploads\/2019\/04\/car-big.png\n<\/p>\n\n<p><p>https:\/\/plannervisit.krasno.dev\/wp-content\/uploads\/2019\/04\/waze.png Napl\u00e1nova\u0165 cestu cez waze <\/p>\n<p>https:\/\/plannervisit.krasno.dev\/wp-content\/uploads\/2019\/04\/Google_maps_logo.png Napl\u00e1nova\u0165 cestu cez google <\/p>\n<\/p>\n\n<\/p>\n","protected":false},"excerpt":{"rendered":"","protected":false},"author":1,"featured_media":80434,"parent":0,"menu_order":0,"comment_status":"open","ping_status":"open","template":"","meta":{"_acf_changed":false,"inline_featured_image":false,"episode_type":"","audio_file":"","cover_image":"","cover_image_id":"","duration":"","filesize":"","date_recorded":"","explicit":"","block":"","filesize_raw":"","footnotes":""},"class_list":["post-85115","page","type-page","status-publish","has-post-thumbnail","hentry"],"acf":[],"_links":{"self":[{"href":"https:\/\/plannervisit.krasno.dev\/pl\/wp-json\/wp\/v2\/pages\/85115"}],"collection":[{"href":"https:\/\/plannervisit.krasno.dev\/pl\/wp-json\/wp\/v2\/pages"}],"about":[{"href":"https:\/\/plannervisit.krasno.dev\/pl\/wp-json\/wp\/v2\/types\/page"}],"author":[{"embeddable":true,"href":"https:\/\/plannervisit.krasno.dev\/pl\/wp-json\/wp\/v2\/users\/1"}],"replies":[{"embeddable":true,"href":"https:\/\/plannervisit.krasno.dev\/pl\/wp-json\/wp\/v2\/comments?post=85115"}],"version-history":[{"count":0,"href":"https:\/\/plannervisit.krasno.dev\/pl\/wp-json\/wp\/v2\/pages\/85115\/revisions"}],"wp:featuredmedia":[{"embeddable":true,"href":"https:\/\/plannervisit.krasno.dev\/pl\/wp-json\/wp\/v2\/media\/80434"}],"wp:attachment":[{"href":"https:\/\/plannervisit.krasno.dev\/pl\/wp-json\/wp\/v2\/media?parent=85115"}],"curies":[{"name":"wp","href":"https:\/\/api.w.org\/{rel}","templated":true}]}}