{"id":91571,"date":"2019-03-04T19:53:46","date_gmt":"2019-03-04T18:53:46","guid":{"rendered":"https:\/\/www.visitliptov.sk\/spravy-z-liptova\/"},"modified":"2019-05-23T13:29:32","modified_gmt":"2019-05-23T11:29:32","slug":"wiadomosci-z-liptowa","status":"publish","type":"page","link":"https:\/\/plannervisit.krasno.dev\/pl\/wiadomosci-z-liptowa\/","title":{"rendered":"Wiadomo\u015bci z Liptowa"},"content":{"rendered":"\n    <div class=\"ns-blog\">\n        <div class=\"blog-cats\">\n            <span class=\"cat-all\" id=\"cat-all\"\n                  onclick=\"FWP.reset()\">Wszystko<\/span>\n\t\t\t<div class=\"facetwp-facet facetwp-facet-cat facetwp-type-radio\" data-name=\"cat\" data-type=\"radio\"><\/div>        <\/div>\n\n        <div class=\"blog-content\">\n\t\t\t<div class=\"facetwp-template\" data-name=\"blog\">  <a class=\"list-item blog-loop\"   href=\"https:\/\/plannervisit.krasno.dev\/pl\/2022\/11\/22\/slowacja-chopok-szusowanie-na-nartach-zimowy-urlop-tak-blisko\/\"  >\n        <div class=\"thumb\"\n      style=\"background-image:url('https:\/\/plannervisit.krasno.dev\/wp-content\/uploads\/2022\/11\/zazi-Liptov-so-zlavami-600x400.jpg')\">\n\t\t\t        <span class=\"favorite-btn  js_favorite-inline-ajax\"\r\n              data-id=\"204083\"\r\n\t\t>&hearts;<\/span>\r\n\t      <div class=\"item-cat\">Informacje prasowe<\/div>    <\/div>\n\n    <div class=\"item-meta\">\n    <div class=\"item-title\">\n\t\t  S\u0141OWACJA, CHOPOK, SZUSOWANIE NA NARTACH&#8230; Zimowy urlop, tak blisko    <\/div>\n\n    <div class=\"item-date\">22. 11. 2022<\/div><div class=\"item-loc\">Liptovsk\u00fd Mikul\u00e1\u0161<\/div><div class=\"item-excerpt\">(REGION LIPT\u00d3W, S\u0142owacja, 24 listopada 2022 r.) Lipt\u00f3w to doznania dla wszystkich zmys\u0142\u00f3w. Nie wystarczy...<br>     <img decoding=\"async\" src=\"\/wp-content\/uploads\/2025\/03\/readtime.svg\" alt=\"Reading time\" style=\"display: inline-block;margin-top: -2px;margin-right: 2px;width: 16px;height: 16px;\"> 6 min<\/div>     <\/div>\n   <\/a>\n  <a class=\"list-item blog-loop\"   href=\"https:\/\/plannervisit.krasno.dev\/pl\/2021\/12\/15\/zielone-swiatlo-dla-zimy-pod-chopokiem-na-liptowie\/\"  >\n        <div class=\"thumb\"\n      style=\"background-image:url('https:\/\/plannervisit.krasno.dev\/wp-content\/uploads\/2020\/12\/PrL3MTyI-1.jpeg')\">\n\t\t\t        <span class=\"favorite-btn  js_favorite-inline-ajax\"\r\n              data-id=\"164288\"\r\n\t\t>&hearts;<\/span>\r\n\t      <div class=\"item-cat\">Blog<\/div>    <\/div>\n\n    <div class=\"item-meta\">\n    <div class=\"item-title\">\n\t\t  Zielone \u015bwiat\u0142o dla zimy pod Chopokiem na Liptowie!    <\/div>\n\n    <div class=\"item-date\">15. 12. 2021<\/div><div class=\"item-excerpt\">(Liptowski Mikulasz, 16.12.2021 r.) \u2013 Sezon zimowy na S\u0142owacji dosta\u0142 zielone \u015bwiat\u0142o. Zaszczepieni go\u015bcie...<br>     <img decoding=\"async\" src=\"\/wp-content\/uploads\/2025\/03\/readtime.svg\" alt=\"Reading time\" style=\"display: inline-block;margin-top: -2px;margin-right: 2px;width: 16px;height: 16px;\"> 4 min<\/div>     <\/div>\n   <\/a>\n  <a class=\"list-item blog-loop\"   href=\"https:\/\/plannervisit.krasno.dev\/pl\/2016\/04\/04\/liptovska-zima-oslnila\/\"  >\n        <div class=\"thumb\"\n      style=\"background-image:url('https:\/\/plannervisit.krasno.dev\/wp-content\/uploads\/2016\/01\/Liptovska-Mara_180206_liptMara_02-600x400.jpg')\">\n\t\t\t        <span class=\"favorite-btn  js_favorite-inline-ajax\"\r\n              data-id=\"34382\"\r\n\t\t>&hearts;<\/span>\r\n\t      <div class=\"item-cat\">Informacje prasowe<\/div>    <\/div>\n\n    <div class=\"item-meta\">\n    <div class=\"item-title\">\n\t\t  S\u0142owacki Lipt\u00f3w podsumowa\u0142 zim\u0119    <\/div>\n\n    <div class=\"item-date\">4. 4. 2016<\/div><div class=\"item-excerpt\">Tegoroczny sezon zimowy charakteryzowa\u0142 si\u0119 niesta\u0142a pogod\u0105 i niedostatkiem \u015bwie\u017cego naturalnego \u015bniegu. Mimo to...<br>     <img decoding=\"async\" src=\"\/wp-content\/uploads\/2025\/03\/readtime.svg\" alt=\"Reading time\" style=\"display: inline-block;margin-top: -2px;margin-right: 2px;width: 16px;height: 16px;\"> 2 min<\/div>     <\/div>\n   <\/a>\n  <a class=\"list-item blog-loop\"   href=\"https:\/\/plannervisit.krasno.dev\/pl\/2016\/02\/15\/slowacki-liptow-ponad-131-mln-sprzedanych-noclegow\/\"  >\n        <div class=\"thumb\"\n      style=\"background-image:url('https:\/\/plannervisit.krasno.dev\/wp-content\/uploads\/2021\/08\/18.-Po-zapade-slnka-nad-Malou-Fatrou-Liptov-fotene-na-Polane-Nizke-Tatry-600x375.jpg')\">\n\t\t\t        <span class=\"favorite-btn  js_favorite-inline-ajax\"\r\n              data-id=\"34380\"\r\n\t\t>&hearts;<\/span>\r\n\t      <div class=\"item-cat\">Informacje prasowe<\/div>    <\/div>\n\n    <div class=\"item-meta\">\n    <div class=\"item-title\">\n\t\t  S\u0142owacki Lipt\u00f3w &#8211; ponad 1,31 mln sprzedanych nocleg\u00f3w    <\/div>\n\n    <div class=\"item-date\">15. 2. 2016<\/div><div class=\"item-excerpt\">S\u0142owacki region Lipt\u00f3w, obejmuj\u0105cy mi\u0119dzy innymi Chopok i Tatralandi\u0119 w ubieg\u0142ym roku sprzeda\u0142 1 312 679...<br>     <img decoding=\"async\" src=\"\/wp-content\/uploads\/2025\/03\/readtime.svg\" alt=\"Reading time\" style=\"display: inline-block;margin-top: -2px;margin-right: 2px;width: 16px;height: 16px;\"> 3 min<\/div>     <\/div>\n   <\/a>\n  <a class=\"list-item blog-loop\"   href=\"https:\/\/plannervisit.krasno.dev\/pl\/2015\/12\/04\/na-liptove-otvorili-svetovu-zimnu-sezonu\/\"  >\n        <div class=\"thumb\"\n      style=\"background-image:url('\/wp-content\/themes\/ns\/img\/placeholder.jpg')\">\n\t\t\t        <span class=\"favorite-btn  js_favorite-inline-ajax\"\r\n              data-id=\"34383\"\r\n\t\t>&hearts;<\/span>\r\n\t      <div class=\"item-cat\">Informacje prasowe<\/div>    <\/div>\n\n    <div class=\"item-meta\">\n    <div class=\"item-title\">\n\t\t  Na Liptove otvorili svetov\u00fa zimn\u00fa sez\u00f3nu    <\/div>\n\n    <div class=\"item-date\">4. 12. 2015<\/div><div class=\"item-excerpt\">(LIPTOVSK\u00dd MIKUL\u00c1\u0160, 04.12.2015) \u2013 Nov\u00e9 zjazdovky, v\u00fdhodnej\u0161ie dopravn\u00e9 spojenia, atrakt\u00edvne podujatia a...<br>     <img decoding=\"async\" src=\"\/wp-content\/uploads\/2025\/03\/readtime.svg\" alt=\"Reading time\" style=\"display: inline-block;margin-top: -2px;margin-right: 2px;width: 16px;height: 16px;\"> 5 min<\/div>     <\/div>\n   <\/a>\n<\/div>\t\t\t<div class=\"facetwp-pager\"><\/div>        <\/div>\n\n        <div class=\"blog-contact\">\n            <strong>Kontakt<\/strong>\n\t\t\t<p>OOCR Region Liptov<\/p>\n<ul>\n<li>\u0160t\u00farova 1989 \/ 41 031 01<br \/>\nLiptovsk\u00fd Mikul\u00e1\u0161<\/li>\n<li>+421 918 580 205<\/li>\n<li>Email: <a href=\"mailto:sarafinova@visitliptov.sk\">sarafinova@visitliptov.sk<\/a><\/li>\n<\/ul>\n        <\/div>\n\n        <div class=\"blog-most-read\">\n        <div>\n    <h2>Najbardziej popularne<\/h2>\n    <p>No posts found.<\/p><\/div>\n        <\/div>\n    <\/div>\n\t\n","protected":false},"excerpt":{"rendered":"","protected":false},"author":1,"featured_media":0,"parent":0,"menu_order":0,"comment_status":"closed","ping_status":"closed","template":"","meta":{"_acf_changed":false,"inline_featured_image":false,"episode_type":"","audio_file":"","cover_image":"","cover_image_id":"","duration":"","filesize":"","date_recorded":"","explicit":"","block":"","filesize_raw":"","footnotes":""},"class_list":["post-91571","page","type-page","status-publish","hentry"],"acf":[],"_links":{"self":[{"href":"https:\/\/plannervisit.krasno.dev\/pl\/wp-json\/wp\/v2\/pages\/91571"}],"collection":[{"href":"https:\/\/plannervisit.krasno.dev\/pl\/wp-json\/wp\/v2\/pages"}],"about":[{"href":"https:\/\/plannervisit.krasno.dev\/pl\/wp-json\/wp\/v2\/types\/page"}],"author":[{"embeddable":true,"href":"https:\/\/plannervisit.krasno.dev\/pl\/wp-json\/wp\/v2\/users\/1"}],"replies":[{"embeddable":true,"href":"https:\/\/plannervisit.krasno.dev\/pl\/wp-json\/wp\/v2\/comments?post=91571"}],"version-history":[{"count":0,"href":"https:\/\/plannervisit.krasno.dev\/pl\/wp-json\/wp\/v2\/pages\/91571\/revisions"}],"wp:attachment":[{"href":"https:\/\/plannervisit.krasno.dev\/pl\/wp-json\/wp\/v2\/media?parent=91571"}],"curies":[{"name":"wp","href":"https:\/\/api.w.org\/{rel}","templated":true}]}}