{"id":91981,"date":"2019-03-21T13:16:31","date_gmt":"2019-03-21T12:16:31","guid":{"rendered":"https:\/\/www.visitliptov.sk\/liptov-region-card-2\/zlavy-s-liptov-region-card\/"},"modified":"2023-08-16T09:20:42","modified_gmt":"2023-08-16T07:20:42","slug":"znizki-z-karta-liptov-region-card","status":"publish","type":"page","link":"https:\/\/plannervisit.krasno.dev\/pl\/liptov-region-card\/znizki-z-karta-liptov-region-card\/","title":{"rendered":"Zni\u017cki z kart\u0105 Liptov Region Card"},"content":{"rendered":"\n<div class=\"wp-block-cover alignfull is-light mt-0\" style=\"min-height:500px;aspect-ratio:unset;\"><span aria-hidden=\"true\" class=\"wp-block-cover__background has-background-dim-40 has-background-dim\"><\/span><video class=\"wp-block-cover__video-background intrinsic-ignore\" autoplay muted loop playsinline src=\"https:\/\/plannervisit.krasno.dev\/wp-content\/uploads\/2022\/05\/Liptov-region-card-_produktove-video_vyuzivanie-LRCzliav.mp4\" data-object-fit=\"cover\"><\/video><div class=\"wp-block-cover__inner-container is-layout-flow wp-block-cover-is-layout-flow\">\n<p class=\"has-text-align-center has-white-color has-text-color has-large-font-size\"><strong>LIPTOV REGION CARD<\/strong><\/p>\n\n\n\n<p class=\"has-text-align-center has-white-color has-text-color\" style=\"font-size:25px\"><strong>Zni\u017cki z kart\u0105 Liptov Region Card<\/strong><\/p>\n<\/div><\/div>\n\n\n\r\n<div id=\"contact-block_c2e3dcb6221df08ae9a80fa1d05997e9\" class=\"blog-cats\">\r\n        <div class=\"facetwp-radio\">\r\n        <a href=\"https:\/\/plannervisit.krasno.dev\/pl\/liptov-region-card\/\">\r\n        O KARCIE        <\/a>\r\n      <\/div>\r\n            <div class=\"facetwp-radio\">\r\n        <a href=\"https:\/\/plannervisit.krasno.dev\/pl\/liptov-region-card\/jak-otrzymac\/\">\r\n        JAK OTRZYMAC          <\/a>\r\n      <\/div>\r\n            <div class=\"facetwp-radio\">\r\n        <a href=\"https:\/\/plannervisit.krasno.dev\/pl\/liptov-region-card\/znizki-z-karta-liptov-region-card\/\">\r\n        RABATY        <\/a>\r\n      <\/div>\r\n            <div class=\"facetwp-radio\">\r\n        <a href=\"https:\/\/plannervisit.krasno.dev\/pl\/liptov-region-card\/czesto-zadawane-pytania\/\">\r\n        CZ\u0118STO ZADAWANE PYTANIA        <\/a>\r\n      <\/div>\r\n            <div class=\"facetwp-radio\">\r\n        <a href=\"https:\/\/plannervisit.krasno.dev\/wp-content\/uploads\/2023\/05\/vop-pl.pdf\">\r\n        OG\u00d3LNE WARUNKI HANDLOWE         <\/a>\r\n      <\/div>\r\n      <\/div>\r\n\n\n\n<h2 class=\"wp-block-heading has-text-align-center\">Wybierz zni\u017ck\u0119 wed\u0142ug kategorii:<\/h2>\n\n\n    <script>\n        \/*(function($) {\n            $(document).on('facetwp-loaded', function() { \/\/ on each refresh\n\n                $('.facetwp-facet-lrc_category_radio .facetwp-radio').each(function() { \/\/ foreach \"style\" checkbox option\n                    var val = $(this).attr('data-value'); \/\/ grab its \"data-value\" attribute\n\n                    $(this).prepend('<img loading=\"lazy\" decoding=\"async\" width=\"56\" height=\"40\" src=\"\/wp-content\/themes\/ns\/img\/lrc-filter\/' + val + '.svg\" \/>'); \/\/ replace checkbox content with the image\n                });\n            });\n        })(jQuery);*\/\n    <\/script>\n    <div class=\"ns-events lrc-discout-filters\">\n        <div class=\"ns-events-filter-toggle\">\n            <div class=\"btn ns-events-filter-btn\">\n\t\t\t\tFiltracja            <\/div>\n\t\t    <div class=\"facetwp-sort\"><\/div>        <\/div>\n        <div class=\"events-filter sidebar\">\n            <div class=\"close-btn\"><\/div>\n\n\t        <div class=\"facetwp-facet facetwp-facet-lrc_category_radio facetwp-type-radio\" data-name=\"lrc_category_radio\" data-type=\"radio\"><\/div>\n\t        \n\t        \n            <div class=\"filters-sorting\">\n                <div class=\"label\">Sortowa\u0107:<\/div>\n\t            <div class=\"facetwp-sort\"><\/div>            <\/div>\n\n\n\n\t                <\/div>\n\n        <div class=\"blog-content\">\n\t\t\t<div class=\"facetwp-template\" data-name=\"lrc_sales_v2\"><a class=\"list-item test\" href=\"https:\/\/plannervisit.krasno.dev\/pl\/ciekawostka\/3d-multikino-golden-apple-cinema\/\">\n\t    <div class=\"thumb\"\n         style=\"background-image:url('https:\/\/plannervisit.krasno.dev\/wp-content\/uploads\/2018\/11\/golden-apple-cinema-liptovsky-mikulas-1_zmens-600x338.jpg')\">\n\t\t        <span class=\"favorite-btn  js_favorite-inline-ajax\"\r\n              data-id=\"44904\"\r\n\t\t>&hearts;<\/span>\r\n\t\n        \t                <span class=\"label_discount\">\n                                            <span class=\"card-liptov\"><\/span>\n                    \t\t\t    <span class=\"discount-text\">1,30\u20ac zni\u017cka<\/span>                <\/span>\n\t    \n\t    \n\n\t\t\t\t    <\/div>\n\n    <div class=\"item-meta\">\n        <div class=\"item-title\">\n\t\t\tMultikino Golden Apple Cinema        <\/div>\n\n\t\t<div class=\"item-loc icon-marker a\">Liptovsk\u00fd Mikul\u00e1\u0161<\/div>    <\/div>\n<\/a>\n<a class=\"list-item test\" href=\"https:\/\/plannervisit.krasno.dev\/pl\/ciekawostka\/adventure-golf-i-zajecia-na-swiezym-powietrzu-liptovsky-mikulas\/\">\n\t    <div class=\"thumb\"\n         style=\"background-image:url('https:\/\/plannervisit.krasno.dev\/wp-content\/uploads\/2019\/03\/splav-rieky-Vah3-600x450.jpg')\">\n\t\t        <span class=\"favorite-btn  js_favorite-inline-ajax\"\r\n              data-id=\"45432\"\r\n\t\t>&hearts;<\/span>\r\n\t\n        \t                <span class=\"label_discount\">\n                                            <span class=\"card-liptov\"><\/span>\n                    \t\t\t    <span class=\"discount-text\">20% Rabatu<\/span>                <\/span>\n\t    \n\t    \n\n\t\t\t\t    <\/div>\n\n    <div class=\"item-meta\">\n        <div class=\"item-title\">\n\t\t\tAdventure golf        <\/div>\n\n\t\t<div class=\"item-loc icon-marker a\">Liptovsk\u00fd Mikul\u00e1\u0161<\/div>    <\/div>\n<\/a>\n<a class=\"list-item test\" href=\"https:\/\/plannervisit.krasno.dev\/pl\/ciekawostka\/babyland-villa-betula\/\">\n\t    <div class=\"thumb\"\n         style=\"background-image:url('https:\/\/plannervisit.krasno.dev\/wp-content\/uploads\/2022\/09\/Villa-Betula_babyland_Interier-2-600x400.jpg')\">\n\t\t        <span class=\"favorite-btn  js_favorite-inline-ajax\"\r\n              data-id=\"236403\"\r\n\t\t>&hearts;<\/span>\r\n\t\n        \t                <span class=\"label_discount\">\n                                            <span class=\"card-liptov\"><\/span>\n                    \t\t\t    <span class=\"discount-text\">50%, 20% zni\u017cka<\/span>                <\/span>\n\t    \n\t    \n\n\t\t\t\t    <\/div>\n\n    <div class=\"item-meta\">\n        <div class=\"item-title\">\n\t\t\tBabyland Villa Betula        <\/div>\n\n\t\t<div class=\"item-loc icon-marker a\">Liptovsk\u00e1 Sielnica<\/div>    <\/div>\n<\/a>\n<a class=\"list-item test\" href=\"https:\/\/plannervisit.krasno.dev\/pl\/ciekawostka\/ekspozycja-liptowski-jan-w-czasie\/\">\n\t    <div class=\"thumb\"\n         style=\"background-image:url('https:\/\/plannervisit.krasno.dev\/wp-content\/uploads\/2023\/07\/liptovsky-jan-v-case-small-0003-600x429.jpg')\">\n\t\t        <span class=\"favorite-btn  js_favorite-inline-ajax\"\r\n              data-id=\"540849\"\r\n\t\t>&hearts;<\/span>\r\n\t\n        \t                <span class=\"label_discount\">\n                                            <span class=\"card-liptov\"><\/span>\n                    \t\t\t    <span class=\"discount-text\">2+1 bezp\u0142atnie<\/span>                <\/span>\n\t    \n\t    \n\n\t\t\t\t    <\/div>\n\n    <div class=\"item-meta\">\n        <div class=\"item-title\">\n\t\t\tEkspozycja Liptowski Jan w czasie        <\/div>\n\n\t\t<div class=\"item-loc icon-marker a\">Liptovsk\u00fd J\u00e1n<\/div>    <\/div>\n<\/a>\n<a class=\"list-item test\" href=\"https:\/\/plannervisit.krasno.dev\/pl\/ciekawostka\/expozicia-o-rode-sentivaniovcov-z-liptovskeho-jana\/\">\n\t    <div class=\"thumb\"\n         style=\"background-image:url('https:\/\/plannervisit.krasno.dev\/wp-content\/uploads\/2020\/02\/LIPT.-JAN_expozicia-szentivany_zima-2024_Kikinder_low_037-600x400.jpg')\">\n\t\t        <span class=\"favorite-btn  js_favorite-inline-ajax\"\r\n              data-id=\"118982\"\r\n\t\t>&hearts;<\/span>\r\n\t\n        \t                <span class=\"label_discount\">\n                                            <span class=\"card-liptov\"><\/span>\n                    \t\t\t    <span class=\"discount-text\">2+1 bezp\u0142atnie<\/span>                <\/span>\n\t    \n\t    \n\n\t\t\t\t    <\/div>\n\n    <div class=\"item-meta\">\n        <div class=\"item-title\">\n\t\t\tEkspozycja w rodzie Sentiv\u00e1niovc\u00f3w        <\/div>\n\n\t\t<div class=\"item-loc icon-marker a\">Liptovsk\u00fd J\u00e1n<\/div>    <\/div>\n<\/a>\n<a class=\"list-item test\" href=\"https:\/\/plannervisit.krasno.dev\/pl\/ciekawostka\/farma-vychodna\/\">\n\t    <div class=\"thumb\"\n         style=\"background-image:url('https:\/\/plannervisit.krasno.dev\/wp-content\/uploads\/2019\/04\/farmvychodna06-e1520246479991-600x449.jpg')\">\n\t\t        <span class=\"favorite-btn  js_favorite-inline-ajax\"\r\n              data-id=\"49262\"\r\n\t\t>&hearts;<\/span>\r\n\t\n        \t                <span class=\"label_discount\">\n                                            <span class=\"card-liptov\"><\/span>\n                    \t\t\t    <span class=\"discount-text\">25% zni\u017cka<\/span>                <\/span>\n\t    \n\t    \n\n\t\t\t\t    <\/div>\n\n    <div class=\"item-meta\">\n        <div class=\"item-title\">\n\t\t\tFarma Vychodna        <\/div>\n\n\t\t<div class=\"item-loc icon-marker a\">V\u00fdchodn\u00e1<\/div>    <\/div>\n<\/a>\n<a class=\"list-item test\" href=\"https:\/\/plannervisit.krasno.dev\/pl\/ciekawostka\/marina-liptov-wellness\/\">\n\t    <div class=\"thumb\"\n         style=\"background-image:url('https:\/\/plannervisit.krasno.dev\/wp-content\/uploads\/2021\/10\/09.-Vodne-parky-a-relax_Marina-Liptov-600x291.jpeg')\">\n\t\t        <span class=\"favorite-btn  js_favorite-inline-ajax\"\r\n              data-id=\"160311\"\r\n\t\t>&hearts;<\/span>\r\n\t\n        \t                <span class=\"label_discount\">\n                                            <span class=\"card-liptov\"><\/span>\n                    \t\t\t    <span class=\"discount-text\">20% zni\u017cka<\/span>                <\/span>\n\t    \n\t    \n\n\t\t\t\t    <\/div>\n\n    <div class=\"item-meta\">\n        <div class=\"item-title\">\n\t\t\tWellness &#8211; MARINA Liptov        <\/div>\n\n\t\t<div class=\"item-loc icon-marker a\">Bobrovn\u00edk<\/div>    <\/div>\n<\/a>\n<a class=\"list-item test\" href=\"https:\/\/plannervisit.krasno.dev\/pl\/ciekawostka\/rodzinne-przygody-z-olbrzymem-ruzomberek\/\">\n\t    <div class=\"thumb\"\n         style=\"background-image:url('https:\/\/plannervisit.krasno.dev\/wp-content\/uploads\/2018\/05\/str.-13_rafting14-600x450.jpg')\">\n\t\t        <span class=\"favorite-btn  js_favorite-inline-ajax\"\r\n              data-id=\"48653\"\r\n\t\t>&hearts;<\/span>\r\n\t\n        \t                <span class=\"label_discount\">\n                                            <span class=\"card-liptov\"><\/span>\n                    \t\t\t    <span class=\"discount-text\">20% znizka<\/span>                <\/span>\n\t    \n\t    \n\n\t\t\t\t    <\/div>\n\n    <div class=\"item-meta\">\n        <div class=\"item-title\">\n\t\t\tRodzinna przygoda na Wagu        <\/div>\n\n\t\t<div class=\"item-loc icon-marker a\">Ru\u017eomberok<\/div>    <\/div>\n<\/a>\n<a class=\"list-item test\" href=\"https:\/\/plannervisit.krasno.dev\/pl\/ciekawostka\/ski-ninaj-rent-service-shop\/\">\n\t    <div class=\"thumb\"\n         style=\"background-image:url('https:\/\/plannervisit.krasno.dev\/wp-content\/uploads\/2020\/01\/ski-ninaj-600x577.jpg')\">\n\t\t        <span class=\"favorite-btn  js_favorite-inline-ajax\"\r\n              data-id=\"46143\"\r\n\t\t>&hearts;<\/span>\r\n\t\n        \t                <span class=\"label_discount\">\n                                            <span class=\"card-liptov\"><\/span>\n                    \t\t\t    <span class=\"discount-text\">15% zni\u017cka<\/span>                <\/span>\n\t    \n\t    \n\n\t\t\t\t    <\/div>\n\n    <div class=\"item-meta\">\n        <div class=\"item-title\">\n\t\t\tSKI Ni\u0148aj &#8211; rent, service, shop        <\/div>\n\n\t\t<div class=\"item-loc icon-marker a\">Liptovsk\u00fd Mikul\u00e1\u0161<\/div>    <\/div>\n<\/a>\n<a class=\"list-item test\" href=\"https:\/\/plannervisit.krasno.dev\/pl\/ciekawostka\/aquapark-tatralandia-park-wodni\/\">\n\t    <div class=\"thumb\"\n         style=\"background-image:url('https:\/\/plannervisit.krasno.dev\/wp-content\/uploads\/2024\/08\/turistika-leto-imidzova-foto-2-600x338.jpg')\">\n\t\t        <span class=\"favorite-btn  js_favorite-inline-ajax\"\r\n              data-id=\"44385\"\r\n\t\t>&hearts;<\/span>\r\n\t\n        \t                <span class=\"label_discount\">\n                                            <span class=\"card-liptov\"><\/span>\n                    \t\t\t    <span class=\"discount-text\">5% zni\u017cka<\/span>                <\/span>\n\t    \n\t    \n\n\t\t            <span class=\"label_is-top\"><i\n                        class=\"g-icon-white g-icon-white_star\"><\/i>\n                    Wybrali\u015bmy dla ciebie                <\/span>\n\t\t\t\t    <\/div>\n\n    <div class=\"item-meta\">\n        <div class=\"item-title\">\n\t\t\tAquapark Tatralandia        <\/div>\n\n\t\t<div class=\"item-loc icon-marker a\">Liptovsk\u00fd Mikul\u00e1\u0161<\/div>    <\/div>\n<\/a>\n<a class=\"list-item test\" href=\"https:\/\/plannervisit.krasno.dev\/pl\/ciekawostka\/nase-dedicstvo-stala-expozicia-liptovsky-jan\/\">\n\t    <div class=\"thumb\"\n         style=\"background-image:url('https:\/\/plannervisit.krasno.dev\/wp-content\/uploads\/2019\/03\/naseDedicstvo01-600x450.jpg')\">\n\t\t        <span class=\"favorite-btn  js_favorite-inline-ajax\"\r\n              data-id=\"44801\"\r\n\t\t>&hearts;<\/span>\r\n\t\n        \t                <span class=\"label_discount\">\n                                            <span class=\"card-liptov\"><\/span>\n                    \t\t\t    <span class=\"discount-text\">100% zni\u017cka<\/span>                <\/span>\n\t    \n\t    \n\n\t\t\t\t    <\/div>\n\n    <div class=\"item-meta\">\n        <div class=\"item-title\">\n\t\t\tEkspozycja \u201eNASZE DZIEDZICTWO\u201c        <\/div>\n\n\t\t<div class=\"item-loc icon-marker a\">Liptovsk\u00fd J\u00e1n<\/div>    <\/div>\n<\/a>\n<a class=\"list-item test\" href=\"https:\/\/plannervisit.krasno.dev\/pl\/ciekawostka\/aqua-vital-park-kupele-lucky-2\/\">\n\t    <div class=\"thumb\"\n         style=\"background-image:url('https:\/\/plannervisit.krasno.dev\/wp-content\/uploads\/2022\/05\/c-Marek-Hajkovsky-foto-KUPELE-LUCKY-ext-leto-2022_140-mens-600x313.jpg')\">\n\t\t        <span class=\"favorite-btn  js_favorite-inline-ajax\"\r\n              data-id=\"150335\"\r\n\t\t>&hearts;<\/span>\r\n\t\n        \t                <span class=\"label_discount\">\n                                            <span class=\"card-liptov\"><\/span>\n                    \t\t\t    <span class=\"discount-text\">10% zni\u017cka<\/span>                <\/span>\n\t    \n\t    \n\n\t\t            <span class=\"label_is-top\"><i\n                        class=\"g-icon-white g-icon-white_star\"><\/i>\n                    Wybrali\u015bmy dla ciebie                <\/span>\n\t\t\t\t    <\/div>\n\n    <div class=\"item-meta\">\n        <div class=\"item-title\">\n\t\t\tAQUA-VITAL Park, K\u00fapele L\u00fa\u010dky        <\/div>\n\n\t\t<div class=\"item-loc icon-marker a\">L\u00fa\u010dky<\/div>    <\/div>\n<\/a>\n<a class=\"list-item test\" href=\"https:\/\/plannervisit.krasno.dev\/pl\/ciekawostka\/browar-liptovar\/\">\n\t    <div class=\"thumb\"\n         style=\"background-image:url('https:\/\/plannervisit.krasno.dev\/wp-content\/uploads\/2018\/05\/2023_Liptovar-promo-foto-7small_-600x400.jpg')\">\n\t\t        <span class=\"favorite-btn  js_favorite-inline-ajax\"\r\n              data-id=\"47142\"\r\n\t\t>&hearts;<\/span>\r\n\t\n        \t                <span class=\"label_discount\">\n                                            <span class=\"card-liptov\"><\/span>\n                    \t\t\t    <span class=\"discount-text\">10% zni\u017cka <\/span>                <\/span>\n\t    \n\t    \n\n\t\t\t\t    <\/div>\n\n    <div class=\"item-meta\">\n        <div class=\"item-title\">\n\t\t\tBrowar a restauracja piwowarniczna Liptovar        <\/div>\n\n\t\t<div class=\"item-loc icon-marker a\">Liptovsk\u00fd Mikul\u00e1\u0161<\/div>    <\/div>\n<\/a>\n<a class=\"list-item test\" href=\"https:\/\/plannervisit.krasno.dev\/pl\/ciekawostka\/centrum-informacji-liptowski-mikulasz\/\">\n\t    <div class=\"thumb\"\n         style=\"background-image:url('https:\/\/plannervisit.krasno.dev\/wp-content\/uploads\/2016\/05\/informacne-centrum-lliptovsky-mikulas-600x400.jpg')\">\n\t\t        <span class=\"favorite-btn  js_favorite-inline-ajax\"\r\n              data-id=\"46104\"\r\n\t\t>&hearts;<\/span>\r\n\t\n        \t                <span class=\"label_discount\">\n                                            <span class=\"card-liptov\"><\/span>\n                    \t\t\t    <span class=\"discount-text\">10% zni\u017cka <\/span>                <\/span>\n\t    \n\t    \n\n\t\t\t\t    <\/div>\n\n    <div class=\"item-meta\">\n        <div class=\"item-title\">\n\t\t\tCentrum Informacji Liptowski Mikulasz        <\/div>\n\n\t\t<div class=\"item-loc icon-marker a\">Liptovsk\u00fd Mikul\u00e1\u0161<\/div>    <\/div>\n<\/a>\n<a class=\"list-item test\" href=\"https:\/\/plannervisit.krasno.dev\/pl\/ciekawostka\/demanova-rezort-wellness-massage-centrum\/\">\n\t    <div class=\"thumb\"\n         style=\"background-image:url('https:\/\/plannervisit.krasno.dev\/wp-content\/uploads\/2019\/10\/Demanova-rezort-wellness_foto-do-brozury-600x400.jpg')\">\n\t\t        <span class=\"favorite-btn  js_favorite-inline-ajax\"\r\n              data-id=\"106768\"\r\n\t\t>&hearts;<\/span>\r\n\t\n        \t                <span class=\"label_discount\">\n                                            <span class=\"card-liptov\"><\/span>\n                    \t\t\t    <span class=\"discount-text\">10% zni\u017cka<\/span>                <\/span>\n\t    \n\t    \n\n\t\t\t\t    <\/div>\n\n    <div class=\"item-meta\">\n        <div class=\"item-title\">\n\t\t\tWellness &#038; massage centrum, Dem\u00e4nov\u00e1 Rezort        <\/div>\n\n\t\t<div class=\"item-loc icon-marker a\">Liptovsk\u00fd Mikul\u00e1\u0161<\/div>    <\/div>\n<\/a>\n<\/div>\t\t\t<div class=\"facetwp-pager\"><\/div>        <\/div>\n\n\n    <\/div>\n\t\n","protected":false},"excerpt":{"rendered":"<p>Wybierz zni\u017ck\u0119 wed\u0142ug kategorii:<\/p>\n","protected":false},"author":5,"featured_media":138848,"parent":90254,"menu_order":0,"comment_status":"closed","ping_status":"closed","template":"page_no-title.php","meta":{"_acf_changed":false,"inline_featured_image":false,"episode_type":"","audio_file":"","cover_image":"","cover_image_id":"","duration":"","filesize":"","date_recorded":"","explicit":"","block":"","filesize_raw":"","footnotes":""},"class_list":["post-91981","page","type-page","status-publish","has-post-thumbnail","hentry"],"acf":[],"_links":{"self":[{"href":"https:\/\/plannervisit.krasno.dev\/pl\/wp-json\/wp\/v2\/pages\/91981"}],"collection":[{"href":"https:\/\/plannervisit.krasno.dev\/pl\/wp-json\/wp\/v2\/pages"}],"about":[{"href":"https:\/\/plannervisit.krasno.dev\/pl\/wp-json\/wp\/v2\/types\/page"}],"author":[{"embeddable":true,"href":"https:\/\/plannervisit.krasno.dev\/pl\/wp-json\/wp\/v2\/users\/5"}],"replies":[{"embeddable":true,"href":"https:\/\/plannervisit.krasno.dev\/pl\/wp-json\/wp\/v2\/comments?post=91981"}],"version-history":[{"count":0,"href":"https:\/\/plannervisit.krasno.dev\/pl\/wp-json\/wp\/v2\/pages\/91981\/revisions"}],"up":[{"embeddable":true,"href":"https:\/\/plannervisit.krasno.dev\/pl\/wp-json\/wp\/v2\/pages\/90254"}],"wp:featuredmedia":[{"embeddable":true,"href":"https:\/\/plannervisit.krasno.dev\/pl\/wp-json\/wp\/v2\/media\/138848"}],"wp:attachment":[{"href":"https:\/\/plannervisit.krasno.dev\/pl\/wp-json\/wp\/v2\/media?parent=91981"}],"curies":[{"name":"wp","href":"https:\/\/api.w.org\/{rel}","templated":true}]}}