{"id":92282,"date":"2019-03-29T13:57:41","date_gmt":"2019-03-29T12:57:41","guid":{"rendered":"https:\/\/www.visitliptov.sk\/konferencne-priestory\/"},"modified":"2019-10-03T08:08:44","modified_gmt":"2019-10-03T06:08:44","slug":"obiekty-konferencyjne","status":"publish","type":"page","link":"https:\/\/plannervisit.krasno.dev\/pl\/obiekty-konferencyjne\/","title":{"rendered":"Obiekty konferencyjne"},"content":{"rendered":"\n<div class=\"wp-block-media-text alignwide has-media-on-the-right\" style=\"grid-template-columns:auto 38%\"><figure class=\"wp-block-media-text__media\"><img loading=\"lazy\" decoding=\"async\" width=\"1200\" height=\"801\" src=\"https:\/\/plannervisit.krasno.dev\/wp-content\/uploads\/2019\/03\/konferencne_priestory.jpg\" alt=\"\" class=\"wp-image-31522\" srcset=\"https:\/\/plannervisit.krasno.dev\/wp-content\/uploads\/2019\/03\/konferencne_priestory.jpg 1200w, https:\/\/plannervisit.krasno.dev\/wp-content\/uploads\/2019\/03\/konferencne_priestory-600x401.jpg 600w\" sizes=\"(max-width: 1200px) 100vw, 1200px\" \/><\/figure><div class=\"wp-block-media-text__content\">\n<p>Lipt\u00f3w to nie tylko wakacje dla go\u015bci indywidualnych i rodzin, ale tak\u017ce idealne miejsce na imprezy firmowe, spotkania, uroczysto\u015bci lub konferencje w pi\u0119knym otoczeniu g\u00f3r. Mo\u017cesz wybiera\u0107 z szerokiej gamy obiekt\u00f3w noclegowych w r\u00f3\u017cnych lokalizacjach z szerokim programem uzupe\u0142niaj\u0105cym, kt\u00f3ry oferuje region Lipt\u00f3w.<\/p>\n\n\n\n<p>Sale konferencyjne na Liptowie zapewniaj\u0105 indywidualne zakwaterowanie dla ma\u0142ych grup ludzi, ale mo\u017cna r\u00f3wnie\u017c organizowa\u0107 du\u017ce seminaria lub kongresy.<\/p>\n<\/div><\/div>\n\n\n    <div class=\"ns-events\">\r\n        <div class=\"ns-events-filter-toggle\">\r\n            <span class=\"events-filter-title\">Szukanie<\/span>\r\n            <div class=\"btn ns-events-filter-btn\">\r\n\t\t\t\tFilter            <\/div>\r\n        <\/div>\r\n        <div class=\"events-filter sidebar\">\r\n            <div class=\"close-btn\"><\/div>\r\n            <span class=\"events-filter-title\">Szukanie<\/span>\r\n\r\n            <span class=\"events-filter-label\">Siedlisko<\/span>\r\n\t\t\t<div class=\"facetwp-facet facetwp-facet-locality facetwp-type-checkboxes\" data-name=\"locality\" data-type=\"checkboxes\"><\/div>\r\n            <span class=\"events-filter-label\">Inne kryteria<\/span>\r\n\t        <div class=\"facetwp-facet facetwp-facet-attraction-other facetwp-type-checkboxes\" data-name=\"attraction-other\" data-type=\"checkboxes\"><\/div>\r\n        <\/div>\r\n\r\n        <div class=\"blog-content\">\r\n\t\t\t<div class=\"facetwp-template\" data-name=\"conference\"><a class=\"list-item test\" href=\"https:\/\/plannervisit.krasno.dev\/pl\/ciekawostka\/ranczo-kralova-lehota\/\">\n\t    <div class=\"thumb\"\n         style=\"background-image:url('https:\/\/plannervisit.krasno.dev\/wp-content\/uploads\/2023\/06\/ranc-a-camp-kralova-lehota-svarin-10-600x400.jpg')\">\n\t\t        <span class=\"favorite-btn  js_favorite-inline-ajax\"\r\n              data-id=\"541003\"\r\n\t\t>&hearts;<\/span>\r\n\t\n        \t    \n\t            \n\n\t\t\t\t    <\/div>\n\n    <div class=\"item-meta\">\n        <div class=\"item-title\">\n\t\t\tRanczo Kr\u00e1\u013eova Lehota        <\/div>\n\n\t\t<div class=\"item-loc icon-marker a\">Kr\u00e1\u013eova Lehota<\/div>    <\/div>\n<\/a>\n<a class=\"list-item test\" href=\"https:\/\/plannervisit.krasno.dev\/pl\/ciekawostka\/kongres-stara-zvonica-maluzina\/\">\n\t    <div class=\"thumb\"\n         style=\"background-image:url('https:\/\/plannervisit.krasno.dev\/wp-content\/uploads\/2023\/04\/stara-zvonica_kongres-2023-600x400.jpg')\">\n\t\t        <span class=\"favorite-btn  js_favorite-inline-ajax\"\r\n              data-id=\"244045\"\r\n\t\t>&hearts;<\/span>\r\n\t\n        \t    \n\t            \n\n\t\t\t\t    <\/div>\n\n    <div class=\"item-meta\">\n        <div class=\"item-title\">\n\t\t\tKONGRES: Star\u00e1 Zvonica        <\/div>\n\n\t\t<div class=\"item-loc icon-marker a\">Malu\u017ein\u00e1<\/div>    <\/div>\n<\/a>\n<a class=\"list-item test\" href=\"https:\/\/plannervisit.krasno.dev\/pl\/ciekawostka\/kongres-rezort-pri-jazere\/\">\n\t    <div class=\"thumb\"\n         style=\"background-image:url('https:\/\/plannervisit.krasno.dev\/wp-content\/uploads\/2023\/03\/rezort-pri-jazere-welnes-kongres-0009-600x400.jpg')\">\n\t\t        <span class=\"favorite-btn  js_favorite-inline-ajax\"\r\n              data-id=\"235984\"\r\n\t\t>&hearts;<\/span>\r\n\t\n        \t    \n\t            \n\n\t\t\t\t    <\/div>\n\n    <div class=\"item-meta\">\n        <div class=\"item-title\">\n\t\t\tKONGRES: Rezort pri jazere        <\/div>\n\n\t\t<div class=\"item-loc icon-marker a\">Pribylina<\/div>    <\/div>\n<\/a>\n<a class=\"list-item test\" href=\"https:\/\/plannervisit.krasno.dev\/pl\/ciekawostka\/kongres-hotel-liptovsky-dvor\/\">\n\t    <div class=\"thumb\"\n         style=\"background-image:url('https:\/\/plannervisit.krasno.dev\/wp-content\/uploads\/2022\/09\/Liptovsky-dvor-kongres-2-600x400.jpg')\">\n\t\t        <span class=\"favorite-btn  js_favorite-inline-ajax\"\r\n              data-id=\"197532\"\r\n\t\t>&hearts;<\/span>\r\n\t\n        \t    \n\t            \n\n\t\t\t\t    <\/div>\n\n    <div class=\"item-meta\">\n        <div class=\"item-title\">\n\t\t\tKONGRES: Hotel**** Liptowski dw\u00f3r        <\/div>\n\n\t\t<div class=\"item-loc icon-marker a\">Liptovsk\u00fd J\u00e1n<\/div>    <\/div>\n<\/a>\n<a class=\"list-item test\" href=\"https:\/\/plannervisit.krasno.dev\/pl\/ciekawostka\/hotel-europa-2\/\">\n\t    <div class=\"thumb\"\n         style=\"background-image:url('https:\/\/plannervisit.krasno.dev\/wp-content\/uploads\/2019\/09\/RBS_0581-600x400.jpg')\">\n\t\t        <span class=\"favorite-btn  js_favorite-inline-ajax\"\r\n              data-id=\"106183\"\r\n\t\t>&hearts;<\/span>\r\n\t\n        \t    \n\t            \n\n\t\t\t\t    <\/div>\n\n    <div class=\"item-meta\">\n        <div class=\"item-title\">\n\t\t\tKONGRES: Hotel Europa        <\/div>\n\n\t\t<div class=\"item-loc icon-marker a\"> Liptovsk\u00fd Mikul\u00e1\u0161<\/div>    <\/div>\n<\/a>\n<a class=\"list-item test\" href=\"https:\/\/plannervisit.krasno.dev\/pl\/ciekawostka\/kongres-penzion-drak-demanova\/\">\n\t    <div class=\"thumb\"\n         style=\"background-image:url('https:\/\/plannervisit.krasno.dev\/wp-content\/uploads\/2019\/03\/penzion-drak-600x400.jpg')\">\n\t\t        <span class=\"favorite-btn  js_favorite-inline-ajax\"\r\n              data-id=\"106216\"\r\n\t\t>&hearts;<\/span>\r\n\t\n        \t    \n\t            \n\n\t\t\t\t    <\/div>\n\n    <div class=\"item-meta\">\n        <div class=\"item-title\">\n\t\t\tKONGRES: Penzi\u00f3n Drak Dem\u00e4nov\u00e1        <\/div>\n\n\t\t<div class=\"item-loc icon-marker a\">Liptovsk\u00fd Mikul\u00e1\u0161<\/div>    <\/div>\n<\/a>\n<a class=\"list-item test\" href=\"https:\/\/plannervisit.krasno.dev\/pl\/ciekawostka\/kongres-avena-relax-hotel-liptovsky-jan\/\">\n\t    <div class=\"thumb\"\n         style=\"background-image:url('https:\/\/plannervisit.krasno.dev\/wp-content\/uploads\/2019\/02\/Liptovsky-Jan_Relax-hotel-Avena_leto-2023_Kiss-1-480x600.jpg')\">\n\t\t        <span class=\"favorite-btn  js_favorite-inline-ajax\"\r\n              data-id=\"106222\"\r\n\t\t>&hearts;<\/span>\r\n\t\n        \t    \n\t            \n\n\t\t\t\t    <\/div>\n\n    <div class=\"item-meta\">\n        <div class=\"item-title\">\n\t\t\tKONGRES: Avena Relax Hotel *** Liptovsk\u00fd J\u00e1n        <\/div>\n\n\t\t<div class=\"item-loc icon-marker a\">Liptovsk\u00fd J\u00e1n<\/div>    <\/div>\n<\/a>\n<a class=\"list-item test\" href=\"https:\/\/plannervisit.krasno.dev\/pl\/ciekawostka\/kongres-hotel-koliba-greta\/\">\n\t    <div class=\"thumb\"\n         style=\"background-image:url('https:\/\/plannervisit.krasno.dev\/wp-content\/uploads\/2020\/01\/greta-600x338.jpg')\">\n\t\t        <span class=\"favorite-btn  js_favorite-inline-ajax\"\r\n              data-id=\"106307\"\r\n\t\t>&hearts;<\/span>\r\n\t\n        \t    \n\t            \n\n\t\t\t\t    <\/div>\n\n    <div class=\"item-meta\">\n        <div class=\"item-title\">\n\t\t\tKONGRES: Hotel ***Koliba Gr\u00e9ta        <\/div>\n\n\t\t<div class=\"item-loc icon-marker a\">Liptovsk\u00e1 Sielnica<\/div>    <\/div>\n<\/a>\n<a class=\"list-item test\" href=\"https:\/\/plannervisit.krasno.dev\/pl\/ciekawostka\/kongres-hotel-fis-jasna\/\">\n\t    <div class=\"thumb\"\n         style=\"background-image:url('https:\/\/plannervisit.krasno.dev\/wp-content\/uploads\/2019\/03\/hotel-fis2-600x400.jpg')\">\n\t\t        <span class=\"favorite-btn  js_favorite-inline-ajax\"\r\n              data-id=\"106313\"\r\n\t\t>&hearts;<\/span>\r\n\t\n        \t    \n\t            \n\n\t\t\t\t    <\/div>\n\n    <div class=\"item-meta\">\n        <div class=\"item-title\">\n\t\t\tKONGRES: Hotel FIS Jasn\u00e1 ****        <\/div>\n\n\t\t<div class=\"item-loc icon-marker a\">Liptovsk\u00fd Mikul\u00e1\u0161<\/div>    <\/div>\n<\/a>\n<a class=\"list-item test\" href=\"https:\/\/plannervisit.krasno.dev\/pl\/ciekawostka\/kongres-hrad-kastiel-grand-castle-liptovsky-hradok\/\">\n\t    <div class=\"thumb\"\n         style=\"background-image:url('https:\/\/plannervisit.krasno.dev\/wp-content\/uploads\/2019\/02\/LIPT-HRADOK_Hrad-a-Kastiel-Grand-Castle_prehliadky-kongres-interier-historia_2023_apraveslovenske-18small_-600x400.jpg')\">\n\t\t        <span class=\"favorite-btn  js_favorite-inline-ajax\"\r\n              data-id=\"106317\"\r\n\t\t>&hearts;<\/span>\r\n\t\n        \t    \n\t            \n\n\t\t\t\t    <\/div>\n\n    <div class=\"item-meta\">\n        <div class=\"item-title\">\n\t\t\tKONGRES: Hrad a ka\u0161tie\u013e Grand Castle v Liptovskom Hr\u00e1dku        <\/div>\n\n\t\t<div class=\"item-loc icon-marker a\">Liptovsk\u00fd Hr\u00e1dok<\/div>    <\/div>\n<\/a>\n<a class=\"list-item test\" href=\"https:\/\/plannervisit.krasno.dev\/pl\/ciekawostka\/kongres-gothal-liptovska-osada\/\">\n\t    <div class=\"thumb\"\n         style=\"background-image:url('https:\/\/plannervisit.krasno.dev\/wp-content\/uploads\/2019\/03\/gothal1-1-600x400.jpg')\">\n\t\t        <span class=\"favorite-btn  js_favorite-inline-ajax\"\r\n              data-id=\"106334\"\r\n\t\t>&hearts;<\/span>\r\n\t\n        \t    \n\t            \n\n\t\t\t\t    <\/div>\n\n    <div class=\"item-meta\">\n        <div class=\"item-title\">\n\t\t\tKONGRES: Gothal Liptovsk\u00e1 Osada        <\/div>\n\n\t\t<div class=\"item-loc icon-marker a\">Liptovsk\u00e1 Osada<\/div>    <\/div>\n<\/a>\n<a class=\"list-item test\" href=\"https:\/\/plannervisit.krasno.dev\/pl\/ciekawostka\/kongres-hotel-mikulasska-chata\/\">\n\t    <div class=\"thumb\"\n         style=\"background-image:url('https:\/\/plannervisit.krasno.dev\/wp-content\/uploads\/2022\/05\/Mikulasska-chata-3-600x450.jpg')\">\n\t\t        <span class=\"favorite-btn  js_favorite-inline-ajax\"\r\n              data-id=\"106338\"\r\n\t\t>&hearts;<\/span>\r\n\t\n        \t    \n\t            \n\n\t\t\t\t    <\/div>\n\n    <div class=\"item-meta\">\n        <div class=\"item-title\">\n\t\t\tKONGRES: Hotel Mikul\u00e1\u0161ska chata ***        <\/div>\n\n\t\t<div class=\"item-loc icon-marker a\">Liptovsk\u00fd Mikul\u00e1\u0161<\/div>    <\/div>\n<\/a>\n<a class=\"list-item test\" href=\"https:\/\/plannervisit.krasno.dev\/pl\/ciekawostka\/kongres-hotel-sorea-maj-liptovsky-jan\/\">\n\t    <div class=\"thumb\"\n         style=\"background-image:url('https:\/\/plannervisit.krasno.dev\/wp-content\/uploads\/2019\/03\/maj1-600x398.jpg')\">\n\t\t        <span class=\"favorite-btn  js_favorite-inline-ajax\"\r\n              data-id=\"106343\"\r\n\t\t>&hearts;<\/span>\r\n\t\n        \t    \n\t            \n\n\t\t\t\t    <\/div>\n\n    <div class=\"item-meta\">\n        <div class=\"item-title\">\n\t\t\tKONGRES: Hotel *** SOREA M\u00c1J Liptovsk\u00fd J\u00e1n        <\/div>\n\n\t\t<div class=\"item-loc icon-marker a\">Liptovsk\u00fd J\u00e1n - k\u00fapele<\/div>    <\/div>\n<\/a>\n<a class=\"list-item test\" href=\"https:\/\/plannervisit.krasno.dev\/pl\/ciekawostka\/kongres-marina-liptov\/\">\n\t    <div class=\"thumb\"\n         style=\"background-image:url('https:\/\/plannervisit.krasno.dev\/wp-content\/uploads\/2019\/04\/marina_zasadacka-600x400.jpg')\">\n\t\t        <span class=\"favorite-btn  js_favorite-inline-ajax\"\r\n              data-id=\"95057\"\r\n\t\t>&hearts;<\/span>\r\n\t\n        \t    \n\t            \n\n\t\t\t\t    <\/div>\n\n    <div class=\"item-meta\">\n        <div class=\"item-title\">\n\t\t\tKONGRES: MARINA Liptov        <\/div>\n\n\t\t<div class=\"item-loc icon-marker a\">Bobrovn\u00edk<\/div>    <\/div>\n<\/a>\n<a class=\"list-item test\" href=\"https:\/\/plannervisit.krasno.dev\/pl\/ciekawostka\/kongres-horsky-hotel-mnich-bobrovecka-dolina\/\">\n\t    <div class=\"thumb\"\n         style=\"background-image:url('https:\/\/plannervisit.krasno.dev\/wp-content\/uploads\/2019\/03\/mnich3.jpg')\">\n\t\t        <span class=\"favorite-btn  js_favorite-inline-ajax\"\r\n              data-id=\"106196\"\r\n\t\t>&hearts;<\/span>\r\n\t\n        \t    \n\t            \n\n\t\t\t\t    <\/div>\n\n    <div class=\"item-meta\">\n        <div class=\"item-title\">\n\t\t\tKONGRES: Horsk\u00fd hotel Mn\u00edch, Bobroveck\u00e1 dolina        <\/div>\n\n\t\t<div class=\"item-loc icon-marker a\">Bobrovec<\/div>    <\/div>\n<\/a>\n<\/div>\t\t\t<div class=\"facetwp-pager\"><\/div>        <\/div>\r\n\r\n\r\n    <\/div>\r\n\t\n","protected":false},"excerpt":{"rendered":"<p>Lipt\u00f3w to nie tylko wakacje dla go\u015bci indywidualnych i rodzin, ale tak\u017ce idealne miejsce na imprezy firmowe, spotkania, uroczysto\u015bci lub &#8230;<\/p>\n","protected":false},"author":1,"featured_media":0,"parent":0,"menu_order":0,"comment_status":"closed","ping_status":"closed","template":"","meta":{"_acf_changed":false,"inline_featured_image":false,"episode_type":"","audio_file":"","cover_image":"","cover_image_id":"","duration":"","filesize":"","date_recorded":"","explicit":"","block":"","filesize_raw":"","footnotes":""},"class_list":["post-92282","page","type-page","status-publish","hentry"],"acf":[],"_links":{"self":[{"href":"https:\/\/plannervisit.krasno.dev\/pl\/wp-json\/wp\/v2\/pages\/92282"}],"collection":[{"href":"https:\/\/plannervisit.krasno.dev\/pl\/wp-json\/wp\/v2\/pages"}],"about":[{"href":"https:\/\/plannervisit.krasno.dev\/pl\/wp-json\/wp\/v2\/types\/page"}],"author":[{"embeddable":true,"href":"https:\/\/plannervisit.krasno.dev\/pl\/wp-json\/wp\/v2\/users\/1"}],"replies":[{"embeddable":true,"href":"https:\/\/plannervisit.krasno.dev\/pl\/wp-json\/wp\/v2\/comments?post=92282"}],"version-history":[{"count":0,"href":"https:\/\/plannervisit.krasno.dev\/pl\/wp-json\/wp\/v2\/pages\/92282\/revisions"}],"wp:attachment":[{"href":"https:\/\/plannervisit.krasno.dev\/pl\/wp-json\/wp\/v2\/media?parent=92282"}],"curies":[{"name":"wp","href":"https:\/\/api.w.org\/{rel}","templated":true}]}}