{"id":92505,"date":"2019-03-15T09:34:57","date_gmt":"2019-03-15T08:34:57","guid":{"rendered":"https:\/\/www.visitliptov.sk\/planowanie-wakacji\/doprava-na-liptove\/"},"modified":"2024-03-05T16:17:37","modified_gmt":"2024-03-05T15:17:37","slug":"transport-na-liptowie","status":"publish","type":"page","link":"https:\/\/plannervisit.krasno.dev\/pl\/planowanie-wakacji\/transport-na-liptowie\/","title":{"rendered":"Transport na Liptowie"},"content":{"rendered":"\r\n<div id=\"contact-block_5dfb6a6962c002f691486b0a736ee1c8\" class=\"blog-cats\">\r\n        <div class=\"facetwp-radio\">\r\n        <a href=\"#ski-aqua-bus\">\r\n        SKI &#038; AQUA BUS        <\/a>\r\n      <\/div>\r\n            <div class=\"facetwp-radio\">\r\n        <a href=\"#vlak\">\r\n        Transport kolejowy        <\/a>\r\n      <\/div>\r\n            <div class=\"facetwp-radio\">\r\n        <a href=\"#bus\">\r\n        Us\u0142ugi autobusowe        <\/a>\r\n      <\/div>\r\n            <div class=\"facetwp-radio\">\r\n        <a href=\"#lietadlo\">\r\n        Transport lotniczy        <\/a>\r\n      <\/div>\r\n            <div class=\"facetwp-radio\">\r\n        <a href=\"#auto\">\r\n        Transport samochodowy i taks\u00f3wka        <\/a>\r\n      <\/div>\r\n      <\/div>\r\n\n\n\n<h2 class=\"wp-block-heading\" id=\"ski-aqua-bus\">Free doprava \u2013 SKI &amp; AQUA BUS<\/h2>\n\n\n\n<div class=\"wp-block-media-text alignwide has-media-on-the-right is-stacked-on-mobile\" style=\"grid-template-columns:auto 20%\"><div class=\"wp-block-media-text__content\">\n<p>W sezonie zimowym na Liptowie regularnie kursuje bezp\u0142atny autobus SKI &amp; AQUA BUS. Narciarze i wczasowicze mog\u0105 wi\u0119c wygodnie je\u017adzi\u0107 na stoki, ale tak\u017ce do parku wodnego Tatralandia. Autobusy dla narciarzy \u0142\u0105cz\u0105 o\u015brodek Jasn\u00e1 z Liptowskim Mikulaszem i Tatralandi\u0105, a tak\u017ce z Liptowskim Janem i Be\u0161e\u0148ov\u0105. I o\u015brodek narciarski Malin\u00f4 Brdo z Ru\u017comberkiem.<\/p>\n\n\n\n<h3 class=\"wp-block-heading\">Skibus b\u0119dzie kursowa\u0142 do 10.03.2024, a nast\u0119pnie w ograniczonym trybie w dniach 11.-17.3.2024 oraz 28.3.-1.4.2024.<\/h3>\n\n\n\n<p>Wst\u0119p do SKI &amp; AQUA busu jest bezp\u0142atny dla posiadaczy Liptov Region Card lub skipass!<\/p>\n\n\n<div class=\"wp-block-image\">\n<figure class=\"aligncenter size-full is-resized\"><a href=\"https:\/\/plannervisit.krasno.dev\/wp-content\/uploads\/2023\/12\/SKIBUS_plagat_A4_web.pdf\" target=\"_blank\" rel=\"noreferrer noopener\"><img loading=\"lazy\" decoding=\"async\" width=\"1920\" height=\"1080\" src=\"https:\/\/plannervisit.krasno.dev\/wp-content\/uploads\/2023\/11\/skibus-2023-2024-letak.png\" alt=\"\" class=\"wp-image-560671\" style=\"aspect-ratio:1.7777777777777777;width:466px;height:auto\" srcset=\"https:\/\/plannervisit.krasno.dev\/wp-content\/uploads\/2023\/11\/skibus-2023-2024-letak.png 1920w, https:\/\/plannervisit.krasno.dev\/wp-content\/uploads\/2023\/11\/skibus-2023-2024-letak-1200x675.png 1200w, https:\/\/plannervisit.krasno.dev\/wp-content\/uploads\/2023\/11\/skibus-2023-2024-letak-600x338.png 600w, https:\/\/plannervisit.krasno.dev\/wp-content\/uploads\/2023\/11\/skibus-2023-2024-letak-1536x864.png 1536w\" sizes=\"(max-width: 1920px) 100vw, 1920px\" \/><\/a><\/figure><\/div>\n\n\n<div class=\"wp-block-buttons is-layout-flex wp-block-buttons-is-layout-flex\">\n<div class=\"wp-block-button\"><a class=\"wp-block-button__link wp-element-button\" href=\"https:\/\/www.jasna.sk\/pl\/informacie\/informacie\/transport\/parkingi\" target=\"_blank\" rel=\"noreferrer noopener\">Transport do o\u015brodka Jasn\u00e1<\/a><\/div>\n\n\n\n<div class=\"wp-block-button\"><a class=\"wp-block-button__link wp-element-button\" href=\"https:\/\/plannervisit.krasno.dev\/wp-content\/uploads\/2024\/03\/SKIBUS_plagat_formaty.pdf\" target=\"_blank\" rel=\"noreferrer noopener\">Rozk\u0142ad jazdy SKI &amp; AQUA BUS(.pdf)<\/a><\/div>\n\n\n\n<div class=\"wp-block-button\"><a class=\"wp-block-button__link wp-element-button\" href=\"https:\/\/plannervisit.krasno.dev\/wp-content\/uploads\/2024\/03\/SKIBUS_grafikon.pdf\" target=\"_blank\" rel=\"noreferrer noopener\">Rozk\u0142ad jazdy po 10 marca 2024 (.pdf)<\/a><\/div>\n<\/div>\n<\/div><figure class=\"wp-block-media-text__media\"><img decoding=\"async\" src=\"https:\/\/plannervisit.krasno.dev\/wp-content\/uploads\/2019\/03\/bus-1.svg\" alt=\"\" class=\"wp-image-29350 size-full\"\/><\/figure><\/div>\n\n\n\n<p class=\"has-text-align-center\"><\/p>\n\n\n\n<hr class=\"wp-block-separator has-css-opacity is-style-dots\"\/>\n\n\n\n<h2 class=\"wp-block-heading\" id=\"vlak\">Transport kolejowy<\/h2>\n\n\n\n<div class=\"wp-block-media-text alignwide has-media-on-the-right is-stacked-on-mobile\" style=\"grid-template-columns:auto 20%\"><div class=\"wp-block-media-text__content\">\n<p>Region Liptowa jest \u0142atwo dost\u0119pny poci\u0105giem. Koleje Republiki S\u0142owackiej stanowi\u0105 g\u0142\u00f3wne po\u0142\u0105czenie kolejowe z zachodu na wsch\u00f3d. Liptowski Mikulasz i Ru\u017comberk s\u0105 g\u0142\u00f3wnym w\u0119z\u0142em komunikacyjnym z regularnymi po\u0142\u0105czeniami kolejowymi z Bratys\u0142awy i Koszyc oraz po\u0142\u0105czeniami mi\u0119dzynarodowymi z Pragi. Z Liptowskiego Mikulasza i Ru\u017comberka mo\u017cna dojecha\u0107 autobusem do poszczeg\u00f3lnych centr\u00f3w turystycznych.<\/p>\n<\/div><figure class=\"wp-block-media-text__media\"><img decoding=\"async\" src=\"https:\/\/plannervisit.krasno.dev\/wp-content\/uploads\/2019\/03\/high-speed-train.svg\" alt=\"\" class=\"wp-image-29357 size-full\"\/><\/figure><\/div>\n\n\n<div class=\"\"><div class=\"carousel-acf-items owl-carousel js-carousel-content carousel-style-\"><div class=\"carousel-item carousel-item-custom\" id=\"carousel_92505\">\r\n\t\t\t<div class=\"thumbnail \" >\r\n\t\t\t<img decoding=\"async\" src=\"https:\/\/plannervisit.krasno.dev\/wp-content\/uploads\/2019\/09\/leoexpress.jpg\" alt=\"\" class=\"thumbnail-img\">\r\n\t\t<\/div>\r\n\t\t<div class=\"carousel-content\">\r\n\t\t<h3 class=\"sc-1fqowlr-1 kYZHeQ\">Wygodna podr\u00f3\u017c<\/h3>\n<div class=\"n433ha-4 gXUpYe\">Autobusy Leo Express zawioz\u0105 Ci\u0119 do miejsc, w kt\u00f3re nie mo\u017cna si\u0119 tak \u0142atwo dosta\u0107 poci\u0105giem. Posiadamy flot\u0119 nowoczesnych autobus\u00f3w po\u0142\u0105czonych z naszymi poci\u0105gami. Wybierz jedn\u0105 z dw\u00f3ch klas.<\/div>\n\t\t<div class=\"text-center\"><a href=\"https:\/\/www.regiojet.sk\/\" class=\"btn btn-small wp-block-button__link\">Regiojet<\/a><\/div>\t<\/div>\r\n<\/div>\r\n<div class=\"carousel-item carousel-item-custom\" id=\"carousel_92505\">\r\n\t\t\t<div class=\"thumbnail \" >\r\n\t\t\t<img decoding=\"async\" src=\"https:\/\/plannervisit.krasno.dev\/wp-content\/uploads\/2019\/03\/CD-ND-1.png\" alt=\"\" class=\"thumbnail-img\">\r\n\t\t<\/div>\r\n\t\t<div class=\"carousel-content\">\r\n\t\t<h3>Do Tatr najlepiej Pendol\u00ednom<\/h3>\n<p>Z Czech do \u017byliny, Popradu lub Liptowskiego Mikulasza czeski przewo\u017anik narodowy. Uzyskaj zni\u017ck\u0119 na 2 codzienne karnety narciarskie w o\u015brodku narciarskim Jasna.<\/p>\n\t\t<div class=\"text-center\"><a href=\"https:\/\/www.cd.cz\/default.htm\" class=\"btn btn-small wp-block-button__link\">\u010cesk\u00e9 dr\u00e1hy<\/a><\/div>\t<\/div>\r\n<\/div>\r\n<div class=\"carousel-item carousel-item-custom\" id=\"carousel_92505\">\r\n\t\t\t<div class=\"thumbnail \" >\r\n\t\t\t<img decoding=\"async\" src=\"https:\/\/plannervisit.krasno.dev\/wp-content\/uploads\/2019\/03\/236_zsr-logo-1.png\" alt=\"\" class=\"thumbnail-img\">\r\n\t\t<\/div>\r\n\t\t<div class=\"carousel-content\">\r\n\t\t<h3>Dogodnie transportem krajowym<\/h3>\n<p><span><\/span><strong>Najszersza i najobszerniejsza oferta <\/strong>nie tylko po\u0142\u0105cze\u0144 kolejowych z r\u00f3\u017cnych cz\u0119\u015bci S\u0142owacji. Idealny wyb\u00f3r na najszybsz\u0105 drog\u0119 bezpo\u015brednio do serca Liptowa.<\/p>\n\t\t<div class=\"text-center\"><a href=\"https:\/\/www.zsr.sk\/\" class=\"btn btn-small wp-block-button__link\">Kolej \u017celazna<\/a><\/div>\t<\/div>\r\n<\/div>\r\n<\/div><\/div>\n\n\n<hr class=\"wp-block-separator has-css-opacity is-style-dots\"\/>\n\n\n\n<h2 class=\"wp-block-heading\" id=\"bus\">Us\u0142ugi autobusowe<\/h2>\n\n\n\n<div class=\"wp-block-media-text alignwide has-media-on-the-right is-stacked-on-mobile\" style=\"grid-template-columns:auto 20%\"><div class=\"wp-block-media-text__content\">\n<p>Transportem autobusowym mo\u017cna dosta\u0107 si\u0119 do Liptowa opr\u00f3cz pa\u0144stwowego transportu autobusowego oraz przez prywatne firmy autobusowe, kt\u00f3re oferuj\u0105 transport z r\u00f3\u017cnych cz\u0119\u015bci S\u0142owacji, ale tak\u017ce Europy. Najcz\u0119\u015bciej u\u017cywane firmy to <a href=\"https:\/\/www.leoexpress.com\/pl\">LeoExpress<\/a>, <a href=\"https:\/\/www.flixbus.sk\/\">FLIXBUS<\/a>, PKS Polonus.<\/p>\n\n\n\n<h3 class=\"wp-block-heading\">Dotrzyj na Lipt\u00f3w z dowolnego miejsca<\/h3>\n\n\n\n<p>Nie ma znaczenia, gdzie jeste\u015b na S\u0142owacji. Na stronie rozk\u0142adu jazdy zawsze znajdziesz najszybsze mo\u017cliwe po\u0142\u0105czenie autobusowe, z jak najmniejsz\u0105 liczb\u0105 przesiadek. Je\u015bli jeste\u015b ju\u017c w jednym z pi\u0119knych miast Liptowa, ale nie masz samochodu, wystarczy znale\u017a\u0107 najbli\u017csze mo\u017cliwe po\u0142\u0105czenie autobusowe zgodnie z rozk\u0142adem jazdy.<\/p>\n\n\n\n<div class=\"wp-block-button\"><a class=\"wp-block-button__link wp-element-button\" href=\"http:\/\/cp.sk\">Po\u0142\u0105czenia autobusowe CP.sk<\/a><\/div>\n<\/div><figure class=\"wp-block-media-text__media\"><img decoding=\"async\" src=\"https:\/\/plannervisit.krasno.dev\/wp-content\/uploads\/2019\/03\/bus-1.svg\" alt=\"\" class=\"wp-image-29350 size-full\"\/><\/figure><\/div>\n\n\n\n<h3 class=\"wp-block-heading\">Zar\u00f3wno Krak\u00f3w, jak i Warszawa kochaj\u0105 Lipt\u00f3w<\/h3>\n\n\n<div class=\"\"><div class=\"carousel-acf-items owl-carousel js-carousel-content carousel-style-\"><div class=\"carousel-item carousel-item-custom\" id=\"carousel_92505\">\r\n\t\t<div class=\"carousel-content\">\r\n\t\t<h3>Z Krakowa na Lipt\u00f3w<\/h3>\n<p>Minibusy LeoExpress kursuj\u0105 dwa razy dziennie na nowej trasie w Krakowie \u203aPoprad\u00a0 \u203aLiptowski Mikulasz\u203a Tatralandia \u203a Besenova.<\/p>\n<p><span><\/span><strong>Ceny zaczynaj\u0105 si\u0119 od 5 EUR.<\/strong><\/p>\n\t\t<div class=\"text-center\"><a href=\"http:\/\/www.tigerexpress.eu\/\" class=\"btn btn-small wp-block-button__link\">sprawd\u017a po\u0142\u0105czenie<\/a><\/div>\t<\/div>\r\n<\/div>\r\n<div class=\"carousel-item carousel-item-custom\" id=\"carousel_92505\">\r\n\t\t<div class=\"carousel-content\">\r\n\t\t<h3>Z Warszawy na Lipt\u00f3w<\/h3>\n<p>Przewo\u017anik autobusowy PKS POLONUS rozpoczyna regularne weekendowe po\u0142\u0105czenie autobusowe z Warszawy przez Krak\u00f3w \u203aZakopane\u203a Tatrza\u0144ska \u0141omnica \u203aStary Smokowiec\u203a Liptowski Mikulasz do Tatralandii.<\/p>\n\t\t<div class=\"text-center\"><a href=\"https:\/\/pkspolonus.pl\/\" class=\"btn btn-small wp-block-button__link\">sprawd\u017a po\u0142\u0105czenie<\/a><\/div>\t<\/div>\r\n<\/div>\r\n<\/div><\/div>\n\n\n<hr class=\"wp-block-separator has-css-opacity is-style-dots\"\/>\n\n\n\n<h2 class=\"wp-block-heading\" id=\"lietadlo\">Transport lotniczy<\/h2>\n\n\n\n<div class=\"wp-block-media-text alignwide has-media-on-the-right is-stacked-on-mobile\" style=\"grid-template-columns:auto 20%\"><div class=\"wp-block-media-text__content\">\n<p>Do Liptowa mo\u017cna wygodnie dotrze\u0107 samolotem albo przylotem na lotnisko Poprad, kt\u00f3re znajduje si\u0119 zaledwie 60 km od Liptowskiego Mikulasza. Inn\u0105 opcj\u0105 jest skorzystanie z lotniska w Bratys\u0142awie (300 km od hotelu) lub Koszyc (170 km od hotelu). W tym miejscu wymieniono linie lotnicze oferuj\u0105ce loty do Wizzair, Ryanair i Czech Airlines.<\/p>\n<\/div><figure class=\"wp-block-media-text__media\"><img decoding=\"async\" src=\"https:\/\/plannervisit.krasno.dev\/wp-content\/uploads\/2019\/03\/plane.svg\" alt=\"\" class=\"wp-image-29423 size-full\"\/><\/figure><\/div>\n\n\n\n<h3 class=\"wp-block-heading\">Z Londynu prosto do serca Liptowa<\/h3>\n\n\n<div class=\"\"><div class=\"carousel-acf-items owl-carousel js-carousel-content carousel-style-default\"><div class=\"carousel-item carousel-item-custom\" id=\"carousel_92505\">\r\n\t\t<div class=\"carousel-content\">\r\n\t\t<h3>London, Stansted<br \/>\n(Ryanair)<\/h3>\n<p><a href=\"https:\/\/plannervisit.krasno.dev\/wp-content\/uploads\/2019\/03\/kalendar.svg\"><img decoding=\"async\" class=\"alignnone size-full wp-image-29475\" src=\"https:\/\/plannervisit.krasno.dev\/wp-content\/uploads\/2019\/03\/kalendar.svg\" alt=\"\" \/><\/a>\u00a0 \u015broda, sobota<\/p>\n\t\t<div class=\"text-center\"><a href=\"https:\/\/www.ryanair.com\/\" class=\"btn btn-small wp-block-button__link\">ryanair.com<\/a><\/div>\t<\/div>\r\n<\/div>\r\n<div class=\"carousel-item carousel-item-custom\" id=\"carousel_92505\">\r\n\t\t<div class=\"carousel-content\">\r\n\t\t<h3>Londyn, Luton<br \/>\n(Wizzair)<\/h3>\n<p><a href=\"https:\/\/plannervisit.krasno.dev\/wp-content\/uploads\/2019\/03\/kalendar.svg\"><img decoding=\"async\" class=\"alignnone size-full wp-image-29475\" src=\"https:\/\/plannervisit.krasno.dev\/wp-content\/uploads\/2019\/03\/kalendar.svg\" alt=\"\" \/><\/a>\u00a0 \u015broda, niedziela<\/p>\n\t\t<div class=\"text-center\"><a href=\"https:\/\/wizzair.com\/\" class=\"btn btn-small wp-block-button__link\">wizzair.com\/<\/a><\/div>\t<\/div>\r\n<\/div>\r\n<div class=\"carousel-item carousel-item-custom\" id=\"carousel_92505\">\r\n\t\t<div class=\"carousel-content\">\r\n\t\t<h3>Kontakt<\/h3>\n<p><a href=\"https:\/\/plannervisit.krasno.dev\/wp-content\/uploads\/2019\/03\/location-marker.svg\"><img decoding=\"async\" class=\"alignnone size-full wp-image-29498\" src=\"https:\/\/plannervisit.krasno.dev\/wp-content\/uploads\/2019\/03\/location-marker.svg\" alt=\"\" \/><\/a> Letisko 100 058 98 Poprad Slovensk\u00e1 Republika<\/p>\n<p><img decoding=\"async\" class=\"alignnone size-full wp-image-28412\" src=\"https:\/\/plannervisit.krasno.dev\/wp-content\/uploads\/2019\/03\/telefon_gradient.svg\" alt=\"\" \/> +421 52 776 3875<\/p>\n<p><img decoding=\"async\" class=\"alignnone size-full wp-image-28412\" src=\"https:\/\/plannervisit.krasno.dev\/wp-content\/uploads\/2019\/03\/telefon_gradient.svg\" alt=\"\" \/> +421 52 772 5005<\/p>\n<p><a href=\"https:\/\/plannervisit.krasno.dev\/wp-content\/uploads\/2019\/03\/mail_gradient.svg\"><img decoding=\"async\" class=\"alignnone size-full wp-image-29502\" src=\"https:\/\/plannervisit.krasno.dev\/wp-content\/uploads\/2019\/03\/mail_gradient.svg\" alt=\"\" \/><\/a> airport@airport-poprad.sk<\/p>\n\t\t<div class=\"text-center\"><a href=\"http:\/\/www.airport-poprad.sk\/#\" class=\"btn btn-small wp-block-button__link\">opcje transportu<\/a><\/div>\t<\/div>\r\n<\/div>\r\n<\/div><\/div>\n\n\n<hr class=\"wp-block-separator has-css-opacity is-style-dots\"\/>\n\n\n\n<h2 class=\"wp-block-heading\" id=\"auto\">Transport samochodowy i taks\u00f3wka<\/h2>\n\n\n\n<div class=\"wp-block-media-text alignwide has-media-on-the-right is-stacked-on-mobile\" style=\"grid-template-columns:auto 20%\"><div class=\"wp-block-media-text__content\">\n<p>W regionie Liptowa kryj\u0105 si\u0119 nie tylko naturalne skarby. Aby uzyska\u0107 bezpieczniejsz\u0105 jazd\u0119, zobacz aktualne ograniczenia w ruchu drogowym lub wypadki. Zaplanuj swoj\u0105 najlepsz\u0105 tras\u0119. Zalecamy korzystanie z nawigacji Waze GPS lub map Google.<\/p>\n\n\n\n<div class=\"wp-block-columns has-2-columns is-layout-flex wp-container-core-columns-is-layout-1 wp-block-columns-is-layout-flex\">\n<div class=\"wp-block-column is-layout-flow wp-block-column-is-layout-flow\">\n<figure class=\"wp-block-image\"><img loading=\"lazy\" decoding=\"async\" width=\"180\" height=\"45\" src=\"https:\/\/plannervisit.krasno.dev\/wp-content\/uploads\/2019\/03\/waze.png\" alt=\"\" class=\"wp-image-29530\"\/><\/figure>\n\n\n\n<div class=\"wp-block-button\"><a class=\"wp-block-button__link wp-element-button\" href=\"https:\/\/www.waze.com\/sk\">zaplanuj podr\u00f3\u017c przez waze<\/a><\/div>\n<\/div>\n\n\n\n<div class=\"wp-block-column is-layout-flow wp-block-column-is-layout-flow\">\n<figure class=\"wp-block-image\"><img loading=\"lazy\" decoding=\"async\" width=\"180\" height=\"45\" src=\"https:\/\/plannervisit.krasno.dev\/wp-content\/uploads\/2019\/03\/google_maps.png\" alt=\"\" class=\"wp-image-29526\"\/><\/figure>\n\n\n\n<div class=\"wp-block-button\"><a class=\"wp-block-button__link wp-element-button\" href=\"https:\/\/www.google.com\/maps\">zaplanuj podr\u00f3\u017c przez Google<\/a><\/div>\n<\/div>\n<\/div>\n\n\n\n<p><\/p>\n<\/div><figure class=\"wp-block-media-text__media\"><img decoding=\"async\" src=\"https:\/\/plannervisit.krasno.dev\/wp-content\/uploads\/2019\/03\/taxi-1.svg\" alt=\"\" class=\"wp-image-29509 size-full\"\/><\/figure><\/div>\n\n\n\n<h3 class=\"wp-block-heading\">Taks\u00f3wki i us\u0142ugi wynajmu<\/h3>\n\n\n<div class=\"\"><div class=\"carousel-acf-items owl-carousel js-carousel-content carousel-style-\"><div class=\"carousel-item carousel-item-custom\" id=\"carousel_92505\">\r\n\t\t<div class=\"carousel-content\">\r\n\t\t<h3>Taxi slu\u017eba NONSTOP<\/h3>\n<p>(10 -25% zni\u017cka z Liptov Region Card)<\/p>\n<p><img decoding=\"async\" class=\"alignnone size-full wp-image-28412\" src=\"https:\/\/plannervisit.krasno.dev\/wp-content\/uploads\/2019\/03\/telefon_gradient.svg\" alt=\"\" \/> +421 917 965 754<\/p>\n\t\t<div class=\"text-center\"><a href=\"http:\/\/www.taxijasnaliptov.sk\/sk\/\" class=\"btn btn-small wp-block-button__link\">Dowiedz si\u0119 wi\u0119cej<\/a><\/div>\t<\/div>\r\n<\/div>\r\n<div class=\"carousel-item carousel-item-custom\" id=\"carousel_92505\">\r\n\t\t<div class=\"carousel-content\">\r\n\t\t<h3>Wynajem samochod\u00f3w Europcar Poprad \u2013 lotnisko<\/h3>\n<p>(10%zni\u017cka z Liptov Region Card)<\/p>\n<p><img decoding=\"async\" class=\"alignnone size-full wp-image-28412\" src=\"https:\/\/plannervisit.krasno.dev\/wp-content\/uploads\/2019\/03\/telefon_gradient.svg\" alt=\"\" \/>\u00a0+421 907 856 968<\/p>\n\t\t<div class=\"text-center\"><a href=\"https:\/\/www.europcar.sk\/location\/slovak-republic\/poprad\/poprad-airport\" class=\"btn btn-small wp-block-button__link\">Dowiedz si\u0119 wi\u0119cej<\/a><\/div>\t<\/div>\r\n<\/div>\r\n<\/div><\/div>\n\n\n<p><\/p>\n","protected":false},"excerpt":{"rendered":"<p>Free doprava \u2013 SKI &amp; AQUA BUS Transport kolejowy Region Liptowa jest \u0142atwo dost\u0119pny poci\u0105giem. Koleje Republiki S\u0142owackiej stanowi\u0105 g\u0142\u00f3wne &#8230;<\/p>\n","protected":false},"author":2,"featured_media":210027,"parent":92496,"menu_order":0,"comment_status":"closed","ping_status":"closed","template":"page_no-title.php","meta":{"_acf_changed":false,"inline_featured_image":false,"episode_type":"","audio_file":"","cover_image":"","cover_image_id":"","duration":"","filesize":"","date_recorded":"","explicit":"","block":"","filesize_raw":"","footnotes":""},"class_list":["post-92505","page","type-page","status-publish","has-post-thumbnail","hentry"],"acf":[],"_links":{"self":[{"href":"https:\/\/plannervisit.krasno.dev\/pl\/wp-json\/wp\/v2\/pages\/92505"}],"collection":[{"href":"https:\/\/plannervisit.krasno.dev\/pl\/wp-json\/wp\/v2\/pages"}],"about":[{"href":"https:\/\/plannervisit.krasno.dev\/pl\/wp-json\/wp\/v2\/types\/page"}],"author":[{"embeddable":true,"href":"https:\/\/plannervisit.krasno.dev\/pl\/wp-json\/wp\/v2\/users\/2"}],"replies":[{"embeddable":true,"href":"https:\/\/plannervisit.krasno.dev\/pl\/wp-json\/wp\/v2\/comments?post=92505"}],"version-history":[{"count":0,"href":"https:\/\/plannervisit.krasno.dev\/pl\/wp-json\/wp\/v2\/pages\/92505\/revisions"}],"up":[{"embeddable":true,"href":"https:\/\/plannervisit.krasno.dev\/pl\/wp-json\/wp\/v2\/pages\/92496"}],"wp:featuredmedia":[{"embeddable":true,"href":"https:\/\/plannervisit.krasno.dev\/pl\/wp-json\/wp\/v2\/media\/210027"}],"wp:attachment":[{"href":"https:\/\/plannervisit.krasno.dev\/pl\/wp-json\/wp\/v2\/media?parent=92505"}],"curies":[{"name":"wp","href":"https:\/\/api.w.org\/{rel}","templated":true}]}}